{"id":551,"date":"2023-01-13T16:36:29","date_gmt":"2023-01-13T15:36:29","guid":{"rendered":"https:\/\/weiterbildung-in-kmu.alice.ch\/?page_id=551"},"modified":"2023-12-15T15:19:00","modified_gmt":"2023-12-15T14:19:00","slug":"competenze-digitali-di-base","status":"publish","type":"page","link":"https:\/\/weiterbildung-in-kmu.ch\/it\/necessita-di-competenza\/future-skills\/competenze-digitali-di-base\/","title":{"rendered":"Competenze digitali di base"},"content":{"rendered":"\n<div class=\"wp-block-group is-style-reduced-width is-layout-constrained wp-block-group-is-layout-constrained\">\n<h1 class=\"wp-block-heading\">Competenze digitali di base: un fattore importante in tempi di cambiamento<\/h1>\n\n\n\n<p class=\"is-style-lead\">Mentre specifiche competenze tecnologiche sono soprattutto appannaggio di specialisti ed esperti, le competenze digitali di base dovrebbero essere padroneggiate quanto pi\u00f9 possibile da ogni persona, indipendentemente dalla fase di vita in cui si trova.<\/p>\n\n\n\n<h2 class=\"wp-block-heading\">Competenze digitali di base: capacit\u00e0 digitali<\/h2>\n\n\n\n<p>Le competenze digitali di base comprendono anzitutto la gestione attenta dei dati personali (parola chiave: cosa condivido sui social media) e l&#8217;uso dei software pi\u00f9 comuni (programmi Microsoft, Adobe, sistemi di content management).<\/p>\n\n\n\n<h2 class=\"wp-block-heading\">Competenze digitali di base: interazione digitale<\/h2>\n\n\n\n<p>Utilizzare canali digitali significa per molte persone agire in anonimato. Di conseguenza, la soglia di inibizione a rendere note le proprie opinioni su piattaforme o portali si \u00e8 notevolmente abbassata perch\u00e9 il confronto \u00e8 virtuale. La competenza di base dell&#8217;interazione digitale richiede, invece, di capire gli altri utenti della rete, di accettarli edicomportarsi correttamente nei loro confronti. Le PMI possono definire un modello di &#8220;etichetta digitale&#8221; da applicare nelle interazioni con collaboratori e clienti.<\/p>\n\n\n\n<h2 class=\"wp-block-heading\">Competenze digitali di base: lavoro agile e lavoro collaborativo<\/h2>\n\n\n\n<p>Oggigiorno la centralit\u00e0 del cliente \u00e8 indiscutibile, e l&#8217;obiettivo quotidiano delle PMI consiste nell&#8217;offrire un valore aggiunto alla propria clientela tramite forme di lavoro agile &#8211; vale a dire tramite un\u2019alta flessibilit\u00e0, la rapidit\u00e0 d&#8217;azione e un\u2019alta produttivit\u00e0. Il lavoro agile ottimizza il modo di lavorare dei team e di prendere decisioni. Del resto, collaborare non significa semplicemente lavorare in gruppo, ma lavorare tutti insieme contemporaneamente allo stesso progetto. A questo scopo sono state sviluppate moderne applicazioni in grado di facilitare la collaborazione, rafforzare la comunicazione, evitare la duplicazione di compiti e creare una cultura del feedback immediato.<\/p>\n\n\n\n<h2 class=\"wp-block-heading\">Competenze digitali di base: apprendere in forma digitale <\/h2>\n\n\n\n<p>Oggi le attivit\u00e0 di apprendimento non sono pi\u00f9 legate a una determinata sede e a determinate modalit\u00e0 didattiche, ma avvengono in maniera molto pi\u00f9 autonoma e indipendente. La stessa pandemia di coronavirus ha costretto gli enti di formazione a flessibilizzare corsi che in passato venivano offerti per lo pi\u00f9 in presenza. Le tecnologie digitali permettono oggi forme d\u2019apprendimento flessibili, indipendenti da luoghi e tempi fissi (con contenuti didattici disponibili 24 ore su 24 e 7 giorni su 7) e modulabili in base alle esigenze individuali. Tutto \u00e8 diventato in generale pi\u00f9 semplice e pi\u00f9 accessibile. Non occorre pi\u00f9 frequentare un determinato corso presso un certo ente di formazione, e tutti hanno maggiori possibilit\u00e0 di apprendere in autonomia e in modo informale &#8211; anche soltanto tramite piattaforme online quali YouTube.<\/p>\n<\/div>\n","protected":false},"excerpt":{"rendered":"<p>Competenze digitali di base: un fattore importante in tempi di cambiamento Mentre specifiche competenze tecnologiche sono soprattutto appannaggio di specialisti [&hellip;]<\/p>\n","protected":false},"author":4,"featured_media":0,"parent":550,"menu_order":0,"comment_status":"closed","ping_status":"closed","template":"","meta":{"_acf_changed":false,"inline_featured_image":false,"footnotes":""},"class_list":["post-551","page","type-page","status-publish","hentry"],"acf":[],"yoast_head":"<!-- This site is optimized with the Yoast SEO plugin v27.3 - https:\/\/yoast.com\/product\/yoast-seo-wordpress\/ -->\n<title>Competenze digitali di base - Weiterbildung in KMU<\/title>\n<meta name=\"description\" content=\"La crescente digitalizzazione significa che le competenze digitali di base sono una necessit\u00e0 per tutti, indipendentemente dalla professione.\" \/>\n<meta name=\"robots\" content=\"index, follow, max-snippet:-1, max-image-preview:large, max-video-preview:-1\" \/>\n<link rel=\"canonical\" href=\"https:\/\/weiterbildung-in-kmu.ch\/it\/necessita-di-competenza\/future-skills\/competenze-digitali-di-base\/\" \/>\n<meta property=\"og:locale\" content=\"it_IT\" \/>\n<meta property=\"og:type\" content=\"article\" \/>\n<meta property=\"og:title\" content=\"Competenze digitali di base - Weiterbildung in KMU\" \/>\n<meta property=\"og:description\" content=\"La crescente digitalizzazione significa che le competenze digitali di base sono una necessit\u00e0 per tutti, indipendentemente dalla professione.\" \/>\n<meta property=\"og:url\" content=\"https:\/\/weiterbildung-in-kmu.ch\/it\/necessita-di-competenza\/future-skills\/competenze-digitali-di-base\/\" \/>\n<meta property=\"og:site_name\" content=\"Weiterbildung in KMU\" \/>\n<meta property=\"article:modified_time\" content=\"2023-12-15T14:19:00+00:00\" \/>\n<meta property=\"og:image\" content=\"https:\/\/weiterbildung-in-kmu.ch\/app\/uploads\/sites\/2\/2023\/03\/SVEB_Schriftzug_KMU_D-500px.png\" \/>\n\t<meta property=\"og:image:width\" content=\"500\" \/>\n\t<meta property=\"og:image:height\" content=\"164\" \/>\n\t<meta property=\"og:image:type\" content=\"image\/png\" \/>\n<meta name=\"twitter:card\" content=\"summary_large_image\" \/>\n<meta name=\"twitter:label1\" content=\"Tempo di lettura stimato\" \/>\n\t<meta name=\"twitter:data1\" content=\"3 minuti\" \/>\n<script type=\"application\/ld+json\" class=\"yoast-schema-graph\">{\"@context\":\"https:\\\/\\\/schema.org\",\"@graph\":[{\"@type\":\"WebPage\",\"@id\":\"https:\\\/\\\/weiterbildung-in-kmu.ch\\\/it\\\/necessita-di-competenza\\\/future-skills\\\/competenze-digitali-di-base\\\/\",\"url\":\"https:\\\/\\\/weiterbildung-in-kmu.ch\\\/it\\\/necessita-di-competenza\\\/future-skills\\\/competenze-digitali-di-base\\\/\",\"name\":\"Competenze digitali di base - Weiterbildung in KMU\",\"isPartOf\":{\"@id\":\"https:\\\/\\\/weiterbildung-in-kmu.ch\\\/it\\\/#website\"},\"datePublished\":\"2023-01-13T15:36:29+00:00\",\"dateModified\":\"2023-12-15T14:19:00+00:00\",\"description\":\"La crescente digitalizzazione significa che le competenze digitali di base sono una necessit\u00e0 per tutti, indipendentemente dalla professione.\",\"breadcrumb\":{\"@id\":\"https:\\\/\\\/weiterbildung-in-kmu.ch\\\/it\\\/necessita-di-competenza\\\/future-skills\\\/competenze-digitali-di-base\\\/#breadcrumb\"},\"inLanguage\":\"it-IT\",\"potentialAction\":[{\"@type\":\"ReadAction\",\"target\":[\"https:\\\/\\\/weiterbildung-in-kmu.ch\\\/it\\\/necessita-di-competenza\\\/future-skills\\\/competenze-digitali-di-base\\\/\"]}]},{\"@type\":\"BreadcrumbList\",\"@id\":\"https:\\\/\\\/weiterbildung-in-kmu.ch\\\/it\\\/necessita-di-competenza\\\/future-skills\\\/competenze-digitali-di-base\\\/#breadcrumb\",\"itemListElement\":[{\"@type\":\"ListItem\",\"position\":1,\"name\":\"Pagina iniziale\",\"item\":\"https:\\\/\\\/weiterbildung-in-kmu.ch\\\/it\\\/\"},{\"@type\":\"ListItem\",\"position\":2,\"name\":\"Necessit\u00e0 di competenza\",\"item\":\"https:\\\/\\\/weiterbildung-in-kmu.ch\\\/it\\\/necessita-di-competenza\\\/\"},{\"@type\":\"ListItem\",\"position\":3,\"name\":\"Future skills\",\"item\":\"https:\\\/\\\/weiterbildung-in-kmu.ch\\\/it\\\/necessita-di-competenza\\\/future-skills\\\/\"},{\"@type\":\"ListItem\",\"position\":4,\"name\":\"Competenze digitali di base\"}]},{\"@type\":\"WebSite\",\"@id\":\"https:\\\/\\\/weiterbildung-in-kmu.ch\\\/it\\\/#website\",\"url\":\"https:\\\/\\\/weiterbildung-in-kmu.ch\\\/it\\\/\",\"name\":\"Weiterbildung in KMU\",\"description\":\"\",\"publisher\":{\"@id\":\"https:\\\/\\\/weiterbildung-in-kmu.ch\\\/it\\\/#organization\"},\"alternateName\":\"Weiterbildung in kleinen und mittleren Unternehmen\",\"potentialAction\":[{\"@type\":\"SearchAction\",\"target\":{\"@type\":\"EntryPoint\",\"urlTemplate\":\"https:\\\/\\\/weiterbildung-in-kmu.ch\\\/it\\\/?s={search_term_string}\"},\"query-input\":{\"@type\":\"PropertyValueSpecification\",\"valueRequired\":true,\"valueName\":\"search_term_string\"}}],\"inLanguage\":\"it-IT\"},{\"@type\":\"Organization\",\"@id\":\"https:\\\/\\\/weiterbildung-in-kmu.ch\\\/it\\\/#organization\",\"name\":\"SVEB \u2013 Weiterbildung in KMU\",\"alternateName\":\"Weiterbildung in KMU\",\"url\":\"https:\\\/\\\/weiterbildung-in-kmu.ch\\\/it\\\/\",\"logo\":{\"@type\":\"ImageObject\",\"inLanguage\":\"it-IT\",\"@id\":\"https:\\\/\\\/weiterbildung-in-kmu.ch\\\/it\\\/#\\\/schema\\\/logo\\\/image\\\/\",\"url\":\"https:\\\/\\\/weiterbildung-in-kmu.ch\\\/app\\\/uploads\\\/sites\\\/2\\\/2023\\\/03\\\/SVEB_Schriftzug_KMU_D-500px.png\",\"contentUrl\":\"https:\\\/\\\/weiterbildung-in-kmu.ch\\\/app\\\/uploads\\\/sites\\\/2\\\/2023\\\/03\\\/SVEB_Schriftzug_KMU_D-500px.png\",\"width\":500,\"height\":164,\"caption\":\"SVEB \u2013 Weiterbildung in KMU\"},\"image\":{\"@id\":\"https:\\\/\\\/weiterbildung-in-kmu.ch\\\/it\\\/#\\\/schema\\\/logo\\\/image\\\/\"}}]}<\/script>\n<!-- \/ Yoast SEO plugin. -->","yoast_head_json":{"title":"Competenze digitali di base - Weiterbildung in KMU","description":"La crescente digitalizzazione significa che le competenze digitali di base sono una necessit\u00e0 per tutti, indipendentemente dalla professione.","robots":{"index":"index","follow":"follow","max-snippet":"max-snippet:-1","max-image-preview":"max-image-preview:large","max-video-preview":"max-video-preview:-1"},"canonical":"https:\/\/weiterbildung-in-kmu.ch\/it\/necessita-di-competenza\/future-skills\/competenze-digitali-di-base\/","og_locale":"it_IT","og_type":"article","og_title":"Competenze digitali di base - Weiterbildung in KMU","og_description":"La crescente digitalizzazione significa che le competenze digitali di base sono una necessit\u00e0 per tutti, indipendentemente dalla professione.","og_url":"https:\/\/weiterbildung-in-kmu.ch\/it\/necessita-di-competenza\/future-skills\/competenze-digitali-di-base\/","og_site_name":"Weiterbildung in KMU","article_modified_time":"2023-12-15T14:19:00+00:00","og_image":[{"width":500,"height":164,"url":"https:\/\/weiterbildung-in-kmu.ch\/app\/uploads\/sites\/2\/2023\/03\/SVEB_Schriftzug_KMU_D-500px.png","type":"image\/png"}],"twitter_card":"summary_large_image","twitter_misc":{"Tempo di lettura stimato":"3 minuti"},"schema":{"@context":"https:\/\/schema.org","@graph":[{"@type":"WebPage","@id":"https:\/\/weiterbildung-in-kmu.ch\/it\/necessita-di-competenza\/future-skills\/competenze-digitali-di-base\/","url":"https:\/\/weiterbildung-in-kmu.ch\/it\/necessita-di-competenza\/future-skills\/competenze-digitali-di-base\/","name":"Competenze digitali di base - Weiterbildung in KMU","isPartOf":{"@id":"https:\/\/weiterbildung-in-kmu.ch\/it\/#website"},"datePublished":"2023-01-13T15:36:29+00:00","dateModified":"2023-12-15T14:19:00+00:00","description":"La crescente digitalizzazione significa che le competenze digitali di base sono una necessit\u00e0 per tutti, indipendentemente dalla professione.","breadcrumb":{"@id":"https:\/\/weiterbildung-in-kmu.ch\/it\/necessita-di-competenza\/future-skills\/competenze-digitali-di-base\/#breadcrumb"},"inLanguage":"it-IT","potentialAction":[{"@type":"ReadAction","target":["https:\/\/weiterbildung-in-kmu.ch\/it\/necessita-di-competenza\/future-skills\/competenze-digitali-di-base\/"]}]},{"@type":"BreadcrumbList","@id":"https:\/\/weiterbildung-in-kmu.ch\/it\/necessita-di-competenza\/future-skills\/competenze-digitali-di-base\/#breadcrumb","itemListElement":[{"@type":"ListItem","position":1,"name":"Pagina iniziale","item":"https:\/\/weiterbildung-in-kmu.ch\/it\/"},{"@type":"ListItem","position":2,"name":"Necessit\u00e0 di competenza","item":"https:\/\/weiterbildung-in-kmu.ch\/it\/necessita-di-competenza\/"},{"@type":"ListItem","position":3,"name":"Future skills","item":"https:\/\/weiterbildung-in-kmu.ch\/it\/necessita-di-competenza\/future-skills\/"},{"@type":"ListItem","position":4,"name":"Competenze digitali di base"}]},{"@type":"WebSite","@id":"https:\/\/weiterbildung-in-kmu.ch\/it\/#website","url":"https:\/\/weiterbildung-in-kmu.ch\/it\/","name":"Weiterbildung in KMU","description":"","publisher":{"@id":"https:\/\/weiterbildung-in-kmu.ch\/it\/#organization"},"alternateName":"Weiterbildung in kleinen und mittleren Unternehmen","potentialAction":[{"@type":"SearchAction","target":{"@type":"EntryPoint","urlTemplate":"https:\/\/weiterbildung-in-kmu.ch\/it\/?s={search_term_string}"},"query-input":{"@type":"PropertyValueSpecification","valueRequired":true,"valueName":"search_term_string"}}],"inLanguage":"it-IT"},{"@type":"Organization","@id":"https:\/\/weiterbildung-in-kmu.ch\/it\/#organization","name":"SVEB \u2013 Weiterbildung in KMU","alternateName":"Weiterbildung in KMU","url":"https:\/\/weiterbildung-in-kmu.ch\/it\/","logo":{"@type":"ImageObject","inLanguage":"it-IT","@id":"https:\/\/weiterbildung-in-kmu.ch\/it\/#\/schema\/logo\/image\/","url":"https:\/\/weiterbildung-in-kmu.ch\/app\/uploads\/sites\/2\/2023\/03\/SVEB_Schriftzug_KMU_D-500px.png","contentUrl":"https:\/\/weiterbildung-in-kmu.ch\/app\/uploads\/sites\/2\/2023\/03\/SVEB_Schriftzug_KMU_D-500px.png","width":500,"height":164,"caption":"SVEB \u2013 Weiterbildung in KMU"},"image":{"@id":"https:\/\/weiterbildung-in-kmu.ch\/it\/#\/schema\/logo\/image\/"}}]}},"_links":{"self":[{"href":"https:\/\/weiterbildung-in-kmu.ch\/it\/wp-json\/wp\/v2\/pages\/551","targetHints":{"allow":["GET"]}}],"collection":[{"href":"https:\/\/weiterbildung-in-kmu.ch\/it\/wp-json\/wp\/v2\/pages"}],"about":[{"href":"https:\/\/weiterbildung-in-kmu.ch\/it\/wp-json\/wp\/v2\/types\/page"}],"author":[{"embeddable":true,"href":"https:\/\/weiterbildung-in-kmu.ch\/it\/wp-json\/wp\/v2\/users\/4"}],"replies":[{"embeddable":true,"href":"https:\/\/weiterbildung-in-kmu.ch\/it\/wp-json\/wp\/v2\/comments?post=551"}],"version-history":[{"count":8,"href":"https:\/\/weiterbildung-in-kmu.ch\/it\/wp-json\/wp\/v2\/pages\/551\/revisions"}],"predecessor-version":[{"id":2341,"href":"https:\/\/weiterbildung-in-kmu.ch\/it\/wp-json\/wp\/v2\/pages\/551\/revisions\/2341"}],"up":[{"embeddable":true,"href":"https:\/\/weiterbildung-in-kmu.ch\/it\/wp-json\/wp\/v2\/pages\/550"}],"wp:attachment":[{"href":"https:\/\/weiterbildung-in-kmu.ch\/it\/wp-json\/wp\/v2\/media?parent=551"}],"curies":[{"name":"wp","href":"https:\/\/api.w.org\/{rel}","templated":true}]}}