{"id":550,"date":"2023-01-13T08:05:22","date_gmt":"2023-01-13T07:05:22","guid":{"rendered":"https:\/\/weiterbildung-in-kmu.alice.ch\/?page_id=550"},"modified":"2023-12-15T15:16:02","modified_gmt":"2023-12-15T14:16:02","slug":"future-skills","status":"publish","type":"page","link":"https:\/\/weiterbildung-in-kmu.ch\/it\/necessita-di-competenza\/future-skills\/","title":{"rendered":"Future skills"},"content":{"rendered":"\n<div class=\"wp-block-columns is-layout-flex wp-container-core-columns-is-layout-28f84493 wp-block-columns-is-layout-flex\">\n<div class=\"wp-block-column is-layout-flow wp-block-column-is-layout-flow\" style=\"flex-basis:100%\">\n<div class=\"wp-block-columns is-layout-flex wp-container-core-columns-is-layout-28f84493 wp-block-columns-is-layout-flex\">\n<div class=\"wp-block-column is-layout-flow wp-block-column-is-layout-flow\" style=\"flex-basis:100%\">\n<div class=\"wp-block-group is-style-reduced-width is-layout-constrained wp-block-group-is-layout-constrained\">\n<h1 class=\"wp-block-heading\">Future skills \u2013 competenze e abilit\u00e0 del futuro<\/h1>\n\n\n\n<p class=\"is-style-lead\">Il mondo del lavoro delle PMI \u00e8 in rapido cambiamento. Conoscenze, competenze e abilit\u00e0 che apparivano consolidate da lungo tempo, addirittura trasmesse da una generazione all&#8217;altra, oggi non sono pi\u00f9 sufficienti per restare competitivi sul mercato. Le sfide che oggi le PMI devono affrontare sono soprattutto legate alla digitalizzazione, allo sviluppo demografico (e alla conseguente carenza di personale qualificato) e alla trasformazione digitale. Le PMI devono costantemente essere consapevoli dei loro punti di forza, delle loro debolezze e delle competenze chiave a loro necessarie. Lo skills management \u00e8 un fattore cruciale del loro successo.<\/p>\n\n\n\n<h2 class=\"wp-block-heading\">Cosa si intende per \u00abfuture skills\u00bb e perch\u00e9 ne abbiamo bisogno?<\/h2>\n\n\n\n<p>Con il termine \u00abfuture skills\u00bb si intende una serie di importanti competenze e abilit\u00e0 che vengono sempre pi\u00f9 richieste dai datori di lavoro &#8211; in particolare le qualit\u00e0 umane che differenziano l\u2019uomo dalla tecnologia. Le future skills ci consentono di sviluppare il nostro potenziale personale. Un mondo in cos\u00ec rapido cambiamento ha bisogno di nuovi modi di pensare e agire: di conseguenza, personale qualificato e quadri dirigenti si devono riorientare per stabilizzare e ampliare la propria concorrenzialit\u00e0 sul mercato. Se le competenze attualmente disponibili non corrispondono (del tutto o in parte) a quelle che saranno necessarie in futuro, si parla allora di uno \u00abskill gap\u00bb.<\/p>\n\n\n\n<h2 class=\"wp-block-heading\">Quali competenze dovranno possedere in futuro le PMI?<\/h2>\n\n\n\n<p>Al di l\u00e0 delle competenze puramente tecniche, saranno necessarie competenze e abilit\u00e0 di progettazione, umane e digitali.<\/p>\n\n\n\n<h3 class=\"wp-block-heading\">Competenze e abilit\u00e0 di progettazione<\/h3>\n\n\n\n<h4 class=\"wp-block-heading\">Pensare e agire imprenditorialmente<\/h4>\n\n\n\n<p>Organizzare le proprie attivit\u00e0 in modo quanto pi\u00f9 efficace possibile, orientandole agli interessi dell&#8217;impresa. Stabilire priorit\u00e0 e delegare.<\/p>\n\n\n\n<p><strong><em>Best practice:<\/em><\/strong><em> informare i collaboratori in modo trasparente su cifre e fatti, utilizzando una tavola delle priorit\u00e0 (Kanban).<\/em><\/p>\n\n\n\n<h4 class=\"wp-block-heading\">Ricerca attiva della soluzione ai problemi<\/h4>\n\n\n\n<p>Riconoscere tempestivamente le difficolt\u00e0, reagire rapidamente e trovare soluzioni prima che sorga un problema.<\/p>\n\n\n\n<p><strong><em>Best practice:<\/em><\/strong><em> comunicazione trasparente e cultura della tolleranza all&#8217;errore; cultura dell\u2019apertura reciproca &nbsp;e dell&#8217;accettare aiuto in modo da prevenire l&#8217;insorgere di problemi.<\/em><\/p>\n\n\n\n<h4 class=\"wp-block-heading\">Resilienza<\/h4>\n\n\n\n<p>Capacit\u00e0 di gestire crisi e di utilizzarle come fattore di sviluppo attingendo a risorse personali e sociali.<\/p>\n\n\n\n<h3 class=\"wp-block-heading\">Importanti abilit\u00e0 umane che non possono essere digitalizzate<\/h3>\n\n\n\n<h4 class=\"wp-block-heading\">Pensiero creativo<\/h4>\n\n\n\n<p>Produrre, valutare e perfezionare idee creative e diversificate. Soluzione di problemi reali.<\/p>\n\n\n\n<p><strong><em>Best practice:<\/em><\/strong><em> dedicare tempo al pensiero creativo (p. es. una mezza giornata al mese).<\/em><\/p>\n\n\n\n<p><em>Brainstorming in luoghi neutri, eventualmente anche al di fuori dell&#8217;ufficio, coinvolgendo tutti i collaboratori. Utilizzare un sistema per prendere nota delle idee che emergono fra un incontro e l&#8217;altro.<\/em><\/p>\n\n\n\n<h4 class=\"wp-block-heading\">Nuove forme di collaborazione<\/h4>\n\n\n\n<p>Capacit\u00e0 di collaborazione &#8211; il successo si raggiunge insieme. Co-creazione &#8211; creare insieme nuove idee invece di svilupparle nel silenzio del proprio ufficio. La capacit\u00e0 di collaborazione sar\u00e0 in futuro una competenza chiave.<\/p>\n\n\n\n<p><strong><em>Best practice:<\/em><\/strong><em> apertura agli sviluppi digitali. Meno strumenti, ma pi\u00f9 efficienti. Stile di lavoro trasparente: tutti sanno cosa fanno gli altri.<\/em><\/p>\n\n\n\n<h4 class=\"wp-block-heading\">Gestione del tempo e dei compiti<\/h4>\n\n\n\n<p>Gestione intelligente del lavoro e del tempo tramite competenze metodologiche e impiego di strumenti digitali.<\/p>\n\n\n\n<p><strong><em>Best practice:<\/em><\/strong><em> chiara gestione dell&#8217;agenda, pianificazione delle fasi di lavoro, focalizzazione e (se possibile) riduzione delle riunioni di lavoro. &nbsp;Riduzione dell\u2019esposizione a fattori di disturbo (p. es. Outlook e simili), stabilire chiari obiettivi e priorit\u00e0 quotidiane e lavorare di conseguenza.<\/em><\/p>\n\n\n\n<h3 class=\"wp-block-heading\">Competenze digitali<\/h3>\n\n\n\n<h4 class=\"wp-block-heading\">Analisi dei dati<\/h4>\n\n\n\n<p>La strada per passare dai dati grezzi a conoscenze utili passa attraverso l&#8217;analisi e la visualizzazione dei dati.<\/p>\n\n\n\n<p><strong><em>Best practice:<\/em><\/strong><em> imparare a usare Google Analytics (lo strumento di analisi pi\u00f9 comune) tramite l&#8217;apposito corso gratuito di Google.<\/em><\/p>\n\n\n\n<h4 class=\"wp-block-heading\">Trasmissione digitale delle conoscenze<\/h4>\n\n\n\n<p>Come \u00e8 possibile strutturare, attualizzare e rendere internamente disponibili le conoscenze in modo che siano facilmente richiamabili e consultabili da tutti?<\/p>\n\n\n\n<p><strong><em>Best practice:<\/em><\/strong><em> passare dalla trasmissione delle conoscenze tramite e-mail all\u2019archiviazione, in forma testuale o audiovisiva, nell&#8217;intranet aziendale.<\/em><\/p>\n\n\n\n<h4 class=\"wp-block-heading\">Leadership a distanza<\/h4>\n\n\n\n<p>Accompagnamento, cooperazione, coordinamento e soprattutto comunicazione dei e con i team a distanza grazie alle tecnologie digitali<\/p>\n\n\n\n<div class=\"wp-block-buttons has-custom-font-size is-style-three-column-buttons has-small-font-size is-layout-flex wp-block-buttons-is-layout-flex\" id=\"js-quicklinks\">\n<div class=\"wp-block-button has-custom-font-size is-style-outline has-medium-font-size is-style-outline--1\"><a class=\"wp-block-button__link wp-element-button\" href=\"https:\/\/weiterbildung-in-kmu.ch\/it\/necessita-di-competenza\/future-skills\/competenze-digitali-di-base\/\">Competenze digitali di base<\/a><\/div>\n<\/div>\n\n\n\n<h2 class=\"wp-block-heading\">Come possono le PMI inventariare le competenze gi\u00e0 a loro disposizione?<\/h2>\n\n\n\n<p>Per avere un quadro delle competenze disponibili in azienda e delle eventuali lacune, sono necessari i seguenti passaggi:<\/p>\n\n\n\n<ul class=\"wp-block-list\">\n<li><strong>Analisi della SITUAZIONE ATTUALE:<\/strong> <br>quali competenze, necessarie al lavoro quotidiano, sono disponibili in azienda? Quali no?<\/li>\n\n\n\n<li><strong>Analisi della SITUAZIONE DESIDERATA:<\/strong> <br>in quale direzione si sta muovendo l&#8217;azienda? Quali sono i suoi obiettivi? Quali competenze mancano per raggiungerli?<\/li>\n<\/ul>\n\n\n\n<h2 class=\"wp-block-heading\">Come possono le PMI promuovere le competenze future?<\/h2>\n\n\n\n<p>Il fabbisogno di formazione e di sviluppo \u00e8 desunto dal confronto fra situazione ATTUALE e DESIDERATA. Al contempo, questa semplice analisi fornisce indicazioni sulla necessit\u00e0 di procedere a nuove assunzioni (idealmente le informazioni sulle competenze ricercate dovrebbero essere menzionate nell inserzioni corrispondenti).<\/p>\n\n\n\n<div class=\"wp-block-columns is-layout-flex wp-container-core-columns-is-layout-28f84493 wp-block-columns-is-layout-flex\">\n<div class=\"wp-block-column is-layout-flow wp-block-column-is-layout-flow\" style=\"flex-basis:50%\">\n<div class=\"wp-block-file\"><a id=\"wp-block-file--media-3e0dd370-cf83-4920-9e81-f231a0372b17\" href=\"https:\/\/weiterbildung-in-kmu.ch\/app\/uploads\/sites\/2\/2023\/03\/Buone-pratiche-\u2013-future-skills.pdf\">Buone pratiche \u2013 future skills<br \/>PDF &#8211; 74 KB<\/a><a href=\"https:\/\/weiterbildung-in-kmu.ch\/app\/uploads\/sites\/2\/2023\/03\/Buone-pratiche-\u2013-future-skills.pdf\" class=\"wp-block-file__button wp-element-button\" download aria-describedby=\"wp-block-file--media-3e0dd370-cf83-4920-9e81-f231a0372b17\"><br \/>PDF &#8211; 74 KB<\/a><\/div>\n<\/div>\n\n\n\n<div class=\"wp-block-column is-layout-flow wp-block-column-is-layout-flow\" style=\"flex-basis:50%\"><\/div>\n<\/div>\n<\/div>\n<\/div>\n<\/div>\n<\/div>\n<\/div>\n","protected":false},"excerpt":{"rendered":"<p>Future skills \u2013 competenze e abilit\u00e0 del futuro Il mondo del lavoro delle PMI \u00e8 in rapido cambiamento. Conoscenze, competenze [&hellip;]<\/p>\n","protected":false},"author":4,"featured_media":0,"parent":543,"menu_order":0,"comment_status":"closed","ping_status":"closed","template":"","meta":{"_acf_changed":false,"inline_featured_image":false,"footnotes":""},"class_list":["post-550","page","type-page","status-publish","hentry"],"acf":[],"yoast_head":"<!-- This site is optimized with the Yoast SEO plugin v27.3 - https:\/\/yoast.com\/product\/yoast-seo-wordpress\/ -->\n<title>Future skills - Weiterbildung in KMU<\/title>\n<meta name=\"description\" content=\"Le Future skills sono competenze sempre pi\u00f9 importanti ricercate dai datori di lavoro nel mercato del lavoro.\" \/>\n<meta name=\"robots\" content=\"index, follow, max-snippet:-1, max-image-preview:large, max-video-preview:-1\" \/>\n<link rel=\"canonical\" href=\"https:\/\/weiterbildung-in-kmu.ch\/it\/necessita-di-competenza\/future-skills\/\" \/>\n<meta property=\"og:locale\" content=\"it_IT\" \/>\n<meta property=\"og:type\" content=\"article\" \/>\n<meta property=\"og:title\" content=\"Future skills - Weiterbildung in KMU\" \/>\n<meta property=\"og:description\" content=\"Le Future skills sono competenze sempre pi\u00f9 importanti ricercate dai datori di lavoro nel mercato del lavoro.\" \/>\n<meta property=\"og:url\" content=\"https:\/\/weiterbildung-in-kmu.ch\/it\/necessita-di-competenza\/future-skills\/\" \/>\n<meta property=\"og:site_name\" content=\"Weiterbildung in KMU\" \/>\n<meta property=\"article:modified_time\" content=\"2023-12-15T14:16:02+00:00\" \/>\n<meta property=\"og:image\" content=\"https:\/\/weiterbildung-in-kmu.ch\/app\/uploads\/sites\/2\/2023\/03\/SVEB_Schriftzug_KMU_D-500px.png\" \/>\n\t<meta property=\"og:image:width\" content=\"500\" \/>\n\t<meta property=\"og:image:height\" content=\"164\" \/>\n\t<meta property=\"og:image:type\" content=\"image\/png\" \/>\n<meta name=\"twitter:card\" content=\"summary_large_image\" \/>\n<meta name=\"twitter:label1\" content=\"Tempo di lettura stimato\" \/>\n\t<meta name=\"twitter:data1\" content=\"5 minuti\" \/>\n<script type=\"application\/ld+json\" class=\"yoast-schema-graph\">{\"@context\":\"https:\\\/\\\/schema.org\",\"@graph\":[{\"@type\":\"WebPage\",\"@id\":\"https:\\\/\\\/weiterbildung-in-kmu.ch\\\/it\\\/necessita-di-competenza\\\/future-skills\\\/\",\"url\":\"https:\\\/\\\/weiterbildung-in-kmu.ch\\\/it\\\/necessita-di-competenza\\\/future-skills\\\/\",\"name\":\"Future skills - Weiterbildung in KMU\",\"isPartOf\":{\"@id\":\"https:\\\/\\\/weiterbildung-in-kmu.ch\\\/it\\\/#website\"},\"datePublished\":\"2023-01-13T07:05:22+00:00\",\"dateModified\":\"2023-12-15T14:16:02+00:00\",\"description\":\"Le Future skills sono competenze sempre pi\u00f9 importanti ricercate dai datori di lavoro nel mercato del lavoro.\",\"breadcrumb\":{\"@id\":\"https:\\\/\\\/weiterbildung-in-kmu.ch\\\/it\\\/necessita-di-competenza\\\/future-skills\\\/#breadcrumb\"},\"inLanguage\":\"it-IT\",\"potentialAction\":[{\"@type\":\"ReadAction\",\"target\":[\"https:\\\/\\\/weiterbildung-in-kmu.ch\\\/it\\\/necessita-di-competenza\\\/future-skills\\\/\"]}]},{\"@type\":\"BreadcrumbList\",\"@id\":\"https:\\\/\\\/weiterbildung-in-kmu.ch\\\/it\\\/necessita-di-competenza\\\/future-skills\\\/#breadcrumb\",\"itemListElement\":[{\"@type\":\"ListItem\",\"position\":1,\"name\":\"Pagina iniziale\",\"item\":\"https:\\\/\\\/weiterbildung-in-kmu.ch\\\/it\\\/\"},{\"@type\":\"ListItem\",\"position\":2,\"name\":\"Necessit\u00e0 di competenza\",\"item\":\"https:\\\/\\\/weiterbildung-in-kmu.ch\\\/it\\\/necessita-di-competenza\\\/\"},{\"@type\":\"ListItem\",\"position\":3,\"name\":\"Future skills\"}]},{\"@type\":\"WebSite\",\"@id\":\"https:\\\/\\\/weiterbildung-in-kmu.ch\\\/it\\\/#website\",\"url\":\"https:\\\/\\\/weiterbildung-in-kmu.ch\\\/it\\\/\",\"name\":\"Weiterbildung in KMU\",\"description\":\"\",\"publisher\":{\"@id\":\"https:\\\/\\\/weiterbildung-in-kmu.ch\\\/it\\\/#organization\"},\"alternateName\":\"Weiterbildung in kleinen und mittleren Unternehmen\",\"potentialAction\":[{\"@type\":\"SearchAction\",\"target\":{\"@type\":\"EntryPoint\",\"urlTemplate\":\"https:\\\/\\\/weiterbildung-in-kmu.ch\\\/it\\\/?s={search_term_string}\"},\"query-input\":{\"@type\":\"PropertyValueSpecification\",\"valueRequired\":true,\"valueName\":\"search_term_string\"}}],\"inLanguage\":\"it-IT\"},{\"@type\":\"Organization\",\"@id\":\"https:\\\/\\\/weiterbildung-in-kmu.ch\\\/it\\\/#organization\",\"name\":\"SVEB \u2013 Weiterbildung in KMU\",\"alternateName\":\"Weiterbildung in KMU\",\"url\":\"https:\\\/\\\/weiterbildung-in-kmu.ch\\\/it\\\/\",\"logo\":{\"@type\":\"ImageObject\",\"inLanguage\":\"it-IT\",\"@id\":\"https:\\\/\\\/weiterbildung-in-kmu.ch\\\/it\\\/#\\\/schema\\\/logo\\\/image\\\/\",\"url\":\"https:\\\/\\\/weiterbildung-in-kmu.ch\\\/app\\\/uploads\\\/sites\\\/2\\\/2023\\\/03\\\/SVEB_Schriftzug_KMU_D-500px.png\",\"contentUrl\":\"https:\\\/\\\/weiterbildung-in-kmu.ch\\\/app\\\/uploads\\\/sites\\\/2\\\/2023\\\/03\\\/SVEB_Schriftzug_KMU_D-500px.png\",\"width\":500,\"height\":164,\"caption\":\"SVEB \u2013 Weiterbildung in KMU\"},\"image\":{\"@id\":\"https:\\\/\\\/weiterbildung-in-kmu.ch\\\/it\\\/#\\\/schema\\\/logo\\\/image\\\/\"}}]}<\/script>\n<!-- \/ Yoast SEO plugin. -->","yoast_head_json":{"title":"Future skills - Weiterbildung in KMU","description":"Le Future skills sono competenze sempre pi\u00f9 importanti ricercate dai datori di lavoro nel mercato del lavoro.","robots":{"index":"index","follow":"follow","max-snippet":"max-snippet:-1","max-image-preview":"max-image-preview:large","max-video-preview":"max-video-preview:-1"},"canonical":"https:\/\/weiterbildung-in-kmu.ch\/it\/necessita-di-competenza\/future-skills\/","og_locale":"it_IT","og_type":"article","og_title":"Future skills - Weiterbildung in KMU","og_description":"Le Future skills sono competenze sempre pi\u00f9 importanti ricercate dai datori di lavoro nel mercato del lavoro.","og_url":"https:\/\/weiterbildung-in-kmu.ch\/it\/necessita-di-competenza\/future-skills\/","og_site_name":"Weiterbildung in KMU","article_modified_time":"2023-12-15T14:16:02+00:00","og_image":[{"width":500,"height":164,"url":"https:\/\/weiterbildung-in-kmu.ch\/app\/uploads\/sites\/2\/2023\/03\/SVEB_Schriftzug_KMU_D-500px.png","type":"image\/png"}],"twitter_card":"summary_large_image","twitter_misc":{"Tempo di lettura stimato":"5 minuti"},"schema":{"@context":"https:\/\/schema.org","@graph":[{"@type":"WebPage","@id":"https:\/\/weiterbildung-in-kmu.ch\/it\/necessita-di-competenza\/future-skills\/","url":"https:\/\/weiterbildung-in-kmu.ch\/it\/necessita-di-competenza\/future-skills\/","name":"Future skills - Weiterbildung in KMU","isPartOf":{"@id":"https:\/\/weiterbildung-in-kmu.ch\/it\/#website"},"datePublished":"2023-01-13T07:05:22+00:00","dateModified":"2023-12-15T14:16:02+00:00","description":"Le Future skills sono competenze sempre pi\u00f9 importanti ricercate dai datori di lavoro nel mercato del lavoro.","breadcrumb":{"@id":"https:\/\/weiterbildung-in-kmu.ch\/it\/necessita-di-competenza\/future-skills\/#breadcrumb"},"inLanguage":"it-IT","potentialAction":[{"@type":"ReadAction","target":["https:\/\/weiterbildung-in-kmu.ch\/it\/necessita-di-competenza\/future-skills\/"]}]},{"@type":"BreadcrumbList","@id":"https:\/\/weiterbildung-in-kmu.ch\/it\/necessita-di-competenza\/future-skills\/#breadcrumb","itemListElement":[{"@type":"ListItem","position":1,"name":"Pagina iniziale","item":"https:\/\/weiterbildung-in-kmu.ch\/it\/"},{"@type":"ListItem","position":2,"name":"Necessit\u00e0 di competenza","item":"https:\/\/weiterbildung-in-kmu.ch\/it\/necessita-di-competenza\/"},{"@type":"ListItem","position":3,"name":"Future skills"}]},{"@type":"WebSite","@id":"https:\/\/weiterbildung-in-kmu.ch\/it\/#website","url":"https:\/\/weiterbildung-in-kmu.ch\/it\/","name":"Weiterbildung in KMU","description":"","publisher":{"@id":"https:\/\/weiterbildung-in-kmu.ch\/it\/#organization"},"alternateName":"Weiterbildung in kleinen und mittleren Unternehmen","potentialAction":[{"@type":"SearchAction","target":{"@type":"EntryPoint","urlTemplate":"https:\/\/weiterbildung-in-kmu.ch\/it\/?s={search_term_string}"},"query-input":{"@type":"PropertyValueSpecification","valueRequired":true,"valueName":"search_term_string"}}],"inLanguage":"it-IT"},{"@type":"Organization","@id":"https:\/\/weiterbildung-in-kmu.ch\/it\/#organization","name":"SVEB \u2013 Weiterbildung in KMU","alternateName":"Weiterbildung in KMU","url":"https:\/\/weiterbildung-in-kmu.ch\/it\/","logo":{"@type":"ImageObject","inLanguage":"it-IT","@id":"https:\/\/weiterbildung-in-kmu.ch\/it\/#\/schema\/logo\/image\/","url":"https:\/\/weiterbildung-in-kmu.ch\/app\/uploads\/sites\/2\/2023\/03\/SVEB_Schriftzug_KMU_D-500px.png","contentUrl":"https:\/\/weiterbildung-in-kmu.ch\/app\/uploads\/sites\/2\/2023\/03\/SVEB_Schriftzug_KMU_D-500px.png","width":500,"height":164,"caption":"SVEB \u2013 Weiterbildung in KMU"},"image":{"@id":"https:\/\/weiterbildung-in-kmu.ch\/it\/#\/schema\/logo\/image\/"}}]}},"_links":{"self":[{"href":"https:\/\/weiterbildung-in-kmu.ch\/it\/wp-json\/wp\/v2\/pages\/550","targetHints":{"allow":["GET"]}}],"collection":[{"href":"https:\/\/weiterbildung-in-kmu.ch\/it\/wp-json\/wp\/v2\/pages"}],"about":[{"href":"https:\/\/weiterbildung-in-kmu.ch\/it\/wp-json\/wp\/v2\/types\/page"}],"author":[{"embeddable":true,"href":"https:\/\/weiterbildung-in-kmu.ch\/it\/wp-json\/wp\/v2\/users\/4"}],"replies":[{"embeddable":true,"href":"https:\/\/weiterbildung-in-kmu.ch\/it\/wp-json\/wp\/v2\/comments?post=550"}],"version-history":[{"count":22,"href":"https:\/\/weiterbildung-in-kmu.ch\/it\/wp-json\/wp\/v2\/pages\/550\/revisions"}],"predecessor-version":[{"id":2339,"href":"https:\/\/weiterbildung-in-kmu.ch\/it\/wp-json\/wp\/v2\/pages\/550\/revisions\/2339"}],"up":[{"embeddable":true,"href":"https:\/\/weiterbildung-in-kmu.ch\/it\/wp-json\/wp\/v2\/pages\/543"}],"wp:attachment":[{"href":"https:\/\/weiterbildung-in-kmu.ch\/it\/wp-json\/wp\/v2\/media?parent=550"}],"curies":[{"name":"wp","href":"https:\/\/api.w.org\/{rel}","templated":true}]}}