{"id":545,"date":"2023-01-13T08:06:36","date_gmt":"2023-01-13T07:06:36","guid":{"rendered":"https:\/\/weiterbildung-in-kmu.alice.ch\/?page_id=545"},"modified":"2023-12-15T14:42:18","modified_gmt":"2023-12-15T13:42:18","slug":"change-management","status":"publish","type":"page","link":"https:\/\/weiterbildung-in-kmu.ch\/it\/necessita-di-competenza\/change-management\/","title":{"rendered":"Change Management"},"content":{"rendered":"\n<div class=\"wp-block-group is-style-reduced-width is-layout-constrained wp-block-group-is-layout-constrained\">\n<h1 class=\"wp-block-heading\">Change Management<\/h1>\n\n\n\n<p class=\"is-style-lead\">Come \u00e8 successo per la pandemia: se non sono gi\u00e0 avvenuti prima, una crisi porta spesso a dei cambiamenti. Gestire il cambiamento significa modificare strutture, processi e comportamenti. In linea di principio, gli esseri umani sono fondamentalmente inclini\u201d ad attenersi allo status quo. Di conseguenza molti progetti di cambiamento si arenano gi\u00e0 sul nascere. &nbsp;In tempi di trasformazione digitale, tuttavia, il cambiamento costituisce un tema centrale per tutte le imprese, indipendentemente dalle loro dimensioni. Per superare le attuali sfide \u00e8 necessaria una gestione attiva del cambiamento \u2013 tenendo peraltro conto che le PMI si devono spesso confrontare con persone o con team che reagiscono spesso in modo imprevedibile agli interventi.<\/p>\n\n\n\n<h2 class=\"wp-block-heading\">Perch\u00e9 il change management \u00e8 cos\u00ec importante?<\/h2>\n\n\n\n<p>I cambiamenti avvengono ogni giorno, anche con piccoli eventi. Un collaboratore \u00e8 trasferito in un&#8217;altra sede, viene installata una nuova versione di un software Microsoft, viene assunto un nuovo collaboratore o durante una riunione settimanale di un team nasce un&#8217;idea per ottimizzare un certo processo. Come pu\u00f2 una PMI affrontare questi cambiamenti? Come vengono gestiti? I cambiamenti, piccoli e grandi, generano conflitti? La cultura aziendale favorisce il cambiamento? Per le PMI \u00e8 indispensabile gestire i processi di cambiamento in modo attivo e coerente. Una comunicazione aperta e trasparente, nonch\u00e9 un&#8217;attenta osservazione e interpretazione delle reazioni dei collaboratori, sono fattori chiave per il successo dell&#8217;intero processo.<\/p>\n\n\n\n<div class=\"wp-block-buttons is-style-three-column-buttons is-layout-flex wp-block-buttons-is-layout-flex\" id=\"js-quicklinks\">\n<div class=\"wp-block-button has-custom-font-size is-style-outline has-medium-font-size is-style-outline--1\"><a class=\"wp-block-button__link wp-element-button\" href=\"https:\/\/weiterbildung-in-kmu.ch\/it\/necessita-di-competenza\/change-management\/processo-di-change-management\/\">Change management \u00e8 project management<\/a><\/div>\n<\/div>\n\n\n\n<h2 class=\"wp-block-heading\">Change management nel contesto della formazione continua per le PMI<\/h2>\n\n\n\n<p>Un problema ben noto \u00e8 quello dei collaboratori che non condividono le proprie conoscenze. Oppure quello dei collaboratori che sfruttano regolarmente il know-how di altri invece di apprendere affrontando i problemi in prima persona o comunque in forma collaborativa. Le PMI dovrebbero costruire una solida e consapevole cultura dell&#8217;apprendimento. I collaboratori di lungo corso, pur essendo per ogni PMI un&#8217;importante risorsa, corrono spesso il rischio di non crescere e non svilupparsi. L&#8217;impegno attivo per l&#8217;apprendimento permanente dovrebbe essere affrontato in sede di ogni colloquio pianificato. L&#8217;identificazione precoce delle competenze che saranno necessarie in futuro \u00e8 fondamentale per affrontare in modo proattivo i cambiamenti, al fine di assumere tempestivamente i collaboratori giusti e sostenerli poi nel loro sviluppo.<\/p>\n\n\n\n<div class=\"wp-block-columns is-layout-flex wp-container-core-columns-is-layout-28f84493 wp-block-columns-is-layout-flex\">\n<div class=\"wp-block-column is-layout-flow wp-block-column-is-layout-flow\" style=\"flex-basis:50%\">\n<div class=\"wp-block-file\"><a id=\"wp-block-file--media-1a45d2e4-fd30-41ef-8458-3a6afbdf5b9d\" href=\"https:\/\/weiterbildung-in-kmu.ch\/app\/uploads\/sites\/2\/2023\/03\/Buone-pratiche-\u2013-change-management.pdf\">Buone pratiche \u2013 change management<br \/>PDF &#8211; 74 KB<\/a><a href=\"https:\/\/weiterbildung-in-kmu.ch\/app\/uploads\/sites\/2\/2023\/03\/Buone-pratiche-\u2013-change-management.pdf\" class=\"wp-block-file__button wp-element-button\" download aria-describedby=\"wp-block-file--media-1a45d2e4-fd30-41ef-8458-3a6afbdf5b9d\"><br \/>PDF &#8211; 74 KB<\/a><\/div>\n<\/div>\n\n\n\n<div class=\"wp-block-column is-layout-flow wp-block-column-is-layout-flow\" style=\"flex-basis:50%\"><\/div>\n<\/div>\n<\/div>\n","protected":false},"excerpt":{"rendered":"<p>Change Management Come \u00e8 successo per la pandemia: se non sono gi\u00e0 avvenuti prima, una crisi porta spesso a dei [&hellip;]<\/p>\n","protected":false},"author":4,"featured_media":0,"parent":543,"menu_order":0,"comment_status":"closed","ping_status":"closed","template":"","meta":{"_acf_changed":false,"inline_featured_image":false,"footnotes":""},"class_list":["post-545","page","type-page","status-publish","hentry"],"acf":[],"yoast_head":"<!-- This site is optimized with the Yoast SEO plugin v27.3 - https:\/\/yoast.com\/product\/yoast-seo-wordpress\/ -->\n<title>Change Management - Weiterbildung in KMU<\/title>\n<meta name=\"description\" content=\"Come \u00e8 successo per la pandemia: se non sono gi\u00e0 avvenuti prima, una crisi porta spesso a dei cambiamenti.\" \/>\n<meta name=\"robots\" content=\"index, follow, max-snippet:-1, max-image-preview:large, max-video-preview:-1\" \/>\n<link rel=\"canonical\" href=\"https:\/\/weiterbildung-in-kmu.ch\/it\/necessita-di-competenza\/change-management\/\" \/>\n<meta property=\"og:locale\" content=\"it_IT\" \/>\n<meta property=\"og:type\" content=\"article\" \/>\n<meta property=\"og:title\" content=\"Change Management - Weiterbildung in KMU\" \/>\n<meta property=\"og:description\" content=\"Come \u00e8 successo per la pandemia: se non sono gi\u00e0 avvenuti prima, una crisi porta spesso a dei cambiamenti.\" \/>\n<meta property=\"og:url\" content=\"https:\/\/weiterbildung-in-kmu.ch\/it\/necessita-di-competenza\/change-management\/\" \/>\n<meta property=\"og:site_name\" content=\"Weiterbildung in KMU\" \/>\n<meta property=\"article:modified_time\" content=\"2023-12-15T13:42:18+00:00\" \/>\n<meta property=\"og:image\" content=\"https:\/\/weiterbildung-in-kmu.ch\/app\/uploads\/sites\/2\/2023\/03\/SVEB_Schriftzug_KMU_D-500px.png\" \/>\n\t<meta property=\"og:image:width\" content=\"500\" \/>\n\t<meta property=\"og:image:height\" content=\"164\" \/>\n\t<meta property=\"og:image:type\" content=\"image\/png\" \/>\n<meta name=\"twitter:card\" content=\"summary_large_image\" \/>\n<meta name=\"twitter:label1\" content=\"Tempo di lettura stimato\" \/>\n\t<meta name=\"twitter:data1\" content=\"3 minuti\" \/>\n<script type=\"application\/ld+json\" class=\"yoast-schema-graph\">{\"@context\":\"https:\\\/\\\/schema.org\",\"@graph\":[{\"@type\":\"WebPage\",\"@id\":\"https:\\\/\\\/weiterbildung-in-kmu.ch\\\/it\\\/necessita-di-competenza\\\/change-management\\\/\",\"url\":\"https:\\\/\\\/weiterbildung-in-kmu.ch\\\/it\\\/necessita-di-competenza\\\/change-management\\\/\",\"name\":\"Change Management - Weiterbildung in KMU\",\"isPartOf\":{\"@id\":\"https:\\\/\\\/weiterbildung-in-kmu.ch\\\/it\\\/#website\"},\"datePublished\":\"2023-01-13T07:06:36+00:00\",\"dateModified\":\"2023-12-15T13:42:18+00:00\",\"description\":\"Come \u00e8 successo per la pandemia: se non sono gi\u00e0 avvenuti prima, una crisi porta spesso a dei cambiamenti.\",\"breadcrumb\":{\"@id\":\"https:\\\/\\\/weiterbildung-in-kmu.ch\\\/it\\\/necessita-di-competenza\\\/change-management\\\/#breadcrumb\"},\"inLanguage\":\"it-IT\",\"potentialAction\":[{\"@type\":\"ReadAction\",\"target\":[\"https:\\\/\\\/weiterbildung-in-kmu.ch\\\/it\\\/necessita-di-competenza\\\/change-management\\\/\"]}]},{\"@type\":\"BreadcrumbList\",\"@id\":\"https:\\\/\\\/weiterbildung-in-kmu.ch\\\/it\\\/necessita-di-competenza\\\/change-management\\\/#breadcrumb\",\"itemListElement\":[{\"@type\":\"ListItem\",\"position\":1,\"name\":\"Pagina iniziale\",\"item\":\"https:\\\/\\\/weiterbildung-in-kmu.ch\\\/it\\\/\"},{\"@type\":\"ListItem\",\"position\":2,\"name\":\"Necessit\u00e0 di competenza\",\"item\":\"https:\\\/\\\/weiterbildung-in-kmu.ch\\\/it\\\/necessita-di-competenza\\\/\"},{\"@type\":\"ListItem\",\"position\":3,\"name\":\"Change Management\"}]},{\"@type\":\"WebSite\",\"@id\":\"https:\\\/\\\/weiterbildung-in-kmu.ch\\\/it\\\/#website\",\"url\":\"https:\\\/\\\/weiterbildung-in-kmu.ch\\\/it\\\/\",\"name\":\"Weiterbildung in KMU\",\"description\":\"\",\"publisher\":{\"@id\":\"https:\\\/\\\/weiterbildung-in-kmu.ch\\\/it\\\/#organization\"},\"alternateName\":\"Weiterbildung in kleinen und mittleren Unternehmen\",\"potentialAction\":[{\"@type\":\"SearchAction\",\"target\":{\"@type\":\"EntryPoint\",\"urlTemplate\":\"https:\\\/\\\/weiterbildung-in-kmu.ch\\\/it\\\/?s={search_term_string}\"},\"query-input\":{\"@type\":\"PropertyValueSpecification\",\"valueRequired\":true,\"valueName\":\"search_term_string\"}}],\"inLanguage\":\"it-IT\"},{\"@type\":\"Organization\",\"@id\":\"https:\\\/\\\/weiterbildung-in-kmu.ch\\\/it\\\/#organization\",\"name\":\"SVEB \u2013 Weiterbildung in KMU\",\"alternateName\":\"Weiterbildung in KMU\",\"url\":\"https:\\\/\\\/weiterbildung-in-kmu.ch\\\/it\\\/\",\"logo\":{\"@type\":\"ImageObject\",\"inLanguage\":\"it-IT\",\"@id\":\"https:\\\/\\\/weiterbildung-in-kmu.ch\\\/it\\\/#\\\/schema\\\/logo\\\/image\\\/\",\"url\":\"https:\\\/\\\/weiterbildung-in-kmu.ch\\\/app\\\/uploads\\\/sites\\\/2\\\/2023\\\/03\\\/SVEB_Schriftzug_KMU_D-500px.png\",\"contentUrl\":\"https:\\\/\\\/weiterbildung-in-kmu.ch\\\/app\\\/uploads\\\/sites\\\/2\\\/2023\\\/03\\\/SVEB_Schriftzug_KMU_D-500px.png\",\"width\":500,\"height\":164,\"caption\":\"SVEB \u2013 Weiterbildung in KMU\"},\"image\":{\"@id\":\"https:\\\/\\\/weiterbildung-in-kmu.ch\\\/it\\\/#\\\/schema\\\/logo\\\/image\\\/\"}}]}<\/script>\n<!-- \/ Yoast SEO plugin. -->","yoast_head_json":{"title":"Change Management - Weiterbildung in KMU","description":"Come \u00e8 successo per la pandemia: se non sono gi\u00e0 avvenuti prima, una crisi porta spesso a dei cambiamenti.","robots":{"index":"index","follow":"follow","max-snippet":"max-snippet:-1","max-image-preview":"max-image-preview:large","max-video-preview":"max-video-preview:-1"},"canonical":"https:\/\/weiterbildung-in-kmu.ch\/it\/necessita-di-competenza\/change-management\/","og_locale":"it_IT","og_type":"article","og_title":"Change Management - Weiterbildung in KMU","og_description":"Come \u00e8 successo per la pandemia: se non sono gi\u00e0 avvenuti prima, una crisi porta spesso a dei cambiamenti.","og_url":"https:\/\/weiterbildung-in-kmu.ch\/it\/necessita-di-competenza\/change-management\/","og_site_name":"Weiterbildung in KMU","article_modified_time":"2023-12-15T13:42:18+00:00","og_image":[{"width":500,"height":164,"url":"https:\/\/weiterbildung-in-kmu.ch\/app\/uploads\/sites\/2\/2023\/03\/SVEB_Schriftzug_KMU_D-500px.png","type":"image\/png"}],"twitter_card":"summary_large_image","twitter_misc":{"Tempo di lettura stimato":"3 minuti"},"schema":{"@context":"https:\/\/schema.org","@graph":[{"@type":"WebPage","@id":"https:\/\/weiterbildung-in-kmu.ch\/it\/necessita-di-competenza\/change-management\/","url":"https:\/\/weiterbildung-in-kmu.ch\/it\/necessita-di-competenza\/change-management\/","name":"Change Management - Weiterbildung in KMU","isPartOf":{"@id":"https:\/\/weiterbildung-in-kmu.ch\/it\/#website"},"datePublished":"2023-01-13T07:06:36+00:00","dateModified":"2023-12-15T13:42:18+00:00","description":"Come \u00e8 successo per la pandemia: se non sono gi\u00e0 avvenuti prima, una crisi porta spesso a dei cambiamenti.","breadcrumb":{"@id":"https:\/\/weiterbildung-in-kmu.ch\/it\/necessita-di-competenza\/change-management\/#breadcrumb"},"inLanguage":"it-IT","potentialAction":[{"@type":"ReadAction","target":["https:\/\/weiterbildung-in-kmu.ch\/it\/necessita-di-competenza\/change-management\/"]}]},{"@type":"BreadcrumbList","@id":"https:\/\/weiterbildung-in-kmu.ch\/it\/necessita-di-competenza\/change-management\/#breadcrumb","itemListElement":[{"@type":"ListItem","position":1,"name":"Pagina iniziale","item":"https:\/\/weiterbildung-in-kmu.ch\/it\/"},{"@type":"ListItem","position":2,"name":"Necessit\u00e0 di competenza","item":"https:\/\/weiterbildung-in-kmu.ch\/it\/necessita-di-competenza\/"},{"@type":"ListItem","position":3,"name":"Change Management"}]},{"@type":"WebSite","@id":"https:\/\/weiterbildung-in-kmu.ch\/it\/#website","url":"https:\/\/weiterbildung-in-kmu.ch\/it\/","name":"Weiterbildung in KMU","description":"","publisher":{"@id":"https:\/\/weiterbildung-in-kmu.ch\/it\/#organization"},"alternateName":"Weiterbildung in kleinen und mittleren Unternehmen","potentialAction":[{"@type":"SearchAction","target":{"@type":"EntryPoint","urlTemplate":"https:\/\/weiterbildung-in-kmu.ch\/it\/?s={search_term_string}"},"query-input":{"@type":"PropertyValueSpecification","valueRequired":true,"valueName":"search_term_string"}}],"inLanguage":"it-IT"},{"@type":"Organization","@id":"https:\/\/weiterbildung-in-kmu.ch\/it\/#organization","name":"SVEB \u2013 Weiterbildung in KMU","alternateName":"Weiterbildung in KMU","url":"https:\/\/weiterbildung-in-kmu.ch\/it\/","logo":{"@type":"ImageObject","inLanguage":"it-IT","@id":"https:\/\/weiterbildung-in-kmu.ch\/it\/#\/schema\/logo\/image\/","url":"https:\/\/weiterbildung-in-kmu.ch\/app\/uploads\/sites\/2\/2023\/03\/SVEB_Schriftzug_KMU_D-500px.png","contentUrl":"https:\/\/weiterbildung-in-kmu.ch\/app\/uploads\/sites\/2\/2023\/03\/SVEB_Schriftzug_KMU_D-500px.png","width":500,"height":164,"caption":"SVEB \u2013 Weiterbildung in KMU"},"image":{"@id":"https:\/\/weiterbildung-in-kmu.ch\/it\/#\/schema\/logo\/image\/"}}]}},"_links":{"self":[{"href":"https:\/\/weiterbildung-in-kmu.ch\/it\/wp-json\/wp\/v2\/pages\/545","targetHints":{"allow":["GET"]}}],"collection":[{"href":"https:\/\/weiterbildung-in-kmu.ch\/it\/wp-json\/wp\/v2\/pages"}],"about":[{"href":"https:\/\/weiterbildung-in-kmu.ch\/it\/wp-json\/wp\/v2\/types\/page"}],"author":[{"embeddable":true,"href":"https:\/\/weiterbildung-in-kmu.ch\/it\/wp-json\/wp\/v2\/users\/4"}],"replies":[{"embeddable":true,"href":"https:\/\/weiterbildung-in-kmu.ch\/it\/wp-json\/wp\/v2\/comments?post=545"}],"version-history":[{"count":19,"href":"https:\/\/weiterbildung-in-kmu.ch\/it\/wp-json\/wp\/v2\/pages\/545\/revisions"}],"predecessor-version":[{"id":2266,"href":"https:\/\/weiterbildung-in-kmu.ch\/it\/wp-json\/wp\/v2\/pages\/545\/revisions\/2266"}],"up":[{"embeddable":true,"href":"https:\/\/weiterbildung-in-kmu.ch\/it\/wp-json\/wp\/v2\/pages\/543"}],"wp:attachment":[{"href":"https:\/\/weiterbildung-in-kmu.ch\/it\/wp-json\/wp\/v2\/media?parent=545"}],"curies":[{"name":"wp","href":"https:\/\/api.w.org\/{rel}","templated":true}]}}