{"id":544,"date":"2023-01-13T08:04:44","date_gmt":"2023-01-13T07:04:44","guid":{"rendered":"https:\/\/weiterbildung-in-kmu.alice.ch\/?page_id=544"},"modified":"2023-12-15T15:10:28","modified_gmt":"2023-12-15T14:10:28","slug":"digitalizzazione-e-trasformazione-digitale","status":"publish","type":"page","link":"https:\/\/weiterbildung-in-kmu.ch\/it\/necessita-di-competenza\/digitalizzazione-e-trasformazione-digitale\/","title":{"rendered":"Digitalizzazione e trasformazione digitale"},"content":{"rendered":"\n<div class=\"wp-block-group is-style-reduced-width is-layout-constrained wp-block-group-is-layout-constrained\">\n<h1 class=\"wp-block-heading\">Digitalizzazione e trasformazione digitale nelle PMI<\/h1>\n\n\n\n<p class=\"is-style-lead\">Digitalizzazione e trasformazione digitale sono oggi sulla bocca di tutti, eppure questi temi risultano a volte ancora poco compresi dalle PMI, in quanto eccessivamente complessi e sfaccettati. Se per digitalizzazione si intende l&#8217;introduzione di nuove soluzioni basate sulle tecnologie digitali, il concetto di trasformazione digitale va ben oltre: si tratta infatti di un processo di cambiamento continuo e di vasta portata dell&#8217;economia e della societ\u00e0, innescato da tecnologie digitali sempre pi\u00f9 performanti. Per le PMI, ci\u00f2 comporta un rinnovamento complessivo della propria organizzazione a medio e lungo termine. Una buona parte delle PMI svizzere continua tuttavia a concentrarsi sulla digitalizzazione dei processi interni &#8211; e di conseguenza il cambiamento \u00e8 per lo pi\u00f9 gestito da singoli individui (di norma dai quadri dirigenti) limitatamente ad aspetti tecnici.&nbsp;<\/p>\n\n\n\n<h2 class=\"wp-block-heading\">Digitalizzazione: parola d&#8217;ordine o questione di sopravvivenza?<\/h2>\n\n\n\n<p>L&#8217;industrializzazione \u00e8 iniziata oltre 200 anni fa. All&#8217;epoca, la domanda era se le macchine fossero nostre amiche o nemiche. Nel frattempo, le macchine sono state accettate: rappresentano un importante aiuto, semplificano il nostro lavoro quotidiano e compensano le nostre carenze. Con i progressi tecnologici, sempre pi\u00f9 impieghi sono diventati superflui, in quanto sostituiti dai computer. Il sito web <a href=\"https:\/\/job-futuromat.iab.de\/\">www.job-futuromat.iab<\/a> spiega molto bene come le tecnologie digitali cambiano il mondo del lavoro. Non c&#8217;\u00e8 alcun dubbio che: la digitalizzazione, recentemente accelerata dalla pandemia di coronavirus, ha radicalmente cambiato il nostro modo di lavorare. Le PMI possono trarre molti vantaggi dall&#8217;accettare questi cambiamenti e affrontarli attivamente.<\/p>\n\n\n\n<h2 class=\"wp-block-heading\">Quali opportunit\u00e0 e quali rischi comporta la trasformazione digitale per le PMI?<\/h2>\n\n\n\n<p>La trasformazione digitale, come qualsiasi cambiamento, comporta sia opportunit\u00e0 sia rischi. La digitalizzazione e la trasformazione digitale hanno creato nuove opportunit\u00e0 di business. Queste includono, per esempio, tutti i cosiddetti modelli di sottoscrizione (auto, software, ecc.), i modelli peer-to-peer (piattaforme come ricardo.ch o piattaforme di noleggio come sharely.ch) o ancora i modelli freemium, in cui la versione di base di un certo prodotto \u00e8 disponibile gratuitamente o a prezzi molto bassi ma occorre pagare per disporre di servizi aggiuntivi. Un ulteriore vantaggio della trasformazione digitale, \u00e8 costituito dalla maggiore efficacia ed efficienza. Dopo la pandemia di coronavirus, si sono altres\u00ec affermati nuovi modi di lavorare &#8211; come l&#8217;home office o l&#8217;orario flessibile. Studi e ricerche attuali mostrano tuttavia come ci\u00f2 comporti grandi sfide per le PMI, soprattutto in termini di sicurezza informatica. Infine, la trasformazione digitale implica la messa in discussione della strategia e della cultura aziendale cos\u00ec come di altri principi imprenditoriali da lungo tempo consolidati. Allo stesso tempo, digitalizzazione e automazione stanno rendendo superflui diversi posti di lavoro, mentre aumenta il fabbisogno di competenze digitali e trasversali.<\/p>\n\n\n\n<h2 class=\"wp-block-heading\">Campi d&#8217;azione per le PMI<\/h2>\n\n\n\n<p>Digitalizzazione e trasformazione digitale aprono alle PMI una serie di campi d&#8217;azione &#8211; che comportano al contempo sia opportunit\u00e0 sia sfide.<\/p>\n\n\n\n<h3 class=\"wp-block-heading\">Nuovi prodotti e servizi<\/h3>\n\n\n\n<p>Le PMI hanno sempre costantemente sviluppato i propri prodotti e servizi. Con la trasformazione digitale, tuttavia, ci\u00f2 che appariva prima consolidato \u00e8 oggi messo in discussione &#8211; e saper pensare a prodotti e servizi del tutto nuovi diventa indispensabile.<\/p>\n\n\n\n<h3 class=\"wp-block-heading\">Orientamento al cliente<\/h3>\n\n\n\n<p>La centralit\u00e0 del cliente \u00e8 oggi il punto di partenza di ogni strategia aziendale vincente. L&#8217;attenzione deve cio\u00e8 essere rivolta prima di tutto al cliente (visione verso l&#8217;esterno) e non all&#8217;azienda (visione verso l&#8217;interno). L&#8217;obiettivo consiste nel rivolgersi ai potenziali clienti al momento giusto, attraverso il canale giusto e con il prodotto giusto.<\/p>\n\n\n\n<h3 class=\"wp-block-heading\">Tecnologia<\/h3>\n\n\n\n<p>Per raggiungere questo obiettivo, le PMI pi\u00f9 innovative investono oggi in piattaforme tecnologiche o in app. Una moderna infrastruttura informatica pu\u00f2 infatti aprire molte porte, e i dati possono costituire una miniera d&#8217;oro. Aggiornare la propria tecnologia consente un migliore controllo della centralit\u00e0 del cliente e una migliore elaborazione dei dati grazie a processi di analisi intelligenti (SmartData). Gli investimenti nel cloud e nelle soluzioni basate sul web dovrebbero essere in cima alla lista delle priorit\u00e0 delle moderne PMI.<\/p>\n\n\n\n<h3 class=\"wp-block-heading\">Strategie<\/h3>\n\n\n\n<p>Grazie al collegamento in rete delle applicazioni, \u00e8 oggi possibile prendere decisioni strategiche in tempo reale. Ci\u00f2 si traduce di solito anche in nuove strategie e nuovi modelli di business &#8211; sempre con l&#8217;obiettivo di digitalizzare la catena del valore e di fornire nuovi servizi.<\/p>\n\n\n\n<h3 class=\"wp-block-heading\">Cultura d&#8217;impresa<\/h3>\n\n\n\n<p>Questi cambiamenti modificano altres\u00ec la cultura d&#8217;impresa e il modo di lavorare all&#8217;interno di una PMI. Nuovi approcci alla leadership e allo sviluppo della cultura aziendale sono a riguardo determinanti. A loro volta, tali adeguamenti consentono di ottimizzare processi di lavoro e automazioni.<\/p>\n\n\n\n<h3 class=\"wp-block-heading\">Capacit\u00e0 di innovazione <\/h3>\n\n\n\n<p>Aumentando produttivit\u00e0 e capacit\u00e0 di innovazione si liberano risorse &#8211; per esempio per trovare nuovi clienti avvicinandoli nei loro ambienti di lavoro quotidiano: sulle piattaforme online, sui social media e attraverso i vari canali di comunicazione digitale.<\/p>\n<\/div>\n","protected":false},"excerpt":{"rendered":"<p>Digitalizzazione e trasformazione digitale nelle PMI Digitalizzazione e trasformazione digitale sono oggi sulla bocca di tutti, eppure questi temi risultano [&hellip;]<\/p>\n","protected":false},"author":4,"featured_media":0,"parent":543,"menu_order":0,"comment_status":"closed","ping_status":"closed","template":"","meta":{"_acf_changed":false,"inline_featured_image":false,"footnotes":""},"class_list":["post-544","page","type-page","status-publish","hentry"],"acf":[],"yoast_head":"<!-- This site is optimized with the Yoast SEO plugin v27.3 - https:\/\/yoast.com\/product\/yoast-seo-wordpress\/ -->\n<title>Digitalizzazione e trasformazione digitale - Weiterbildung in KMU<\/title>\n<meta name=\"description\" content=\"La trasformazione digitale descrive un processo di profondo cambiamento nell&#039;economia e nella societ\u00e0. Rischi e opportunit\u00e0.\" \/>\n<meta name=\"robots\" content=\"index, follow, max-snippet:-1, max-image-preview:large, max-video-preview:-1\" \/>\n<link rel=\"canonical\" href=\"https:\/\/weiterbildung-in-kmu.ch\/it\/necessita-di-competenza\/digitalizzazione-e-trasformazione-digitale\/\" \/>\n<meta property=\"og:locale\" content=\"it_IT\" \/>\n<meta property=\"og:type\" content=\"article\" \/>\n<meta property=\"og:title\" content=\"Digitalizzazione e trasformazione digitale - Weiterbildung in KMU\" \/>\n<meta property=\"og:description\" content=\"La trasformazione digitale descrive un processo di profondo cambiamento nell&#039;economia e nella societ\u00e0. Rischi e opportunit\u00e0.\" \/>\n<meta property=\"og:url\" content=\"https:\/\/weiterbildung-in-kmu.ch\/it\/necessita-di-competenza\/digitalizzazione-e-trasformazione-digitale\/\" \/>\n<meta property=\"og:site_name\" content=\"Weiterbildung in KMU\" \/>\n<meta property=\"article:modified_time\" content=\"2023-12-15T14:10:28+00:00\" \/>\n<meta property=\"og:image\" content=\"https:\/\/weiterbildung-in-kmu.ch\/app\/uploads\/sites\/2\/2023\/03\/SVEB_Schriftzug_KMU_D-500px.png\" \/>\n\t<meta property=\"og:image:width\" content=\"500\" \/>\n\t<meta property=\"og:image:height\" content=\"164\" \/>\n\t<meta property=\"og:image:type\" content=\"image\/png\" \/>\n<meta name=\"twitter:card\" content=\"summary_large_image\" \/>\n<meta name=\"twitter:label1\" content=\"Tempo di lettura stimato\" \/>\n\t<meta name=\"twitter:data1\" content=\"5 minuti\" \/>\n<script type=\"application\/ld+json\" class=\"yoast-schema-graph\">{\"@context\":\"https:\\\/\\\/schema.org\",\"@graph\":[{\"@type\":\"WebPage\",\"@id\":\"https:\\\/\\\/weiterbildung-in-kmu.ch\\\/it\\\/necessita-di-competenza\\\/digitalizzazione-e-trasformazione-digitale\\\/\",\"url\":\"https:\\\/\\\/weiterbildung-in-kmu.ch\\\/it\\\/necessita-di-competenza\\\/digitalizzazione-e-trasformazione-digitale\\\/\",\"name\":\"Digitalizzazione e trasformazione digitale - Weiterbildung in KMU\",\"isPartOf\":{\"@id\":\"https:\\\/\\\/weiterbildung-in-kmu.ch\\\/it\\\/#website\"},\"datePublished\":\"2023-01-13T07:04:44+00:00\",\"dateModified\":\"2023-12-15T14:10:28+00:00\",\"description\":\"La trasformazione digitale descrive un processo di profondo cambiamento nell'economia e nella societ\u00e0. Rischi e opportunit\u00e0.\",\"breadcrumb\":{\"@id\":\"https:\\\/\\\/weiterbildung-in-kmu.ch\\\/it\\\/necessita-di-competenza\\\/digitalizzazione-e-trasformazione-digitale\\\/#breadcrumb\"},\"inLanguage\":\"it-IT\",\"potentialAction\":[{\"@type\":\"ReadAction\",\"target\":[\"https:\\\/\\\/weiterbildung-in-kmu.ch\\\/it\\\/necessita-di-competenza\\\/digitalizzazione-e-trasformazione-digitale\\\/\"]}]},{\"@type\":\"BreadcrumbList\",\"@id\":\"https:\\\/\\\/weiterbildung-in-kmu.ch\\\/it\\\/necessita-di-competenza\\\/digitalizzazione-e-trasformazione-digitale\\\/#breadcrumb\",\"itemListElement\":[{\"@type\":\"ListItem\",\"position\":1,\"name\":\"Pagina iniziale\",\"item\":\"https:\\\/\\\/weiterbildung-in-kmu.ch\\\/it\\\/\"},{\"@type\":\"ListItem\",\"position\":2,\"name\":\"Necessit\u00e0 di competenza\",\"item\":\"https:\\\/\\\/weiterbildung-in-kmu.ch\\\/it\\\/necessita-di-competenza\\\/\"},{\"@type\":\"ListItem\",\"position\":3,\"name\":\"Digitalizzazione e trasformazione digitale\"}]},{\"@type\":\"WebSite\",\"@id\":\"https:\\\/\\\/weiterbildung-in-kmu.ch\\\/it\\\/#website\",\"url\":\"https:\\\/\\\/weiterbildung-in-kmu.ch\\\/it\\\/\",\"name\":\"Weiterbildung in KMU\",\"description\":\"\",\"publisher\":{\"@id\":\"https:\\\/\\\/weiterbildung-in-kmu.ch\\\/it\\\/#organization\"},\"alternateName\":\"Weiterbildung in kleinen und mittleren Unternehmen\",\"potentialAction\":[{\"@type\":\"SearchAction\",\"target\":{\"@type\":\"EntryPoint\",\"urlTemplate\":\"https:\\\/\\\/weiterbildung-in-kmu.ch\\\/it\\\/?s={search_term_string}\"},\"query-input\":{\"@type\":\"PropertyValueSpecification\",\"valueRequired\":true,\"valueName\":\"search_term_string\"}}],\"inLanguage\":\"it-IT\"},{\"@type\":\"Organization\",\"@id\":\"https:\\\/\\\/weiterbildung-in-kmu.ch\\\/it\\\/#organization\",\"name\":\"SVEB \u2013 Weiterbildung in KMU\",\"alternateName\":\"Weiterbildung in KMU\",\"url\":\"https:\\\/\\\/weiterbildung-in-kmu.ch\\\/it\\\/\",\"logo\":{\"@type\":\"ImageObject\",\"inLanguage\":\"it-IT\",\"@id\":\"https:\\\/\\\/weiterbildung-in-kmu.ch\\\/it\\\/#\\\/schema\\\/logo\\\/image\\\/\",\"url\":\"https:\\\/\\\/weiterbildung-in-kmu.ch\\\/app\\\/uploads\\\/sites\\\/2\\\/2023\\\/03\\\/SVEB_Schriftzug_KMU_D-500px.png\",\"contentUrl\":\"https:\\\/\\\/weiterbildung-in-kmu.ch\\\/app\\\/uploads\\\/sites\\\/2\\\/2023\\\/03\\\/SVEB_Schriftzug_KMU_D-500px.png\",\"width\":500,\"height\":164,\"caption\":\"SVEB \u2013 Weiterbildung in KMU\"},\"image\":{\"@id\":\"https:\\\/\\\/weiterbildung-in-kmu.ch\\\/it\\\/#\\\/schema\\\/logo\\\/image\\\/\"}}]}<\/script>\n<!-- \/ Yoast SEO plugin. -->","yoast_head_json":{"title":"Digitalizzazione e trasformazione digitale - Weiterbildung in KMU","description":"La trasformazione digitale descrive un processo di profondo cambiamento nell'economia e nella societ\u00e0. Rischi e opportunit\u00e0.","robots":{"index":"index","follow":"follow","max-snippet":"max-snippet:-1","max-image-preview":"max-image-preview:large","max-video-preview":"max-video-preview:-1"},"canonical":"https:\/\/weiterbildung-in-kmu.ch\/it\/necessita-di-competenza\/digitalizzazione-e-trasformazione-digitale\/","og_locale":"it_IT","og_type":"article","og_title":"Digitalizzazione e trasformazione digitale - Weiterbildung in KMU","og_description":"La trasformazione digitale descrive un processo di profondo cambiamento nell'economia e nella societ\u00e0. Rischi e opportunit\u00e0.","og_url":"https:\/\/weiterbildung-in-kmu.ch\/it\/necessita-di-competenza\/digitalizzazione-e-trasformazione-digitale\/","og_site_name":"Weiterbildung in KMU","article_modified_time":"2023-12-15T14:10:28+00:00","og_image":[{"width":500,"height":164,"url":"https:\/\/weiterbildung-in-kmu.ch\/app\/uploads\/sites\/2\/2023\/03\/SVEB_Schriftzug_KMU_D-500px.png","type":"image\/png"}],"twitter_card":"summary_large_image","twitter_misc":{"Tempo di lettura stimato":"5 minuti"},"schema":{"@context":"https:\/\/schema.org","@graph":[{"@type":"WebPage","@id":"https:\/\/weiterbildung-in-kmu.ch\/it\/necessita-di-competenza\/digitalizzazione-e-trasformazione-digitale\/","url":"https:\/\/weiterbildung-in-kmu.ch\/it\/necessita-di-competenza\/digitalizzazione-e-trasformazione-digitale\/","name":"Digitalizzazione e trasformazione digitale - Weiterbildung in KMU","isPartOf":{"@id":"https:\/\/weiterbildung-in-kmu.ch\/it\/#website"},"datePublished":"2023-01-13T07:04:44+00:00","dateModified":"2023-12-15T14:10:28+00:00","description":"La trasformazione digitale descrive un processo di profondo cambiamento nell'economia e nella societ\u00e0. Rischi e opportunit\u00e0.","breadcrumb":{"@id":"https:\/\/weiterbildung-in-kmu.ch\/it\/necessita-di-competenza\/digitalizzazione-e-trasformazione-digitale\/#breadcrumb"},"inLanguage":"it-IT","potentialAction":[{"@type":"ReadAction","target":["https:\/\/weiterbildung-in-kmu.ch\/it\/necessita-di-competenza\/digitalizzazione-e-trasformazione-digitale\/"]}]},{"@type":"BreadcrumbList","@id":"https:\/\/weiterbildung-in-kmu.ch\/it\/necessita-di-competenza\/digitalizzazione-e-trasformazione-digitale\/#breadcrumb","itemListElement":[{"@type":"ListItem","position":1,"name":"Pagina iniziale","item":"https:\/\/weiterbildung-in-kmu.ch\/it\/"},{"@type":"ListItem","position":2,"name":"Necessit\u00e0 di competenza","item":"https:\/\/weiterbildung-in-kmu.ch\/it\/necessita-di-competenza\/"},{"@type":"ListItem","position":3,"name":"Digitalizzazione e trasformazione digitale"}]},{"@type":"WebSite","@id":"https:\/\/weiterbildung-in-kmu.ch\/it\/#website","url":"https:\/\/weiterbildung-in-kmu.ch\/it\/","name":"Weiterbildung in KMU","description":"","publisher":{"@id":"https:\/\/weiterbildung-in-kmu.ch\/it\/#organization"},"alternateName":"Weiterbildung in kleinen und mittleren Unternehmen","potentialAction":[{"@type":"SearchAction","target":{"@type":"EntryPoint","urlTemplate":"https:\/\/weiterbildung-in-kmu.ch\/it\/?s={search_term_string}"},"query-input":{"@type":"PropertyValueSpecification","valueRequired":true,"valueName":"search_term_string"}}],"inLanguage":"it-IT"},{"@type":"Organization","@id":"https:\/\/weiterbildung-in-kmu.ch\/it\/#organization","name":"SVEB \u2013 Weiterbildung in KMU","alternateName":"Weiterbildung in KMU","url":"https:\/\/weiterbildung-in-kmu.ch\/it\/","logo":{"@type":"ImageObject","inLanguage":"it-IT","@id":"https:\/\/weiterbildung-in-kmu.ch\/it\/#\/schema\/logo\/image\/","url":"https:\/\/weiterbildung-in-kmu.ch\/app\/uploads\/sites\/2\/2023\/03\/SVEB_Schriftzug_KMU_D-500px.png","contentUrl":"https:\/\/weiterbildung-in-kmu.ch\/app\/uploads\/sites\/2\/2023\/03\/SVEB_Schriftzug_KMU_D-500px.png","width":500,"height":164,"caption":"SVEB \u2013 Weiterbildung in KMU"},"image":{"@id":"https:\/\/weiterbildung-in-kmu.ch\/it\/#\/schema\/logo\/image\/"}}]}},"_links":{"self":[{"href":"https:\/\/weiterbildung-in-kmu.ch\/it\/wp-json\/wp\/v2\/pages\/544","targetHints":{"allow":["GET"]}}],"collection":[{"href":"https:\/\/weiterbildung-in-kmu.ch\/it\/wp-json\/wp\/v2\/pages"}],"about":[{"href":"https:\/\/weiterbildung-in-kmu.ch\/it\/wp-json\/wp\/v2\/types\/page"}],"author":[{"embeddable":true,"href":"https:\/\/weiterbildung-in-kmu.ch\/it\/wp-json\/wp\/v2\/users\/4"}],"replies":[{"embeddable":true,"href":"https:\/\/weiterbildung-in-kmu.ch\/it\/wp-json\/wp\/v2\/comments?post=544"}],"version-history":[{"count":7,"href":"https:\/\/weiterbildung-in-kmu.ch\/it\/wp-json\/wp\/v2\/pages\/544\/revisions"}],"predecessor-version":[{"id":2337,"href":"https:\/\/weiterbildung-in-kmu.ch\/it\/wp-json\/wp\/v2\/pages\/544\/revisions\/2337"}],"up":[{"embeddable":true,"href":"https:\/\/weiterbildung-in-kmu.ch\/it\/wp-json\/wp\/v2\/pages\/543"}],"wp:attachment":[{"href":"https:\/\/weiterbildung-in-kmu.ch\/it\/wp-json\/wp\/v2\/media?parent=544"}],"curies":[{"name":"wp","href":"https:\/\/api.w.org\/{rel}","templated":true}]}}