{"id":543,"date":"2023-01-13T08:02:49","date_gmt":"2023-01-13T07:02:49","guid":{"rendered":"https:\/\/weiterbildung-in-kmu.alice.ch\/?page_id=543"},"modified":"2023-12-15T14:11:45","modified_gmt":"2023-12-15T13:11:45","slug":"necessita-di-competenza","status":"publish","type":"page","link":"https:\/\/weiterbildung-in-kmu.ch\/it\/necessita-di-competenza\/","title":{"rendered":"Necessit\u00e0 di competenza"},"content":{"rendered":"\n<div class=\"wp-block-group is-style-reduced-width is-layout-constrained wp-block-group-is-layout-constrained\">\n<h1 class=\"wp-block-heading\">Nuovi fabbisogni di conoscenza e di competenze nel mondo del lavoro 4.0<\/h1>\n\n\n\n<p class=\"is-style-lead\">Il termine &#8220;Mondo del lavoro 4.0&#8221; viene utilizzato per descrivere i rapidi cambiamenti oggi in atto nelle forme e nelle condizioni di lavoro. Esso \u00e8 stato coniato nel contesto della quarta rivoluzione industriale, in corso dagli anni &#8217;90 a seguito dell&#8217;informatizzazione, della messa in rete e della globalizzazione dell&#8217;economia. Pi\u00f9 di ogni altra cosa, a caratterizzare il mondo del lavoro 4.0 \u00e8 il fenomeno della digitalizzazione <\/p>\n\n\n\n<figure class=\"wp-block-image size-full is-style-no-border\"><img decoding=\"async\" width=\"950\" height=\"400\" src=\"https:\/\/weiterbildung-in-kmu.ch\/app\/uploads\/sites\/2\/2023\/02\/Kompetenzbedarf-detail-1.png\" alt=\"\" class=\"wp-image-1542\" srcset=\"https:\/\/weiterbildung-in-kmu.ch\/app\/uploads\/sites\/2\/2023\/02\/Kompetenzbedarf-detail-1.png 950w, https:\/\/weiterbildung-in-kmu.ch\/app\/uploads\/sites\/2\/2023\/02\/Kompetenzbedarf-detail-1-300x126.png 300w, https:\/\/weiterbildung-in-kmu.ch\/app\/uploads\/sites\/2\/2023\/02\/Kompetenzbedarf-detail-1-768x323.png 768w\" sizes=\"(max-width: 950px) 100vw, 950px\" \/><\/figure>\n\n\n\n<p><\/p>\n\n\n\n<p class=\"is-style-default\">Nell&#8217;era digitale, l&#8217;importanza delle conoscenze e il modo in cui le gestiamo stanno velocemente cambiando \u2013 cos\u00ec come le aspettative sulle capacit\u00e0 di apprendimento e sulle competenze delle persone. Anche le PMI devono affrontare questo tema se vogliono avere successo in futuro.<\/p>\n\n\n\n<p class=\"is-style-default\">Oltre alle rivoluzioni tecnologiche e alle moderne condizioni di lavoro, un problema essenziale \u00e8 costituito dalla carenza di personale qualificato. Nel mondo del lavoro 4.0 un ruolo fondamentale \u00e8 infatti svolto anche dalle persone. Le sfide e i cambiamenti attuali pongono in primo piano il mutato fabbisogno di competenze e sottolineano la necessit\u00e0 di continuare ad apprendere durante l&#8217;intero arco della vita.<\/p>\n\n\n\n<h2 class=\"wp-block-heading\">Perch\u00e9 le PMI hanno bisogno di formazione?<\/h2>\n\n\n\n<p>Nuove tecnologie, esigenze dei clienti in continua evoluzione, modelli di business innovativi da parte di nuovi operatori: tutto ci\u00f2 rappresenta una sfida per le PMI svizzere. Tuttavia, i cambiamenti portano con s\u00e9 anche numerose opportunit\u00e0. Per questo, le PMI devono oggi pi\u00f9 che mai promuovere la crescita dei propri collaboratori \u2013 trattenendo in tal modo presso di s\u00e9 persone di talento e affidabili. Le eventuali lacune di competenze devono essere identificate in modo proattivo, i collaboratori devono essere sostenuti nei loro percorsi formativi in modo personalizzato e le competenze mancanti devono eventualmente essere costruite internamente all&#8217;azienda. Il trasferimento di conoscenze pu\u00f2 assumere diverse forme: all&#8217;interno oppure all&#8217;esterno, come apprendimento informale sul posto di lavoro, sotto forma di formazione virtuale oppure ancora tramite seminari o corsi formali. In caso di formazioni esterne, le PMI possono beneficiare del know-how pratico di cui dispongono moderni enti di formazione \u2013 approfittando in particolare del fatto che i collaboratori potranno riportare le conoscenze acquisite direttamente in azienda, condividerle con i colleghi e impiegarle nel loro lavoro quotidiano.<\/p>\n\n\n\n<div class=\"wp-block-buttons is-style-three-column-buttons is-layout-flex wp-block-buttons-is-layout-flex\" id=\"js-quicklinks\">\n<div class=\"wp-block-button has-custom-font-size is-style-outline has-medium-font-size is-style-outline--1\"><a class=\"wp-block-button__link wp-element-button\" href=\"https:\/\/weiterbildung-in-kmu.ch\/it\/cultura-dellapprendimento\/\">Cultura dell&#8217;apprendimento<\/a><\/div>\n\n\n\n<div class=\"wp-block-button has-custom-font-size is-style-outline has-medium-font-size is-style-outline--2\"><a class=\"wp-block-button__link wp-element-button\" href=\"https:\/\/weiterbildung-in-kmu.ch\/it\/forme-dapprendimento\/\">Forme d\u2019apprendimento<\/a><\/div>\n<\/div>\n<\/div>\n\n\n\n<div style=\"height:20px\" aria-hidden=\"true\" class=\"wp-block-spacer\"><\/div>\n\n\n\n<div class=\"wp-block-group is-style-reduced-width is-layout-constrained wp-block-group-is-layout-constrained\">\n<h2 class=\"wp-block-heading\">Davanti a quali sfide si trovano oggi le PMI?<\/h2>\n\n\n\n<p>Molte PMI devono oggi affrontare numerose sfide. Diverse fonti indicano diversi punti a riguardo. Fra le altre:<\/p>\n\n\n\n<ul class=\"wp-block-list\">\n<li><a href=\"https:\/\/weiterbildung-in-kmu.ch\/it\/kompetenzbedarf\/digitale-transformation\/\">Digitalizzazione e trasformazione digitale<\/a><\/li>\n\n\n\n<li><a href=\"https:\/\/weiterbildung-in-kmu.ch\/it\/kompetenzbedarf\/fachkraeftemangel\/\">Carenza di personale qualificato<\/a><\/li>\n\n\n\n<li>Disponibilit\u00e0 al cambiamento<\/li>\n\n\n\n<li>Cambiamenti strategici e culturali dell&#8217;impresa<\/li>\n\n\n\n<li>Trasferimento di conoscenze<\/li>\n\n\n\n<li>Cambiamento dei requisiti di comunicazione \/ centralit\u00e0 del cliente<\/li>\n\n\n\n<li>Vincoli di budget e pressione sui costi<\/li>\n\n\n\n<li>Ostacoli tecnici e divario digitale<\/li>\n\n\n\n<li>Priorit\u00e0<\/li>\n\n\n\n<li>Sostenibilit\u00e0<\/li>\n<\/ul>\n\n\n\n<p>Di conseguenza, l&#8217;apprendimento permanente \u00e8 essenziale per le PMI affinch\u00e9 siano preparate alle sfide del futuro.<\/p>\n\n\n\n<h3 class=\"wp-block-heading\">Maggiori informazioni<\/h3>\n\n\n\n<div class=\"wp-block-buttons is-layout-flex wp-block-buttons-is-layout-flex\">\n<div class=\"wp-block-button has-custom-font-size is-style-minimal has-medium-font-size\"><a class=\"wp-block-button__link wp-element-button\" href=\"https:\/\/www.salesforce.com\/de\/blog\/2022\/01\/studie-zu-kmu-trends-das-koennen-unternehmen-in-2022-erwarten.html\" target=\"_blank\" rel=\"noreferrer noopener\">Zeit nach der Pandemie: KMU-Trends f\u00fcr 2022 \u2013 Salesforce Blog (in tedesco)<\/a><\/div>\n\n\n\n<div class=\"wp-block-button has-custom-font-size is-style-minimal has-medium-font-size\"><a class=\"wp-block-button__link wp-element-button\" href=\"https:\/\/www.ioz.ch\/blog\/aktuelle-management-herausforderungen-bei-unternehmen\/\" target=\"_blank\" rel=\"noreferrer noopener\">Aktuelle Management-Herausforderungen bei Unternehmen (in tedesco)<\/a><\/div>\n\n\n\n<div class=\"wp-block-button has-custom-width wp-block-button__width-100 has-custom-font-size is-style-minimal has-medium-font-size\"><a class=\"wp-block-button__link wp-element-button\" href=\"https:\/\/ateliergolive.ch\/digitalisierung-bei-kmu-und-deren-herausforderungen\/\" target=\"_blank\" rel=\"noreferrer noopener\">Digitalisierung bei KMU und deren Herausforderungen (in tedesco)&nbsp;<\/a><\/div>\n\n\n\n<div class=\"wp-block-button has-custom-font-size is-style-minimal has-medium-font-size\"><a class=\"wp-block-button__link wp-element-button\" href=\"https:\/\/gdi.ch\/publikationen\/studien\/future-skills-pdf-2020-d?gclid=EAIaIQobChMI8Ym7zo-7_QIVR-h3Ch1NYgKYEAAYASAAEgKA2PD_BwE#attr=\" target=\"_blank\" rel=\"noreferrer noopener\">Studio GDI sulle &#8220;Future Skills&#8221; (in tedesco)&nbsp;<\/a><\/div>\n<\/div>\n<\/div>\n\n\n\n<div style=\"height:20px\" aria-hidden=\"true\" class=\"wp-block-spacer\"><\/div>\n\n\n\n<div class=\"wp-block-group is-style-reduced-width is-layout-constrained wp-block-group-is-layout-constrained\">\n<h2 class=\"wp-block-heading\">Quali sono le sfide in materia di competenze di base?<\/h2>\n\n\n\n<p>Le richieste poste ai collaboratori sul posto di lavoro sono in aumento, anche e soprattutto in seguito al fenomeno della digitalizzazione. Ci\u00f2 riguarda in particolare quelle persone che hanno problemi con competenze di base quali lettura, scrittura, calcolo, semplici applicazioni informatiche ed espressione orale. Queste persone sono spesso &#8220;dimenticate&#8221; nella formazione aziendale &#8211; oppure non osano esprimere il loro interesse verso una formazione.<\/p>\n\n\n\n<p>Promuovere le competenze di base direttamente sul posto di lavoro pu\u00f2 essere un primo passo per contrastare la carenza di personale qualificato. I corsi orientati alla pratica consentono di riconoscere il potenziale dei propri collaboratori e di promuoverli sistematicamente, accompagnandoli nel migliore dei casi fino al conseguimento di un titolo di formazione professionale per adulti.<\/p>\n\n\n\n<div class=\"wp-block-buttons is-style-three-column-buttons is-layout-flex wp-block-buttons-is-layout-flex\" id=\"js-quicklinks\">\n<div class=\"wp-block-button has-custom-font-size is-style-outline has-medium-font-size is-style-outline--3\"><a class=\"wp-block-button__link wp-element-button\" href=\"https:\/\/weiterbildung-in-kmu.ch\/it\/necessita-di-competenza\/competenze-di-base\/\">Competenze di base<\/a><\/div>\n<\/div>\n\n\n\n<div style=\"height:20px\" aria-hidden=\"true\" class=\"wp-block-spacer\"><\/div>\n\n\n\n<h2 class=\"wp-block-heading\">Quali conoscenze e competenze saranno richieste in futuro?<\/h2>\n\n\n\n<p>Se si vuole essere preparati per il futuro, non bastano le sole competenze specialistiche. Solide conoscenze tecniche sono s\u00ec importanti &#8211; ma in futuro non saranno pi\u00f9 sufficienti. In tempi di bassa disoccupazione e di attenzione all&#8217;ottimizzazione dei processi interni, questo aspetto potrebbe non sembrare cos\u00ec urgente. Tuttavia, le PMI agili sono gi\u00e0 alla ricerca di collaboratori in grado di ottenere i migliori risultati in condizioni complesse. Nelle offerte di lavoro sono sempre pi\u00f9 spesso menzionate abilit\u00e0 e capacit\u00e0 che vanno oltre le competenze tecniche &#8211; quali flessibilit\u00e0, resilienza, senso di responsabilit\u00e0, determinazione e capacit\u00e0 di lavorare in gruppo. A seconda del settore, anche la creativit\u00e0, la capacit\u00e0 di risolvere problemi e prendere decisioni nonch\u00e9 l&#8217;intelligenza emotiva stanno acquisendo sempre pi\u00f9 rilievo (cfr. <a href=\"https:\/\/gdi.ch\/publikationen\/studien\/future-skills-pdf-2020-e?page=2#attr=\" target=\"_blank\" rel=\"noreferrer noopener\">Studio GDI sulle Future Skills 2020<\/a>).<\/p>\n\n\n\n<div class=\"wp-block-buttons is-style-three-column-buttons is-layout-flex wp-block-buttons-is-layout-flex\" id=\"js-quicklinks\">\n<div class=\"wp-block-button has-custom-font-size is-style-outline has-medium-font-size is-style-outline--4\"><a class=\"wp-block-button__link wp-element-button\" href=\"https:\/\/weiterbildung-in-kmu.ch\/it\/necessita-di-competenza\/future-skills\/\">Future Skills<\/a><\/div>\n<\/div>\n<\/div>\n","protected":false},"excerpt":{"rendered":"<p>Nuovi fabbisogni di conoscenza e di competenze nel mondo del lavoro 4.0 Il termine &#8220;Mondo del lavoro 4.0&#8221; viene utilizzato [&hellip;]<\/p>\n","protected":false},"author":4,"featured_media":0,"parent":0,"menu_order":0,"comment_status":"closed","ping_status":"closed","template":"","meta":{"_acf_changed":false,"inline_featured_image":false,"footnotes":""},"class_list":["post-543","page","type-page","status-publish","hentry"],"acf":[],"yoast_head":"<!-- This site is optimized with the Yoast SEO plugin v27.3 - https:\/\/yoast.com\/product\/yoast-seo-wordpress\/ -->\n<title>Necessit\u00e0 di competenza - Weiterbildung in KMU<\/title>\n<meta name=\"description\" content=\"Il mondo del lavoro 4.0 richiede competenze aggiuntive e apprendimento continuo per stare al passo con il cambiamento.\" \/>\n<meta name=\"robots\" content=\"index, follow, max-snippet:-1, max-image-preview:large, max-video-preview:-1\" \/>\n<link rel=\"canonical\" href=\"https:\/\/weiterbildung-in-kmu.ch\/it\/necessita-di-competenza\/\" \/>\n<meta property=\"og:locale\" content=\"it_IT\" \/>\n<meta property=\"og:type\" content=\"article\" \/>\n<meta property=\"og:title\" content=\"Necessit\u00e0 di competenza - Weiterbildung in KMU\" \/>\n<meta property=\"og:description\" content=\"Il mondo del lavoro 4.0 richiede competenze aggiuntive e apprendimento continuo per stare al passo con il cambiamento.\" \/>\n<meta property=\"og:url\" content=\"https:\/\/weiterbildung-in-kmu.ch\/it\/necessita-di-competenza\/\" \/>\n<meta property=\"og:site_name\" content=\"Weiterbildung in KMU\" \/>\n<meta property=\"article:modified_time\" content=\"2023-12-15T13:11:45+00:00\" \/>\n<meta property=\"og:image\" content=\"https:\/\/weiterbildung-in-kmu.ch\/app\/uploads\/sites\/2\/2023\/02\/Kompetenzbedarf-detail-1.png\" \/>\n<meta name=\"twitter:card\" content=\"summary_large_image\" \/>\n<meta name=\"twitter:label1\" content=\"Tempo di lettura stimato\" \/>\n\t<meta name=\"twitter:data1\" content=\"5 minuti\" \/>\n<script type=\"application\/ld+json\" class=\"yoast-schema-graph\">{\"@context\":\"https:\\\/\\\/schema.org\",\"@graph\":[{\"@type\":\"WebPage\",\"@id\":\"https:\\\/\\\/weiterbildung-in-kmu.ch\\\/it\\\/necessita-di-competenza\\\/\",\"url\":\"https:\\\/\\\/weiterbildung-in-kmu.ch\\\/it\\\/necessita-di-competenza\\\/\",\"name\":\"Necessit\u00e0 di competenza - Weiterbildung in KMU\",\"isPartOf\":{\"@id\":\"https:\\\/\\\/weiterbildung-in-kmu.ch\\\/it\\\/#website\"},\"primaryImageOfPage\":{\"@id\":\"https:\\\/\\\/weiterbildung-in-kmu.ch\\\/it\\\/necessita-di-competenza\\\/#primaryimage\"},\"image\":{\"@id\":\"https:\\\/\\\/weiterbildung-in-kmu.ch\\\/it\\\/necessita-di-competenza\\\/#primaryimage\"},\"thumbnailUrl\":\"https:\\\/\\\/weiterbildung-in-kmu.ch\\\/app\\\/uploads\\\/sites\\\/2\\\/2023\\\/02\\\/Kompetenzbedarf-detail-1.png\",\"datePublished\":\"2023-01-13T07:02:49+00:00\",\"dateModified\":\"2023-12-15T13:11:45+00:00\",\"description\":\"Il mondo del lavoro 4.0 richiede competenze aggiuntive e apprendimento continuo per stare al passo con il cambiamento.\",\"breadcrumb\":{\"@id\":\"https:\\\/\\\/weiterbildung-in-kmu.ch\\\/it\\\/necessita-di-competenza\\\/#breadcrumb\"},\"inLanguage\":\"it-IT\",\"potentialAction\":[{\"@type\":\"ReadAction\",\"target\":[\"https:\\\/\\\/weiterbildung-in-kmu.ch\\\/it\\\/necessita-di-competenza\\\/\"]}]},{\"@type\":\"ImageObject\",\"inLanguage\":\"it-IT\",\"@id\":\"https:\\\/\\\/weiterbildung-in-kmu.ch\\\/it\\\/necessita-di-competenza\\\/#primaryimage\",\"url\":\"https:\\\/\\\/weiterbildung-in-kmu.ch\\\/app\\\/uploads\\\/sites\\\/2\\\/2023\\\/02\\\/Kompetenzbedarf-detail-1.png\",\"contentUrl\":\"https:\\\/\\\/weiterbildung-in-kmu.ch\\\/app\\\/uploads\\\/sites\\\/2\\\/2023\\\/02\\\/Kompetenzbedarf-detail-1.png\"},{\"@type\":\"BreadcrumbList\",\"@id\":\"https:\\\/\\\/weiterbildung-in-kmu.ch\\\/it\\\/necessita-di-competenza\\\/#breadcrumb\",\"itemListElement\":[{\"@type\":\"ListItem\",\"position\":1,\"name\":\"Pagina iniziale\",\"item\":\"https:\\\/\\\/weiterbildung-in-kmu.ch\\\/it\\\/\"},{\"@type\":\"ListItem\",\"position\":2,\"name\":\"Necessit\u00e0 di competenza\"}]},{\"@type\":\"WebSite\",\"@id\":\"https:\\\/\\\/weiterbildung-in-kmu.ch\\\/it\\\/#website\",\"url\":\"https:\\\/\\\/weiterbildung-in-kmu.ch\\\/it\\\/\",\"name\":\"Weiterbildung in KMU\",\"description\":\"\",\"publisher\":{\"@id\":\"https:\\\/\\\/weiterbildung-in-kmu.ch\\\/it\\\/#organization\"},\"alternateName\":\"Weiterbildung in kleinen und mittleren Unternehmen\",\"potentialAction\":[{\"@type\":\"SearchAction\",\"target\":{\"@type\":\"EntryPoint\",\"urlTemplate\":\"https:\\\/\\\/weiterbildung-in-kmu.ch\\\/it\\\/?s={search_term_string}\"},\"query-input\":{\"@type\":\"PropertyValueSpecification\",\"valueRequired\":true,\"valueName\":\"search_term_string\"}}],\"inLanguage\":\"it-IT\"},{\"@type\":\"Organization\",\"@id\":\"https:\\\/\\\/weiterbildung-in-kmu.ch\\\/it\\\/#organization\",\"name\":\"SVEB \u2013 Weiterbildung in KMU\",\"alternateName\":\"Weiterbildung in KMU\",\"url\":\"https:\\\/\\\/weiterbildung-in-kmu.ch\\\/it\\\/\",\"logo\":{\"@type\":\"ImageObject\",\"inLanguage\":\"it-IT\",\"@id\":\"https:\\\/\\\/weiterbildung-in-kmu.ch\\\/it\\\/#\\\/schema\\\/logo\\\/image\\\/\",\"url\":\"https:\\\/\\\/weiterbildung-in-kmu.ch\\\/app\\\/uploads\\\/sites\\\/2\\\/2023\\\/03\\\/SVEB_Schriftzug_KMU_D-500px.png\",\"contentUrl\":\"https:\\\/\\\/weiterbildung-in-kmu.ch\\\/app\\\/uploads\\\/sites\\\/2\\\/2023\\\/03\\\/SVEB_Schriftzug_KMU_D-500px.png\",\"width\":500,\"height\":164,\"caption\":\"SVEB \u2013 Weiterbildung in KMU\"},\"image\":{\"@id\":\"https:\\\/\\\/weiterbildung-in-kmu.ch\\\/it\\\/#\\\/schema\\\/logo\\\/image\\\/\"}}]}<\/script>\n<!-- \/ Yoast SEO plugin. -->","yoast_head_json":{"title":"Necessit\u00e0 di competenza - Weiterbildung in KMU","description":"Il mondo del lavoro 4.0 richiede competenze aggiuntive e apprendimento continuo per stare al passo con il cambiamento.","robots":{"index":"index","follow":"follow","max-snippet":"max-snippet:-1","max-image-preview":"max-image-preview:large","max-video-preview":"max-video-preview:-1"},"canonical":"https:\/\/weiterbildung-in-kmu.ch\/it\/necessita-di-competenza\/","og_locale":"it_IT","og_type":"article","og_title":"Necessit\u00e0 di competenza - Weiterbildung in KMU","og_description":"Il mondo del lavoro 4.0 richiede competenze aggiuntive e apprendimento continuo per stare al passo con il cambiamento.","og_url":"https:\/\/weiterbildung-in-kmu.ch\/it\/necessita-di-competenza\/","og_site_name":"Weiterbildung in KMU","article_modified_time":"2023-12-15T13:11:45+00:00","og_image":[{"url":"https:\/\/weiterbildung-in-kmu.ch\/app\/uploads\/sites\/2\/2023\/02\/Kompetenzbedarf-detail-1.png","type":"","width":"","height":""}],"twitter_card":"summary_large_image","twitter_misc":{"Tempo di lettura stimato":"5 minuti"},"schema":{"@context":"https:\/\/schema.org","@graph":[{"@type":"WebPage","@id":"https:\/\/weiterbildung-in-kmu.ch\/it\/necessita-di-competenza\/","url":"https:\/\/weiterbildung-in-kmu.ch\/it\/necessita-di-competenza\/","name":"Necessit\u00e0 di competenza - Weiterbildung in KMU","isPartOf":{"@id":"https:\/\/weiterbildung-in-kmu.ch\/it\/#website"},"primaryImageOfPage":{"@id":"https:\/\/weiterbildung-in-kmu.ch\/it\/necessita-di-competenza\/#primaryimage"},"image":{"@id":"https:\/\/weiterbildung-in-kmu.ch\/it\/necessita-di-competenza\/#primaryimage"},"thumbnailUrl":"https:\/\/weiterbildung-in-kmu.ch\/app\/uploads\/sites\/2\/2023\/02\/Kompetenzbedarf-detail-1.png","datePublished":"2023-01-13T07:02:49+00:00","dateModified":"2023-12-15T13:11:45+00:00","description":"Il mondo del lavoro 4.0 richiede competenze aggiuntive e apprendimento continuo per stare al passo con il cambiamento.","breadcrumb":{"@id":"https:\/\/weiterbildung-in-kmu.ch\/it\/necessita-di-competenza\/#breadcrumb"},"inLanguage":"it-IT","potentialAction":[{"@type":"ReadAction","target":["https:\/\/weiterbildung-in-kmu.ch\/it\/necessita-di-competenza\/"]}]},{"@type":"ImageObject","inLanguage":"it-IT","@id":"https:\/\/weiterbildung-in-kmu.ch\/it\/necessita-di-competenza\/#primaryimage","url":"https:\/\/weiterbildung-in-kmu.ch\/app\/uploads\/sites\/2\/2023\/02\/Kompetenzbedarf-detail-1.png","contentUrl":"https:\/\/weiterbildung-in-kmu.ch\/app\/uploads\/sites\/2\/2023\/02\/Kompetenzbedarf-detail-1.png"},{"@type":"BreadcrumbList","@id":"https:\/\/weiterbildung-in-kmu.ch\/it\/necessita-di-competenza\/#breadcrumb","itemListElement":[{"@type":"ListItem","position":1,"name":"Pagina iniziale","item":"https:\/\/weiterbildung-in-kmu.ch\/it\/"},{"@type":"ListItem","position":2,"name":"Necessit\u00e0 di competenza"}]},{"@type":"WebSite","@id":"https:\/\/weiterbildung-in-kmu.ch\/it\/#website","url":"https:\/\/weiterbildung-in-kmu.ch\/it\/","name":"Weiterbildung in KMU","description":"","publisher":{"@id":"https:\/\/weiterbildung-in-kmu.ch\/it\/#organization"},"alternateName":"Weiterbildung in kleinen und mittleren Unternehmen","potentialAction":[{"@type":"SearchAction","target":{"@type":"EntryPoint","urlTemplate":"https:\/\/weiterbildung-in-kmu.ch\/it\/?s={search_term_string}"},"query-input":{"@type":"PropertyValueSpecification","valueRequired":true,"valueName":"search_term_string"}}],"inLanguage":"it-IT"},{"@type":"Organization","@id":"https:\/\/weiterbildung-in-kmu.ch\/it\/#organization","name":"SVEB \u2013 Weiterbildung in KMU","alternateName":"Weiterbildung in KMU","url":"https:\/\/weiterbildung-in-kmu.ch\/it\/","logo":{"@type":"ImageObject","inLanguage":"it-IT","@id":"https:\/\/weiterbildung-in-kmu.ch\/it\/#\/schema\/logo\/image\/","url":"https:\/\/weiterbildung-in-kmu.ch\/app\/uploads\/sites\/2\/2023\/03\/SVEB_Schriftzug_KMU_D-500px.png","contentUrl":"https:\/\/weiterbildung-in-kmu.ch\/app\/uploads\/sites\/2\/2023\/03\/SVEB_Schriftzug_KMU_D-500px.png","width":500,"height":164,"caption":"SVEB \u2013 Weiterbildung in KMU"},"image":{"@id":"https:\/\/weiterbildung-in-kmu.ch\/it\/#\/schema\/logo\/image\/"}}]}},"_links":{"self":[{"href":"https:\/\/weiterbildung-in-kmu.ch\/it\/wp-json\/wp\/v2\/pages\/543","targetHints":{"allow":["GET"]}}],"collection":[{"href":"https:\/\/weiterbildung-in-kmu.ch\/it\/wp-json\/wp\/v2\/pages"}],"about":[{"href":"https:\/\/weiterbildung-in-kmu.ch\/it\/wp-json\/wp\/v2\/types\/page"}],"author":[{"embeddable":true,"href":"https:\/\/weiterbildung-in-kmu.ch\/it\/wp-json\/wp\/v2\/users\/4"}],"replies":[{"embeddable":true,"href":"https:\/\/weiterbildung-in-kmu.ch\/it\/wp-json\/wp\/v2\/comments?post=543"}],"version-history":[{"count":51,"href":"https:\/\/weiterbildung-in-kmu.ch\/it\/wp-json\/wp\/v2\/pages\/543\/revisions"}],"predecessor-version":[{"id":2332,"href":"https:\/\/weiterbildung-in-kmu.ch\/it\/wp-json\/wp\/v2\/pages\/543\/revisions\/2332"}],"wp:attachment":[{"href":"https:\/\/weiterbildung-in-kmu.ch\/it\/wp-json\/wp\/v2\/media?parent=543"}],"curies":[{"name":"wp","href":"https:\/\/api.w.org\/{rel}","templated":true}]}}