{"id":2076,"date":"2023-06-12T19:38:33","date_gmt":"2023-06-12T17:38:33","guid":{"rendered":"https:\/\/weiterbildung-in-kmu.ch\/?page_id=2076"},"modified":"2023-12-15T15:21:19","modified_gmt":"2023-12-15T14:21:19","slug":"competenze-di-base","status":"publish","type":"page","link":"https:\/\/weiterbildung-in-kmu.ch\/it\/necessita-di-competenza\/competenze-di-base\/","title":{"rendered":"Competenze di base"},"content":{"rendered":"\n<h1 class=\"wp-block-heading\">Promuovere le competenze di base nelle PMI<\/h1>\n\n\n\n<p class=\"is-style-lead\">Circa due terzi delle 800&#8217;000 persone che in Svizzera hanno difficolt\u00e0 con le competenze di base lavorano. Pi\u00f9 della met\u00e0 di loro lavora in una PMI. Le competenze di base comprendono lettura, scrittura, calcolo, applicazioni informatiche di base e lingua. Le persone con scarse competenze di base sono pi\u00f9 occupate in alcuni settori che in altri &#8211; per esempio nell&#8217;edilizia e nel suo indotto, nell&#8217;agricoltura e selvicoltura, nella produzione industriale, nell&#8217;industria alberghiera e della ristorazione, nella logistica, ecc.<\/p>\n\n\n\n<p>Come si riconosce la necessit\u00e0 di un corso di competenze di base per i propri collaboratori?<\/p>\n\n\n\n<ul class=\"wp-block-list\">\n<li>Conoscenze linguistiche orali o scritte: le istruzioni di lavoro e le norme di sicurezza non sono sufficientemente comprese, la documentazione scritta dell&#8217;attivit\u00e0 \u00e8 insufficiente. Questo pu\u00f2 portare a errori, problemi con le procedure interne o difficolt\u00e0 di contatto con i clienti. <a href=\"https:\/\/www.besser-jetzt.ch\/betriebe_stories.cfm?content_id=11594\">Esempio Wolfensberger<\/a> <\/li>\n\n\n\n<li>Competenze digitali: la digitalizzazione dei processi di lavoro o l&#8217;introduzione di apparecchiature automatizzate comporta un aumento non soltanto delle competenze digitali, ma anche di quelle di lettura e scrittura. <a href=\"https:\/\/youtu.be\/nzY6nPSz8F4\">Esempio Nussbaum AG<\/a><\/li>\n<\/ul>\n\n\n\n<h2 class=\"wp-block-heading\">Il luogo di lavoro come punto di partenza per l&#8217;apprendimento<\/h2>\n\n\n\n<p>In molte aziende, il luogo di lavoro \u00e8 di per s\u00e9 anche un luogo di apprendimento. Tuttavia, non \u00e8 affatto scontato che quanto appreso sia direttamente collegato all&#8217;attuale situazione di vita e di lavoro delle persone, che si basi sulle risorse esistenti e che confluisca direttamente nelle attivit\u00e0 lavorative quotidiane. Ci\u00f2 vale in particolar modo per le quelle persone le cui competenze di base non siano pi\u00f9 sufficienti a tenere il passo con i sempre pi\u00f9 rapidi sviluppi tecnologici.<\/p>\n\n\n\n<div class=\"wp-block-buttons is-style-three-column-buttons is-layout-flex wp-block-buttons-is-layout-flex\" id=\"js-quicklinks\">\n<div class=\"wp-block-button has-custom-font-size is-style-outline has-medium-font-size is-style-outline--1\"><a class=\"wp-block-button__link wp-element-button\" href=\"https:\/\/weiterbildung-in-kmu.ch\/it\/forme-dapprendimento\/\">Forme d&#8217;apprendimento<\/a><\/div>\n<\/div>\n\n\n\n<div style=\"height:20px\" aria-hidden=\"true\" class=\"wp-block-spacer\"><\/div>\n\n\n\n<h2 class=\"wp-block-heading\">Il programma di sostegno &#8220;Semplicemente meglio! &#8230;al lavoro&#8221;<\/h2>\n\n\n\n<p>I corsi aziendali che promuovono competenze di base come lettura, scrittura, calcolo, computer ed espressione orale sono sostenuti finanziariamente dalla Confederazione (<a href=\"https:\/\/www.meglio-adesso.ch\/betriebe.cfm\"><strong>&#8220;Semplicemente meglio! &#8230;al lavoro&#8221;<\/strong><\/a>). Si tratta di corsi orientati alla pratica e adattati alla specifica azienda. Quanto appreso pu\u00f2 essere applicato immediatamente alle attivit\u00e0 lavorative quotidiane. Per lo sviluppo e l&#8217;attuazione di un corso su misura \u00e8 possibile collaborare con erogatori di formazione interni o esterni.<\/p>\n\n\n\n<h3 class=\"wp-block-heading\">Maggiori informazioni<\/h3>\n\n\n\n<div class=\"wp-block-buttons is-layout-flex wp-block-buttons-is-layout-flex\">\n<div class=\"wp-block-button has-custom-width wp-block-button__width-100 has-custom-font-size is-style-minimal has-medium-font-size\"><a class=\"wp-block-button__link wp-element-button\" href=\"https:\/\/www.meglio-adesso.ch\/betriebe_anbieter_finden.cfm\" target=\"_blank\" rel=\"noreferrer noopener\">Trovare un organizzatore di corsi<\/a><\/div>\n<\/div>\n\n\n\n<div style=\"height:20px\" aria-hidden=\"true\" class=\"wp-block-spacer\"><\/div>\n\n\n\n<h2 class=\"wp-block-heading\">Come possono le PMI beneficiare del programma di sostegno? &nbsp;<\/h2>\n\n\n\n<ol class=\"wp-block-list\" type=\"1\">\n<li>Per le PMI che hanno un numero di collaboratori troppo basso per un corso interno, \u00e8 possibile che le organizzazioni professionali o le associazioni di settore presentino una <a href=\"https:\/\/www.meglio-adesso.ch\/it\/myUploadData\/files\/modulo_di_domanda_e_di_reporting_semplice_meglio_al_lavoro_i_2023.pdf\" target=\"_blank\" rel=\"noreferrer noopener\">domand<\/a><a href=\"https:\/\/www.meglio-adesso.ch\/it\/myUploadData\/files\/modulo_di_domanda_e_di_reporting_semplice_meglio_al_lavoro_i_2023.pdf\">a<\/a> per l&#8217;organizzazione di un corso a cui possano partecipare i collaboratori di diverse aziende.<\/li>\n\n\n\n<li>L&#8217;azienda o l&#8217;organizzazione\/associazione collabora con un ente di formazione che sviluppa e attua un corso su misura.<\/li>\n\n\n\n<li>Il numero di partecipanti dei corsi supportati dal programma di sostegno \u00e8 compreso fra le tre e le dodici persone. I corsi comprendono dalle 20 alle 40 unit\u00e0.<\/li>\n\n\n\n<li>Il corso viene sostenuto con un importo forfettario di CHF 3&#8217;000. La Confederazione paga 15 franchi a lezione per partecipante.<\/li>\n<\/ol>\n\n\n\n<p>Le aziende con sede in Appenzello Esterno, Appenzello Interno, Basilea Citt\u00e0, Berna, Svitto e San Gallo presentano le domande direttamente ai propri uffici cantonali. I criteri delle strutture di finanziamento di questi Cantoni sono infatti parzialmente diversi rispetto a quelli del programma federale.<\/p>\n\n\n\n<h3 class=\"wp-block-heading\">Maggiori informazioni<\/h3>\n\n\n\n<div class=\"wp-block-buttons is-layout-flex wp-block-buttons-is-layout-flex\">\n<div class=\"wp-block-button has-custom-width wp-block-button__width-100 has-custom-font-size is-style-minimal has-medium-font-size\"><a class=\"wp-block-button__link wp-element-button\" href=\"https:\/\/www.meglio-adesso.ch\/Betriebe_finanzierung.cfm\" target=\"_blank\" rel=\"noreferrer noopener\">Ulteriori condizioni per il sostegno da parte della Confederazione<\/a><\/div>\n<\/div>\n\n\n\n<div class=\"wp-block-buttons is-layout-flex wp-block-buttons-is-layout-flex\">\n<div class=\"wp-block-button has-custom-width wp-block-button__width-100 has-custom-font-size is-style-minimal has-medium-font-size\"><a class=\"wp-block-button__link wp-element-button\" href=\"https:\/\/www.meglio-adesso.ch\/it\/myUploadData\/files\/modulo_di_domanda_e_di_reporting_semplice_meglio_al_lavoro_i_2023.pdf\" target=\"_blank\" rel=\"noreferrer noopener\">Modulo di domanda e di reporting da parte della SEFRI<\/a><\/div>\n<\/div>\n\n\n\n<div style=\"height:20px\" aria-hidden=\"true\" class=\"wp-block-spacer\"><\/div>\n\n\n\n<h2 class=\"wp-block-heading\">Carenza di personale qualificato e competenze di base<\/h2>\n\n\n\n<p>I lavoratori esperti privi di un titolo di formazione professionale possono accedere alle qualifiche professionali per adulti attraverso una promozione mirata delle loro competenze di base. Un corso su misura per le competenze di base pu\u00f2 fornire a questo riguardo l&#8217;impulso necessario. In molti Cantoni esistono corsi di preparazione per l&#8217;accesso alle formazioni professionali per adulti.<\/p>\n\n\n\n<h3 class=\"wp-block-heading\">Maggiori informazioni<\/h3>\n\n\n\n<div class=\"wp-block-buttons is-layout-flex wp-block-buttons-is-layout-flex\">\n<div class=\"wp-block-button has-custom-width wp-block-button__width-100 has-custom-font-size is-style-minimal has-medium-font-size\"><a class=\"wp-block-button__link wp-element-button\" href=\"https:\/\/www.meglio-adesso.ch\/betriebe_stories.cfm?content_id=12842\" target=\"_blank\" rel=\"noreferrer noopener\">Esempio di Saida Haidara<\/a><\/div>\n\n\n\n<div class=\"wp-block-button has-custom-width wp-block-button__width-100 has-custom-font-size is-style-minimal has-medium-font-size\"><a class=\"wp-block-button__link wp-element-button\" href=\"https:\/\/www.meglio-adesso.ch\/betriebe_stories.cfm?content_id=12843\" target=\"_blank\" rel=\"noreferrer noopener\">Esempio di Tomasz Obuchowski<\/a><\/div>\n<\/div>\n","protected":false},"excerpt":{"rendered":"<p>Promuovere le competenze di base nelle PMI Circa due terzi delle 800&#8217;000 persone che in Svizzera hanno difficolt\u00e0 con le [&hellip;]<\/p>\n","protected":false},"author":5,"featured_media":0,"parent":543,"menu_order":0,"comment_status":"closed","ping_status":"closed","template":"","meta":{"_acf_changed":false,"inline_featured_image":false,"footnotes":""},"class_list":["post-2076","page","type-page","status-publish","hentry"],"acf":[],"yoast_head":"<!-- This site is optimized with the Yoast SEO plugin v27.3 - https:\/\/yoast.com\/product\/yoast-seo-wordpress\/ -->\n<title>Competenze di base - Weiterbildung in KMU<\/title>\n<meta name=\"description\" content=\"Circa due terzi delle 800.000 persone che in Svizzera hanno difficolt\u00e0 con le competenze di base lavorano.\" \/>\n<meta name=\"robots\" content=\"index, follow, max-snippet:-1, max-image-preview:large, max-video-preview:-1\" \/>\n<link rel=\"canonical\" href=\"https:\/\/weiterbildung-in-kmu.ch\/it\/necessita-di-competenza\/competenze-di-base\/\" \/>\n<meta property=\"og:locale\" content=\"it_IT\" \/>\n<meta property=\"og:type\" content=\"article\" \/>\n<meta property=\"og:title\" content=\"Competenze di base - Weiterbildung in KMU\" \/>\n<meta property=\"og:description\" content=\"Circa due terzi delle 800.000 persone che in Svizzera hanno difficolt\u00e0 con le competenze di base lavorano.\" \/>\n<meta property=\"og:url\" content=\"https:\/\/weiterbildung-in-kmu.ch\/it\/necessita-di-competenza\/competenze-di-base\/\" \/>\n<meta property=\"og:site_name\" content=\"Weiterbildung in KMU\" \/>\n<meta property=\"article:modified_time\" content=\"2023-12-15T14:21:19+00:00\" \/>\n<meta property=\"og:image\" content=\"https:\/\/weiterbildung-in-kmu.ch\/app\/uploads\/sites\/2\/2023\/03\/SVEB_Schriftzug_KMU_D-500px.png\" \/>\n\t<meta property=\"og:image:width\" content=\"500\" \/>\n\t<meta property=\"og:image:height\" content=\"164\" \/>\n\t<meta property=\"og:image:type\" content=\"image\/png\" \/>\n<meta name=\"twitter:card\" content=\"summary_large_image\" \/>\n<meta name=\"twitter:label1\" content=\"Tempo di lettura stimato\" \/>\n\t<meta name=\"twitter:data1\" content=\"3 minuti\" \/>\n<script type=\"application\/ld+json\" class=\"yoast-schema-graph\">{\"@context\":\"https:\\\/\\\/schema.org\",\"@graph\":[{\"@type\":\"WebPage\",\"@id\":\"https:\\\/\\\/weiterbildung-in-kmu.ch\\\/it\\\/necessita-di-competenza\\\/competenze-di-base\\\/\",\"url\":\"https:\\\/\\\/weiterbildung-in-kmu.ch\\\/it\\\/necessita-di-competenza\\\/competenze-di-base\\\/\",\"name\":\"Competenze di base - Weiterbildung in KMU\",\"isPartOf\":{\"@id\":\"https:\\\/\\\/weiterbildung-in-kmu.ch\\\/it\\\/#website\"},\"datePublished\":\"2023-06-12T17:38:33+00:00\",\"dateModified\":\"2023-12-15T14:21:19+00:00\",\"description\":\"Circa due terzi delle 800.000 persone che in Svizzera hanno difficolt\u00e0 con le competenze di base lavorano.\",\"breadcrumb\":{\"@id\":\"https:\\\/\\\/weiterbildung-in-kmu.ch\\\/it\\\/necessita-di-competenza\\\/competenze-di-base\\\/#breadcrumb\"},\"inLanguage\":\"it-IT\",\"potentialAction\":[{\"@type\":\"ReadAction\",\"target\":[\"https:\\\/\\\/weiterbildung-in-kmu.ch\\\/it\\\/necessita-di-competenza\\\/competenze-di-base\\\/\"]}]},{\"@type\":\"BreadcrumbList\",\"@id\":\"https:\\\/\\\/weiterbildung-in-kmu.ch\\\/it\\\/necessita-di-competenza\\\/competenze-di-base\\\/#breadcrumb\",\"itemListElement\":[{\"@type\":\"ListItem\",\"position\":1,\"name\":\"Pagina iniziale\",\"item\":\"https:\\\/\\\/weiterbildung-in-kmu.ch\\\/it\\\/\"},{\"@type\":\"ListItem\",\"position\":2,\"name\":\"Necessit\u00e0 di competenza\",\"item\":\"https:\\\/\\\/weiterbildung-in-kmu.ch\\\/it\\\/necessita-di-competenza\\\/\"},{\"@type\":\"ListItem\",\"position\":3,\"name\":\"Competenze di base\"}]},{\"@type\":\"WebSite\",\"@id\":\"https:\\\/\\\/weiterbildung-in-kmu.ch\\\/it\\\/#website\",\"url\":\"https:\\\/\\\/weiterbildung-in-kmu.ch\\\/it\\\/\",\"name\":\"Weiterbildung in KMU\",\"description\":\"\",\"publisher\":{\"@id\":\"https:\\\/\\\/weiterbildung-in-kmu.ch\\\/it\\\/#organization\"},\"alternateName\":\"Weiterbildung in kleinen und mittleren Unternehmen\",\"potentialAction\":[{\"@type\":\"SearchAction\",\"target\":{\"@type\":\"EntryPoint\",\"urlTemplate\":\"https:\\\/\\\/weiterbildung-in-kmu.ch\\\/it\\\/?s={search_term_string}\"},\"query-input\":{\"@type\":\"PropertyValueSpecification\",\"valueRequired\":true,\"valueName\":\"search_term_string\"}}],\"inLanguage\":\"it-IT\"},{\"@type\":\"Organization\",\"@id\":\"https:\\\/\\\/weiterbildung-in-kmu.ch\\\/it\\\/#organization\",\"name\":\"SVEB \u2013 Weiterbildung in KMU\",\"alternateName\":\"Weiterbildung in KMU\",\"url\":\"https:\\\/\\\/weiterbildung-in-kmu.ch\\\/it\\\/\",\"logo\":{\"@type\":\"ImageObject\",\"inLanguage\":\"it-IT\",\"@id\":\"https:\\\/\\\/weiterbildung-in-kmu.ch\\\/it\\\/#\\\/schema\\\/logo\\\/image\\\/\",\"url\":\"https:\\\/\\\/weiterbildung-in-kmu.ch\\\/app\\\/uploads\\\/sites\\\/2\\\/2023\\\/03\\\/SVEB_Schriftzug_KMU_D-500px.png\",\"contentUrl\":\"https:\\\/\\\/weiterbildung-in-kmu.ch\\\/app\\\/uploads\\\/sites\\\/2\\\/2023\\\/03\\\/SVEB_Schriftzug_KMU_D-500px.png\",\"width\":500,\"height\":164,\"caption\":\"SVEB \u2013 Weiterbildung in KMU\"},\"image\":{\"@id\":\"https:\\\/\\\/weiterbildung-in-kmu.ch\\\/it\\\/#\\\/schema\\\/logo\\\/image\\\/\"}}]}<\/script>\n<!-- \/ Yoast SEO plugin. -->","yoast_head_json":{"title":"Competenze di base - Weiterbildung in KMU","description":"Circa due terzi delle 800.000 persone che in Svizzera hanno difficolt\u00e0 con le competenze di base lavorano.","robots":{"index":"index","follow":"follow","max-snippet":"max-snippet:-1","max-image-preview":"max-image-preview:large","max-video-preview":"max-video-preview:-1"},"canonical":"https:\/\/weiterbildung-in-kmu.ch\/it\/necessita-di-competenza\/competenze-di-base\/","og_locale":"it_IT","og_type":"article","og_title":"Competenze di base - Weiterbildung in KMU","og_description":"Circa due terzi delle 800.000 persone che in Svizzera hanno difficolt\u00e0 con le competenze di base lavorano.","og_url":"https:\/\/weiterbildung-in-kmu.ch\/it\/necessita-di-competenza\/competenze-di-base\/","og_site_name":"Weiterbildung in KMU","article_modified_time":"2023-12-15T14:21:19+00:00","og_image":[{"width":500,"height":164,"url":"https:\/\/weiterbildung-in-kmu.ch\/app\/uploads\/sites\/2\/2023\/03\/SVEB_Schriftzug_KMU_D-500px.png","type":"image\/png"}],"twitter_card":"summary_large_image","twitter_misc":{"Tempo di lettura stimato":"3 minuti"},"schema":{"@context":"https:\/\/schema.org","@graph":[{"@type":"WebPage","@id":"https:\/\/weiterbildung-in-kmu.ch\/it\/necessita-di-competenza\/competenze-di-base\/","url":"https:\/\/weiterbildung-in-kmu.ch\/it\/necessita-di-competenza\/competenze-di-base\/","name":"Competenze di base - Weiterbildung in KMU","isPartOf":{"@id":"https:\/\/weiterbildung-in-kmu.ch\/it\/#website"},"datePublished":"2023-06-12T17:38:33+00:00","dateModified":"2023-12-15T14:21:19+00:00","description":"Circa due terzi delle 800.000 persone che in Svizzera hanno difficolt\u00e0 con le competenze di base lavorano.","breadcrumb":{"@id":"https:\/\/weiterbildung-in-kmu.ch\/it\/necessita-di-competenza\/competenze-di-base\/#breadcrumb"},"inLanguage":"it-IT","potentialAction":[{"@type":"ReadAction","target":["https:\/\/weiterbildung-in-kmu.ch\/it\/necessita-di-competenza\/competenze-di-base\/"]}]},{"@type":"BreadcrumbList","@id":"https:\/\/weiterbildung-in-kmu.ch\/it\/necessita-di-competenza\/competenze-di-base\/#breadcrumb","itemListElement":[{"@type":"ListItem","position":1,"name":"Pagina iniziale","item":"https:\/\/weiterbildung-in-kmu.ch\/it\/"},{"@type":"ListItem","position":2,"name":"Necessit\u00e0 di competenza","item":"https:\/\/weiterbildung-in-kmu.ch\/it\/necessita-di-competenza\/"},{"@type":"ListItem","position":3,"name":"Competenze di base"}]},{"@type":"WebSite","@id":"https:\/\/weiterbildung-in-kmu.ch\/it\/#website","url":"https:\/\/weiterbildung-in-kmu.ch\/it\/","name":"Weiterbildung in KMU","description":"","publisher":{"@id":"https:\/\/weiterbildung-in-kmu.ch\/it\/#organization"},"alternateName":"Weiterbildung in kleinen und mittleren Unternehmen","potentialAction":[{"@type":"SearchAction","target":{"@type":"EntryPoint","urlTemplate":"https:\/\/weiterbildung-in-kmu.ch\/it\/?s={search_term_string}"},"query-input":{"@type":"PropertyValueSpecification","valueRequired":true,"valueName":"search_term_string"}}],"inLanguage":"it-IT"},{"@type":"Organization","@id":"https:\/\/weiterbildung-in-kmu.ch\/it\/#organization","name":"SVEB \u2013 Weiterbildung in KMU","alternateName":"Weiterbildung in KMU","url":"https:\/\/weiterbildung-in-kmu.ch\/it\/","logo":{"@type":"ImageObject","inLanguage":"it-IT","@id":"https:\/\/weiterbildung-in-kmu.ch\/it\/#\/schema\/logo\/image\/","url":"https:\/\/weiterbildung-in-kmu.ch\/app\/uploads\/sites\/2\/2023\/03\/SVEB_Schriftzug_KMU_D-500px.png","contentUrl":"https:\/\/weiterbildung-in-kmu.ch\/app\/uploads\/sites\/2\/2023\/03\/SVEB_Schriftzug_KMU_D-500px.png","width":500,"height":164,"caption":"SVEB \u2013 Weiterbildung in KMU"},"image":{"@id":"https:\/\/weiterbildung-in-kmu.ch\/it\/#\/schema\/logo\/image\/"}}]}},"_links":{"self":[{"href":"https:\/\/weiterbildung-in-kmu.ch\/it\/wp-json\/wp\/v2\/pages\/2076","targetHints":{"allow":["GET"]}}],"collection":[{"href":"https:\/\/weiterbildung-in-kmu.ch\/it\/wp-json\/wp\/v2\/pages"}],"about":[{"href":"https:\/\/weiterbildung-in-kmu.ch\/it\/wp-json\/wp\/v2\/types\/page"}],"author":[{"embeddable":true,"href":"https:\/\/weiterbildung-in-kmu.ch\/it\/wp-json\/wp\/v2\/users\/5"}],"replies":[{"embeddable":true,"href":"https:\/\/weiterbildung-in-kmu.ch\/it\/wp-json\/wp\/v2\/comments?post=2076"}],"version-history":[{"count":7,"href":"https:\/\/weiterbildung-in-kmu.ch\/it\/wp-json\/wp\/v2\/pages\/2076\/revisions"}],"predecessor-version":[{"id":2251,"href":"https:\/\/weiterbildung-in-kmu.ch\/it\/wp-json\/wp\/v2\/pages\/2076\/revisions\/2251"}],"up":[{"embeddable":true,"href":"https:\/\/weiterbildung-in-kmu.ch\/it\/wp-json\/wp\/v2\/pages\/543"}],"wp:attachment":[{"href":"https:\/\/weiterbildung-in-kmu.ch\/it\/wp-json\/wp\/v2\/media?parent=2076"}],"curies":[{"name":"wp","href":"https:\/\/api.w.org\/{rel}","templated":true}]}}