{"id":1460,"date":"2023-01-13T08:03:42","date_gmt":"2023-01-13T07:03:42","guid":{"rendered":"https:\/\/weiterbildung-in-kmu.alice.ch\/lernformate\/"},"modified":"2023-12-15T15:27:01","modified_gmt":"2023-12-15T14:27:01","slug":"forme-dapprendimento","status":"publish","type":"page","link":"https:\/\/weiterbildung-in-kmu.ch\/it\/forme-dapprendimento\/","title":{"rendered":"Forme d\u2019apprendimento"},"content":{"rendered":"\n<div class=\"wp-block-group is-style-reduced-width is-content-justification-center is-layout-constrained wp-block-group-is-layout-constrained\">\n<h1 class=\"wp-block-heading\">Forme d\u2019apprendimento \u2013 formazione continua rivolta agli adulti in Svizzera<\/h1>\n\n\n\n<p class=\"is-style-lead\">La formazione continua pu\u00f2 essere definita come l&#8217;ampliamento e l&#8217;approfondimento delle proprie conoscenze e competenze. Essa inizia solitamente dopo una formazione professionale di base (p. es. un apprendistato commerciale), ma pu\u00f2 essere svolta anche senza avere conseguito alcun titolo. Un importante prerequisito per partecipare ad attivit\u00e0 di formazione continua \u00e8 in ogni caso il possesso di sufficienti competenze di base: queste includono capacit\u00e0 di lettura e scrittura, competenze digitali e spesso anche competenze di matematica quotidiana.<\/p>\n\n\n\n<figure class=\"wp-block-image size-full is-style-no-border\"><img decoding=\"async\" width=\"950\" height=\"400\" src=\"https:\/\/weiterbildung-in-kmu.ch\/app\/uploads\/sites\/2\/2023\/03\/lernformat-detail.png\" alt=\"\" class=\"wp-image-1656\" srcset=\"https:\/\/weiterbildung-in-kmu.ch\/app\/uploads\/sites\/2\/2023\/03\/lernformat-detail.png 950w, https:\/\/weiterbildung-in-kmu.ch\/app\/uploads\/sites\/2\/2023\/03\/lernformat-detail-300x126.png 300w, https:\/\/weiterbildung-in-kmu.ch\/app\/uploads\/sites\/2\/2023\/03\/lernformat-detail-768x323.png 768w\" sizes=\"(max-width: 950px) 100vw, 950px\" \/><\/figure>\n\n\n\n<p class=\"is-style-default\">In Svizzera esiste un sistema di formazione continua ottimamente sviluppato, con innumerevoli opportunit\u00e0 offerte da diversi enti di formazione. L&#8217;acquisizione e l&#8217;ampliamento di competenze e abilit\u00e0 \u00e8 in ogni caso un processo che dura tutta la vita. Oggi gli adulti si aspettano peraltro di poter gestire in modo sempre pi\u00f9 flessibile i propri percorsi di formazione.<\/p>\n\n\n\n<h2 class=\"wp-block-heading\">Quali tipi di formazione continua ci sono?<\/h2>\n\n\n\n<p>La formazione continua pu\u00f2 (ma non deve necessariamente) essere collegata a una specifica professione, concludersi con un diploma riconosciuto a livello federale e affinare competenze attuali o future tramite unit\u00e0 didattiche pi\u00f9 o meno lunghe. La formazione continua include misure professionali come la partecipazione a corsi, lezioni o seminari, la riqualifica del personale, il recupero di titoli di studio oppureofferte formative orientate al tempo libero o al trasferimento del proprio know-how nel lavoro quotidiano in azienda. Oggi, per formarsi, le persone non frequentano soltanto corsi di tipo tradizionale, ma usano anche Google, YouTube e piattaforme come i social media, leggono articoli di blog e utilizzano altri media sia digitali sia analogici. In tutti questi modi, espandono costantemente le proprie conoscenze e competenze.<\/p>\n\n\n\n<h2 class=\"wp-block-heading\">Perch\u00e9 \u00e8 ancora cos\u00ec importante possedere qualifiche aggiuntive?<\/h2>\n\n\n\n<p>Grazie a qualifiche aggiuntive che completano il curriculum, i candidati a un posto di lavoro possono distinguersi dalla massa. Tuttavia, non si tratta di esibire il maggior numero possibile di corsi di perfezionamento, quanto piuttosto della loro rilevanza per lo specifico impiego desiderato. In Svizzera, i titoli ufficialmente riconosciuti godono ancora di ottima reputazione da parte di molte aziende. In tempi di carenza di personale qualificato, tuttavia, la situazione sta cambiando a favore della forza lavoro. Al momento di reclutare talenti, le PMI dovrebbero esaminare accuratamente punti di forza e competenze di tutti i candidati. Oltre alle competenze tecniche, oggi sono sempre pi\u00f9 necessari anche i cosiddetti &#8220;fattori soft&#8221;.<\/p>\n\n\n\n<div class=\"wp-block-buttons is-style-three-column-buttons is-layout-flex wp-block-buttons-is-layout-flex\" id=\"js-quicklinks\">\n<div class=\"wp-block-button has-custom-font-size is-style-outline has-medium-font-size is-style-outline--1\"><a class=\"wp-block-button__link wp-element-button\" href=\"https:\/\/weiterbildung-in-kmu.ch\/it\/necessita-di-competenza\/future-skills\/\"> Future Skills<\/a><\/div>\n<\/div>\n\n\n\n<h2 class=\"wp-block-heading\">Apprendimento formale e informale<\/h2>\n\n\n\n<p>Mentre l&#8217;apprendimento formale \u00e8 organizzato, guidato e valutato da scuole ed enti di formazione, l&#8217;apprendimento informale avviene principalmente al lavoro, nel tempo libero o a casa. L&#8217;apprendimento informale &nbsp;pu\u00f2 essere intenzionale o non intenzionale, e di norma \u00e8 determinato da un compito o un problema da risolvere. Lo scopo non \u00e8 cio\u00e8 l&#8217;apprendimento in s\u00e9, ma la ricerca della migliore soluzione a un certo problema.<\/p>\n\n\n\n<h2 class=\"wp-block-heading\">Apprendimento informale come opportunit\u00e0 per le PMI<\/h2>\n\n\n\n<p>L&#8217;apprendimento continuo lungo tutto il corso della vita avviene soprattutto in sede di lavoro quotidiano. Le PMI non possono sempre permettersi di far partecipare regolarmente i propri collaboratori ad attivit\u00e0 di formazione (esterne) per motivi di tempo, finanziari o di personale. Inoltre, in alcuni casi, non esistono attivit\u00e0 di formazione esterna che possano coprire le esigenze specifiche delle PMI. &nbsp;L&#8217;apprendimento informale sul posto di lavoro rappresenta pertanto un\u2019importante possibilit\u00e0 per rispondere a bisogni specifici. Grazie al suo elevato grado di auto-orientamento, l&#8217;apprendimento informale \u00e8 conveniente, flessibile in termini di tempo e adattabile alle diverse esigenze personali. L&#8217;apprendimento informale ha successo quando si articola come una combinazione di componenti motivazionali e comportamentali. Questi includono:<\/p>\n\n\n\n<ul class=\"wp-block-list\">\n<li><strong>Cultura del feedback<\/strong><br>Scambio di informazioni internamente alla PMI<\/li>\n\n\n\n<li><strong>Apprendimento sociale<\/strong><br>Trasferimento di best practice internamente al team, soprattutto in caso di nuovi assunti o di job rotation<\/li>\n\n\n\n<li><strong>Provare da s\u00e9<\/strong><br>Mettere in discussione ogni &#8220;best practice&#8221; in qualsiasi momento, se si individua una pratica pi\u00f9 efficiente<\/li>\n\n\n\n<li><strong>Intenzione di apprendimento<\/strong><br>Creare spazio (e tempo) per interiorizzare quanto appreso<\/li>\n<\/ul>\n\n\n\n<p>Se si promuove l&#8217;apprendimento formale parallelamente a quello informale, \u00e8 essenziale che i due aspetti vengano fra loro collegati. La maggior parte delle aziende trae vantaggio dalla capacit\u00e0 di apprendimento dei propri collaboratori, ma la capacit\u00e0 di incanalare e gestire le conoscenze all&#8217;interno dell&#8217;azienda risultano spesso carenti. La cultura dell&#8217;apprendimento comprende, tra l&#8217;altro, la presenza di condizioni quadro per l&#8217;apprendimento in azienda. Ci\u00f2 costituisce la spina dorsale del modo in cui la conoscenza viene gestita internamente.<\/p>\n\n\n\n<div class=\"wp-block-buttons is-style-three-column-buttons is-layout-flex wp-block-buttons-is-layout-flex\" id=\"js-quicklinks\">\n<div class=\"wp-block-button has-custom-font-size is-style-outline has-medium-font-size is-style-outline--2\"><a class=\"wp-block-button__link wp-element-button\" href=\"https:\/\/weiterbildung-in-kmu.ch\/it\/cultura-dellapprendimento\/\">Cultura dell&#8217;apprendimento<\/a><\/div>\n<\/div>\n\n\n\n<h2 class=\"wp-block-heading\">Quali formati d\u2019apprendimento ci sono?<\/h2>\n\n\n\n<p>La popolarit\u00e0 dei formati d\u2019apprendimento virtuale, dell&#8217;e-learning e delle offerte di apprendimento miste \u00e8 andata crescendo rispetto alla classica formazione in presenza, cos\u00ec come tradizionalmente offerta dagli enti di formazione. Il passaggio a un ruolo di facilitatore dell&#8217;apprendimento che si basa anche sulle proprie risorse &nbsp;interne, comprese quelle tecnologiche, pone oggi le PMI davanti a nuove sfide. I formati d\u2019apprendimento sono cambiati tanto quanto le esigenze dei collaboratori.<\/p>\n\n\n\n<h3 class=\"wp-block-heading\">Seminari e seminari online<\/h3>\n\n\n\n<p>I seminari occupano generalmente un&#8217;intera giornata e possono essere sia eventi pubblicamente accessibili, tenuti presso enti di formazione, sia eventi interni alle aziende. Il loro formato pu\u00f2 essere sia in presenza sia virtuale. Un seminario si concentra solitamente su un singolo argomento ed \u00e8 un formato ideale per costruire o rinfrescare le proprie competenze, consentendo ai partecipanti di acquisire molte conoscenze pratiche in breve tempo. Mentre gli eventi accessibili pubblicamente attirano un pubblico molto eterogeneo, una formazione interna pu\u00f2 coprire le esigenze di una specifica azienda in modo molto pi\u00f9 preciso. Di norma, vale la pena organizzare seminari interni su un tema specifico a partire da quattro partecipanti.<\/p>\n\n\n\n<h3 class=\"wp-block-heading\">E-learning<\/h3>\n\n\n\n<p>Nell&#8217;e-learning, l&#8217;apprendimento \u00e8 supportato da tecnologie e strumenti digitali. La preparazione, la presentazione e la distribuzione delle unit\u00e0 didattiche sono solitamente rese disponibili su una piattaforma digitale. L&#8217;uso dell&#8217;e-learning offre alle PMI molti vantaggi:<\/p>\n\n\n\n<ul class=\"wp-block-list\">\n<li>Apprendimento indipendente da luoghi e tempi fissi<\/li>\n\n\n\n<li>Notevoli risparmi su alcuni costi (p. es. viaggi\/assenze)<\/li>\n\n\n\n<li>Possibilit\u00e0 di interattivit\u00e0<\/li>\n\n\n\n<li>Verifiche di apprendimento individuali<\/li>\n\n\n\n<li>Possibilit\u00e0 di adattarsi in maniera flessibile a esigenze specifiche<\/li>\n\n\n\n<li>Facile gestione dei contenuti multimediali (come video e audio)<\/li>\n\n\n\n<li>Combinabilit\u00e0 con altre forme d\u2019apprendimento<\/li>\n\n\n\n<li>Adattabilit\u00e0 a conoscenze pregresse<\/li>\n\n\n\n<li>Velocit\u00e0 d\u2019apprendimento personalizzata<\/li>\n\n\n\n<li>Apprendimento multilingue<\/li>\n\n\n\n<li>Promozione dell&#8217;indipendenza<\/li>\n\n\n\n<li>Contenuti riutilizzabili: i contenuti prodotti possono essere recuperati e riutilizzati in qualsiasi momento<\/li>\n<\/ul>\n\n\n\n<p>La piattaforma <a href=\"https:\/\/www.capterra.ch\" target=\"_blank\" rel=\"noreferrer noopener\">https:\/\/www.capterra.it<\/a> offre, tra l&#8217;altro, la possibilit\u00e0 di confrontare diverse piattaforme di e-learning. Oltre alle proprie soluzioni interne, gli enti di formazione offrono spesso anche piattaforme rivolte alle aziende.<\/p>\n\n\n\n<h3 class=\"wp-block-heading\">Blended learning<\/h3>\n\n\n\n<p>Il blended learning \u00e8 una forma mista d\u2019apprendimento digitale (e-learning) e di formazione in presenza (esterna o interna). Si tratta dunque di una forma d\u2019apprendimento particolarmente flessibile e ottimale per combinare il puro trasferimento di conoscenze (online) con la loro attuazione pratica (faccia a faccia).<\/p>\n\n\n\n<h3 class=\"wp-block-heading\">Coaching<\/h3>\n\n\n\n<p>Il coaching si occupa del sostegno personale a singoli collaboratori o a gruppi molto piccoli. Il coach consiglia e accompagna le persone interessate individualmente e secondo modalit\u00e0 a loro specifiche.<\/p>\n\n\n\n<div class=\"wp-block-columns is-layout-flex wp-container-core-columns-is-layout-28f84493 wp-block-columns-is-layout-flex\">\n<div class=\"wp-block-column is-layout-flow wp-block-column-is-layout-flow\" style=\"flex-basis:50%\">\n<div class=\"wp-block-file\"><a id=\"wp-block-file--media-0b5fc47f-c19c-4933-a8e8-3518788f9c90\" href=\"https:\/\/weiterbildung-in-kmu.ch\/app\/uploads\/sites\/2\/2023\/03\/Buone-pratiche-\u2013-apprendimento-agili.pdf\">Buone pratiche \u2013 Apprendimento agili<br \/>PDF &#8211; 93 KB<\/a><a href=\"https:\/\/weiterbildung-in-kmu.ch\/app\/uploads\/sites\/2\/2023\/03\/Buone-pratiche-\u2013-apprendimento-agili.pdf\" class=\"wp-block-file__button wp-element-button\" download aria-describedby=\"wp-block-file--media-0b5fc47f-c19c-4933-a8e8-3518788f9c90\">Herunterladen<br \/>PDF &#8211; 93 KB<\/a><\/div>\n<\/div>\n\n\n\n<div class=\"wp-block-column is-layout-flow wp-block-column-is-layout-flow\" style=\"flex-basis:50%\">\n<div class=\"wp-block-file\"><a id=\"wp-block-file--media-4f10fe8b-b698-40e8-b914-7250310be69f\" href=\"https:\/\/weiterbildung-in-kmu.ch\/app\/uploads\/sites\/2\/2023\/03\/Buone-pratiche-\u2013-Formazione-continua-efficace.pdf\">Buone pratiche \u2013 Formazione continua efficace<br \/>PDF &#8211; 94 KB<\/a><a href=\"https:\/\/weiterbildung-in-kmu.ch\/app\/uploads\/sites\/2\/2023\/03\/Buone-pratiche-\u2013-Formazione-continua-efficace.pdf\" class=\"wp-block-file__button wp-element-button\" download aria-describedby=\"wp-block-file--media-4f10fe8b-b698-40e8-b914-7250310be69f\">Herunterladen<br \/>PDF &#8211; 94 KB<\/a><\/div>\n<\/div>\n<\/div>\n\n\n\n<h2 class=\"wp-block-heading\">Il posto di lavoro come punto di partenza per l&#8217;apprendimento<\/h2>\n\n\n\n<p>In molte imprese, il posto di lavoro \u00e8 naturalmente anche il posto dove si apprendono nuove cose. Tuttavia, non \u00e8 scontato che l&#8217;apprendimento si ricolleghi direttamente alla situazione di vita e di lavoro delle persone, che si basi sulle risorse gi\u00e0 esistenti e che trovi riscontro immediato nel lavoro quotidiano. Ci\u00f2 \u00e8 particolarmente importante per quei collaboratori le cui competenze di base non sono pi\u00f9 sufficienti per tenere il passo con il rapido sviluppo tecnologico.<\/p>\n\n\n\n<h3 class=\"wp-block-heading\">Modello GO: Cinque passi per promuovere in modo sostenibile le competenze di base sul posto di lavoro<\/h3>\n\n\n\n<p>Nel modello GO, il punto di partenza \u00e8 costituito dalla situazione riscontrata sul posto di lavoro. I contenuti dell&#8217;apprendimento sono, per esempio, la comprensione delle istruzioni di lavoro, la creazione di piani di lavoro elettronici e cos\u00ec via. In ogni caso, vengono sempre consideratetutte le competenze di base: dalla comunicazione orale e scritta alla matematica di base, all&#8217;utilizzo delle tecnologie dell\u2019informazione. Poich\u00e9 l&#8217;apprendimento si basa su situazioni concrete, l&#8217;effetto sul processo lavorativo quotidiano \u00e8 immediato, purch\u00e9 il trasferimento delle conoscenze avvenga in maniera organizzata.<\/p>\n\n\n\n<p>Il modello GO \u00e8 un metodo ampiamente testato e ben documentato. Esso costituisce il quadro concettuale della campagna \u00abSemplicemente meglio! &#8230; al lavoro\u00bb della Confederazione e dei Cantoni per promuovere le competenze di base nelle aziende.<\/p>\n\n\n\n<div class=\"wp-block-buttons is-layout-flex wp-block-buttons-is-layout-flex\">\n<div class=\"wp-block-button is-style-minimal\"><a class=\"wp-block-button__link wp-element-button\" href=\"https:\/\/www.meglio-adesso.ch\/betriebe_vorgehen.cfm\" target=\"_blank\" rel=\"noreferrer noopener\">Piattaforma \u00abSemplicemente meglio! &#8230; al lavoro\u00bb<\/a><\/div>\n<\/div>\n\n\n\n<div class=\"wp-block-buttons is-layout-flex wp-block-buttons-is-layout-flex\">\n<div class=\"wp-block-button is-style-minimal\"><a class=\"wp-block-button__link wp-element-button\" href=\"https:\/\/alice.ch\/it\/temi\/competenze-di-base\/go-upskilling-sul-posto-di-lavoro\/il-modello-go\/\" target=\"_blank\" rel=\"noreferrer noopener\">Modello GO e Toolkit GO<\/a><\/div>\n<\/div>\n<\/div>\n","protected":false},"excerpt":{"rendered":"<p>Forme d\u2019apprendimento \u2013 formazione continua rivolta agli adulti in Svizzera La formazione continua pu\u00f2 essere definita come l&#8217;ampliamento e l&#8217;approfondimento [&hellip;]<\/p>\n","protected":false},"author":4,"featured_media":0,"parent":0,"menu_order":0,"comment_status":"closed","ping_status":"closed","template":"","meta":{"_acf_changed":false,"inline_featured_image":false,"footnotes":""},"class_list":["post-1460","page","type-page","status-publish","hentry"],"acf":[],"yoast_head":"<!-- This site is optimized with the Yoast SEO plugin v27.3 - https:\/\/yoast.com\/product\/yoast-seo-wordpress\/ -->\n<title>Forme d\u2019apprendimento - Weiterbildung in KMU<\/title>\n<meta name=\"description\" content=\"In Svizzera esistono diverse forme di apprendimento per la formazione continua degli adulti, che contribuiscono ad ampliare le competenze.\" \/>\n<meta name=\"robots\" content=\"index, follow, max-snippet:-1, max-image-preview:large, max-video-preview:-1\" \/>\n<link rel=\"canonical\" href=\"https:\/\/weiterbildung-in-kmu.ch\/it\/forme-dapprendimento\/\" \/>\n<meta property=\"og:locale\" content=\"it_IT\" \/>\n<meta property=\"og:type\" content=\"article\" \/>\n<meta property=\"og:title\" content=\"Forme d\u2019apprendimento - Weiterbildung in KMU\" \/>\n<meta property=\"og:description\" content=\"In Svizzera esistono diverse forme di apprendimento per la formazione continua degli adulti, che contribuiscono ad ampliare le competenze.\" \/>\n<meta property=\"og:url\" content=\"https:\/\/weiterbildung-in-kmu.ch\/it\/forme-dapprendimento\/\" \/>\n<meta property=\"og:site_name\" content=\"Weiterbildung in KMU\" \/>\n<meta property=\"article:modified_time\" content=\"2023-12-15T14:27:01+00:00\" \/>\n<meta property=\"og:image\" content=\"https:\/\/weiterbildung-in-kmu.ch\/app\/uploads\/sites\/2\/2023\/03\/lernformat-detail.png\" \/>\n<meta name=\"twitter:card\" content=\"summary_large_image\" \/>\n<meta name=\"twitter:label1\" content=\"Tempo di lettura stimato\" \/>\n\t<meta name=\"twitter:data1\" content=\"8 minuti\" \/>\n<script type=\"application\/ld+json\" class=\"yoast-schema-graph\">{\"@context\":\"https:\\\/\\\/schema.org\",\"@graph\":[{\"@type\":\"WebPage\",\"@id\":\"https:\\\/\\\/weiterbildung-in-kmu.ch\\\/it\\\/forme-dapprendimento\\\/\",\"url\":\"https:\\\/\\\/weiterbildung-in-kmu.ch\\\/it\\\/forme-dapprendimento\\\/\",\"name\":\"Forme d\u2019apprendimento - Weiterbildung in KMU\",\"isPartOf\":{\"@id\":\"https:\\\/\\\/weiterbildung-in-kmu.ch\\\/it\\\/#website\"},\"primaryImageOfPage\":{\"@id\":\"https:\\\/\\\/weiterbildung-in-kmu.ch\\\/it\\\/forme-dapprendimento\\\/#primaryimage\"},\"image\":{\"@id\":\"https:\\\/\\\/weiterbildung-in-kmu.ch\\\/it\\\/forme-dapprendimento\\\/#primaryimage\"},\"thumbnailUrl\":\"https:\\\/\\\/weiterbildung-in-kmu.ch\\\/app\\\/uploads\\\/sites\\\/2\\\/2023\\\/03\\\/lernformat-detail.png\",\"datePublished\":\"2023-01-13T07:03:42+00:00\",\"dateModified\":\"2023-12-15T14:27:01+00:00\",\"description\":\"In Svizzera esistono diverse forme di apprendimento per la formazione continua degli adulti, che contribuiscono ad ampliare le competenze.\",\"breadcrumb\":{\"@id\":\"https:\\\/\\\/weiterbildung-in-kmu.ch\\\/it\\\/forme-dapprendimento\\\/#breadcrumb\"},\"inLanguage\":\"it-IT\",\"potentialAction\":[{\"@type\":\"ReadAction\",\"target\":[\"https:\\\/\\\/weiterbildung-in-kmu.ch\\\/it\\\/forme-dapprendimento\\\/\"]}]},{\"@type\":\"ImageObject\",\"inLanguage\":\"it-IT\",\"@id\":\"https:\\\/\\\/weiterbildung-in-kmu.ch\\\/it\\\/forme-dapprendimento\\\/#primaryimage\",\"url\":\"https:\\\/\\\/weiterbildung-in-kmu.ch\\\/app\\\/uploads\\\/sites\\\/2\\\/2023\\\/03\\\/lernformat-detail.png\",\"contentUrl\":\"https:\\\/\\\/weiterbildung-in-kmu.ch\\\/app\\\/uploads\\\/sites\\\/2\\\/2023\\\/03\\\/lernformat-detail.png\"},{\"@type\":\"BreadcrumbList\",\"@id\":\"https:\\\/\\\/weiterbildung-in-kmu.ch\\\/it\\\/forme-dapprendimento\\\/#breadcrumb\",\"itemListElement\":[{\"@type\":\"ListItem\",\"position\":1,\"name\":\"Pagina iniziale\",\"item\":\"https:\\\/\\\/weiterbildung-in-kmu.ch\\\/it\\\/\"},{\"@type\":\"ListItem\",\"position\":2,\"name\":\"Forme d\u2019apprendimento\"}]},{\"@type\":\"WebSite\",\"@id\":\"https:\\\/\\\/weiterbildung-in-kmu.ch\\\/it\\\/#website\",\"url\":\"https:\\\/\\\/weiterbildung-in-kmu.ch\\\/it\\\/\",\"name\":\"Weiterbildung in KMU\",\"description\":\"\",\"publisher\":{\"@id\":\"https:\\\/\\\/weiterbildung-in-kmu.ch\\\/it\\\/#organization\"},\"alternateName\":\"Weiterbildung in kleinen und mittleren Unternehmen\",\"potentialAction\":[{\"@type\":\"SearchAction\",\"target\":{\"@type\":\"EntryPoint\",\"urlTemplate\":\"https:\\\/\\\/weiterbildung-in-kmu.ch\\\/it\\\/?s={search_term_string}\"},\"query-input\":{\"@type\":\"PropertyValueSpecification\",\"valueRequired\":true,\"valueName\":\"search_term_string\"}}],\"inLanguage\":\"it-IT\"},{\"@type\":\"Organization\",\"@id\":\"https:\\\/\\\/weiterbildung-in-kmu.ch\\\/it\\\/#organization\",\"name\":\"SVEB \u2013 Weiterbildung in KMU\",\"alternateName\":\"Weiterbildung in KMU\",\"url\":\"https:\\\/\\\/weiterbildung-in-kmu.ch\\\/it\\\/\",\"logo\":{\"@type\":\"ImageObject\",\"inLanguage\":\"it-IT\",\"@id\":\"https:\\\/\\\/weiterbildung-in-kmu.ch\\\/it\\\/#\\\/schema\\\/logo\\\/image\\\/\",\"url\":\"https:\\\/\\\/weiterbildung-in-kmu.ch\\\/app\\\/uploads\\\/sites\\\/2\\\/2023\\\/03\\\/SVEB_Schriftzug_KMU_D-500px.png\",\"contentUrl\":\"https:\\\/\\\/weiterbildung-in-kmu.ch\\\/app\\\/uploads\\\/sites\\\/2\\\/2023\\\/03\\\/SVEB_Schriftzug_KMU_D-500px.png\",\"width\":500,\"height\":164,\"caption\":\"SVEB \u2013 Weiterbildung in KMU\"},\"image\":{\"@id\":\"https:\\\/\\\/weiterbildung-in-kmu.ch\\\/it\\\/#\\\/schema\\\/logo\\\/image\\\/\"}}]}<\/script>\n<!-- \/ Yoast SEO plugin. -->","yoast_head_json":{"title":"Forme d\u2019apprendimento - Weiterbildung in KMU","description":"In Svizzera esistono diverse forme di apprendimento per la formazione continua degli adulti, che contribuiscono ad ampliare le competenze.","robots":{"index":"index","follow":"follow","max-snippet":"max-snippet:-1","max-image-preview":"max-image-preview:large","max-video-preview":"max-video-preview:-1"},"canonical":"https:\/\/weiterbildung-in-kmu.ch\/it\/forme-dapprendimento\/","og_locale":"it_IT","og_type":"article","og_title":"Forme d\u2019apprendimento - Weiterbildung in KMU","og_description":"In Svizzera esistono diverse forme di apprendimento per la formazione continua degli adulti, che contribuiscono ad ampliare le competenze.","og_url":"https:\/\/weiterbildung-in-kmu.ch\/it\/forme-dapprendimento\/","og_site_name":"Weiterbildung in KMU","article_modified_time":"2023-12-15T14:27:01+00:00","og_image":[{"url":"https:\/\/weiterbildung-in-kmu.ch\/app\/uploads\/sites\/2\/2023\/03\/lernformat-detail.png","type":"","width":"","height":""}],"twitter_card":"summary_large_image","twitter_misc":{"Tempo di lettura stimato":"8 minuti"},"schema":{"@context":"https:\/\/schema.org","@graph":[{"@type":"WebPage","@id":"https:\/\/weiterbildung-in-kmu.ch\/it\/forme-dapprendimento\/","url":"https:\/\/weiterbildung-in-kmu.ch\/it\/forme-dapprendimento\/","name":"Forme d\u2019apprendimento - Weiterbildung in KMU","isPartOf":{"@id":"https:\/\/weiterbildung-in-kmu.ch\/it\/#website"},"primaryImageOfPage":{"@id":"https:\/\/weiterbildung-in-kmu.ch\/it\/forme-dapprendimento\/#primaryimage"},"image":{"@id":"https:\/\/weiterbildung-in-kmu.ch\/it\/forme-dapprendimento\/#primaryimage"},"thumbnailUrl":"https:\/\/weiterbildung-in-kmu.ch\/app\/uploads\/sites\/2\/2023\/03\/lernformat-detail.png","datePublished":"2023-01-13T07:03:42+00:00","dateModified":"2023-12-15T14:27:01+00:00","description":"In Svizzera esistono diverse forme di apprendimento per la formazione continua degli adulti, che contribuiscono ad ampliare le competenze.","breadcrumb":{"@id":"https:\/\/weiterbildung-in-kmu.ch\/it\/forme-dapprendimento\/#breadcrumb"},"inLanguage":"it-IT","potentialAction":[{"@type":"ReadAction","target":["https:\/\/weiterbildung-in-kmu.ch\/it\/forme-dapprendimento\/"]}]},{"@type":"ImageObject","inLanguage":"it-IT","@id":"https:\/\/weiterbildung-in-kmu.ch\/it\/forme-dapprendimento\/#primaryimage","url":"https:\/\/weiterbildung-in-kmu.ch\/app\/uploads\/sites\/2\/2023\/03\/lernformat-detail.png","contentUrl":"https:\/\/weiterbildung-in-kmu.ch\/app\/uploads\/sites\/2\/2023\/03\/lernformat-detail.png"},{"@type":"BreadcrumbList","@id":"https:\/\/weiterbildung-in-kmu.ch\/it\/forme-dapprendimento\/#breadcrumb","itemListElement":[{"@type":"ListItem","position":1,"name":"Pagina iniziale","item":"https:\/\/weiterbildung-in-kmu.ch\/it\/"},{"@type":"ListItem","position":2,"name":"Forme d\u2019apprendimento"}]},{"@type":"WebSite","@id":"https:\/\/weiterbildung-in-kmu.ch\/it\/#website","url":"https:\/\/weiterbildung-in-kmu.ch\/it\/","name":"Weiterbildung in KMU","description":"","publisher":{"@id":"https:\/\/weiterbildung-in-kmu.ch\/it\/#organization"},"alternateName":"Weiterbildung in kleinen und mittleren Unternehmen","potentialAction":[{"@type":"SearchAction","target":{"@type":"EntryPoint","urlTemplate":"https:\/\/weiterbildung-in-kmu.ch\/it\/?s={search_term_string}"},"query-input":{"@type":"PropertyValueSpecification","valueRequired":true,"valueName":"search_term_string"}}],"inLanguage":"it-IT"},{"@type":"Organization","@id":"https:\/\/weiterbildung-in-kmu.ch\/it\/#organization","name":"SVEB \u2013 Weiterbildung in KMU","alternateName":"Weiterbildung in KMU","url":"https:\/\/weiterbildung-in-kmu.ch\/it\/","logo":{"@type":"ImageObject","inLanguage":"it-IT","@id":"https:\/\/weiterbildung-in-kmu.ch\/it\/#\/schema\/logo\/image\/","url":"https:\/\/weiterbildung-in-kmu.ch\/app\/uploads\/sites\/2\/2023\/03\/SVEB_Schriftzug_KMU_D-500px.png","contentUrl":"https:\/\/weiterbildung-in-kmu.ch\/app\/uploads\/sites\/2\/2023\/03\/SVEB_Schriftzug_KMU_D-500px.png","width":500,"height":164,"caption":"SVEB \u2013 Weiterbildung in KMU"},"image":{"@id":"https:\/\/weiterbildung-in-kmu.ch\/it\/#\/schema\/logo\/image\/"}}]}},"_links":{"self":[{"href":"https:\/\/weiterbildung-in-kmu.ch\/it\/wp-json\/wp\/v2\/pages\/1460","targetHints":{"allow":["GET"]}}],"collection":[{"href":"https:\/\/weiterbildung-in-kmu.ch\/it\/wp-json\/wp\/v2\/pages"}],"about":[{"href":"https:\/\/weiterbildung-in-kmu.ch\/it\/wp-json\/wp\/v2\/types\/page"}],"author":[{"embeddable":true,"href":"https:\/\/weiterbildung-in-kmu.ch\/it\/wp-json\/wp\/v2\/users\/4"}],"replies":[{"embeddable":true,"href":"https:\/\/weiterbildung-in-kmu.ch\/it\/wp-json\/wp\/v2\/comments?post=1460"}],"version-history":[{"count":19,"href":"https:\/\/weiterbildung-in-kmu.ch\/it\/wp-json\/wp\/v2\/pages\/1460\/revisions"}],"predecessor-version":[{"id":2346,"href":"https:\/\/weiterbildung-in-kmu.ch\/it\/wp-json\/wp\/v2\/pages\/1460\/revisions\/2346"}],"wp:attachment":[{"href":"https:\/\/weiterbildung-in-kmu.ch\/it\/wp-json\/wp\/v2\/media?parent=1460"}],"curies":[{"name":"wp","href":"https:\/\/api.w.org\/{rel}","templated":true}]}}