{"id":1437,"date":"2023-01-13T08:03:19","date_gmt":"2023-01-13T07:03:19","guid":{"rendered":"https:\/\/weiterbildung-in-kmu.alice.ch\/lernkultur\/"},"modified":"2023-12-15T15:37:07","modified_gmt":"2023-12-15T14:37:07","slug":"cultura-dellapprendimento","status":"publish","type":"page","link":"https:\/\/weiterbildung-in-kmu.ch\/it\/cultura-dellapprendimento\/","title":{"rendered":"Cultura dell&#8217;apprendimento"},"content":{"rendered":"\n<div class=\"wp-block-group is-style-reduced-width is-layout-constrained wp-block-group-is-layout-constrained\">\n<h1 class=\"wp-block-heading\">Cultura dell&#8217;apprendimento nelle PMI<\/h1>\n\n\n\n<p class=\"is-style-lead\">Per cultura dell&#8217;apprendimento si intende l&#8217;insieme dei valori, dei modelli di pensiero, dei modi di agire e delle condizioni quadro di una PMI e dei suoi collaboratori in merito alla promozione e al mantenimento dell&#8217;apprendimento e del trasferimento delle conoscenze. Professioni e funzioni sono oggi in costante cambiamento, cos\u00ec come requisiti e competenze. Con una cultura dell&#8217;apprendimento forte e consolidata, le PMI sostengono i propri collaboratori nelle sfide attuali e future e, cos\u00ec facendo, si assicurano opportunit\u00e0 di differenziazione e competitivit\u00e0.<\/p>\n\n\n\n<figure class=\"wp-block-image size-full is-style-no-border\"><img decoding=\"async\" width=\"950\" height=\"400\" src=\"https:\/\/weiterbildung-in-kmu.ch\/app\/uploads\/sites\/2\/2023\/02\/weiterbildung-in-kmu-lernsituation-sveb.webp\" alt=\"\" class=\"wp-image-1142\" srcset=\"https:\/\/weiterbildung-in-kmu.ch\/app\/uploads\/sites\/2\/2023\/02\/weiterbildung-in-kmu-lernsituation-sveb.webp 950w, https:\/\/weiterbildung-in-kmu.ch\/app\/uploads\/sites\/2\/2023\/02\/weiterbildung-in-kmu-lernsituation-sveb-300x126.webp 300w, https:\/\/weiterbildung-in-kmu.ch\/app\/uploads\/sites\/2\/2023\/02\/weiterbildung-in-kmu-lernsituation-sveb-768x323.webp 768w\" sizes=\"(max-width: 950px) 100vw, 950px\" \/><\/figure>\n\n\n\n<h2 class=\"wp-block-heading\">Sviluppare attivamente le competenze e radicarle in azienda <\/h2>\n\n\n\n<p>La cultura dell&#8217;apprendimento costituisce un aspetto importante della cultura generale di una PMI e ne descrive i valori, gli atteggiamenti, le azioni e le condizioni quadro in merito all&#8217;apprendimento e alle conoscenze \u2013 sia da parte dell&#8217;azienda nel suo complesso sia del suo personale. Essa delinea l&#8217;importanza attribuita dall&#8217;impresa a questi elementi. In primo piano si trovano il processo d\u2019apprendimento e le condizioni quadro per sviluppare attivamente le competenze e consolidarle nell&#8217;organizzazione. In tempi di trasformazione digitale, tuttavia, ci\u00f2 non comprende soltanto la formazione continua formale, ma anche l&#8217;apprendimento agile, auto-organizzato e autonomo. Oltre alle offerte di formazione esterne, alla collaborazione con un ente di formazione e alle formazioni interne, una moderna cultura dell&#8217;apprendimento si basa anche su strumenti di e-learning attuali, sull&#8217;apprendimento informale e sul cambiamento di mentalit\u00e0. Le conoscenze dovrebbero essere parte integrante della vita lavorativa quotidiana, al di l\u00e0 di confini gerarchici e dipartimentali.<\/p>\n\n\n\n<div class=\"wp-block-buttons is-style-three-column-buttons is-layout-flex wp-block-buttons-is-layout-flex\" id=\"js-quicklinks\">\n<div class=\"wp-block-button has-custom-font-size is-style-outline has-medium-font-size is-style-outline--1\"><a class=\"wp-block-button__link wp-element-button\" href=\"https:\/\/weiterbildung-in-kmu.ch\/it\/forme-dapprendimento\/\">Forme d&#8217;apprendimento<\/a><\/div>\n<\/div>\n\n\n\n<h2 class=\"wp-block-heading\">Perch\u00e9 \u00e8 necessaria una cultura dell&#8217;apprendimento nelle PMI?<\/h2>\n\n\n\n<p>I megatrend della digitalizzazione e della trasformazione digitale, la pandemia di Coronavirus e gli attuali cambiamenti geopolitici hanno causato (e stanno ancora causando) profondi cambiamenti. Le conoscenze apprese durante la formazione di base non sono pi\u00f9 sufficienti l&#8217;intera durata della vita professionale di una persona. Negli ultimi anni non solo \u00e8 accelerata la crescita della conoscenza, ma anche la complessit\u00e0 dei contesti. Di conseguenza, \u00e8 cresciuta notevolmente anche la pressione su chi lavora, che si trova oggi sempre pi\u00f9 a dovere apprendere e mettere in pratica in tempi rapidi nuove abilit\u00e0 e competenze. Il concetto di \u00abnecessit\u00e0\u00bb dell\u2019apprendimento permanente non \u00e8 quindi un&#8217;idea di marketing inventata dagli enti di formazione, bens\u00ec una necessit\u00e0 incontestabile. Una cultura dell&#8217;apprendimento forte e radicata costituisce per ogni impresa un importante vantaggio sul mercato.<\/p>\n\n\n\n<h4 class=\"wp-block-heading\">Consigli e buone pratiche<\/h4>\n\n\n\n<ul class=\"wp-block-list\">\n<li>Le competenze devono essere costruite internamente. Ci\u00f2 aumenta non soltanto la competitivit\u00e0 ma anche l&#8217;autonomia dell&#8217;impresa.<\/li>\n\n\n\n<li>Le opportunit\u00e0 d\u2019apprendimento e di sviluppo costituiscono un incentivo per gli attuali collaboratori a restare fedeli all&#8217;azienda _ cos\u00ec come per i potenziali nuovi collaboratori a candidarsi a un posto di lavoro.<\/li>\n\n\n\n<li>Una cultura dell&#8217;apprendimento attivo promuove lo sviluppo di soft skills come l&#8217;autoriflessione, la flessibilit\u00e0, la curiosit\u00e0, il pensiero imprenditoriale e l&#8217;apertura. I cambiamenti vengono altres\u00ec accettati pi\u00f9 rapidamente.<\/li>\n\n\n\n<li>Una forte cultura dell&#8217;apprendimento porta al consolidarsi di una vera e propria \u00aborganizzazione che apprende\u00bb. Ci\u00f2 include la capacit\u00e0 di svilupparsi costantemente e di rispondere in modo proattivo a nuove sfide.<\/li>\n<\/ul>\n\n\n\n<h2 class=\"wp-block-heading\">Fattori chiave per una cultura dell&#8217;apprendimento<\/h2>\n\n\n\n<ul class=\"wp-block-list\">\n<li>L&#8217;apprendimento deve essere piacevole.<\/li>\n\n\n\n<li>L&#8217;apprendimento deve essere flessibile, sia in termini di tempo sia di luogo.<\/li>\n\n\n\n<li>L&#8217;apprendimento deve essere (almeno in parte) digitalizzato, al fine di garantirne la flessibilit\u00e0.<\/li>\n\n\n\n<li>L&#8217;apprendimento deve essere efficiente \u2013 \u00e8 cio\u00e8 meglio una piccola unit\u00e0 di apprendimento ogni settimana piuttosto che soltanto una volta all&#8217;anno durante la \u00abgita aziendale\u00bb.<\/li>\n<\/ul>\n\n\n\n<h2 class=\"wp-block-heading\">Sviluppo e consolidamento di una cultura dell&#8217;apprendimento<\/h2>\n\n\n\n<p>Una cultura dell&#8217;apprendimento in grado di affrontare il futuro nelle PMI si costruisce a partire da tre livelli:<\/p>\n\n\n\n<h3 class=\"wp-block-heading\">Cultura aziendale e concetto di leadership<\/h3>\n\n\n\n<p>Il fabbisogno di personale, compresa la sua pianificazione, deve essere strategicamente allineato alla strategia aziendale. Una PMI deve sapere di quali competenze ha bisogno, sia al momento sia in futuro, e quali aspetti comporta l&#8217;evoluzione dei profili professionali. Il personale specializzato e i quadri dirigenti hanno un&#8217;influenza importante sulla cultura dell&#8217;apprendimento della loro azienda.<\/p>\n\n\n\n<h4 class=\"wp-block-heading\">Consigli e buone pratiche<\/h4>\n\n\n\n<ul class=\"wp-block-list\">\n<li>Vivere la cultura dell&#8217;apprendimento permanente.<\/li>\n\n\n\n<li>Incoraggiare i team a condividere le proprie conoscenze, sia consolidate sia nuove, e a trasformare i punti deboli in punti di forza.<\/li>\n\n\n\n<li>Concedere ai propri collaboratori il tempo necessario per dedicarsi ad apprendere cose nuove. Anche solo un&#8217;ora alla settimana \u00e8 meglio di niente.<\/li>\n\n\n\n<li>La formazione non \u00e8 sempre l&#8217;unica chiave per il successo. Anche la curiosit\u00e0 di sperimentare nuovi metodi e strumenti \u00e8 importante. \u00c8 altres\u00ec essenziale concedere ai propri collaboratori il tempo necessario per scambiarsi informazioni.<\/li>\n\n\n\n<li>Permettere gli errori, perch\u00e9 da essi si pu\u00f2 trarre insegnamento.<\/li>\n<\/ul>\n\n\n\n<h3 class=\"wp-block-heading\">Organizzazione e struttura<\/h3>\n\n\n\n<p>Le tecnologie digitali stanno diventando sempre pi\u00f9 importanti per integrare l&#8217;apprendimento nel modo pi\u00f9 flessibile possibile nella vita lavorativa quotidiana. Le aziende pi\u00f9 grandi si affidano a piattaforme proprie o le creano in collaborazione con un ente di formazione; quelle pi\u00f9 piccole si affidano ad altri canali, come i \u00abWiki\u00bb gratuiti o altre piattaforme pubbliche. La tecnologia \u00e8 oggi cos\u00ec avanzata che anche l&#8217;intelligenza artificiale pu\u00f2 gi\u00e0 essere utilizzata per suggerire ai propri collaboratori i contenuti didattici a loro pi\u00f9 adatti. Allo stesso modo, molti enti di formazione offrono corsi ibridi in parallelo a quelli tradizionali in presenza. Charles Jennings \u00e8 un sostenitore dell&#8217;apprendimento informale: secondo la sua valutazione, il 70% delle competenze viene acquisito nell&#8217;ambito di sfide professionali, il 20% nell&#8217;ambito dello scambio di informazioni con superiori o colleghi e soltanto il 10% grazie alla formazione continua organizzata.<\/p>\n\n\n\n<h4 class=\"wp-block-heading\">Consigli e buone pratiche<\/h4>\n\n\n\n<ul class=\"wp-block-list\">\n<li><strong>Sapere dove trovare le conoscenze: <\/strong>mettere a disposizione dei propri collaboratori una piattaforma su cui condividere le proprie conoscenze \u2013 per esempio un Wiki gratuito per le PMI, come MediaWiki o TikiWiki, o una sezione del proprio sito web. Anche YouTube pu\u00f2 essere uno strumento molto utile.<\/li>\n\n\n\n<li><strong>Job shadowing: <\/strong>i nuovi assunti osservano&nbsp;i colleghi pi\u00f9 esperti nel loro lavoro quotidiano e imparano sul campo. In questo caso \u00e8 raccomandabile un programma di inserimento ben bilanciato, in cui il job shadowing venga richiesto attivamente da parte dei nuovi collaboratori.<\/li>\n\n\n\n<li><strong>Peer-to-peer learning: <\/strong>gli esperti aziendali trasmettono le proprie conoscenze ai colleghi sotto forma di classiche unit\u00e0 di formazione, comunit\u00e0 di apprendimento o anche video autoprodotti e pubblicati su una piattaforma interna. Anche in questo caso, lo sforzo pu\u00f2 essere ridotto al minimo, per esempio registrando i video con un telefono cellulare o utilizzando un software di videoconferenza come Zoom.<\/li>\n\n\n\n<li><strong>Microlearning: <\/strong>mettere a disposizione dei collaboratori unit\u00e0 di apprendimento concise e rapide, sotto forma di brevi seminari (della durata massima di un giorno) o brevi video (in questo caso si consigliano brevi sequenze di non pi\u00f9 di 4 minuti inserite in unit\u00e0 d\u2019apprendimento complessive di non pi\u00f9 di 40 minuti).<\/li>\n<\/ul>\n\n\n\n<h3 class=\"wp-block-heading\">Autoresponsabilit\u00e0<\/h3>\n\n\n\n<p>L&#8217;atteggiamento dei collaboratori \u00e8 particolarmente importante per l\u2019affermazione di una cultura dell&#8217;apprendimento efficace: pi\u00f9 vengono coinvolti, pi\u00f9 attenzione dedicheranno alle conoscenze e all&#8217;apprendimento. Le aziende possono sostenere i propri collaboratori nella valutazione delle proprie lacune, ma anche dare loro la possibilit\u00e0 di concordare il proprio personale percorsod\u2019apprendimento.<\/p>\n\n\n\n<h4 class=\"wp-block-heading\">Consigli e buone pratiche<\/h4>\n\n\n\n<ul class=\"wp-block-list\">\n<li>Tematizzare il tema dell&#8217;apprendimento e del trasferimento delle conoscenze non soltanto durante i colloqui periodici ma pi\u00f9 volte durante l&#8217;anno.<\/li>\n\n\n\n<li>L&#8217;apprendimento permanente \u00e8 una responsabilit\u00e0 sia del datore di lavoro sia dei collaboratori.<\/li>\n<\/ul>\n\n\n\n<h2 class=\"wp-block-heading\">Qual \u00e8 la cultura dell&#8217;apprendimento nella vostra azienda?<\/h2>\n\n\n\n<ul class=\"wp-block-list\">\n<li>Quali opportunit\u00e0 d\u2019apprendimento sono attualmente disponibili?<\/li>\n\n\n\n<li>Oltre alla formazione in presenza vengono utilizzati anche formati d\u2019apprendimento digitale?<\/li>\n\n\n\n<li>L&#8217;apprendimento \u00e8 offerto a tutti i collaboratori (per esempio anche a quelli che non lavorano in ufficio)?<\/li>\n\n\n\n<li>Con quale intensit\u00e0 e regolarit\u00e0 i collaboratori approfittano delle offerte di apprendimento?<\/li>\n\n\n\n<li>Che importanza \u00e8 attribuita all&#8217;apprendimento e alle conoscenze in azienda?<\/li>\n<\/ul>\n\n\n\n<div class=\"wp-block-buttons is-style-three-column-buttons is-layout-flex wp-block-buttons-is-layout-flex\" id=\"js-quicklinks\">\n<div class=\"wp-block-button has-custom-font-size is-style-outline has-medium-font-size is-style-outline--2\"><a class=\"wp-block-button__link wp-element-button\" href=\"https:\/\/weiterbildung-in-kmu.ch\/it\/necessita-di-competenza\/\">Necessit\u00e0 di competenza<\/a><\/div>\n\n\n\n<div class=\"wp-block-button has-custom-font-size is-style-outline has-medium-font-size is-style-outline--3\"><a class=\"wp-block-button__link wp-element-button\" href=\"https:\/\/weiterbildung-in-kmu.ch\/it\/forme-dapprendimento\/\">Forme d\u2019apprendimento<\/a><\/div>\n\n\n\n<div class=\"wp-block-button has-custom-font-size is-style-outline has-medium-font-size is-style-outline--4\"><a class=\"wp-block-button__link wp-element-button\" href=\"https:\/\/weiterbildung-in-kmu.ch\/it\/necessita-di-competenza\/change-management\/processo-di-change-management\/\">Change management<\/a><\/div>\n<\/div>\n\n\n\n<div class=\"wp-block-buttons is-style-three-column-buttons is-layout-flex wp-block-buttons-is-layout-flex\" id=\"js-quicklinks\">\n<div class=\"wp-block-button has-custom-font-size is-style-outline has-medium-font-size is-style-outline--5\"><a class=\"wp-block-button__link wp-element-button\" href=\"https:\/\/weiterbildung-in-kmu.ch\/it\/necessita-di-competenza\/future-skills\/\">Future Skills<\/a><\/div>\n\n\n\n<div class=\"wp-block-button has-custom-font-size is-style-outline has-medium-font-size is-style-outline--6\"><a class=\"wp-block-button__link wp-element-button\" href=\"https:\/\/weiterbildung-in-kmu.ch\/it\/necessita-di-competenza\/carenza-di-personale-qualificato\/\">Carenza di personale qualificato<\/a><\/div>\n<\/div>\n\n\n\n<h2 class=\"wp-block-heading\">Come viene finanziata la formazione continua?<\/h2>\n\n\n\n<p>I costi della formazione possono diventare rapidamente proibitivi, soprattutto per le PMI pi\u00f9 piccole. Ci si chiede pertanto spesso chi debba pagare cosa e se gli impegni formativi costituiscano pi\u00f9 un freno che uno stimolo. Di norma, il datore di lavoro paga i costi delle formazioni da lui stesso richieste. Anche le formazioni introduttive, quelle specifiche per determinati prodotti e i corsi di riqualifica non sono addebitabili ai collaboratori.<\/p>\n\n\n\n<div class=\"wp-block-buttons is-style-three-column-buttons is-layout-flex wp-block-buttons-is-layout-flex\" id=\"js-quicklinks\">\n<div class=\"wp-block-button has-custom-font-size is-style-outline has-medium-font-size is-style-outline--7\"><a class=\"wp-block-button__link wp-element-button\" href=\"https:\/\/weiterbildung-in-kmu.ch\/it\/forme-dapprendimento\/costi-della-formazione-continua\/\">Finanziamento<\/a><\/div>\n<\/div>\n<\/div>\n","protected":false},"excerpt":{"rendered":"<p>Cultura dell&#8217;apprendimento nelle PMI Per cultura dell&#8217;apprendimento si intende l&#8217;insieme dei valori, dei modelli di pensiero, dei modi di agire [&hellip;]<\/p>\n","protected":false},"author":4,"featured_media":0,"parent":0,"menu_order":0,"comment_status":"closed","ping_status":"closed","template":"","meta":{"_acf_changed":false,"inline_featured_image":false,"footnotes":""},"class_list":["post-1437","page","type-page","status-publish","hentry"],"acf":[],"yoast_head":"<!-- This site is optimized with the Yoast SEO plugin v27.3 - https:\/\/yoast.com\/product\/yoast-seo-wordpress\/ -->\n<title>Cultura dell&#039;apprendimento - Weiterbildung in KMU<\/title>\n<meta name=\"description\" content=\"La cultura dell&#039;apprendimento riunisce tutti i valori, i modelli di pensiero, i modi di agire e le condizioni generali di una PMI.\" \/>\n<meta name=\"robots\" content=\"index, follow, max-snippet:-1, max-image-preview:large, max-video-preview:-1\" \/>\n<link rel=\"canonical\" href=\"https:\/\/weiterbildung-in-kmu.ch\/it\/cultura-dellapprendimento\/\" \/>\n<meta property=\"og:locale\" content=\"it_IT\" \/>\n<meta property=\"og:type\" content=\"article\" \/>\n<meta property=\"og:title\" content=\"Cultura dell&#039;apprendimento - Weiterbildung in KMU\" \/>\n<meta property=\"og:description\" content=\"La cultura dell&#039;apprendimento riunisce tutti i valori, i modelli di pensiero, i modi di agire e le condizioni generali di una PMI.\" \/>\n<meta property=\"og:url\" content=\"https:\/\/weiterbildung-in-kmu.ch\/it\/cultura-dellapprendimento\/\" \/>\n<meta property=\"og:site_name\" content=\"Weiterbildung in KMU\" \/>\n<meta property=\"article:modified_time\" content=\"2023-12-15T14:37:07+00:00\" \/>\n<meta property=\"og:image\" content=\"https:\/\/weiterbildung-in-kmu.ch\/app\/uploads\/sites\/2\/2023\/02\/weiterbildung-in-kmu-lernsituation-sveb.webp\" \/>\n<meta name=\"twitter:card\" content=\"summary_large_image\" \/>\n<meta name=\"twitter:label1\" content=\"Tempo di lettura stimato\" \/>\n\t<meta name=\"twitter:data1\" content=\"8 minuti\" \/>\n<script type=\"application\/ld+json\" class=\"yoast-schema-graph\">{\"@context\":\"https:\\\/\\\/schema.org\",\"@graph\":[{\"@type\":\"WebPage\",\"@id\":\"https:\\\/\\\/weiterbildung-in-kmu.ch\\\/it\\\/cultura-dellapprendimento\\\/\",\"url\":\"https:\\\/\\\/weiterbildung-in-kmu.ch\\\/it\\\/cultura-dellapprendimento\\\/\",\"name\":\"Cultura dell'apprendimento - Weiterbildung in KMU\",\"isPartOf\":{\"@id\":\"https:\\\/\\\/weiterbildung-in-kmu.ch\\\/it\\\/#website\"},\"primaryImageOfPage\":{\"@id\":\"https:\\\/\\\/weiterbildung-in-kmu.ch\\\/it\\\/cultura-dellapprendimento\\\/#primaryimage\"},\"image\":{\"@id\":\"https:\\\/\\\/weiterbildung-in-kmu.ch\\\/it\\\/cultura-dellapprendimento\\\/#primaryimage\"},\"thumbnailUrl\":\"https:\\\/\\\/weiterbildung-in-kmu.ch\\\/app\\\/uploads\\\/sites\\\/2\\\/2023\\\/02\\\/weiterbildung-in-kmu-lernsituation-sveb.webp\",\"datePublished\":\"2023-01-13T07:03:19+00:00\",\"dateModified\":\"2023-12-15T14:37:07+00:00\",\"description\":\"La cultura dell'apprendimento riunisce tutti i valori, i modelli di pensiero, i modi di agire e le condizioni generali di una PMI.\",\"breadcrumb\":{\"@id\":\"https:\\\/\\\/weiterbildung-in-kmu.ch\\\/it\\\/cultura-dellapprendimento\\\/#breadcrumb\"},\"inLanguage\":\"it-IT\",\"potentialAction\":[{\"@type\":\"ReadAction\",\"target\":[\"https:\\\/\\\/weiterbildung-in-kmu.ch\\\/it\\\/cultura-dellapprendimento\\\/\"]}]},{\"@type\":\"ImageObject\",\"inLanguage\":\"it-IT\",\"@id\":\"https:\\\/\\\/weiterbildung-in-kmu.ch\\\/it\\\/cultura-dellapprendimento\\\/#primaryimage\",\"url\":\"https:\\\/\\\/weiterbildung-in-kmu.ch\\\/app\\\/uploads\\\/sites\\\/2\\\/2023\\\/02\\\/weiterbildung-in-kmu-lernsituation-sveb.webp\",\"contentUrl\":\"https:\\\/\\\/weiterbildung-in-kmu.ch\\\/app\\\/uploads\\\/sites\\\/2\\\/2023\\\/02\\\/weiterbildung-in-kmu-lernsituation-sveb.webp\"},{\"@type\":\"BreadcrumbList\",\"@id\":\"https:\\\/\\\/weiterbildung-in-kmu.ch\\\/it\\\/cultura-dellapprendimento\\\/#breadcrumb\",\"itemListElement\":[{\"@type\":\"ListItem\",\"position\":1,\"name\":\"Pagina iniziale\",\"item\":\"https:\\\/\\\/weiterbildung-in-kmu.ch\\\/it\\\/\"},{\"@type\":\"ListItem\",\"position\":2,\"name\":\"Cultura dell&#8217;apprendimento\"}]},{\"@type\":\"WebSite\",\"@id\":\"https:\\\/\\\/weiterbildung-in-kmu.ch\\\/it\\\/#website\",\"url\":\"https:\\\/\\\/weiterbildung-in-kmu.ch\\\/it\\\/\",\"name\":\"Weiterbildung in KMU\",\"description\":\"\",\"publisher\":{\"@id\":\"https:\\\/\\\/weiterbildung-in-kmu.ch\\\/it\\\/#organization\"},\"alternateName\":\"Weiterbildung in kleinen und mittleren Unternehmen\",\"potentialAction\":[{\"@type\":\"SearchAction\",\"target\":{\"@type\":\"EntryPoint\",\"urlTemplate\":\"https:\\\/\\\/weiterbildung-in-kmu.ch\\\/it\\\/?s={search_term_string}\"},\"query-input\":{\"@type\":\"PropertyValueSpecification\",\"valueRequired\":true,\"valueName\":\"search_term_string\"}}],\"inLanguage\":\"it-IT\"},{\"@type\":\"Organization\",\"@id\":\"https:\\\/\\\/weiterbildung-in-kmu.ch\\\/it\\\/#organization\",\"name\":\"SVEB \u2013 Weiterbildung in KMU\",\"alternateName\":\"Weiterbildung in KMU\",\"url\":\"https:\\\/\\\/weiterbildung-in-kmu.ch\\\/it\\\/\",\"logo\":{\"@type\":\"ImageObject\",\"inLanguage\":\"it-IT\",\"@id\":\"https:\\\/\\\/weiterbildung-in-kmu.ch\\\/it\\\/#\\\/schema\\\/logo\\\/image\\\/\",\"url\":\"https:\\\/\\\/weiterbildung-in-kmu.ch\\\/app\\\/uploads\\\/sites\\\/2\\\/2023\\\/03\\\/SVEB_Schriftzug_KMU_D-500px.png\",\"contentUrl\":\"https:\\\/\\\/weiterbildung-in-kmu.ch\\\/app\\\/uploads\\\/sites\\\/2\\\/2023\\\/03\\\/SVEB_Schriftzug_KMU_D-500px.png\",\"width\":500,\"height\":164,\"caption\":\"SVEB \u2013 Weiterbildung in KMU\"},\"image\":{\"@id\":\"https:\\\/\\\/weiterbildung-in-kmu.ch\\\/it\\\/#\\\/schema\\\/logo\\\/image\\\/\"}}]}<\/script>\n<!-- \/ Yoast SEO plugin. -->","yoast_head_json":{"title":"Cultura dell'apprendimento - Weiterbildung in KMU","description":"La cultura dell'apprendimento riunisce tutti i valori, i modelli di pensiero, i modi di agire e le condizioni generali di una PMI.","robots":{"index":"index","follow":"follow","max-snippet":"max-snippet:-1","max-image-preview":"max-image-preview:large","max-video-preview":"max-video-preview:-1"},"canonical":"https:\/\/weiterbildung-in-kmu.ch\/it\/cultura-dellapprendimento\/","og_locale":"it_IT","og_type":"article","og_title":"Cultura dell'apprendimento - Weiterbildung in KMU","og_description":"La cultura dell'apprendimento riunisce tutti i valori, i modelli di pensiero, i modi di agire e le condizioni generali di una PMI.","og_url":"https:\/\/weiterbildung-in-kmu.ch\/it\/cultura-dellapprendimento\/","og_site_name":"Weiterbildung in KMU","article_modified_time":"2023-12-15T14:37:07+00:00","og_image":[{"url":"https:\/\/weiterbildung-in-kmu.ch\/app\/uploads\/sites\/2\/2023\/02\/weiterbildung-in-kmu-lernsituation-sveb.webp","type":"","width":"","height":""}],"twitter_card":"summary_large_image","twitter_misc":{"Tempo di lettura stimato":"8 minuti"},"schema":{"@context":"https:\/\/schema.org","@graph":[{"@type":"WebPage","@id":"https:\/\/weiterbildung-in-kmu.ch\/it\/cultura-dellapprendimento\/","url":"https:\/\/weiterbildung-in-kmu.ch\/it\/cultura-dellapprendimento\/","name":"Cultura dell'apprendimento - Weiterbildung in KMU","isPartOf":{"@id":"https:\/\/weiterbildung-in-kmu.ch\/it\/#website"},"primaryImageOfPage":{"@id":"https:\/\/weiterbildung-in-kmu.ch\/it\/cultura-dellapprendimento\/#primaryimage"},"image":{"@id":"https:\/\/weiterbildung-in-kmu.ch\/it\/cultura-dellapprendimento\/#primaryimage"},"thumbnailUrl":"https:\/\/weiterbildung-in-kmu.ch\/app\/uploads\/sites\/2\/2023\/02\/weiterbildung-in-kmu-lernsituation-sveb.webp","datePublished":"2023-01-13T07:03:19+00:00","dateModified":"2023-12-15T14:37:07+00:00","description":"La cultura dell'apprendimento riunisce tutti i valori, i modelli di pensiero, i modi di agire e le condizioni generali di una PMI.","breadcrumb":{"@id":"https:\/\/weiterbildung-in-kmu.ch\/it\/cultura-dellapprendimento\/#breadcrumb"},"inLanguage":"it-IT","potentialAction":[{"@type":"ReadAction","target":["https:\/\/weiterbildung-in-kmu.ch\/it\/cultura-dellapprendimento\/"]}]},{"@type":"ImageObject","inLanguage":"it-IT","@id":"https:\/\/weiterbildung-in-kmu.ch\/it\/cultura-dellapprendimento\/#primaryimage","url":"https:\/\/weiterbildung-in-kmu.ch\/app\/uploads\/sites\/2\/2023\/02\/weiterbildung-in-kmu-lernsituation-sveb.webp","contentUrl":"https:\/\/weiterbildung-in-kmu.ch\/app\/uploads\/sites\/2\/2023\/02\/weiterbildung-in-kmu-lernsituation-sveb.webp"},{"@type":"BreadcrumbList","@id":"https:\/\/weiterbildung-in-kmu.ch\/it\/cultura-dellapprendimento\/#breadcrumb","itemListElement":[{"@type":"ListItem","position":1,"name":"Pagina iniziale","item":"https:\/\/weiterbildung-in-kmu.ch\/it\/"},{"@type":"ListItem","position":2,"name":"Cultura dell&#8217;apprendimento"}]},{"@type":"WebSite","@id":"https:\/\/weiterbildung-in-kmu.ch\/it\/#website","url":"https:\/\/weiterbildung-in-kmu.ch\/it\/","name":"Weiterbildung in KMU","description":"","publisher":{"@id":"https:\/\/weiterbildung-in-kmu.ch\/it\/#organization"},"alternateName":"Weiterbildung in kleinen und mittleren Unternehmen","potentialAction":[{"@type":"SearchAction","target":{"@type":"EntryPoint","urlTemplate":"https:\/\/weiterbildung-in-kmu.ch\/it\/?s={search_term_string}"},"query-input":{"@type":"PropertyValueSpecification","valueRequired":true,"valueName":"search_term_string"}}],"inLanguage":"it-IT"},{"@type":"Organization","@id":"https:\/\/weiterbildung-in-kmu.ch\/it\/#organization","name":"SVEB \u2013 Weiterbildung in KMU","alternateName":"Weiterbildung in KMU","url":"https:\/\/weiterbildung-in-kmu.ch\/it\/","logo":{"@type":"ImageObject","inLanguage":"it-IT","@id":"https:\/\/weiterbildung-in-kmu.ch\/it\/#\/schema\/logo\/image\/","url":"https:\/\/weiterbildung-in-kmu.ch\/app\/uploads\/sites\/2\/2023\/03\/SVEB_Schriftzug_KMU_D-500px.png","contentUrl":"https:\/\/weiterbildung-in-kmu.ch\/app\/uploads\/sites\/2\/2023\/03\/SVEB_Schriftzug_KMU_D-500px.png","width":500,"height":164,"caption":"SVEB \u2013 Weiterbildung in KMU"},"image":{"@id":"https:\/\/weiterbildung-in-kmu.ch\/it\/#\/schema\/logo\/image\/"}}]}},"_links":{"self":[{"href":"https:\/\/weiterbildung-in-kmu.ch\/it\/wp-json\/wp\/v2\/pages\/1437","targetHints":{"allow":["GET"]}}],"collection":[{"href":"https:\/\/weiterbildung-in-kmu.ch\/it\/wp-json\/wp\/v2\/pages"}],"about":[{"href":"https:\/\/weiterbildung-in-kmu.ch\/it\/wp-json\/wp\/v2\/types\/page"}],"author":[{"embeddable":true,"href":"https:\/\/weiterbildung-in-kmu.ch\/it\/wp-json\/wp\/v2\/users\/4"}],"replies":[{"embeddable":true,"href":"https:\/\/weiterbildung-in-kmu.ch\/it\/wp-json\/wp\/v2\/comments?post=1437"}],"version-history":[{"count":33,"href":"https:\/\/weiterbildung-in-kmu.ch\/it\/wp-json\/wp\/v2\/pages\/1437\/revisions"}],"predecessor-version":[{"id":2351,"href":"https:\/\/weiterbildung-in-kmu.ch\/it\/wp-json\/wp\/v2\/pages\/1437\/revisions\/2351"}],"wp:attachment":[{"href":"https:\/\/weiterbildung-in-kmu.ch\/it\/wp-json\/wp\/v2\/media?parent=1437"}],"curies":[{"name":"wp","href":"https:\/\/api.w.org\/{rel}","templated":true}]}}