{"id":1421,"date":"2023-01-13T08:07:59","date_gmt":"2023-01-13T07:07:59","guid":{"rendered":"https:\/\/weiterbildung-in-kmu.alice.ch\/bildungssystem\/"},"modified":"2023-12-15T15:29:21","modified_gmt":"2023-12-15T14:29:21","slug":"sistema-formativo-svizzero","status":"publish","type":"page","link":"https:\/\/weiterbildung-in-kmu.ch\/it\/forme-dapprendimento\/sistema-formativo-svizzero\/","title":{"rendered":"Sistema formativo svizzero"},"content":{"rendered":"\n<div class=\"wp-block-group is-style-reduced-width is-layout-constrained wp-block-group-is-layout-constrained\">\n<h1 class=\"wp-block-heading\">Il sistema formativo svizzero<\/h1>\n\n\n\n<p class=\"is-style-lead\">Il sistema formativo svizzero offre diverse opportunit\u00e0 affinch\u00e9 all&#8217;istruzione di base possano seguire ulteriori formazioni. Istruzione e formazione continuano del resto a rivestire una grande importanza in Svizzera, sia dal punto di vista politico sia da quello sociale. Il sistema formativo pubblico \u00e8 in gran parte finanziato dalla Confederazione e dai Cantoni. Alla scuola dell&#8217;obbligo seguono la formazione professionale di base (apprendistato) e le scuole di cultura generale (scuole specializzate e licei). A livello terziario, oltre alle universit\u00e0 controllate dalla Confederazione o dai Cantoni, sono attivi diversi operatori privati. La formazione continua \u00e8 presente a tutti i livelli e in tutte le aree del sistema formativo \u2013 dai corsi per le competenze di base o di lingua fino ai CAS presso le universit\u00e0.<\/p>\n\n\n\n<h2 class=\"wp-block-heading\">Scuola dell&#8217;obbligo<\/h2>\n\n\n\n<p>La scuola dell&#8217;obbligo dura undici anni. Di norma, i bambini iniziano la scuola all&#8217;et\u00e0 di quattro anni. Il 95% degli alunni frequenta la scuola pubblica, mentre il restante 5% frequenta una scuola privata. La scuola di livello primario, compresa la scuola dell&#8217;infanzia, dura otto anni nella Svizzera tedesca e romanda e sette anni in Ticino. Il successivo livello secondario I comprende tre anni nella Svizzera tedesca e romanda, quattro in Ticino. La responsabilit\u00e0 per la scuola dell&#8217;obbligo cade sotto i Cantoni.<\/p>\n\n\n\n<h2 class=\"wp-block-heading\">Formazione post-obbligatoria (livello secondario II)<\/h2>\n\n\n\n<p>Dopo la scuola dell&#8217;obbligo, circa due terzi dei giovani frequentano un apprendistato che combina scuola e pratica (sistema duale), al cui termine viene rilasciato un attestato di capacit\u00e0 o un diploma di maturit\u00e0 professionale. Il terzo rimanente segue una formazione scolastica presso una scuola specializzata o un liceo. Questi ultimi due tipi di scuola sono finalizzati allo studio in una scuola universitaria.<\/p>\n\n\n\n<h2 class=\"wp-block-heading\">Livello terziario<\/h2>\n\n\n\n<p>Il livello terziario comprende tutti gli istituti di istruzione superiore &#8211; universit\u00e0, scuole universitarie professionali, alte scuole pedagogiche e formazione professionale superiore. Quest&#8217;ultima area \u00e8 rivolta a chi ha completato l&#8217;istruzione post-obbligatoria e desidera specializzarsi o perfezionarsi ulteriormente.<\/p>\n\n\n\n<h2 class=\"wp-block-heading\">Formazione continua<\/h2>\n\n\n\n<p>La formazione continua pu\u00f2 aver luogo a tutti i livelli del sistema formativo. A livello secondario e terziario esiste un&#8217;ampia gamma di corsi che forniscono sia competenze in merito a specifiche tematiche e professioni sia competenze trasversali, come le lingue. Non tutti i programmi di formazione continua possono tuttavia essere attribuiti a un livello specifico. Per esempio, i corsi di sviluppo della personalit\u00e0, i corsi di comunicazione o la formazione sulla sicurezza per i lavoratori edili non appartengono ad alcun determinato livello del sistema formativo.<\/p>\n\n\n\n<p>Il mercato della formazione continua offre un&#8217;ampia gamma di titoli, dall&#8217;attestato interno rilasciato da uno specifico ente di formazione al CAS universitario, ai certificati di associazione o di settore.<\/p>\n\n\n\n<h2 class=\"wp-block-heading\">Recupero formativo \/ qualificazione professionale degli adulti<\/h2>\n\n\n\n<p>Il recupero formativo, vale a dire la qualificazione professionale degli adulti, appartiene all&#8217;area della formazione formale (livello secondario II), anche se \u00e8 strettamente legata alla formazione continua. Attualmente, circa il 10% di tutti i titoli di formazione professionale conseguiti appartengono a questo tipo di formazione &#8211; sono cio\u00e8 ottenuti da adulti di et\u00e0 superiore ai 25 anni. La formazione continua svolge un ruolo importante, per esempio, nella preparazione all&#8217;ammissione diretta alla procedura di qualificazione per l\u2019ottenimento di un titolo della formazione professionale. Inoltre, molte persone hanno bisogno di corsi nell&#8217;area delle competenze di base, in modo da acquisire i prerequisiti per poter poi iniziare un corso di qualificazione professionale degli adulti.<\/p>\n\n\n\n<h2 class=\"wp-block-heading\">Competenze di base<\/h2>\n\n\n\n<p>La promozione delle competenze di base degli adulti supporta le abilit\u00e0 necessarie per partecipare in modo indipendente alla vita sociale e professionale. La Confederazione, insieme ai Cantoni, si impegna a garantire che gli adulti possano mantenere le competenze di base esistenti e acquisirne di nuove. La Legge federale sulla formazione continua (LFCo) definisce le competenze di base come un prerequisito per l&#8217;apprendimento permanente (art. 13) e prevede l&#8217;assistenza finanziaria federale ai Cantoni (art. 16).&nbsp;&nbsp;<\/p>\n\n\n\n<div class=\"wp-block-buttons is-style-three-column-buttons is-layout-flex wp-block-buttons-is-layout-flex\" id=\"js-quicklinks\">\n<div class=\"wp-block-button has-custom-width wp-block-button__width-50 is-style-outline is-style-outline--1\"><a class=\"wp-block-button__link wp-element-button\" href=\"https:\/\/weiterbildung-in-kmu.ch\/it\/necessita-di-competenza\/\">Necessit\u00e0 di competenza<\/a><\/div>\n\n\n\n<div class=\"wp-block-button has-custom-width wp-block-button__width-50 is-style-outline is-style-outline--2\"><a class=\"wp-block-button__link wp-element-button\" href=\"https:\/\/weiterbildung-in-kmu.ch\/it\/necessita-di-competenza\/competenze-di-base\/\">Competenze di base<\/a><\/div>\n<\/div>\n\n\n\n<h3 class=\"wp-block-heading\">Maggiori informazioni<\/h3>\n\n\n\n<div class=\"wp-block-buttons is-layout-flex wp-block-buttons-is-layout-flex\">\n<div class=\"wp-block-button has-custom-width wp-block-button__width-100 has-custom-font-size is-style-minimal has-medium-font-size\"><a class=\"wp-block-button__link wp-element-button\" href=\"https:\/\/www.sbfi.admin.ch\/sbfi\/it\/home\/formazione\/f-c\/competenze-di-base-degli-adulti.html\" target=\"_blank\" rel=\"noreferrer noopener\">Competenze di base degli adulti (panoramica SEFRI)&nbsp;<\/a><\/div>\n<\/div>\n\n\n\n<div class=\"wp-block-buttons is-layout-flex wp-block-buttons-is-layout-flex\">\n<div class=\"wp-block-button has-custom-width wp-block-button__width-100 has-custom-font-size is-style-minimal has-medium-font-size\"><a class=\"wp-block-button__link wp-element-button\" href=\"https:\/\/www.sbfi.admin.ch\/sbfi\/it\/home\/formazione\/f-c\/competenze-di-base-degli-adulti\/promotione-competenze-di-base-degli-adulti.html\" target=\"_blank\" rel=\"noreferrer noopener\">Promozione delle competenze di base degli adulti<\/a><\/div>\n<\/div>\n\n\n\n<div class=\"wp-block-buttons is-layout-flex wp-block-buttons-is-layout-flex\">\n<div class=\"wp-block-button has-custom-width wp-block-button__width-100 has-custom-font-size is-style-minimal has-medium-font-size\"><a class=\"wp-block-button__link wp-element-button\" href=\"https:\/\/www.sbfi.admin.ch\/sbfi\/it\/home\/formazione\/f-c\/formazione-continua-in-azienda\/programma-di-promozione-competenze-di-base-sul-posto-di-lavoro.html\" target=\"_blank\" rel=\"noreferrer noopener\">Programma di promozione &#8220;Semplicemente meglio!&#8230; al lavoro&#8221;<\/a><\/div>\n<\/div>\n\n\n\n<div style=\"height:20px\" aria-hidden=\"true\" class=\"wp-block-spacer\"><\/div>\n\n\n\n<h2 class=\"wp-block-heading\">Particolarit\u00e0 del sistema formativo svizzero<\/h2>\n\n\n\n<p>Il sistema formativo svizzero \u00e8 unico al mondo e viene a volte copiato da altri Paesi. Ci\u00f2 \u00e8 dovuto in particolare all&#8217;alto livello di riconoscimento di cui gode la formazione professionale di base compreso l\u2019apprendistato nel mondo del lavoro. A seconda della loro formazione pregressa, le persone interessate possono facilmente mirare ad altri titoli. Molti enti di formazione applicano il principio \u00abnessun titolo senza possibilit\u00e0 di ulteriori sbocchi\u00bb. Per esempio, chi proviene dal commercio al dettaglio o ha completato un apprendistato commerciale pu\u00f2 seguire diversi corsi di specializzazione &#8211; quali vendita, contabilit\u00e0, marketing, risorse umane o office management.<\/p>\n\n\n\n<h2 class=\"wp-block-heading\">Ulteriori informazioni<\/h2>\n\n\n\n<div class=\"wp-block-buttons is-layout-flex wp-block-buttons-is-layout-flex\">\n<div class=\"wp-block-button has-custom-width wp-block-button__width-100 has-custom-font-size is-style-minimal has-medium-font-size\"><a class=\"wp-block-button__link wp-element-button\" href=\"https:\/\/www.sbfi.admin.ch\/sbfi\/it\/home\/formazione\/spazio-formativo-svizzero\/sistema-formativo-svizzero.html\" target=\"_blank\" rel=\"noreferrer noopener\">Sistema formativo<\/a><\/div>\n<\/div>\n\n\n\n<div class=\"wp-block-buttons is-layout-flex wp-block-buttons-is-layout-flex\">\n<div class=\"wp-block-button has-custom-width wp-block-button__width-100 has-custom-font-size is-style-minimal has-medium-font-size\"><a class=\"wp-block-button__link wp-element-button\" href=\"https:\/\/alice.ch\/fr\/services\/publications-et-produits\/publications\/\" target=\"_blank\" rel=\"noreferrer noopener\">Un ritratto della formazione continua in svizzera (in francese)<\/a><\/div>\n<\/div>\n<\/div>\n","protected":false},"excerpt":{"rendered":"<p>Il sistema formativo svizzero Il sistema formativo svizzero offre diverse opportunit\u00e0 affinch\u00e9 all&#8217;istruzione di base possano seguire ulteriori formazioni. Istruzione [&hellip;]<\/p>\n","protected":false},"author":4,"featured_media":0,"parent":1460,"menu_order":0,"comment_status":"closed","ping_status":"closed","template":"","meta":{"_acf_changed":false,"inline_featured_image":false,"footnotes":""},"class_list":["post-1421","page","type-page","status-publish","hentry"],"acf":[],"yoast_head":"<!-- This site is optimized with the Yoast SEO plugin v27.3 - https:\/\/yoast.com\/product\/yoast-seo-wordpress\/ -->\n<title>Sistema formativo svizzero - Weiterbildung in KMU<\/title>\n<meta name=\"description\" content=\"Il sistema formativo svizzero offre diverse opportunit\u00e0 affinch\u00e9 all&#039;istruzione di base possano seguire ulteriori formazioni.\" \/>\n<meta name=\"robots\" content=\"index, follow, max-snippet:-1, max-image-preview:large, max-video-preview:-1\" \/>\n<link rel=\"canonical\" href=\"https:\/\/weiterbildung-in-kmu.ch\/it\/forme-dapprendimento\/sistema-formativo-svizzero\/\" \/>\n<meta property=\"og:locale\" content=\"it_IT\" \/>\n<meta property=\"og:type\" content=\"article\" \/>\n<meta property=\"og:title\" content=\"Sistema formativo svizzero - Weiterbildung in KMU\" \/>\n<meta property=\"og:description\" content=\"Il sistema formativo svizzero offre diverse opportunit\u00e0 affinch\u00e9 all&#039;istruzione di base possano seguire ulteriori formazioni.\" \/>\n<meta property=\"og:url\" content=\"https:\/\/weiterbildung-in-kmu.ch\/it\/forme-dapprendimento\/sistema-formativo-svizzero\/\" \/>\n<meta property=\"og:site_name\" content=\"Weiterbildung in KMU\" \/>\n<meta property=\"article:modified_time\" content=\"2023-12-15T14:29:21+00:00\" \/>\n<meta property=\"og:image\" content=\"https:\/\/weiterbildung-in-kmu.ch\/app\/uploads\/sites\/2\/2023\/03\/SVEB_Schriftzug_KMU_D-500px.png\" \/>\n\t<meta property=\"og:image:width\" content=\"500\" \/>\n\t<meta property=\"og:image:height\" content=\"164\" \/>\n\t<meta property=\"og:image:type\" content=\"image\/png\" \/>\n<meta name=\"twitter:card\" content=\"summary_large_image\" \/>\n<meta name=\"twitter:label1\" content=\"Tempo di lettura stimato\" \/>\n\t<meta name=\"twitter:data1\" content=\"5 minuti\" \/>\n<script type=\"application\/ld+json\" class=\"yoast-schema-graph\">{\"@context\":\"https:\\\/\\\/schema.org\",\"@graph\":[{\"@type\":\"WebPage\",\"@id\":\"https:\\\/\\\/weiterbildung-in-kmu.ch\\\/it\\\/forme-dapprendimento\\\/sistema-formativo-svizzero\\\/\",\"url\":\"https:\\\/\\\/weiterbildung-in-kmu.ch\\\/it\\\/forme-dapprendimento\\\/sistema-formativo-svizzero\\\/\",\"name\":\"Sistema formativo svizzero - Weiterbildung in KMU\",\"isPartOf\":{\"@id\":\"https:\\\/\\\/weiterbildung-in-kmu.ch\\\/it\\\/#website\"},\"datePublished\":\"2023-01-13T07:07:59+00:00\",\"dateModified\":\"2023-12-15T14:29:21+00:00\",\"description\":\"Il sistema formativo svizzero offre diverse opportunit\u00e0 affinch\u00e9 all'istruzione di base possano seguire ulteriori formazioni.\",\"breadcrumb\":{\"@id\":\"https:\\\/\\\/weiterbildung-in-kmu.ch\\\/it\\\/forme-dapprendimento\\\/sistema-formativo-svizzero\\\/#breadcrumb\"},\"inLanguage\":\"it-IT\",\"potentialAction\":[{\"@type\":\"ReadAction\",\"target\":[\"https:\\\/\\\/weiterbildung-in-kmu.ch\\\/it\\\/forme-dapprendimento\\\/sistema-formativo-svizzero\\\/\"]}]},{\"@type\":\"BreadcrumbList\",\"@id\":\"https:\\\/\\\/weiterbildung-in-kmu.ch\\\/it\\\/forme-dapprendimento\\\/sistema-formativo-svizzero\\\/#breadcrumb\",\"itemListElement\":[{\"@type\":\"ListItem\",\"position\":1,\"name\":\"Pagina iniziale\",\"item\":\"https:\\\/\\\/weiterbildung-in-kmu.ch\\\/it\\\/\"},{\"@type\":\"ListItem\",\"position\":2,\"name\":\"Forme d\u2019apprendimento\",\"item\":\"https:\\\/\\\/weiterbildung-in-kmu.ch\\\/it\\\/forme-dapprendimento\\\/\"},{\"@type\":\"ListItem\",\"position\":3,\"name\":\"Sistema formativo svizzero\"}]},{\"@type\":\"WebSite\",\"@id\":\"https:\\\/\\\/weiterbildung-in-kmu.ch\\\/it\\\/#website\",\"url\":\"https:\\\/\\\/weiterbildung-in-kmu.ch\\\/it\\\/\",\"name\":\"Weiterbildung in KMU\",\"description\":\"\",\"publisher\":{\"@id\":\"https:\\\/\\\/weiterbildung-in-kmu.ch\\\/it\\\/#organization\"},\"alternateName\":\"Weiterbildung in kleinen und mittleren Unternehmen\",\"potentialAction\":[{\"@type\":\"SearchAction\",\"target\":{\"@type\":\"EntryPoint\",\"urlTemplate\":\"https:\\\/\\\/weiterbildung-in-kmu.ch\\\/it\\\/?s={search_term_string}\"},\"query-input\":{\"@type\":\"PropertyValueSpecification\",\"valueRequired\":true,\"valueName\":\"search_term_string\"}}],\"inLanguage\":\"it-IT\"},{\"@type\":\"Organization\",\"@id\":\"https:\\\/\\\/weiterbildung-in-kmu.ch\\\/it\\\/#organization\",\"name\":\"SVEB \u2013 Weiterbildung in KMU\",\"alternateName\":\"Weiterbildung in KMU\",\"url\":\"https:\\\/\\\/weiterbildung-in-kmu.ch\\\/it\\\/\",\"logo\":{\"@type\":\"ImageObject\",\"inLanguage\":\"it-IT\",\"@id\":\"https:\\\/\\\/weiterbildung-in-kmu.ch\\\/it\\\/#\\\/schema\\\/logo\\\/image\\\/\",\"url\":\"https:\\\/\\\/weiterbildung-in-kmu.ch\\\/app\\\/uploads\\\/sites\\\/2\\\/2023\\\/03\\\/SVEB_Schriftzug_KMU_D-500px.png\",\"contentUrl\":\"https:\\\/\\\/weiterbildung-in-kmu.ch\\\/app\\\/uploads\\\/sites\\\/2\\\/2023\\\/03\\\/SVEB_Schriftzug_KMU_D-500px.png\",\"width\":500,\"height\":164,\"caption\":\"SVEB \u2013 Weiterbildung in KMU\"},\"image\":{\"@id\":\"https:\\\/\\\/weiterbildung-in-kmu.ch\\\/it\\\/#\\\/schema\\\/logo\\\/image\\\/\"}}]}<\/script>\n<!-- \/ Yoast SEO plugin. -->","yoast_head_json":{"title":"Sistema formativo svizzero - Weiterbildung in KMU","description":"Il sistema formativo svizzero offre diverse opportunit\u00e0 affinch\u00e9 all'istruzione di base possano seguire ulteriori formazioni.","robots":{"index":"index","follow":"follow","max-snippet":"max-snippet:-1","max-image-preview":"max-image-preview:large","max-video-preview":"max-video-preview:-1"},"canonical":"https:\/\/weiterbildung-in-kmu.ch\/it\/forme-dapprendimento\/sistema-formativo-svizzero\/","og_locale":"it_IT","og_type":"article","og_title":"Sistema formativo svizzero - Weiterbildung in KMU","og_description":"Il sistema formativo svizzero offre diverse opportunit\u00e0 affinch\u00e9 all'istruzione di base possano seguire ulteriori formazioni.","og_url":"https:\/\/weiterbildung-in-kmu.ch\/it\/forme-dapprendimento\/sistema-formativo-svizzero\/","og_site_name":"Weiterbildung in KMU","article_modified_time":"2023-12-15T14:29:21+00:00","og_image":[{"width":500,"height":164,"url":"https:\/\/weiterbildung-in-kmu.ch\/app\/uploads\/sites\/2\/2023\/03\/SVEB_Schriftzug_KMU_D-500px.png","type":"image\/png"}],"twitter_card":"summary_large_image","twitter_misc":{"Tempo di lettura stimato":"5 minuti"},"schema":{"@context":"https:\/\/schema.org","@graph":[{"@type":"WebPage","@id":"https:\/\/weiterbildung-in-kmu.ch\/it\/forme-dapprendimento\/sistema-formativo-svizzero\/","url":"https:\/\/weiterbildung-in-kmu.ch\/it\/forme-dapprendimento\/sistema-formativo-svizzero\/","name":"Sistema formativo svizzero - Weiterbildung in KMU","isPartOf":{"@id":"https:\/\/weiterbildung-in-kmu.ch\/it\/#website"},"datePublished":"2023-01-13T07:07:59+00:00","dateModified":"2023-12-15T14:29:21+00:00","description":"Il sistema formativo svizzero offre diverse opportunit\u00e0 affinch\u00e9 all'istruzione di base possano seguire ulteriori formazioni.","breadcrumb":{"@id":"https:\/\/weiterbildung-in-kmu.ch\/it\/forme-dapprendimento\/sistema-formativo-svizzero\/#breadcrumb"},"inLanguage":"it-IT","potentialAction":[{"@type":"ReadAction","target":["https:\/\/weiterbildung-in-kmu.ch\/it\/forme-dapprendimento\/sistema-formativo-svizzero\/"]}]},{"@type":"BreadcrumbList","@id":"https:\/\/weiterbildung-in-kmu.ch\/it\/forme-dapprendimento\/sistema-formativo-svizzero\/#breadcrumb","itemListElement":[{"@type":"ListItem","position":1,"name":"Pagina iniziale","item":"https:\/\/weiterbildung-in-kmu.ch\/it\/"},{"@type":"ListItem","position":2,"name":"Forme d\u2019apprendimento","item":"https:\/\/weiterbildung-in-kmu.ch\/it\/forme-dapprendimento\/"},{"@type":"ListItem","position":3,"name":"Sistema formativo svizzero"}]},{"@type":"WebSite","@id":"https:\/\/weiterbildung-in-kmu.ch\/it\/#website","url":"https:\/\/weiterbildung-in-kmu.ch\/it\/","name":"Weiterbildung in KMU","description":"","publisher":{"@id":"https:\/\/weiterbildung-in-kmu.ch\/it\/#organization"},"alternateName":"Weiterbildung in kleinen und mittleren Unternehmen","potentialAction":[{"@type":"SearchAction","target":{"@type":"EntryPoint","urlTemplate":"https:\/\/weiterbildung-in-kmu.ch\/it\/?s={search_term_string}"},"query-input":{"@type":"PropertyValueSpecification","valueRequired":true,"valueName":"search_term_string"}}],"inLanguage":"it-IT"},{"@type":"Organization","@id":"https:\/\/weiterbildung-in-kmu.ch\/it\/#organization","name":"SVEB \u2013 Weiterbildung in KMU","alternateName":"Weiterbildung in KMU","url":"https:\/\/weiterbildung-in-kmu.ch\/it\/","logo":{"@type":"ImageObject","inLanguage":"it-IT","@id":"https:\/\/weiterbildung-in-kmu.ch\/it\/#\/schema\/logo\/image\/","url":"https:\/\/weiterbildung-in-kmu.ch\/app\/uploads\/sites\/2\/2023\/03\/SVEB_Schriftzug_KMU_D-500px.png","contentUrl":"https:\/\/weiterbildung-in-kmu.ch\/app\/uploads\/sites\/2\/2023\/03\/SVEB_Schriftzug_KMU_D-500px.png","width":500,"height":164,"caption":"SVEB \u2013 Weiterbildung in KMU"},"image":{"@id":"https:\/\/weiterbildung-in-kmu.ch\/it\/#\/schema\/logo\/image\/"}}]}},"_links":{"self":[{"href":"https:\/\/weiterbildung-in-kmu.ch\/it\/wp-json\/wp\/v2\/pages\/1421","targetHints":{"allow":["GET"]}}],"collection":[{"href":"https:\/\/weiterbildung-in-kmu.ch\/it\/wp-json\/wp\/v2\/pages"}],"about":[{"href":"https:\/\/weiterbildung-in-kmu.ch\/it\/wp-json\/wp\/v2\/types\/page"}],"author":[{"embeddable":true,"href":"https:\/\/weiterbildung-in-kmu.ch\/it\/wp-json\/wp\/v2\/users\/4"}],"replies":[{"embeddable":true,"href":"https:\/\/weiterbildung-in-kmu.ch\/it\/wp-json\/wp\/v2\/comments?post=1421"}],"version-history":[{"count":20,"href":"https:\/\/weiterbildung-in-kmu.ch\/it\/wp-json\/wp\/v2\/pages\/1421\/revisions"}],"predecessor-version":[{"id":2283,"href":"https:\/\/weiterbildung-in-kmu.ch\/it\/wp-json\/wp\/v2\/pages\/1421\/revisions\/2283"}],"up":[{"embeddable":true,"href":"https:\/\/weiterbildung-in-kmu.ch\/it\/wp-json\/wp\/v2\/pages\/1460"}],"wp:attachment":[{"href":"https:\/\/weiterbildung-in-kmu.ch\/it\/wp-json\/wp\/v2\/media?parent=1421"}],"curies":[{"name":"wp","href":"https:\/\/api.w.org\/{rel}","templated":true}]}}