{"id":744,"date":"2023-02-10T13:24:08","date_gmt":"2023-02-10T12:24:08","guid":{"rendered":"https:\/\/weiterbildung-in-kmu.alice.ch\/?page_id=744"},"modified":"2023-12-15T15:23:55","modified_gmt":"2023-12-15T14:23:55","slug":"fr-contact","status":"publish","type":"page","link":"https:\/\/weiterbildung-in-kmu.ch\/fr\/fr-contact\/","title":{"rendered":"Contact"},"content":{"rendered":"\n<div class=\"wp-block-group is-style-reduced-width is-layout-constrained wp-block-group-is-layout-constrained\">\n<div class=\"wp-block-group is-style-default is-layout-flow wp-block-group-is-layout-flow\">\n<h1 class=\"wp-block-heading\">Secr\u00e9tariat romand<\/h1>\n\n\n\n<p>FSEA<br>F\u00e9d\u00e9ration suisse pour la formation continue<br>Rue de Gen\u00e8ve 88<br>1004 Lausanne<\/p>\n\n\n\n<p>+41 (0)22 994 20 10<\/p>\n\n\n\n<p><a href=\"mailto:fsea@alice.ch\" target=\"_blank\" rel=\"noreferrer noopener\">fsea@alice.ch<\/a><\/p>\n<\/div>\n<\/div>\n","protected":false},"excerpt":{"rendered":"<p>Secr\u00e9tariat romand FSEAF\u00e9d\u00e9ration suisse pour la formation continueRue de Gen\u00e8ve 881004 Lausanne +41 (0)22 994 20 10 fsea@alice.ch<\/p>\n","protected":false},"author":1,"featured_media":0,"parent":0,"menu_order":0,"comment_status":"closed","ping_status":"closed","template":"","meta":{"_acf_changed":false,"inline_featured_image":false,"footnotes":""},"class_list":["post-744","page","type-page","status-publish","hentry"],"acf":[],"yoast_head":"<!-- This site is optimized with the Yoast SEO plugin v27.3 - https:\/\/yoast.com\/product\/yoast-seo-wordpress\/ -->\n<title>Contact - Weiterbildung in KMU<\/title>\n<meta name=\"description\" content=\"Secr\u00e9tariat romand: FSEA F\u00e9d\u00e9ration suisse pour la formation continue, Rue de Gen\u00e8ve 88, 1004 Lausanne, +41 (0)22 994 20 10, fsea@alice.ch\" \/>\n<meta name=\"robots\" content=\"index, follow, max-snippet:-1, max-image-preview:large, max-video-preview:-1\" \/>\n<link rel=\"canonical\" href=\"https:\/\/weiterbildung-in-kmu.ch\/fr\/fr-contact\/\" \/>\n<meta property=\"og:locale\" content=\"fr_FR\" \/>\n<meta property=\"og:type\" content=\"article\" \/>\n<meta property=\"og:title\" content=\"Contact - Weiterbildung in KMU\" \/>\n<meta property=\"og:description\" content=\"Secr\u00e9tariat romand: FSEA F\u00e9d\u00e9ration suisse pour la formation continue, Rue de Gen\u00e8ve 88, 1004 Lausanne, +41 (0)22 994 20 10, fsea@alice.ch\" \/>\n<meta property=\"og:url\" content=\"https:\/\/weiterbildung-in-kmu.ch\/fr\/fr-contact\/\" \/>\n<meta property=\"og:site_name\" content=\"Weiterbildung in KMU\" \/>\n<meta property=\"article:modified_time\" content=\"2023-12-15T14:23:55+00:00\" \/>\n<meta property=\"og:image\" content=\"https:\/\/weiterbildung-in-kmu.ch\/app\/uploads\/sites\/2\/2023\/03\/SVEB_Schriftzug_KMU_D-500px.png\" \/>\n\t<meta property=\"og:image:width\" content=\"500\" \/>\n\t<meta property=\"og:image:height\" content=\"164\" \/>\n\t<meta property=\"og:image:type\" content=\"image\/png\" \/>\n<meta name=\"twitter:card\" content=\"summary_large_image\" \/>\n<meta name=\"twitter:label1\" content=\"Dur\u00e9e de lecture estim\u00e9e\" \/>\n\t<meta name=\"twitter:data1\" content=\"1 minute\" \/>\n<script type=\"application\/ld+json\" class=\"yoast-schema-graph\">{\"@context\":\"https:\\\/\\\/schema.org\",\"@graph\":[{\"@type\":\"WebPage\",\"@id\":\"https:\\\/\\\/weiterbildung-in-kmu.ch\\\/fr\\\/fr-contact\\\/\",\"url\":\"https:\\\/\\\/weiterbildung-in-kmu.ch\\\/fr\\\/fr-contact\\\/\",\"name\":\"Contact - Weiterbildung in KMU\",\"isPartOf\":{\"@id\":\"https:\\\/\\\/weiterbildung-in-kmu.ch\\\/fr\\\/#website\"},\"datePublished\":\"2023-02-10T12:24:08+00:00\",\"dateModified\":\"2023-12-15T14:23:55+00:00\",\"description\":\"Secr\u00e9tariat romand: FSEA F\u00e9d\u00e9ration suisse pour la formation continue, Rue de Gen\u00e8ve 88, 1004 Lausanne, +41 (0)22 994 20 10, fsea@alice.ch\",\"breadcrumb\":{\"@id\":\"https:\\\/\\\/weiterbildung-in-kmu.ch\\\/fr\\\/fr-contact\\\/#breadcrumb\"},\"inLanguage\":\"fr-FR\",\"potentialAction\":[{\"@type\":\"ReadAction\",\"target\":[\"https:\\\/\\\/weiterbildung-in-kmu.ch\\\/fr\\\/fr-contact\\\/\"]}]},{\"@type\":\"BreadcrumbList\",\"@id\":\"https:\\\/\\\/weiterbildung-in-kmu.ch\\\/fr\\\/fr-contact\\\/#breadcrumb\",\"itemListElement\":[{\"@type\":\"ListItem\",\"position\":1,\"name\":\"Page d\u2019accueil\",\"item\":\"https:\\\/\\\/weiterbildung-in-kmu.ch\\\/fr\\\/\"},{\"@type\":\"ListItem\",\"position\":2,\"name\":\"Contact\"}]},{\"@type\":\"WebSite\",\"@id\":\"https:\\\/\\\/weiterbildung-in-kmu.ch\\\/fr\\\/#website\",\"url\":\"https:\\\/\\\/weiterbildung-in-kmu.ch\\\/fr\\\/\",\"name\":\"Weiterbildung in KMU\",\"description\":\"\",\"publisher\":{\"@id\":\"https:\\\/\\\/weiterbildung-in-kmu.ch\\\/fr\\\/#organization\"},\"alternateName\":\"Weiterbildung in kleinen und mittleren Unternehmen\",\"potentialAction\":[{\"@type\":\"SearchAction\",\"target\":{\"@type\":\"EntryPoint\",\"urlTemplate\":\"https:\\\/\\\/weiterbildung-in-kmu.ch\\\/fr\\\/?s={search_term_string}\"},\"query-input\":{\"@type\":\"PropertyValueSpecification\",\"valueRequired\":true,\"valueName\":\"search_term_string\"}}],\"inLanguage\":\"fr-FR\"},{\"@type\":\"Organization\",\"@id\":\"https:\\\/\\\/weiterbildung-in-kmu.ch\\\/fr\\\/#organization\",\"name\":\"SVEB \u2013 Weiterbildung in KMU\",\"alternateName\":\"Weiterbildung in KMU\",\"url\":\"https:\\\/\\\/weiterbildung-in-kmu.ch\\\/fr\\\/\",\"logo\":{\"@type\":\"ImageObject\",\"inLanguage\":\"fr-FR\",\"@id\":\"https:\\\/\\\/weiterbildung-in-kmu.ch\\\/fr\\\/#\\\/schema\\\/logo\\\/image\\\/\",\"url\":\"https:\\\/\\\/weiterbildung-in-kmu.ch\\\/app\\\/uploads\\\/sites\\\/2\\\/2023\\\/03\\\/SVEB_Schriftzug_KMU_D-500px.png\",\"contentUrl\":\"https:\\\/\\\/weiterbildung-in-kmu.ch\\\/app\\\/uploads\\\/sites\\\/2\\\/2023\\\/03\\\/SVEB_Schriftzug_KMU_D-500px.png\",\"width\":500,\"height\":164,\"caption\":\"SVEB \u2013 Weiterbildung in KMU\"},\"image\":{\"@id\":\"https:\\\/\\\/weiterbildung-in-kmu.ch\\\/fr\\\/#\\\/schema\\\/logo\\\/image\\\/\"}}]}<\/script>\n<!-- \/ Yoast SEO plugin. -->","yoast_head_json":{"title":"Contact - Weiterbildung in KMU","description":"Secr\u00e9tariat romand: FSEA F\u00e9d\u00e9ration suisse pour la formation continue, Rue de Gen\u00e8ve 88, 1004 Lausanne, +41 (0)22 994 20 10, fsea@alice.ch","robots":{"index":"index","follow":"follow","max-snippet":"max-snippet:-1","max-image-preview":"max-image-preview:large","max-video-preview":"max-video-preview:-1"},"canonical":"https:\/\/weiterbildung-in-kmu.ch\/fr\/fr-contact\/","og_locale":"fr_FR","og_type":"article","og_title":"Contact - Weiterbildung in KMU","og_description":"Secr\u00e9tariat romand: FSEA F\u00e9d\u00e9ration suisse pour la formation continue, Rue de Gen\u00e8ve 88, 1004 Lausanne, +41 (0)22 994 20 10, fsea@alice.ch","og_url":"https:\/\/weiterbildung-in-kmu.ch\/fr\/fr-contact\/","og_site_name":"Weiterbildung in KMU","article_modified_time":"2023-12-15T14:23:55+00:00","og_image":[{"width":500,"height":164,"url":"https:\/\/weiterbildung-in-kmu.ch\/app\/uploads\/sites\/2\/2023\/03\/SVEB_Schriftzug_KMU_D-500px.png","type":"image\/png"}],"twitter_card":"summary_large_image","twitter_misc":{"Dur\u00e9e de lecture estim\u00e9e":"1 minute"},"schema":{"@context":"https:\/\/schema.org","@graph":[{"@type":"WebPage","@id":"https:\/\/weiterbildung-in-kmu.ch\/fr\/fr-contact\/","url":"https:\/\/weiterbildung-in-kmu.ch\/fr\/fr-contact\/","name":"Contact - Weiterbildung in KMU","isPartOf":{"@id":"https:\/\/weiterbildung-in-kmu.ch\/fr\/#website"},"datePublished":"2023-02-10T12:24:08+00:00","dateModified":"2023-12-15T14:23:55+00:00","description":"Secr\u00e9tariat romand: FSEA F\u00e9d\u00e9ration suisse pour la formation continue, Rue de Gen\u00e8ve 88, 1004 Lausanne, +41 (0)22 994 20 10, fsea@alice.ch","breadcrumb":{"@id":"https:\/\/weiterbildung-in-kmu.ch\/fr\/fr-contact\/#breadcrumb"},"inLanguage":"fr-FR","potentialAction":[{"@type":"ReadAction","target":["https:\/\/weiterbildung-in-kmu.ch\/fr\/fr-contact\/"]}]},{"@type":"BreadcrumbList","@id":"https:\/\/weiterbildung-in-kmu.ch\/fr\/fr-contact\/#breadcrumb","itemListElement":[{"@type":"ListItem","position":1,"name":"Page d\u2019accueil","item":"https:\/\/weiterbildung-in-kmu.ch\/fr\/"},{"@type":"ListItem","position":2,"name":"Contact"}]},{"@type":"WebSite","@id":"https:\/\/weiterbildung-in-kmu.ch\/fr\/#website","url":"https:\/\/weiterbildung-in-kmu.ch\/fr\/","name":"Weiterbildung in KMU","description":"","publisher":{"@id":"https:\/\/weiterbildung-in-kmu.ch\/fr\/#organization"},"alternateName":"Weiterbildung in kleinen und mittleren Unternehmen","potentialAction":[{"@type":"SearchAction","target":{"@type":"EntryPoint","urlTemplate":"https:\/\/weiterbildung-in-kmu.ch\/fr\/?s={search_term_string}"},"query-input":{"@type":"PropertyValueSpecification","valueRequired":true,"valueName":"search_term_string"}}],"inLanguage":"fr-FR"},{"@type":"Organization","@id":"https:\/\/weiterbildung-in-kmu.ch\/fr\/#organization","name":"SVEB \u2013 Weiterbildung in KMU","alternateName":"Weiterbildung in KMU","url":"https:\/\/weiterbildung-in-kmu.ch\/fr\/","logo":{"@type":"ImageObject","inLanguage":"fr-FR","@id":"https:\/\/weiterbildung-in-kmu.ch\/fr\/#\/schema\/logo\/image\/","url":"https:\/\/weiterbildung-in-kmu.ch\/app\/uploads\/sites\/2\/2023\/03\/SVEB_Schriftzug_KMU_D-500px.png","contentUrl":"https:\/\/weiterbildung-in-kmu.ch\/app\/uploads\/sites\/2\/2023\/03\/SVEB_Schriftzug_KMU_D-500px.png","width":500,"height":164,"caption":"SVEB \u2013 Weiterbildung in KMU"},"image":{"@id":"https:\/\/weiterbildung-in-kmu.ch\/fr\/#\/schema\/logo\/image\/"}}]}},"_links":{"self":[{"href":"https:\/\/weiterbildung-in-kmu.ch\/fr\/wp-json\/wp\/v2\/pages\/744","targetHints":{"allow":["GET"]}}],"collection":[{"href":"https:\/\/weiterbildung-in-kmu.ch\/fr\/wp-json\/wp\/v2\/pages"}],"about":[{"href":"https:\/\/weiterbildung-in-kmu.ch\/fr\/wp-json\/wp\/v2\/types\/page"}],"author":[{"embeddable":true,"href":"https:\/\/weiterbildung-in-kmu.ch\/fr\/wp-json\/wp\/v2\/users\/1"}],"replies":[{"embeddable":true,"href":"https:\/\/weiterbildung-in-kmu.ch\/fr\/wp-json\/wp\/v2\/comments?post=744"}],"version-history":[{"count":4,"href":"https:\/\/weiterbildung-in-kmu.ch\/fr\/wp-json\/wp\/v2\/pages\/744\/revisions"}],"predecessor-version":[{"id":2343,"href":"https:\/\/weiterbildung-in-kmu.ch\/fr\/wp-json\/wp\/v2\/pages\/744\/revisions\/2343"}],"wp:attachment":[{"href":"https:\/\/weiterbildung-in-kmu.ch\/fr\/wp-json\/wp\/v2\/media?parent=744"}],"curies":[{"name":"wp","href":"https:\/\/api.w.org\/{rel}","templated":true}]}}