{"id":516,"date":"2023-01-13T16:36:29","date_gmt":"2023-01-13T15:36:29","guid":{"rendered":"https:\/\/weiterbildung-in-kmu.alice.ch\/?page_id=516"},"modified":"2023-12-15T15:17:55","modified_gmt":"2023-12-15T14:17:55","slug":"les-capacites-numeriques-de-base","status":"publish","type":"page","link":"https:\/\/weiterbildung-in-kmu.ch\/fr\/connaissances-supplementaires\/future-skills\/les-capacites-numeriques-de-base\/","title":{"rendered":"Les capacit\u00e9s num\u00e9riques de base"},"content":{"rendered":"\n<div class=\"wp-block-group is-style-reduced-width is-layout-constrained wp-block-group-is-layout-constrained\">\n<h1 class=\"wp-block-heading\">Les capacit\u00e9s num\u00e9riques de base&nbsp;: essentielles en p\u00e9riode de changement<\/h1>\n\n\n\n<p class=\"is-style-lead\">Tandis que les aptitudes technologiques sp\u00e9cifiques sont surtout r\u00e9serv\u00e9es aux sp\u00e9cialistes et experts, tout le monde, \u00e0 tout \u00e2ge de la vie, doit disposer de capacit\u00e9s num\u00e9riques de base.<\/p>\n\n\n\n<h2 class=\"wp-block-heading\">Capacit\u00e9 num\u00e9rique de base: comp\u00e9tences num\u00e9riques<\/h2>\n\n\n\n<p>Les capacit\u00e9s num\u00e9riques de base incluent notamment la gestion consciencieuse des donn\u00e9es personnelles sur les canaux num\u00e9riques (quelles donn\u00e9es puis-je partager sur les r\u00e9seaux sociaux?) et la ma\u00eetrise des logiciels les plus courants (programmes Microsoft, Adobe, syst\u00e8me de gestion du contenu).<\/p>\n\n\n\n<h2 class=\"wp-block-heading\">Capacit\u00e9 num\u00e9rique de base: interaction num\u00e9rique<\/h2>\n\n\n\n<p>Pour de nombreuses personnes, les canaux num\u00e9riques sont synonymes d\u2019anonymat. On a un peu moins d\u2019appr\u00e9hension \u00e0 exprimer son avis sur des plates-formes populaires ou des sites de notation. Il faut dire que la confrontation a lieu dans un cadre virtuel. La capacit\u00e9 de base \u00abInteraction num\u00e9rique\u00bb n\u00e9cessite de comprendre les autres usagers sur le Net, de les accepter et d\u2019avoir un comportement adapt\u00e9 \u00e0 leur \u00e9gard. Les PME peuvent d\u00e9finir ces \u00abr\u00e8gles de bonne conduite\u00bb num\u00e9riques pour leur personnel.<\/p>\n\n\n\n<h2 class=\"wp-block-heading\">Capacit\u00e9 num\u00e9rique de base: travail agile et travail collaboratif<\/h2>\n\n\n\n<p>Le client est aujourd\u2019hui au centre de l\u2019attention. Pour les PME, l\u2019objectif quotidien est simple: lui offrir une valeur ajout\u00e9e. M\u00e9thode de travail agile, flexibilit\u00e9 \u00e9lev\u00e9e, grande r\u00e9activit\u00e9 et productivit\u00e9 \u00e9lev\u00e9e: telles sont les exigences du client de nos jours. Une m\u00e9thode de travail agile optimise la mani\u00e8re dont les \u00e9quipes collaborent et d\u00e9finit qui peut prendre les d\u00e9cisions. Le travail collaboratif n\u2019est pas la m\u00eame chose que le travail d\u2019\u00e9quipe. Concernant ce dernier, l\u2019\u00e9quipe travaille sur un objectif commun, mais ses membres travaillent les uns \u00e0 c\u00f4t\u00e9 des autres. Le travail collaboratif implique quant \u00e0 lui une collaboration plus \u00e9troite. Tous les collaborateurs et collaboratrices impliqu\u00e9s peuvent travailler ensemble sur un m\u00eame projet. Des applications modernes simplifient cette \u00e9tape et garantissent une collaboration optimis\u00e9e et une communication plus efficace. Elles \u00e9vitent aussi que des t\u00e2ches ne soient ex\u00e9cut\u00e9es deux fois et favorisent une culture du feed-back imm\u00e9diate.<\/p>\n\n\n\n<h2 class=\"wp-block-heading\">Capacit\u00e9 num\u00e9rique de base: apprentissage num\u00e9rique <\/h2>\n\n\n\n<p>L\u2019apprentissage n\u2019est plus li\u00e9 \u00e0 un endroit pr\u00e9cis: il est devenu beaucoup plus ind\u00e9pendant. La pand\u00e9mie de Covid-19 a aussi contraint les prestataires de formation \u00e0 rendre leur offre de formation plus flexible, alors que celle-ci \u00e9tait auparavant propos\u00e9e sur site, dans un format classique en pr\u00e9sentiel. L\u2019apprentissage num\u00e9rique permet d\u2019apprendre ind\u00e9pendamment du lieu et du moment car les contenus de formation sont disponibles 24&nbsp;heures sur 24, 7&nbsp;jours sur 7. Cela facilite l\u2019apprentissage car la quantit\u00e9 de connaissances \u00e0 apprendre peut \u00eatre d\u00e9finie individuellement. En revanche, l\u2019apprentissage num\u00e9rique implique aussi d\u2019\u00eatre autonome. L&rsquo;apprentissage ne se fait plus n\u00e9cessairement chez le prestataire de formation. Chaque personne en formation est tenue de se responsabiliser et d\u2019apprendre de mani\u00e8re informelle sur des plates-formes en ligne telles que YouTube.<\/p>\n<\/div>\n","protected":false},"excerpt":{"rendered":"<p>Les capacit\u00e9s num\u00e9riques de base&nbsp;: essentielles en p\u00e9riode de changement Tandis que les aptitudes technologiques sp\u00e9cifiques sont surtout r\u00e9serv\u00e9es aux [&hellip;]<\/p>\n","protected":false},"author":4,"featured_media":0,"parent":515,"menu_order":0,"comment_status":"closed","ping_status":"closed","template":"","meta":{"_acf_changed":false,"inline_featured_image":false,"footnotes":""},"class_list":["post-516","page","type-page","status-publish","hentry"],"acf":[],"yoast_head":"<!-- This site is optimized with the Yoast SEO plugin v27.3 - https:\/\/yoast.com\/product\/yoast-seo-wordpress\/ -->\n<title>Les capacit\u00e9s num\u00e9riques de base - Weiterbildung in KMU<\/title>\n<meta name=\"description\" content=\"La num\u00e9risation croissante fait des capacit\u00e9s num\u00e9riques de base une n\u00e9cessit\u00e9 pour chacun, ind\u00e9pendamment de l&#039;\u00e2ge ou de la profession.\" \/>\n<meta name=\"robots\" content=\"index, follow, max-snippet:-1, max-image-preview:large, max-video-preview:-1\" \/>\n<link rel=\"canonical\" href=\"https:\/\/weiterbildung-in-kmu.ch\/fr\/connaissances-supplementaires\/future-skills\/les-capacites-numeriques-de-base\/\" \/>\n<meta property=\"og:locale\" content=\"fr_FR\" \/>\n<meta property=\"og:type\" content=\"article\" \/>\n<meta property=\"og:title\" content=\"Les capacit\u00e9s num\u00e9riques de base - Weiterbildung in KMU\" \/>\n<meta property=\"og:description\" content=\"La num\u00e9risation croissante fait des capacit\u00e9s num\u00e9riques de base une n\u00e9cessit\u00e9 pour chacun, ind\u00e9pendamment de l&#039;\u00e2ge ou de la profession.\" \/>\n<meta property=\"og:url\" content=\"https:\/\/weiterbildung-in-kmu.ch\/fr\/connaissances-supplementaires\/future-skills\/les-capacites-numeriques-de-base\/\" \/>\n<meta property=\"og:site_name\" content=\"Weiterbildung in KMU\" \/>\n<meta property=\"article:modified_time\" content=\"2023-12-15T14:17:55+00:00\" \/>\n<meta property=\"og:image\" content=\"https:\/\/weiterbildung-in-kmu.ch\/app\/uploads\/sites\/2\/2023\/03\/SVEB_Schriftzug_KMU_D-500px.png\" \/>\n\t<meta property=\"og:image:width\" content=\"500\" \/>\n\t<meta property=\"og:image:height\" content=\"164\" \/>\n\t<meta property=\"og:image:type\" content=\"image\/png\" \/>\n<meta name=\"twitter:card\" content=\"summary_large_image\" \/>\n<meta name=\"twitter:label1\" content=\"Dur\u00e9e de lecture estim\u00e9e\" \/>\n\t<meta name=\"twitter:data1\" content=\"3 minutes\" \/>\n<script type=\"application\/ld+json\" class=\"yoast-schema-graph\">{\"@context\":\"https:\\\/\\\/schema.org\",\"@graph\":[{\"@type\":\"WebPage\",\"@id\":\"https:\\\/\\\/weiterbildung-in-kmu.ch\\\/fr\\\/connaissances-supplementaires\\\/future-skills\\\/les-capacites-numeriques-de-base\\\/\",\"url\":\"https:\\\/\\\/weiterbildung-in-kmu.ch\\\/fr\\\/connaissances-supplementaires\\\/future-skills\\\/les-capacites-numeriques-de-base\\\/\",\"name\":\"Les capacit\u00e9s num\u00e9riques de base - Weiterbildung in KMU\",\"isPartOf\":{\"@id\":\"https:\\\/\\\/weiterbildung-in-kmu.ch\\\/fr\\\/#website\"},\"datePublished\":\"2023-01-13T15:36:29+00:00\",\"dateModified\":\"2023-12-15T14:17:55+00:00\",\"description\":\"La num\u00e9risation croissante fait des capacit\u00e9s num\u00e9riques de base une n\u00e9cessit\u00e9 pour chacun, ind\u00e9pendamment de l'\u00e2ge ou de la profession.\",\"breadcrumb\":{\"@id\":\"https:\\\/\\\/weiterbildung-in-kmu.ch\\\/fr\\\/connaissances-supplementaires\\\/future-skills\\\/les-capacites-numeriques-de-base\\\/#breadcrumb\"},\"inLanguage\":\"fr-FR\",\"potentialAction\":[{\"@type\":\"ReadAction\",\"target\":[\"https:\\\/\\\/weiterbildung-in-kmu.ch\\\/fr\\\/connaissances-supplementaires\\\/future-skills\\\/les-capacites-numeriques-de-base\\\/\"]}]},{\"@type\":\"BreadcrumbList\",\"@id\":\"https:\\\/\\\/weiterbildung-in-kmu.ch\\\/fr\\\/connaissances-supplementaires\\\/future-skills\\\/les-capacites-numeriques-de-base\\\/#breadcrumb\",\"itemListElement\":[{\"@type\":\"ListItem\",\"position\":1,\"name\":\"Page d\u2019accueil\",\"item\":\"https:\\\/\\\/weiterbildung-in-kmu.ch\\\/fr\\\/\"},{\"@type\":\"ListItem\",\"position\":2,\"name\":\"Connaissances suppl\u00e9mentaires\",\"item\":\"https:\\\/\\\/weiterbildung-in-kmu.ch\\\/fr\\\/connaissances-supplementaires\\\/\"},{\"@type\":\"ListItem\",\"position\":3,\"name\":\"Future Skills\",\"item\":\"https:\\\/\\\/weiterbildung-in-kmu.ch\\\/fr\\\/connaissances-supplementaires\\\/future-skills\\\/\"},{\"@type\":\"ListItem\",\"position\":4,\"name\":\"Les capacit\u00e9s num\u00e9riques de base\"}]},{\"@type\":\"WebSite\",\"@id\":\"https:\\\/\\\/weiterbildung-in-kmu.ch\\\/fr\\\/#website\",\"url\":\"https:\\\/\\\/weiterbildung-in-kmu.ch\\\/fr\\\/\",\"name\":\"Weiterbildung in KMU\",\"description\":\"\",\"publisher\":{\"@id\":\"https:\\\/\\\/weiterbildung-in-kmu.ch\\\/fr\\\/#organization\"},\"alternateName\":\"Weiterbildung in kleinen und mittleren Unternehmen\",\"potentialAction\":[{\"@type\":\"SearchAction\",\"target\":{\"@type\":\"EntryPoint\",\"urlTemplate\":\"https:\\\/\\\/weiterbildung-in-kmu.ch\\\/fr\\\/?s={search_term_string}\"},\"query-input\":{\"@type\":\"PropertyValueSpecification\",\"valueRequired\":true,\"valueName\":\"search_term_string\"}}],\"inLanguage\":\"fr-FR\"},{\"@type\":\"Organization\",\"@id\":\"https:\\\/\\\/weiterbildung-in-kmu.ch\\\/fr\\\/#organization\",\"name\":\"SVEB \u2013 Weiterbildung in KMU\",\"alternateName\":\"Weiterbildung in KMU\",\"url\":\"https:\\\/\\\/weiterbildung-in-kmu.ch\\\/fr\\\/\",\"logo\":{\"@type\":\"ImageObject\",\"inLanguage\":\"fr-FR\",\"@id\":\"https:\\\/\\\/weiterbildung-in-kmu.ch\\\/fr\\\/#\\\/schema\\\/logo\\\/image\\\/\",\"url\":\"https:\\\/\\\/weiterbildung-in-kmu.ch\\\/app\\\/uploads\\\/sites\\\/2\\\/2023\\\/03\\\/SVEB_Schriftzug_KMU_D-500px.png\",\"contentUrl\":\"https:\\\/\\\/weiterbildung-in-kmu.ch\\\/app\\\/uploads\\\/sites\\\/2\\\/2023\\\/03\\\/SVEB_Schriftzug_KMU_D-500px.png\",\"width\":500,\"height\":164,\"caption\":\"SVEB \u2013 Weiterbildung in KMU\"},\"image\":{\"@id\":\"https:\\\/\\\/weiterbildung-in-kmu.ch\\\/fr\\\/#\\\/schema\\\/logo\\\/image\\\/\"}}]}<\/script>\n<!-- \/ Yoast SEO plugin. -->","yoast_head_json":{"title":"Les capacit\u00e9s num\u00e9riques de base - Weiterbildung in KMU","description":"La num\u00e9risation croissante fait des capacit\u00e9s num\u00e9riques de base une n\u00e9cessit\u00e9 pour chacun, ind\u00e9pendamment de l'\u00e2ge ou de la profession.","robots":{"index":"index","follow":"follow","max-snippet":"max-snippet:-1","max-image-preview":"max-image-preview:large","max-video-preview":"max-video-preview:-1"},"canonical":"https:\/\/weiterbildung-in-kmu.ch\/fr\/connaissances-supplementaires\/future-skills\/les-capacites-numeriques-de-base\/","og_locale":"fr_FR","og_type":"article","og_title":"Les capacit\u00e9s num\u00e9riques de base - Weiterbildung in KMU","og_description":"La num\u00e9risation croissante fait des capacit\u00e9s num\u00e9riques de base une n\u00e9cessit\u00e9 pour chacun, ind\u00e9pendamment de l'\u00e2ge ou de la profession.","og_url":"https:\/\/weiterbildung-in-kmu.ch\/fr\/connaissances-supplementaires\/future-skills\/les-capacites-numeriques-de-base\/","og_site_name":"Weiterbildung in KMU","article_modified_time":"2023-12-15T14:17:55+00:00","og_image":[{"width":500,"height":164,"url":"https:\/\/weiterbildung-in-kmu.ch\/app\/uploads\/sites\/2\/2023\/03\/SVEB_Schriftzug_KMU_D-500px.png","type":"image\/png"}],"twitter_card":"summary_large_image","twitter_misc":{"Dur\u00e9e de lecture estim\u00e9e":"3 minutes"},"schema":{"@context":"https:\/\/schema.org","@graph":[{"@type":"WebPage","@id":"https:\/\/weiterbildung-in-kmu.ch\/fr\/connaissances-supplementaires\/future-skills\/les-capacites-numeriques-de-base\/","url":"https:\/\/weiterbildung-in-kmu.ch\/fr\/connaissances-supplementaires\/future-skills\/les-capacites-numeriques-de-base\/","name":"Les capacit\u00e9s num\u00e9riques de base - Weiterbildung in KMU","isPartOf":{"@id":"https:\/\/weiterbildung-in-kmu.ch\/fr\/#website"},"datePublished":"2023-01-13T15:36:29+00:00","dateModified":"2023-12-15T14:17:55+00:00","description":"La num\u00e9risation croissante fait des capacit\u00e9s num\u00e9riques de base une n\u00e9cessit\u00e9 pour chacun, ind\u00e9pendamment de l'\u00e2ge ou de la profession.","breadcrumb":{"@id":"https:\/\/weiterbildung-in-kmu.ch\/fr\/connaissances-supplementaires\/future-skills\/les-capacites-numeriques-de-base\/#breadcrumb"},"inLanguage":"fr-FR","potentialAction":[{"@type":"ReadAction","target":["https:\/\/weiterbildung-in-kmu.ch\/fr\/connaissances-supplementaires\/future-skills\/les-capacites-numeriques-de-base\/"]}]},{"@type":"BreadcrumbList","@id":"https:\/\/weiterbildung-in-kmu.ch\/fr\/connaissances-supplementaires\/future-skills\/les-capacites-numeriques-de-base\/#breadcrumb","itemListElement":[{"@type":"ListItem","position":1,"name":"Page d\u2019accueil","item":"https:\/\/weiterbildung-in-kmu.ch\/fr\/"},{"@type":"ListItem","position":2,"name":"Connaissances suppl\u00e9mentaires","item":"https:\/\/weiterbildung-in-kmu.ch\/fr\/connaissances-supplementaires\/"},{"@type":"ListItem","position":3,"name":"Future Skills","item":"https:\/\/weiterbildung-in-kmu.ch\/fr\/connaissances-supplementaires\/future-skills\/"},{"@type":"ListItem","position":4,"name":"Les capacit\u00e9s num\u00e9riques de base"}]},{"@type":"WebSite","@id":"https:\/\/weiterbildung-in-kmu.ch\/fr\/#website","url":"https:\/\/weiterbildung-in-kmu.ch\/fr\/","name":"Weiterbildung in KMU","description":"","publisher":{"@id":"https:\/\/weiterbildung-in-kmu.ch\/fr\/#organization"},"alternateName":"Weiterbildung in kleinen und mittleren Unternehmen","potentialAction":[{"@type":"SearchAction","target":{"@type":"EntryPoint","urlTemplate":"https:\/\/weiterbildung-in-kmu.ch\/fr\/?s={search_term_string}"},"query-input":{"@type":"PropertyValueSpecification","valueRequired":true,"valueName":"search_term_string"}}],"inLanguage":"fr-FR"},{"@type":"Organization","@id":"https:\/\/weiterbildung-in-kmu.ch\/fr\/#organization","name":"SVEB \u2013 Weiterbildung in KMU","alternateName":"Weiterbildung in KMU","url":"https:\/\/weiterbildung-in-kmu.ch\/fr\/","logo":{"@type":"ImageObject","inLanguage":"fr-FR","@id":"https:\/\/weiterbildung-in-kmu.ch\/fr\/#\/schema\/logo\/image\/","url":"https:\/\/weiterbildung-in-kmu.ch\/app\/uploads\/sites\/2\/2023\/03\/SVEB_Schriftzug_KMU_D-500px.png","contentUrl":"https:\/\/weiterbildung-in-kmu.ch\/app\/uploads\/sites\/2\/2023\/03\/SVEB_Schriftzug_KMU_D-500px.png","width":500,"height":164,"caption":"SVEB \u2013 Weiterbildung in KMU"},"image":{"@id":"https:\/\/weiterbildung-in-kmu.ch\/fr\/#\/schema\/logo\/image\/"}}]}},"_links":{"self":[{"href":"https:\/\/weiterbildung-in-kmu.ch\/fr\/wp-json\/wp\/v2\/pages\/516","targetHints":{"allow":["GET"]}}],"collection":[{"href":"https:\/\/weiterbildung-in-kmu.ch\/fr\/wp-json\/wp\/v2\/pages"}],"about":[{"href":"https:\/\/weiterbildung-in-kmu.ch\/fr\/wp-json\/wp\/v2\/types\/page"}],"author":[{"embeddable":true,"href":"https:\/\/weiterbildung-in-kmu.ch\/fr\/wp-json\/wp\/v2\/users\/4"}],"replies":[{"embeddable":true,"href":"https:\/\/weiterbildung-in-kmu.ch\/fr\/wp-json\/wp\/v2\/comments?post=516"}],"version-history":[{"count":10,"href":"https:\/\/weiterbildung-in-kmu.ch\/fr\/wp-json\/wp\/v2\/pages\/516\/revisions"}],"predecessor-version":[{"id":2340,"href":"https:\/\/weiterbildung-in-kmu.ch\/fr\/wp-json\/wp\/v2\/pages\/516\/revisions\/2340"}],"up":[{"embeddable":true,"href":"https:\/\/weiterbildung-in-kmu.ch\/fr\/wp-json\/wp\/v2\/pages\/515"}],"wp:attachment":[{"href":"https:\/\/weiterbildung-in-kmu.ch\/fr\/wp-json\/wp\/v2\/media?parent=516"}],"curies":[{"name":"wp","href":"https:\/\/api.w.org\/{rel}","templated":true}]}}