{"id":515,"date":"2023-01-13T08:05:22","date_gmt":"2023-01-13T07:05:22","guid":{"rendered":"https:\/\/weiterbildung-in-kmu.alice.ch\/?page_id=515"},"modified":"2023-12-15T15:14:59","modified_gmt":"2023-12-15T14:14:59","slug":"future-skills","status":"publish","type":"page","link":"https:\/\/weiterbildung-in-kmu.ch\/fr\/connaissances-supplementaires\/future-skills\/","title":{"rendered":"Future Skills"},"content":{"rendered":"\n<div class=\"wp-block-columns is-layout-flex wp-container-core-columns-is-layout-28f84493 wp-block-columns-is-layout-flex\">\n<div class=\"wp-block-column is-layout-flow wp-block-column-is-layout-flow\" style=\"flex-basis:100%\">\n<div class=\"wp-block-columns is-layout-flex wp-container-core-columns-is-layout-28f84493 wp-block-columns-is-layout-flex\">\n<div class=\"wp-block-column is-layout-flow wp-block-column-is-layout-flow\" style=\"flex-basis:100%\">\n<div class=\"wp-block-group is-style-reduced-width is-layout-constrained wp-block-group-is-layout-constrained\">\n<h1 class=\"wp-block-heading\">Future Skills \u2013 Comp\u00e9tences et aptitudes pour l\u2019avenir&nbsp;<\/h1>\n\n\n\n<p class=\"is-style-lead\">Le contexte professionnel dans lequel \u00e9voluent les PME change \u00e0 une vitesse fulgurante. Les connaissances, comp\u00e9tences et aptitudes qui ont \u00e9t\u00e9 acquises il y a longtemps ou qui se sont transmises de g\u00e9n\u00e9ration en g\u00e9n\u00e9ration ne suffisent plus pour maintenir la comp\u00e9titivit\u00e9 sur le march\u00e9. Les principaux d\u00e9fis des PME sont la num\u00e9risation, l\u2019\u00e9volution d\u00e9mographique (et la p\u00e9nurie de main-d\u2019\u0153uvre sp\u00e9cialis\u00e9e qui en r\u00e9sulte) et la transformation num\u00e9rique. Les PME doivent constamment se pencher sur leurs points forts, leurs points faibles et leurs comp\u00e9tences essentielles. La gestion des comp\u00e9tences (\u00abskills\u202fmanagement\u00bb) est donc aujourd\u2019hui l\u2019un des facteurs cl\u00e9s pour la r\u00e9ussite des entreprises.&nbsp;<\/p>\n\n\n\n<h2 class=\"wp-block-heading\">Quelles sont les \u00abFuture Skills\u00bb et pourquoi sont-elles n\u00e9cessaires?&nbsp;<\/h2>\n\n\n\n<p>Les comp\u00e9tences de demain (\u00abFuture Skills\u00bb) sont des capacit\u00e9s et aptitudes importantes qui sont de plus en plus exig\u00e9es par les employeurs. Concr\u00e8tement, toutes les aptitudes humaines qui rev\u00eatiront une importance croissante dans un monde de plus en plus num\u00e9ris\u00e9 seront mises en valeur. C\u2019est-\u00e0-dire, les aptitudes qui diff\u00e9rencient l\u2019humain de la technologie. Les comp\u00e9tences de demain nous permettent de d\u00e9ployer notre potentiel personnel. Dans un monde qui change tr\u00e8s rapidement, il faut de nouveaux modes de pens\u00e9e et d\u2019action. Le personnel qualifi\u00e9 et les cadres doivent r\u00e9orienter leurs aptitudes pour consolider et d\u00e9velopper leur employabilit\u00e9. Si les comp\u00e9tences actuelles ne satisfont pas ou seulement partiellement aux exigences futures, on parle alors de d\u00e9ficit de comp\u00e9tences.&nbsp;&nbsp;<\/p>\n\n\n\n<h2 class=\"wp-block-heading\">Quelles sont les comp\u00e9tences de demain que les PME doivent poss\u00e9der?&nbsp;<\/h2>\n\n\n\n<p>Elles doivent se d\u00e9tourner des comp\u00e9tences purement techniques au profit d\u2019aptitudes et de capacit\u00e9s conceptuelles, humaines et num\u00e9riques.<\/p>\n\n\n\n<div style=\"height:20px\" aria-hidden=\"true\" class=\"wp-block-spacer\"><\/div>\n\n\n\n<h3 class=\"wp-block-heading\">Comp\u00e9tences et attitudes conceptuelles&nbsp;&nbsp;<\/h3>\n\n\n\n<h4 class=\"wp-block-heading\">Penser et agir en entrepreneur&nbsp;<\/h4>\n\n\n\n<p>Organiser les activit\u00e9s le plus efficacement possible et les orienter vers les int\u00e9r\u00eats de l\u2019entreprise. Fixer des priorit\u00e9s et d\u00e9l\u00e9guer.&nbsp;<\/p>\n\n\n\n<p><strong><em>Bonne pratique: <\/em><\/strong><em>communiquer aux collaborateurs et collaboratrices des informations transparentes sur les faits et chiffres et g\u00e9rer leurs t\u00e2ches via un tableau des priorit\u00e9s (Kanban).&nbsp;<\/em>&nbsp;<\/p>\n\n\n\n<h4 class=\"wp-block-heading\">Trouver des solutions aux probl\u00e8mes<\/h4>\n\n\n\n<p>Identifier imm\u00e9diatement les difficult\u00e9s, r\u00e9agir rapidement et trouver une solution adapt\u00e9e avant que le probl\u00e8me n\u2019apparaisse.&nbsp;<\/p>\n\n\n\n<p><strong><em>Bonne pratique: <\/em><\/strong><em>une communication transparente et une culture d\u2019entreprise qui tol\u00e8re les erreurs permettent d\u2019\u00e9tablir des rapports sinc\u00e8res. Les collaborateurs et collaboratrices acceptent de se faire aider, ce qui permet d\u2019\u00e9viter l\u2019apparition d\u2019\u00e9ventuels probl\u00e8mes.&nbsp;<\/em>&nbsp;<\/p>\n\n\n\n<h4 class=\"wp-block-heading\">R\u00e9silience&nbsp;<\/h4>\n\n\n\n<p>La capacit\u00e9 \u00e0 surmonter les crises et \u00e0 les mettre \u00e0 profit comme des opportunit\u00e9s de d\u00e9veloppement en mobilisant des ressources personnelles et sociales.&nbsp;<\/p>\n\n\n\n<div style=\"height:20px\" aria-hidden=\"true\" class=\"wp-block-spacer\"><\/div>\n\n\n\n<h3 class=\"wp-block-heading\">Des aptitudes humaines essentielles que le num\u00e9rique ne peut pas apporter&nbsp;&nbsp;<\/h3>\n\n\n\n<h4 class=\"wp-block-heading\">R\u00e9flexion cr\u00e9ative&nbsp;<\/h4>\n\n\n\n<p>G\u00e9n\u00e9rer des id\u00e9es diversifi\u00e9es et cr\u00e9atives, les \u00e9valuer et les am\u00e9liorer. R\u00e9soudre des probl\u00e8mes r\u00e9els.&nbsp;&nbsp;<\/p>\n\n\n\n<p><strong><em>Bonne pratique: <\/em><\/strong><em>r\u00e9server un cr\u00e9neau de temps (p. ex. 1 demi-journ\u00e9e 1 fois par mois). Organiser une s\u00e9ance de brainstorming dans un cadre neutre, c\u2019est-\u00e0-dire hors du bureau. Impliquer tous les collaborateurs et collaboratrices. Mettre \u00e0 disposition un tableau des id\u00e9es pour qu\u2019ils puissent y noter leurs id\u00e9es de temps \u00e0 autre.<\/em>&nbsp;<\/p>\n\n\n\n<h4 class=\"wp-block-heading\">Nouvelles formes de collaboration <\/h4>\n\n\n\n<p>Coop\u00e9ration: faire davantage en agissant ensemble. Co-cr\u00e9ation: cr\u00e9er ensemble une id\u00e9e plut\u00f4t que concocter des innovations de mani\u00e8re isol\u00e9e. La capacit\u00e9 \u00e0 collaborer est l\u2019une des comp\u00e9tences cl\u00e9s de demain.&nbsp;<\/p>\n\n\n\n<p><strong><em>Bonne pratique:<\/em><\/strong><em> faire preuve d\u2019ouverture face aux \u00e9volutions num\u00e9riques. Moins on a d\u2019outils, plus on est efficace. M\u00e9thode de travail transparente: chacun sait ce que fait l\u2019autre.&nbsp;<\/em>&nbsp;<\/p>\n\n\n\n<h4 class=\"wp-block-heading\">Gestion du temps et des t\u00e2ches&nbsp;<\/h4>\n\n\n\n<p>Une organisation du travail logique, adapt\u00e9e \u00e0 l\u2019humain, et une gestion du temps intelligente gr\u00e2ce \u00e0 des comp\u00e9tences m\u00e9thodologiques et \u00e0 l\u2019utilisation d\u2019outils num\u00e9riques.&nbsp;&nbsp;<\/p>\n\n\n\n<p><strong><em>Bonne pratique: <\/em><\/strong><em>gestion claire de l\u2019agenda, planifier des sessions de travail, cibler les r\u00e9unions et r\u00e9duire leur nombre si possible. Masquer les facteurs perturbateurs comme Outlook et autres programmes similaires, fixer des priorit\u00e9s et des objectifs quotidiens clairs et les traiter.&nbsp;<\/em>&nbsp;<\/p>\n\n\n\n<div style=\"height:20px\" aria-hidden=\"true\" class=\"wp-block-spacer\"><\/div>\n\n\n\n<h3 class=\"wp-block-heading\">Comp\u00e9tences num\u00e9riques&nbsp;&nbsp;<\/h3>\n\n\n\n<h4 class=\"wp-block-heading\">Data Analytics&nbsp;<\/h4>\n\n\n\n<p>La transformation de donn\u00e9es client brutes en informations utiles passe par l\u2019analyse et la visualisation des donn\u00e9es.&nbsp;&nbsp;<\/p>\n\n\n\n<p><strong><em>Bonne pratique:<\/em><\/strong><em> se familiariser avec l\u2019outil d\u2019analyse le plus courant (Google Analytics) via une formation Google gratuite.&nbsp;<\/em>&nbsp;<\/p>\n\n\n\n<h4 class=\"wp-block-heading\">Transmission des connaissances num\u00e9riques&nbsp;<\/h4>\n\n\n\n<p>Comment d\u00e9velopper des connaissances en interne, les actualiser facilement et les rendre accessibles en interne afin qu\u2019elles soient \u00e0 la port\u00e9e de tous, de mani\u00e8re compr\u00e9hensible.&nbsp;&nbsp;<\/p>\n\n\n\n<p><strong><em>Bonne pratique:<\/em><\/strong><em> abandonner la profusion d\u2019e-mails au profit de l\u2019intranet avec lequel les collaboratrices et collaborateurs peuvent en toute autonomie consulter des informations et assimiler des connaissances, soit sous forme de texte, soit de mani\u00e8re virtuelle dans des messages vid\u00e9o.&nbsp;<\/em>&nbsp;<\/p>\n\n\n\n<h4 class=\"wp-block-heading\">Leadership \u00e0 distance&nbsp;<\/h4>\n\n\n\n<p>Accompagnement de l\u2019\u00e9quipe, coop\u00e9ration, coordination et, surtout, communication: le tout \u00e0 distance, gr\u00e2ce \u00e0 des moyens techniques et num\u00e9riques.&nbsp;<\/p>\n\n\n\n<div class=\"wp-block-buttons is-layout-flex wp-block-buttons-is-layout-flex\">\n<div class=\"wp-block-button is-style-minimal\"><a class=\"wp-block-button__link wp-element-button\" href=\"https:\/\/weiterbildung-in-kmu.ch\/fr\/connaissances-supplementaires\/future-skills\/les-capacites-numeriques-de-base\/\">En savoir plus sur les comp\u00e9tences num\u00e9riques&nbsp;<\/a><\/div>\n<\/div>\n\n\n\n<h2 class=\"wp-block-heading\">Comment les PME peuvent-elles faire l\u2019\u00e9tat des lieux de leurs comp\u00e9tences?&nbsp;&nbsp;<\/h2>\n\n\n\n<p>Les \u00e9tapes suivantes sont n\u00e9cessaires pour pouvoir se faire une id\u00e9e des comp\u00e9tences disponibles et des \u00e9ventuelles lacunes en mati\u00e8re de comp\u00e9tences:&nbsp;&nbsp;<\/p>\n\n\n\n<ul class=\"wp-block-list\">\n<li><strong>Analyse de la situation r\u00e9elle:<\/strong> quelles sont les aptitudes disponibles dans l\u2019entreprise qui sont n\u00e9cessaires au travail quotidien? Quelles sont les aptitudes absentes?&nbsp;&nbsp;<\/li>\n\n\n\n<li><strong>Analyse de la situation th\u00e9orique:<\/strong> que veut atteindre la PME? Quels sont ses objectifs d\u2019entreprise? Lui manque-t-il des comp\u00e9tences pour les atteindre?&nbsp;&nbsp;<\/li>\n<\/ul>\n\n\n\n<h2 class=\"wp-block-heading\">Comment les PME peuvent-elles d\u00e9velopper les comp\u00e9tences de demain?&nbsp;&nbsp;<\/h2>\n\n\n\n<p>\u00c0 partir de la comparaison entre la situation th\u00e9orique et la situation r\u00e9elle, vous pouvez d\u00e9terminer les besoins en mati\u00e8re de formation continue et de perfectionnement. Cette analyse simple vous fournit aussi les informations n\u00e9cessaires en vue d\u2019\u00e9ventuels recrutements. Id\u00e9alement, ces informations sont directement int\u00e9gr\u00e9es dans l\u2019offre d\u2019emploi.&nbsp;&nbsp;<\/p>\n\n\n\n<div class=\"wp-block-columns is-layout-flex wp-container-core-columns-is-layout-28f84493 wp-block-columns-is-layout-flex\">\n<div class=\"wp-block-column is-layout-flow wp-block-column-is-layout-flow\" style=\"flex-basis:50%\">\n<div class=\"wp-block-columns is-layout-flex wp-container-core-columns-is-layout-28f84493 wp-block-columns-is-layout-flex\">\n<div class=\"wp-block-column is-layout-flow wp-block-column-is-layout-flow\" style=\"flex-basis:100%\">\n<div class=\"wp-block-file\"><a id=\"wp-block-file--media-3e0dd370-cf83-4920-9e81-f231a0372b17\" href=\"https:\/\/weiterbildung-in-kmu.ch\/app\/uploads\/sites\/2\/2023\/02\/Bonne-pratiques-Future-Skills-FR.pdf\">Bonnes pratiques \u2013 Future Skills<br \/>PDF &#8211; 74 kb<\/a><a href=\"https:\/\/weiterbildung-in-kmu.ch\/app\/uploads\/sites\/2\/2023\/02\/Bonne-pratiques-Future-Skills-FR.pdf\" class=\"wp-block-file__button wp-element-button\" download aria-describedby=\"wp-block-file--media-3e0dd370-cf83-4920-9e81-f231a0372b17\"><br \/>PDF &#8211; 74 kb<\/a><\/div>\n<\/div>\n<\/div>\n<\/div>\n\n\n\n<div class=\"wp-block-column is-layout-flow wp-block-column-is-layout-flow\" style=\"flex-basis:50%\"><\/div>\n<\/div>\n<\/div>\n<\/div>\n<\/div>\n<\/div>\n<\/div>\n","protected":false},"excerpt":{"rendered":"<p>Future Skills \u2013 Comp\u00e9tences et aptitudes pour l\u2019avenir&nbsp; Le contexte professionnel dans lequel \u00e9voluent les PME change \u00e0 une vitesse [&hellip;]<\/p>\n","protected":false},"author":1,"featured_media":0,"parent":451,"menu_order":0,"comment_status":"closed","ping_status":"closed","template":"","meta":{"_acf_changed":false,"inline_featured_image":false,"footnotes":""},"class_list":["post-515","page","type-page","status-publish","hentry"],"acf":[],"yoast_head":"<!-- This site is optimized with the Yoast SEO plugin v27.3 - https:\/\/yoast.com\/product\/yoast-seo-wordpress\/ -->\n<title>Future Skills - Weiterbildung in KMU<\/title>\n<meta name=\"description\" content=\"Future Skills sont des comp\u00e9tences de plus en plus importantes recherch\u00e9es par les employeurs sur le march\u00e9 du travail.\" \/>\n<meta name=\"robots\" content=\"index, follow, max-snippet:-1, max-image-preview:large, max-video-preview:-1\" \/>\n<link rel=\"canonical\" href=\"https:\/\/weiterbildung-in-kmu.ch\/fr\/connaissances-supplementaires\/future-skills\/\" \/>\n<meta property=\"og:locale\" content=\"fr_FR\" \/>\n<meta property=\"og:type\" content=\"article\" \/>\n<meta property=\"og:title\" content=\"Future Skills - Weiterbildung in KMU\" \/>\n<meta property=\"og:description\" content=\"Future Skills sont des comp\u00e9tences de plus en plus importantes recherch\u00e9es par les employeurs sur le march\u00e9 du travail.\" \/>\n<meta property=\"og:url\" content=\"https:\/\/weiterbildung-in-kmu.ch\/fr\/connaissances-supplementaires\/future-skills\/\" \/>\n<meta property=\"og:site_name\" content=\"Weiterbildung in KMU\" \/>\n<meta property=\"article:modified_time\" content=\"2023-12-15T14:14:59+00:00\" \/>\n<meta property=\"og:image\" content=\"https:\/\/weiterbildung-in-kmu.ch\/app\/uploads\/sites\/2\/2023\/03\/SVEB_Schriftzug_KMU_D-500px.png\" \/>\n\t<meta property=\"og:image:width\" content=\"500\" \/>\n\t<meta property=\"og:image:height\" content=\"164\" \/>\n\t<meta property=\"og:image:type\" content=\"image\/png\" \/>\n<meta name=\"twitter:card\" content=\"summary_large_image\" \/>\n<meta name=\"twitter:label1\" content=\"Dur\u00e9e de lecture estim\u00e9e\" \/>\n\t<meta name=\"twitter:data1\" content=\"5 minutes\" \/>\n<script type=\"application\/ld+json\" class=\"yoast-schema-graph\">{\"@context\":\"https:\\\/\\\/schema.org\",\"@graph\":[{\"@type\":\"WebPage\",\"@id\":\"https:\\\/\\\/weiterbildung-in-kmu.ch\\\/fr\\\/connaissances-supplementaires\\\/future-skills\\\/\",\"url\":\"https:\\\/\\\/weiterbildung-in-kmu.ch\\\/fr\\\/connaissances-supplementaires\\\/future-skills\\\/\",\"name\":\"Future Skills - Weiterbildung in KMU\",\"isPartOf\":{\"@id\":\"https:\\\/\\\/weiterbildung-in-kmu.ch\\\/fr\\\/#website\"},\"datePublished\":\"2023-01-13T07:05:22+00:00\",\"dateModified\":\"2023-12-15T14:14:59+00:00\",\"description\":\"Future Skills sont des comp\u00e9tences de plus en plus importantes recherch\u00e9es par les employeurs sur le march\u00e9 du travail.\",\"breadcrumb\":{\"@id\":\"https:\\\/\\\/weiterbildung-in-kmu.ch\\\/fr\\\/connaissances-supplementaires\\\/future-skills\\\/#breadcrumb\"},\"inLanguage\":\"fr-FR\",\"potentialAction\":[{\"@type\":\"ReadAction\",\"target\":[\"https:\\\/\\\/weiterbildung-in-kmu.ch\\\/fr\\\/connaissances-supplementaires\\\/future-skills\\\/\"]}]},{\"@type\":\"BreadcrumbList\",\"@id\":\"https:\\\/\\\/weiterbildung-in-kmu.ch\\\/fr\\\/connaissances-supplementaires\\\/future-skills\\\/#breadcrumb\",\"itemListElement\":[{\"@type\":\"ListItem\",\"position\":1,\"name\":\"Page d\u2019accueil\",\"item\":\"https:\\\/\\\/weiterbildung-in-kmu.ch\\\/fr\\\/\"},{\"@type\":\"ListItem\",\"position\":2,\"name\":\"Connaissances suppl\u00e9mentaires\",\"item\":\"https:\\\/\\\/weiterbildung-in-kmu.ch\\\/fr\\\/connaissances-supplementaires\\\/\"},{\"@type\":\"ListItem\",\"position\":3,\"name\":\"Future Skills\"}]},{\"@type\":\"WebSite\",\"@id\":\"https:\\\/\\\/weiterbildung-in-kmu.ch\\\/fr\\\/#website\",\"url\":\"https:\\\/\\\/weiterbildung-in-kmu.ch\\\/fr\\\/\",\"name\":\"Weiterbildung in KMU\",\"description\":\"\",\"publisher\":{\"@id\":\"https:\\\/\\\/weiterbildung-in-kmu.ch\\\/fr\\\/#organization\"},\"alternateName\":\"Weiterbildung in kleinen und mittleren Unternehmen\",\"potentialAction\":[{\"@type\":\"SearchAction\",\"target\":{\"@type\":\"EntryPoint\",\"urlTemplate\":\"https:\\\/\\\/weiterbildung-in-kmu.ch\\\/fr\\\/?s={search_term_string}\"},\"query-input\":{\"@type\":\"PropertyValueSpecification\",\"valueRequired\":true,\"valueName\":\"search_term_string\"}}],\"inLanguage\":\"fr-FR\"},{\"@type\":\"Organization\",\"@id\":\"https:\\\/\\\/weiterbildung-in-kmu.ch\\\/fr\\\/#organization\",\"name\":\"SVEB \u2013 Weiterbildung in KMU\",\"alternateName\":\"Weiterbildung in KMU\",\"url\":\"https:\\\/\\\/weiterbildung-in-kmu.ch\\\/fr\\\/\",\"logo\":{\"@type\":\"ImageObject\",\"inLanguage\":\"fr-FR\",\"@id\":\"https:\\\/\\\/weiterbildung-in-kmu.ch\\\/fr\\\/#\\\/schema\\\/logo\\\/image\\\/\",\"url\":\"https:\\\/\\\/weiterbildung-in-kmu.ch\\\/app\\\/uploads\\\/sites\\\/2\\\/2023\\\/03\\\/SVEB_Schriftzug_KMU_D-500px.png\",\"contentUrl\":\"https:\\\/\\\/weiterbildung-in-kmu.ch\\\/app\\\/uploads\\\/sites\\\/2\\\/2023\\\/03\\\/SVEB_Schriftzug_KMU_D-500px.png\",\"width\":500,\"height\":164,\"caption\":\"SVEB \u2013 Weiterbildung in KMU\"},\"image\":{\"@id\":\"https:\\\/\\\/weiterbildung-in-kmu.ch\\\/fr\\\/#\\\/schema\\\/logo\\\/image\\\/\"}}]}<\/script>\n<!-- \/ Yoast SEO plugin. -->","yoast_head_json":{"title":"Future Skills - Weiterbildung in KMU","description":"Future Skills sont des comp\u00e9tences de plus en plus importantes recherch\u00e9es par les employeurs sur le march\u00e9 du travail.","robots":{"index":"index","follow":"follow","max-snippet":"max-snippet:-1","max-image-preview":"max-image-preview:large","max-video-preview":"max-video-preview:-1"},"canonical":"https:\/\/weiterbildung-in-kmu.ch\/fr\/connaissances-supplementaires\/future-skills\/","og_locale":"fr_FR","og_type":"article","og_title":"Future Skills - Weiterbildung in KMU","og_description":"Future Skills sont des comp\u00e9tences de plus en plus importantes recherch\u00e9es par les employeurs sur le march\u00e9 du travail.","og_url":"https:\/\/weiterbildung-in-kmu.ch\/fr\/connaissances-supplementaires\/future-skills\/","og_site_name":"Weiterbildung in KMU","article_modified_time":"2023-12-15T14:14:59+00:00","og_image":[{"width":500,"height":164,"url":"https:\/\/weiterbildung-in-kmu.ch\/app\/uploads\/sites\/2\/2023\/03\/SVEB_Schriftzug_KMU_D-500px.png","type":"image\/png"}],"twitter_card":"summary_large_image","twitter_misc":{"Dur\u00e9e de lecture estim\u00e9e":"5 minutes"},"schema":{"@context":"https:\/\/schema.org","@graph":[{"@type":"WebPage","@id":"https:\/\/weiterbildung-in-kmu.ch\/fr\/connaissances-supplementaires\/future-skills\/","url":"https:\/\/weiterbildung-in-kmu.ch\/fr\/connaissances-supplementaires\/future-skills\/","name":"Future Skills - Weiterbildung in KMU","isPartOf":{"@id":"https:\/\/weiterbildung-in-kmu.ch\/fr\/#website"},"datePublished":"2023-01-13T07:05:22+00:00","dateModified":"2023-12-15T14:14:59+00:00","description":"Future Skills sont des comp\u00e9tences de plus en plus importantes recherch\u00e9es par les employeurs sur le march\u00e9 du travail.","breadcrumb":{"@id":"https:\/\/weiterbildung-in-kmu.ch\/fr\/connaissances-supplementaires\/future-skills\/#breadcrumb"},"inLanguage":"fr-FR","potentialAction":[{"@type":"ReadAction","target":["https:\/\/weiterbildung-in-kmu.ch\/fr\/connaissances-supplementaires\/future-skills\/"]}]},{"@type":"BreadcrumbList","@id":"https:\/\/weiterbildung-in-kmu.ch\/fr\/connaissances-supplementaires\/future-skills\/#breadcrumb","itemListElement":[{"@type":"ListItem","position":1,"name":"Page d\u2019accueil","item":"https:\/\/weiterbildung-in-kmu.ch\/fr\/"},{"@type":"ListItem","position":2,"name":"Connaissances suppl\u00e9mentaires","item":"https:\/\/weiterbildung-in-kmu.ch\/fr\/connaissances-supplementaires\/"},{"@type":"ListItem","position":3,"name":"Future Skills"}]},{"@type":"WebSite","@id":"https:\/\/weiterbildung-in-kmu.ch\/fr\/#website","url":"https:\/\/weiterbildung-in-kmu.ch\/fr\/","name":"Weiterbildung in KMU","description":"","publisher":{"@id":"https:\/\/weiterbildung-in-kmu.ch\/fr\/#organization"},"alternateName":"Weiterbildung in kleinen und mittleren Unternehmen","potentialAction":[{"@type":"SearchAction","target":{"@type":"EntryPoint","urlTemplate":"https:\/\/weiterbildung-in-kmu.ch\/fr\/?s={search_term_string}"},"query-input":{"@type":"PropertyValueSpecification","valueRequired":true,"valueName":"search_term_string"}}],"inLanguage":"fr-FR"},{"@type":"Organization","@id":"https:\/\/weiterbildung-in-kmu.ch\/fr\/#organization","name":"SVEB \u2013 Weiterbildung in KMU","alternateName":"Weiterbildung in KMU","url":"https:\/\/weiterbildung-in-kmu.ch\/fr\/","logo":{"@type":"ImageObject","inLanguage":"fr-FR","@id":"https:\/\/weiterbildung-in-kmu.ch\/fr\/#\/schema\/logo\/image\/","url":"https:\/\/weiterbildung-in-kmu.ch\/app\/uploads\/sites\/2\/2023\/03\/SVEB_Schriftzug_KMU_D-500px.png","contentUrl":"https:\/\/weiterbildung-in-kmu.ch\/app\/uploads\/sites\/2\/2023\/03\/SVEB_Schriftzug_KMU_D-500px.png","width":500,"height":164,"caption":"SVEB \u2013 Weiterbildung in KMU"},"image":{"@id":"https:\/\/weiterbildung-in-kmu.ch\/fr\/#\/schema\/logo\/image\/"}}]}},"_links":{"self":[{"href":"https:\/\/weiterbildung-in-kmu.ch\/fr\/wp-json\/wp\/v2\/pages\/515","targetHints":{"allow":["GET"]}}],"collection":[{"href":"https:\/\/weiterbildung-in-kmu.ch\/fr\/wp-json\/wp\/v2\/pages"}],"about":[{"href":"https:\/\/weiterbildung-in-kmu.ch\/fr\/wp-json\/wp\/v2\/types\/page"}],"author":[{"embeddable":true,"href":"https:\/\/weiterbildung-in-kmu.ch\/fr\/wp-json\/wp\/v2\/users\/1"}],"replies":[{"embeddable":true,"href":"https:\/\/weiterbildung-in-kmu.ch\/fr\/wp-json\/wp\/v2\/comments?post=515"}],"version-history":[{"count":17,"href":"https:\/\/weiterbildung-in-kmu.ch\/fr\/wp-json\/wp\/v2\/pages\/515\/revisions"}],"predecessor-version":[{"id":2338,"href":"https:\/\/weiterbildung-in-kmu.ch\/fr\/wp-json\/wp\/v2\/pages\/515\/revisions\/2338"}],"up":[{"embeddable":true,"href":"https:\/\/weiterbildung-in-kmu.ch\/fr\/wp-json\/wp\/v2\/pages\/451"}],"wp:attachment":[{"href":"https:\/\/weiterbildung-in-kmu.ch\/fr\/wp-json\/wp\/v2\/media?parent=515"}],"curies":[{"name":"wp","href":"https:\/\/api.w.org\/{rel}","templated":true}]}}