{"id":514,"date":"2023-01-13T08:05:57","date_gmt":"2023-01-13T07:05:57","guid":{"rendered":"https:\/\/weiterbildung-in-kmu.alice.ch\/?page_id=514"},"modified":"2023-12-15T15:12:18","modified_gmt":"2023-12-15T14:12:18","slug":"penurie-de-main-doeuvre-specialisee","status":"publish","type":"page","link":"https:\/\/weiterbildung-in-kmu.ch\/fr\/connaissances-supplementaires\/penurie-de-main-doeuvre-specialisee\/","title":{"rendered":"P\u00e9nurie de main-d\u2019\u0153uvre sp\u00e9cialis\u00e9e"},"content":{"rendered":"\n<div class=\"wp-block-group is-style-reduced-width is-layout-flow wp-block-group-is-layout-flow\">\n<h1 class=\"wp-block-heading\">P\u00e9nurie de main-d\u2019\u0153uvre sp\u00e9cialis\u00e9e<\/h1>\n\n\n\n<p class=\"is-style-lead\">On parle de p\u00e9nurie de main-d\u2019\u0153uvre sp\u00e9cialis\u00e9e lorsqu\u2019un nombre significatif d\u2019emplois vacants ne peut \u00eatre pourvu par des collaboratrices ou collaborateurs ayant les comp\u00e9tences requises. En Suisse, la formule \u00ab1&nbsp;poste vacant pour moins de 2&nbsp;candidats\u00bb s\u2019est impos\u00e9e (Office f\u00e9d\u00e9ral de la statistique). <\/p>\n\n\n\n<p class=\"is-style-default\">Selon des \u00e9tudes r\u00e9centes, la p\u00e9nurie de main-d\u2019\u0153uvre sp\u00e9cialis\u00e9e touche une PME sur quatre. De nombreuses entreprises soutiennent leur personnel en leur proposant des conditions de travail flexibles. Si de telles mesures ont \u00e9t\u00e9 mises en place dans quelques entreprises seulement et de mani\u00e8re contrainte et forc\u00e9e pendant la pand\u00e9mie de Covid-19, il s\u2019agit \u00e0 pr\u00e9sent, pour les entreprises, de conserver leur attractivit\u00e9 en tant qu\u2019employeur. <\/p>\n\n\n\n<p class=\"is-style-default\">La p\u00e9nurie de main-d\u2019\u0153uvre sp\u00e9cialis\u00e9e s\u2019aggrave et les entreprises font savoir qu\u2019elles ont toujours plus de difficult\u00e9s \u00e0 recruter un personnel adapt\u00e9. Alors qu\u2019apr\u00e8s la pand\u00e9mie, la p\u00e9nurie de main-d\u2019\u0153uvre concernait des branches sp\u00e9cifiques comme le tourisme ou la restauration, ce ph\u00e9nom\u00e8ne touche d\u00e9sormais tous les secteurs d\u2019activit\u00e9: la sant\u00e9, les services sociaux, les prestataires de services, mais aussi les entreprises du b\u00e2timent et des technologies de l\u2019information. Le taux de ch\u00f4mage tr\u00e8s bas (environ 2% d\u00e9but 2023) participe aussi \u00e0 cette situation.<\/p>\n\n\n\n<h2 class=\"wp-block-heading\">Comment expliquer la p\u00e9nurie de main-d\u2019\u0153uvre sp\u00e9cialis\u00e9e en Suisse?<\/h2>\n\n\n\n<p>La p\u00e9nurie de main-d\u2019\u0153uvre sp\u00e9cialis\u00e9e pr\u00e9sente de multiples aspects. Diff\u00e9rentes raisons expliquent pourquoi la situation s\u2019est aggrav\u00e9e ces derni\u00e8res ann\u00e9es. Globalement, les march\u00e9s dynamiques sont le facteur d\u00e9clencheur. La Suisse est essentiellement un pays d\u2019accueil et d\u00e8s que le taux d\u2019immigration diminue, la p\u00e9nurie de main-d\u2019\u0153uvre sp\u00e9cialis\u00e9e s\u2019accro\u00eet. La pyramide des \u00e2ges est une autre raison souvent avanc\u00e9e pour expliquer la p\u00e9nurie de main-d\u2019\u0153uvre sp\u00e9cialis\u00e9e. La g\u00e9n\u00e9ration des baby-boomers (ann\u00e9es 1946 \u00e0 1964) est d\u00e9j\u00e0 partie \u00e0 la retraite ou s\u2019appr\u00eate \u00e0 le faire et le taux de natalit\u00e9 est trop bas pour pouvoir remplacer ces personnes exp\u00e9riment\u00e9es. Le monde du travail est en constante \u00e9volution et les emplois avec des exigences \u00e9lev\u00e9es sont d\u00e9sormais plus nombreux qu\u2019il y a 10&nbsp;ans. Certaines entreprises sont donc confront\u00e9es \u00e0 un choix: elles doivent soit former \u00e0 grand frais un personnel insuffisamment qualifi\u00e9 (reskilling), soit attirer un personnel qualifi\u00e9 par le salaire en le d\u00e9bauchant par exemple chez un concurrent. Certes, le syst\u00e8me suisse de formation duale est probablement unique au monde, mais la tendance qui voit de nombreux jeunes choisir la voie des \u00e9tudes plut\u00f4t que celle de l\u2019apprentissage semble malgr\u00e9 tout s\u2019accentuer.<\/p>\n\n\n\n<h2 class=\"wp-block-heading\">Dans quelle mesure les PME sont-elles dispos\u00e9es au changement pour aborder cette probl\u00e9matique?<\/h2>\n\n\n\n<p>Alors qu\u2019environ 70% des entreprises de l\u2019industrie et plus de 75% des entreprises du tertiaire ont d\u00e9j\u00e0 introduit des mod\u00e8les de travail flexibles comme le t\u00e9l\u00e9travail et des r\u00e8gles assouplies en mati\u00e8re de temps de travail, elles sont encore peu nombreuses \u00e0 proposer des avantages hors salaire tels que des possibilit\u00e9s de formation continue. Seulement 14% des entreprises industrielles et 23% des entreprises du tertiaire ont d\u00e9j\u00e0 mis en \u0153uvre ce type de mesure. Plus de 50% des PME ne pr\u00e9voient aucun changement, malgr\u00e9 la situation tendue sur <a href=\"https:\/\/www.credit-suisse.com\/ch\/fr\/clients-entreprises\/produits\/escher\/la-penurie-de-main-d-oeuvre-specialisee-s-aggrave-en-suisse.html\" target=\"_blank\" rel=\"noreferrer noopener\">le march\u00e9 du travail<\/a>.<\/p>\n\n\n\n<h2 class=\"wp-block-heading\">Que peuvent faire les PME pour conserver leur attractivit\u00e9?<\/h2>\n\n\n\n<p>Certains faits comme le changement d\u00e9mographique sont \u00e9tablis et il n\u2019est pas possible d\u2019agir sur ceux-ci. Les collaborateurs et collaboratrices, en particulier les jeunes g\u00e9n\u00e9rations comme la g\u00e9n\u00e9ration&nbsp;Z, prennent en compte, en plus du salaire classique, d\u2019autres facteurs comme les conditions de travail, la culture de l\u2019entreprise, la capacit\u00e9 \u00e0 concilier travail et vie de famille et les possibilit\u00e9s d\u2019\u00e9volution. Ce dernier point signifie pour les PME qu\u2019elles doivent pouvoir d\u00e9velopper les collaborateurs et collaboratrices par la formation continue afin de les fid\u00e9liser. Des sites de notation des entreprises (portails d\u2019emploi, avis Google sur les PME ou sites comme kununu.ch) jouent un r\u00f4le important dans le processus de d\u00e9cision des futurs collaborateurs et collaboratrices. Si un collaborateurs\/une collaboratrice se sent bien dans son entreprise, il\/elle sera moins enclin \u00e0 changer de poste. Les PME ont tout int\u00e9r\u00eat \u00e0 promouvoir la diversit\u00e9. La part des femmes dans le personnel qualifi\u00e9 reste encore beaucoup trop faible. Autre ph\u00e9nom\u00e8ne constat\u00e9: les personnes de plus de 50&nbsp;ans rencontrent beaucoup plus de difficult\u00e9s \u00e0 revenir sur le march\u00e9 du travail bien qu\u2019elles soient davantage qualifi\u00e9es que les jeunes (rien que du fait de leur exp\u00e9rience). Concilier travail et vie de famille est une exigence qui s\u2019est \u00e9tablie pendant la pand\u00e9mie. Les PME doivent donc continuer \u00e0 accorder \u00e0 leurs collaboratrices et collaborateurs une certaine libert\u00e9 comme le t\u00e9l\u00e9travail, les mod\u00e8les de temps partiel ou des horaires de travail flexibles.<\/p>\n\n\n\n<div class=\"wp-block-columns is-layout-flex wp-container-core-columns-is-layout-28f84493 wp-block-columns-is-layout-flex\">\n<div class=\"wp-block-column is-layout-flow wp-block-column-is-layout-flow\" style=\"flex-basis:50%\">\n<div class=\"wp-block-file\"><a id=\"wp-block-file--media-4fc8c881-3c02-43bc-aaa5-70be93b79e04\" href=\"https:\/\/weiterbildung-in-kmu.ch\/app\/uploads\/sites\/2\/2023\/02\/Bonnes-pratiques-penurie-de-main-doeuvre-1.pdf\">Bonnes pratiques &#8211; penurie de main-d&rsquo;oeuvre<br \/>PDF &#8211; 85 kb<\/a><a href=\"https:\/\/weiterbildung-in-kmu.ch\/app\/uploads\/sites\/2\/2023\/02\/Bonnes-pratiques-penurie-de-main-doeuvre-1.pdf\" class=\"wp-block-file__button wp-element-button\" download aria-describedby=\"wp-block-file--media-4fc8c881-3c02-43bc-aaa5-70be93b79e04\"><br \/>PDF &#8211; 85 kb<\/a><\/div>\n<\/div>\n\n\n\n<div class=\"wp-block-column is-layout-flow wp-block-column-is-layout-flow\" style=\"flex-basis:50%\"><\/div>\n<\/div>\n<\/div>\n","protected":false},"excerpt":{"rendered":"<p>P\u00e9nurie de main-d\u2019\u0153uvre sp\u00e9cialis\u00e9e On parle de p\u00e9nurie de main-d\u2019\u0153uvre sp\u00e9cialis\u00e9e lorsqu\u2019un nombre significatif d\u2019emplois vacants ne peut \u00eatre pourvu [&hellip;]<\/p>\n","protected":false},"author":4,"featured_media":0,"parent":451,"menu_order":0,"comment_status":"closed","ping_status":"closed","template":"","meta":{"_acf_changed":false,"inline_featured_image":false,"footnotes":""},"class_list":["post-514","page","type-page","status-publish","hentry"],"acf":[],"yoast_head":"<!-- This site is optimized with the Yoast SEO plugin v27.3 - https:\/\/yoast.com\/product\/yoast-seo-wordpress\/ -->\n<title>P\u00e9nurie de main-d\u2019\u0153uvre sp\u00e9cialis\u00e9e - Weiterbildung in KMU<\/title>\n<meta name=\"description\" content=\"La p\u00e9nurie de main-d&#039;\u0153uvre sp\u00e9cialis\u00e9e devient un probl\u00e8me croissant pour les entreprises en Suisse. Une PME sur quatre est d\u00e9j\u00e0 concern\u00e9e.\" \/>\n<meta name=\"robots\" content=\"index, follow, max-snippet:-1, max-image-preview:large, max-video-preview:-1\" \/>\n<link rel=\"canonical\" href=\"https:\/\/weiterbildung-in-kmu.ch\/fr\/connaissances-supplementaires\/penurie-de-main-doeuvre-specialisee\/\" \/>\n<meta property=\"og:locale\" content=\"fr_FR\" \/>\n<meta property=\"og:type\" content=\"article\" \/>\n<meta property=\"og:title\" content=\"P\u00e9nurie de main-d\u2019\u0153uvre sp\u00e9cialis\u00e9e - Weiterbildung in KMU\" \/>\n<meta property=\"og:description\" content=\"La p\u00e9nurie de main-d&#039;\u0153uvre sp\u00e9cialis\u00e9e devient un probl\u00e8me croissant pour les entreprises en Suisse. Une PME sur quatre est d\u00e9j\u00e0 concern\u00e9e.\" \/>\n<meta property=\"og:url\" content=\"https:\/\/weiterbildung-in-kmu.ch\/fr\/connaissances-supplementaires\/penurie-de-main-doeuvre-specialisee\/\" \/>\n<meta property=\"og:site_name\" content=\"Weiterbildung in KMU\" \/>\n<meta property=\"article:modified_time\" content=\"2023-12-15T14:12:18+00:00\" \/>\n<meta property=\"og:image\" content=\"https:\/\/weiterbildung-in-kmu.ch\/app\/uploads\/sites\/2\/2023\/03\/SVEB_Schriftzug_KMU_D-500px.png\" \/>\n\t<meta property=\"og:image:width\" content=\"500\" \/>\n\t<meta property=\"og:image:height\" content=\"164\" \/>\n\t<meta property=\"og:image:type\" content=\"image\/png\" \/>\n<meta name=\"twitter:card\" content=\"summary_large_image\" \/>\n<meta name=\"twitter:label1\" content=\"Dur\u00e9e de lecture estim\u00e9e\" \/>\n\t<meta name=\"twitter:data1\" content=\"5 minutes\" \/>\n<script type=\"application\/ld+json\" class=\"yoast-schema-graph\">{\"@context\":\"https:\\\/\\\/schema.org\",\"@graph\":[{\"@type\":\"WebPage\",\"@id\":\"https:\\\/\\\/weiterbildung-in-kmu.ch\\\/fr\\\/connaissances-supplementaires\\\/penurie-de-main-doeuvre-specialisee\\\/\",\"url\":\"https:\\\/\\\/weiterbildung-in-kmu.ch\\\/fr\\\/connaissances-supplementaires\\\/penurie-de-main-doeuvre-specialisee\\\/\",\"name\":\"P\u00e9nurie de main-d\u2019\u0153uvre sp\u00e9cialis\u00e9e - Weiterbildung in KMU\",\"isPartOf\":{\"@id\":\"https:\\\/\\\/weiterbildung-in-kmu.ch\\\/fr\\\/#website\"},\"datePublished\":\"2023-01-13T07:05:57+00:00\",\"dateModified\":\"2023-12-15T14:12:18+00:00\",\"description\":\"La p\u00e9nurie de main-d'\u0153uvre sp\u00e9cialis\u00e9e devient un probl\u00e8me croissant pour les entreprises en Suisse. Une PME sur quatre est d\u00e9j\u00e0 concern\u00e9e.\",\"breadcrumb\":{\"@id\":\"https:\\\/\\\/weiterbildung-in-kmu.ch\\\/fr\\\/connaissances-supplementaires\\\/penurie-de-main-doeuvre-specialisee\\\/#breadcrumb\"},\"inLanguage\":\"fr-FR\",\"potentialAction\":[{\"@type\":\"ReadAction\",\"target\":[\"https:\\\/\\\/weiterbildung-in-kmu.ch\\\/fr\\\/connaissances-supplementaires\\\/penurie-de-main-doeuvre-specialisee\\\/\"]}]},{\"@type\":\"BreadcrumbList\",\"@id\":\"https:\\\/\\\/weiterbildung-in-kmu.ch\\\/fr\\\/connaissances-supplementaires\\\/penurie-de-main-doeuvre-specialisee\\\/#breadcrumb\",\"itemListElement\":[{\"@type\":\"ListItem\",\"position\":1,\"name\":\"Page d\u2019accueil\",\"item\":\"https:\\\/\\\/weiterbildung-in-kmu.ch\\\/fr\\\/\"},{\"@type\":\"ListItem\",\"position\":2,\"name\":\"Connaissances suppl\u00e9mentaires\",\"item\":\"https:\\\/\\\/weiterbildung-in-kmu.ch\\\/fr\\\/connaissances-supplementaires\\\/\"},{\"@type\":\"ListItem\",\"position\":3,\"name\":\"P\u00e9nurie de main-d\u2019\u0153uvre sp\u00e9cialis\u00e9e\"}]},{\"@type\":\"WebSite\",\"@id\":\"https:\\\/\\\/weiterbildung-in-kmu.ch\\\/fr\\\/#website\",\"url\":\"https:\\\/\\\/weiterbildung-in-kmu.ch\\\/fr\\\/\",\"name\":\"Weiterbildung in KMU\",\"description\":\"\",\"publisher\":{\"@id\":\"https:\\\/\\\/weiterbildung-in-kmu.ch\\\/fr\\\/#organization\"},\"alternateName\":\"Weiterbildung in kleinen und mittleren Unternehmen\",\"potentialAction\":[{\"@type\":\"SearchAction\",\"target\":{\"@type\":\"EntryPoint\",\"urlTemplate\":\"https:\\\/\\\/weiterbildung-in-kmu.ch\\\/fr\\\/?s={search_term_string}\"},\"query-input\":{\"@type\":\"PropertyValueSpecification\",\"valueRequired\":true,\"valueName\":\"search_term_string\"}}],\"inLanguage\":\"fr-FR\"},{\"@type\":\"Organization\",\"@id\":\"https:\\\/\\\/weiterbildung-in-kmu.ch\\\/fr\\\/#organization\",\"name\":\"SVEB \u2013 Weiterbildung in KMU\",\"alternateName\":\"Weiterbildung in KMU\",\"url\":\"https:\\\/\\\/weiterbildung-in-kmu.ch\\\/fr\\\/\",\"logo\":{\"@type\":\"ImageObject\",\"inLanguage\":\"fr-FR\",\"@id\":\"https:\\\/\\\/weiterbildung-in-kmu.ch\\\/fr\\\/#\\\/schema\\\/logo\\\/image\\\/\",\"url\":\"https:\\\/\\\/weiterbildung-in-kmu.ch\\\/app\\\/uploads\\\/sites\\\/2\\\/2023\\\/03\\\/SVEB_Schriftzug_KMU_D-500px.png\",\"contentUrl\":\"https:\\\/\\\/weiterbildung-in-kmu.ch\\\/app\\\/uploads\\\/sites\\\/2\\\/2023\\\/03\\\/SVEB_Schriftzug_KMU_D-500px.png\",\"width\":500,\"height\":164,\"caption\":\"SVEB \u2013 Weiterbildung in KMU\"},\"image\":{\"@id\":\"https:\\\/\\\/weiterbildung-in-kmu.ch\\\/fr\\\/#\\\/schema\\\/logo\\\/image\\\/\"}}]}<\/script>\n<!-- \/ Yoast SEO plugin. -->","yoast_head_json":{"title":"P\u00e9nurie de main-d\u2019\u0153uvre sp\u00e9cialis\u00e9e - Weiterbildung in KMU","description":"La p\u00e9nurie de main-d'\u0153uvre sp\u00e9cialis\u00e9e devient un probl\u00e8me croissant pour les entreprises en Suisse. Une PME sur quatre est d\u00e9j\u00e0 concern\u00e9e.","robots":{"index":"index","follow":"follow","max-snippet":"max-snippet:-1","max-image-preview":"max-image-preview:large","max-video-preview":"max-video-preview:-1"},"canonical":"https:\/\/weiterbildung-in-kmu.ch\/fr\/connaissances-supplementaires\/penurie-de-main-doeuvre-specialisee\/","og_locale":"fr_FR","og_type":"article","og_title":"P\u00e9nurie de main-d\u2019\u0153uvre sp\u00e9cialis\u00e9e - Weiterbildung in KMU","og_description":"La p\u00e9nurie de main-d'\u0153uvre sp\u00e9cialis\u00e9e devient un probl\u00e8me croissant pour les entreprises en Suisse. Une PME sur quatre est d\u00e9j\u00e0 concern\u00e9e.","og_url":"https:\/\/weiterbildung-in-kmu.ch\/fr\/connaissances-supplementaires\/penurie-de-main-doeuvre-specialisee\/","og_site_name":"Weiterbildung in KMU","article_modified_time":"2023-12-15T14:12:18+00:00","og_image":[{"width":500,"height":164,"url":"https:\/\/weiterbildung-in-kmu.ch\/app\/uploads\/sites\/2\/2023\/03\/SVEB_Schriftzug_KMU_D-500px.png","type":"image\/png"}],"twitter_card":"summary_large_image","twitter_misc":{"Dur\u00e9e de lecture estim\u00e9e":"5 minutes"},"schema":{"@context":"https:\/\/schema.org","@graph":[{"@type":"WebPage","@id":"https:\/\/weiterbildung-in-kmu.ch\/fr\/connaissances-supplementaires\/penurie-de-main-doeuvre-specialisee\/","url":"https:\/\/weiterbildung-in-kmu.ch\/fr\/connaissances-supplementaires\/penurie-de-main-doeuvre-specialisee\/","name":"P\u00e9nurie de main-d\u2019\u0153uvre sp\u00e9cialis\u00e9e - Weiterbildung in KMU","isPartOf":{"@id":"https:\/\/weiterbildung-in-kmu.ch\/fr\/#website"},"datePublished":"2023-01-13T07:05:57+00:00","dateModified":"2023-12-15T14:12:18+00:00","description":"La p\u00e9nurie de main-d'\u0153uvre sp\u00e9cialis\u00e9e devient un probl\u00e8me croissant pour les entreprises en Suisse. Une PME sur quatre est d\u00e9j\u00e0 concern\u00e9e.","breadcrumb":{"@id":"https:\/\/weiterbildung-in-kmu.ch\/fr\/connaissances-supplementaires\/penurie-de-main-doeuvre-specialisee\/#breadcrumb"},"inLanguage":"fr-FR","potentialAction":[{"@type":"ReadAction","target":["https:\/\/weiterbildung-in-kmu.ch\/fr\/connaissances-supplementaires\/penurie-de-main-doeuvre-specialisee\/"]}]},{"@type":"BreadcrumbList","@id":"https:\/\/weiterbildung-in-kmu.ch\/fr\/connaissances-supplementaires\/penurie-de-main-doeuvre-specialisee\/#breadcrumb","itemListElement":[{"@type":"ListItem","position":1,"name":"Page d\u2019accueil","item":"https:\/\/weiterbildung-in-kmu.ch\/fr\/"},{"@type":"ListItem","position":2,"name":"Connaissances suppl\u00e9mentaires","item":"https:\/\/weiterbildung-in-kmu.ch\/fr\/connaissances-supplementaires\/"},{"@type":"ListItem","position":3,"name":"P\u00e9nurie de main-d\u2019\u0153uvre sp\u00e9cialis\u00e9e"}]},{"@type":"WebSite","@id":"https:\/\/weiterbildung-in-kmu.ch\/fr\/#website","url":"https:\/\/weiterbildung-in-kmu.ch\/fr\/","name":"Weiterbildung in KMU","description":"","publisher":{"@id":"https:\/\/weiterbildung-in-kmu.ch\/fr\/#organization"},"alternateName":"Weiterbildung in kleinen und mittleren Unternehmen","potentialAction":[{"@type":"SearchAction","target":{"@type":"EntryPoint","urlTemplate":"https:\/\/weiterbildung-in-kmu.ch\/fr\/?s={search_term_string}"},"query-input":{"@type":"PropertyValueSpecification","valueRequired":true,"valueName":"search_term_string"}}],"inLanguage":"fr-FR"},{"@type":"Organization","@id":"https:\/\/weiterbildung-in-kmu.ch\/fr\/#organization","name":"SVEB \u2013 Weiterbildung in KMU","alternateName":"Weiterbildung in KMU","url":"https:\/\/weiterbildung-in-kmu.ch\/fr\/","logo":{"@type":"ImageObject","inLanguage":"fr-FR","@id":"https:\/\/weiterbildung-in-kmu.ch\/fr\/#\/schema\/logo\/image\/","url":"https:\/\/weiterbildung-in-kmu.ch\/app\/uploads\/sites\/2\/2023\/03\/SVEB_Schriftzug_KMU_D-500px.png","contentUrl":"https:\/\/weiterbildung-in-kmu.ch\/app\/uploads\/sites\/2\/2023\/03\/SVEB_Schriftzug_KMU_D-500px.png","width":500,"height":164,"caption":"SVEB \u2013 Weiterbildung in KMU"},"image":{"@id":"https:\/\/weiterbildung-in-kmu.ch\/fr\/#\/schema\/logo\/image\/"}}]}},"_links":{"self":[{"href":"https:\/\/weiterbildung-in-kmu.ch\/fr\/wp-json\/wp\/v2\/pages\/514","targetHints":{"allow":["GET"]}}],"collection":[{"href":"https:\/\/weiterbildung-in-kmu.ch\/fr\/wp-json\/wp\/v2\/pages"}],"about":[{"href":"https:\/\/weiterbildung-in-kmu.ch\/fr\/wp-json\/wp\/v2\/types\/page"}],"author":[{"embeddable":true,"href":"https:\/\/weiterbildung-in-kmu.ch\/fr\/wp-json\/wp\/v2\/users\/4"}],"replies":[{"embeddable":true,"href":"https:\/\/weiterbildung-in-kmu.ch\/fr\/wp-json\/wp\/v2\/comments?post=514"}],"version-history":[{"count":18,"href":"https:\/\/weiterbildung-in-kmu.ch\/fr\/wp-json\/wp\/v2\/pages\/514\/revisions"}],"predecessor-version":[{"id":2256,"href":"https:\/\/weiterbildung-in-kmu.ch\/fr\/wp-json\/wp\/v2\/pages\/514\/revisions\/2256"}],"up":[{"embeddable":true,"href":"https:\/\/weiterbildung-in-kmu.ch\/fr\/wp-json\/wp\/v2\/pages\/451"}],"wp:attachment":[{"href":"https:\/\/weiterbildung-in-kmu.ch\/fr\/wp-json\/wp\/v2\/media?parent=514"}],"curies":[{"name":"wp","href":"https:\/\/api.w.org\/{rel}","templated":true}]}}