{"id":511,"date":"2023-01-10T10:26:48","date_gmt":"2023-01-10T09:26:48","guid":{"rendered":"https:\/\/weiterbildung-in-kmu.alice.ch\/?page_id=511"},"modified":"2024-04-23T15:32:24","modified_gmt":"2024-04-23T13:32:24","slug":"startseite","status":"publish","type":"page","link":"https:\/\/weiterbildung-in-kmu.ch\/fr\/","title":{"rendered":"La formation continue dans les PME"},"content":{"rendered":"\n<div class=\"wp-block-group is-style-reduced-width is-layout-constrained wp-block-group-is-layout-constrained\">\n<h1 class=\"wp-block-heading\">La formation continue dans les petites et moyennes entreprises<strong> <\/strong>(PME)<\/h1>\n\n\n\n<p class=\"is-style-lead\">Num\u00e9risation, nouvelles attentes des collaboratrices et collaborateurs, <a href=\"https:\/\/weiterbildung-in-kmu.ch\/fr\/connaissances-supplementaires\/transformation-numerique\/\">transformation num\u00e9rique<\/a>: le monde du travail est en constante \u00e9volution. \u00c0 l\u2019\u00e8re du num\u00e9rique, de nouvelles approches dans les domaines du savoir, de la capacit\u00e9 d\u2019apprentissage et des comp\u00e9tences sont donc n\u00e9cessaires pour conduire les PME sur la voie du succ\u00e8s.<\/p>\n\n\n\n<p>En plus des bouleversements technologiques et des conditions de travail modernes, la p\u00e9nurie de main-d\u2019\u0153uvre sp\u00e9cialis\u00e9e est un probl\u00e8me important. Dans le contexte actuel marqu\u00e9 par des d\u00e9fis et des changements, le besoin de comp\u00e9tences de toutes les personnes impliqu\u00e9es, et donc l\u2019apprentissage tout au long de la vie, sont plus que jamais essentiels.<\/p>\n<\/div>\n\n\n\n<div class=\"wp-block-group is-style-reduced-width is-layout-constrained wp-block-group-is-layout-constrained\">\n<div class=\"wp-block-media-text has-media-on-the-right is-stacked-on-mobile is-style-default has-background-color has-text-color has-background\" style=\"background-color:#0077bb;grid-template-columns:auto 43%\"><div class=\"wp-block-media-text__content\">\n<h2 class=\"wp-block-heading is-style-default\">Pourquoi la formation continue est-elle une n\u00e9cessit\u00e9 dans les PME?<\/h2>\n\n\n\n<ul class=\"wp-block-list\">\n<li>Parce que les PME sont actuellement confront\u00e9es \u00e0 de nombreux <a href=\"https:\/\/weiterbildung-in-kmu.ch\/fr\/connaissances-supplementaires\/\">d\u00e9fis.<\/a><\/li>\n\n\n\n<li>Parce que la formation continue peut \u00eatre non seulement <a href=\"https:\/\/weiterbildung-in-kmu.ch\/fr\/formats-dapprentissage\/\">formelle mais aussi informelle<\/a> \u2013 et donc proche de la pratique, pragmatique et efficace.<\/li>\n\n\n\n<li>Parce qu&rsquo;une <a href=\"https:\/\/weiterbildung-in-kmu.ch\/fr\/culture-de-lapprentissage\/\">culture de l&rsquo;apprentissage<\/a> \u00e9tablie constitue l&rsquo;\u00e9pine dorsale de l&rsquo;apprentissage tout au long de la vie et repr\u00e9sente donc un avantage pour les entreprises et les collaborateurs.<\/li>\n\n\n\n<li>Parce que certains <a href=\"https:\/\/weiterbildung-in-kmu.ch\/fr\/formats-dapprentissage\/\">formats d&rsquo;apprentissage<\/a> sont adapt\u00e9s aux PME, qu&rsquo;ils sont bien accueillis et qu&rsquo;ils font progresser tous les participants.<\/li>\n\n\n\n<li>Parce que les <a href=\"https:\/\/weiterbildung-in-kmu.ch\/fr\/connaissances-supplementaires\/grundkompetenzen\/\">comp\u00e9tences de base<\/a> telles que la lecture et l\u2019\u00e9criture, le calcul, l\u2019utilisation d\u2019applications informatiques simples et les connaissances linguistiques constituent des ressources importantes pour les PME.<\/li>\n<\/ul>\n<\/div><figure class=\"wp-block-media-text__media\"><a href=\"https:\/\/weiterbildung-in-kmu.ch\/lernkultur\/\"><img decoding=\"async\" width=\"1024\" height=\"535\" src=\"https:\/\/weiterbildung-in-kmu.ch\/app\/uploads\/sites\/2\/2023\/01\/test-bild-1024x535.jpg\" alt=\"Weiterbildung in Unternehmen\" class=\"wp-image-152 size-full\" srcset=\"https:\/\/weiterbildung-in-kmu.ch\/app\/uploads\/sites\/2\/2023\/01\/test-bild-1024x535.jpg 1024w, https:\/\/weiterbildung-in-kmu.ch\/app\/uploads\/sites\/2\/2023\/01\/test-bild-300x157.jpg 300w, https:\/\/weiterbildung-in-kmu.ch\/app\/uploads\/sites\/2\/2023\/01\/test-bild-768x401.jpg 768w, https:\/\/weiterbildung-in-kmu.ch\/app\/uploads\/sites\/2\/2023\/01\/test-bild.jpg 1200w\" sizes=\"(max-width: 1024px) 100vw, 1024px\" \/><\/a><\/figure><\/div>\n\n\n\n<h2 class=\"wp-block-heading\">L&rsquo;apprentissage informel, une chance pour les PME<\/h2>\n\n\n\n<p class=\"is-style-default has-medium-font-size\">L&rsquo;apprentissage tout au long de la vie se fait notamment dans le cadre du travail quotidien. Les PME ne peuvent pas toujours se permettre de participer r\u00e9guli\u00e8rement \u00e0 des possibilit\u00e9s de formation continue (externes) \u2013 que ce soit pour des raisons de temps, de finances ou de personnel. Ponctuellement, il manque \u00e9galement des offres de formation continue externe qui r\u00e9pondent aux besoins sp\u00e9cifiques des PME.<\/p>\n\n\n\n<p class=\"is-style-default has-medium-font-size\">L&rsquo;apprentissage informel sur le lieu de travail s&rsquo;impose comme une alternative. Gr\u00e2ce \u00e0 son degr\u00e9 \u00e9lev\u00e9 d&rsquo;autodirection, l&rsquo;apprentissage informel est peu co\u00fbteux, flexible dans le temps et peut \u00eatre adapt\u00e9 aux besoins. L&rsquo;apprentissage informel est efficace lorsqu&rsquo;il est consid\u00e9r\u00e9 comme une combinaison d&rsquo;\u00e9l\u00e9ments de motivation et de comportement.<\/p>\n\n\n\n<h2 class=\"wp-block-heading\">\u00c9tude actuelle \u00abImportance et mise en \u0153uvre de la formation continue dans les PME\u00bb<\/h2>\n\n\n\n<p>L&rsquo;\u00e9tude \u00abImportance et mise en \u0153uvre de la formation continue dans les PME\u00bb <a href=\"https:\/\/alice.ch\/fr\/news\/les-pme-voient-dans-la-formation-continue-un-facteur-de-succes-mais-ne-peuvent-pas-toujours-couvrir-leurs-besoins-en-la-matiere\/\" target=\"_blank\" rel=\"noreferrer noopener\">publi\u00e9e en avril 2024<\/a> par la F\u00e9d\u00e9ration suisse pour la formation continue FSEA fournit, pour la premi\u00e8re fois depuis 2005, des r\u00e9sultats empiriques repr\u00e9sentatifs sur ce th\u00e8me.<\/p>\n\n\n\n<div class=\"wp-block-columns is-layout-flex wp-container-core-columns-is-layout-28f84493 wp-block-columns-is-layout-flex\">\n<div class=\"wp-block-column is-layout-flow wp-block-column-is-layout-flow\">\n<div class=\"wp-block-file\"><a id=\"wp-block-file--media-528c81da-33ba-416c-b079-2644fd3d6518\" href=\"https:\/\/weiterbildung-in-kmu.ch\/app\/uploads\/sites\/2\/2024\/04\/etude-pme-2024.pdf\">\u00c9tude \u00abImportance et mise en \u0153uvre de la formation continue dans les PME\u00bb<br \/>PDF &#8211; 1 Mo<\/a><a href=\"https:\/\/weiterbildung-in-kmu.ch\/app\/uploads\/sites\/2\/2024\/04\/etude-pme-2024.pdf\" class=\"wp-block-file__button wp-element-button\" download aria-describedby=\"wp-block-file--media-528c81da-33ba-416c-b079-2644fd3d6518\">Herunterladen<br \/>PDF &#8211; 1 Mo<\/a><\/div>\n<\/div>\n\n\n\n<div class=\"wp-block-column is-layout-flow wp-block-column-is-layout-flow\"><\/div>\n<\/div>\n\n\n\n<h2 class=\"wp-block-heading\">\u00c0 quoi faut-il faire attention ?<\/h2>\n<\/div>\n\n\n\n<div class=\"wp-block-group is-style-three-cols-articles is-layout-flow wp-block-group-is-layout-flow\">\n<div class=\"wp-block-media-text alignwide is-stacked-on-mobile is-style-stacked\"><figure class=\"wp-block-media-text__media\"><img decoding=\"async\" src=\"https:\/\/projects.atxeit.ch\/sveb\/app\/uploads\/2022\/08\/medien-1024x614.png\" alt=\"\" class=\"wp-image-188 size-full\"\/><\/figure><div class=\"wp-block-media-text__content\">\n<figure class=\"wp-block-image size-full is-style-no-border\"><a href=\"https:\/\/weiterbildung-in-kmu.ch\/fr\/connaissances-supplementaires\/\"><img decoding=\"async\" width=\"1000\" height=\"667\" src=\"https:\/\/weiterbildung-in-kmu.ch\/app\/uploads\/sites\/2\/2023\/02\/Kompetenzbedarf.png\" alt=\"\" class=\"wp-image-1502\" srcset=\"https:\/\/weiterbildung-in-kmu.ch\/app\/uploads\/sites\/2\/2023\/02\/Kompetenzbedarf.png 1000w, https:\/\/weiterbildung-in-kmu.ch\/app\/uploads\/sites\/2\/2023\/02\/Kompetenzbedarf-300x200.png 300w, https:\/\/weiterbildung-in-kmu.ch\/app\/uploads\/sites\/2\/2023\/02\/Kompetenzbedarf-768x512.png 768w\" sizes=\"(max-width: 1000px) 100vw, 1000px\" \/><\/a><\/figure>\n\n\n\n<h3 class=\"wp-block-heading\">Besoin de comp\u00e9tences<\/h3>\n\n\n\n<p>Pourquoi la formation continue est-elle n\u00e9cessaire dans les PME et quels sont les d\u00e9fis actuels du monde du travail?<\/p>\n\n\n\n<div style=\"height:24px\" aria-hidden=\"true\" class=\"wp-block-spacer\"><\/div>\n\n\n\n<div class=\"wp-block-buttons is-layout-flex wp-block-buttons-is-layout-flex\">\n<div class=\"wp-block-button is-style-minimal\"><a class=\"wp-block-button__link wp-element-button\" href=\"https:\/\/weiterbildung-in-kmu.ch\/fr\/connaissances-supplementaires\/\">en savoir plus sur le besoin de comp\u00e9tences<\/a><\/div>\n<\/div>\n<\/div><\/div>\n\n\n\n<div class=\"wp-block-media-text alignwide is-stacked-on-mobile is-style-stacked\"><figure class=\"wp-block-media-text__media\"><img decoding=\"async\" src=\"https:\/\/projects.atxeit.ch\/sveb\/app\/uploads\/2022\/08\/medien-1024x614.png\" alt=\"\" class=\"wp-image-188 size-full\"\/><\/figure><div class=\"wp-block-media-text__content\">\n<figure class=\"wp-block-image size-full is-style-no-border\"><a href=\"https:\/\/weiterbildung-in-kmu.ch\/fr\/culture-de-lapprentissage\/\"><img decoding=\"async\" src=\"https:\/\/weiterbildung-in-kmu.ch\/app\/uploads\/sites\/2\/2023\/02\/weiterbildung-in-kmu-lernkultur.png\" alt=\"\" class=\"wp-image-979\"\/><\/a><\/figure>\n\n\n\n<h3 class=\"wp-block-heading\">Culture de l\u2019apprentissage<\/h3>\n\n\n\n<p>Pourquoi faut-il une culture de l\u2019apprentissage dans les PME et quels sont les conseils et bonnes pratiques \u00e0 cet effet?&nbsp;<\/p>\n\n\n\n<div style=\"height:24px\" aria-hidden=\"true\" class=\"wp-block-spacer\"><\/div>\n\n\n\n<div class=\"wp-block-buttons is-layout-flex wp-block-buttons-is-layout-flex\">\n<div class=\"wp-block-button is-style-minimal\"><a class=\"wp-block-button__link wp-element-button\" href=\"https:\/\/weiterbildung-in-kmu.ch\/fr\/culture-de-lapprentissage\/\">en savoir plus sur la culture de l\u2019apprentissage<\/a><\/div>\n<\/div>\n<\/div><\/div>\n\n\n\n<div class=\"wp-block-media-text alignwide is-stacked-on-mobile is-style-stacked\"><figure class=\"wp-block-media-text__media\"><img decoding=\"async\" src=\"https:\/\/projects.atxeit.ch\/sveb\/app\/uploads\/2022\/08\/medien-1024x614.png\" alt=\"\" class=\"wp-image-188 size-full\"\/><\/figure><div class=\"wp-block-media-text__content\">\n<figure class=\"wp-block-image size-full is-style-no-border\"><a href=\"https:\/\/weiterbildung-in-kmu.ch\/fr\/formats-dapprentissage\/\"><img decoding=\"async\" width=\"1000\" height=\"667\" src=\"https:\/\/weiterbildung-in-kmu.ch\/app\/uploads\/sites\/2\/2023\/02\/lernformat.png\" alt=\"\" class=\"wp-image-1506\" srcset=\"https:\/\/weiterbildung-in-kmu.ch\/app\/uploads\/sites\/2\/2023\/02\/lernformat.png 1000w, https:\/\/weiterbildung-in-kmu.ch\/app\/uploads\/sites\/2\/2023\/02\/lernformat-300x200.png 300w, https:\/\/weiterbildung-in-kmu.ch\/app\/uploads\/sites\/2\/2023\/02\/lernformat-768x512.png 768w\" sizes=\"(max-width: 1000px) 100vw, 1000px\" \/><\/a><\/figure>\n\n\n\n<h3 class=\"wp-block-heading\">Formats d\u2019apprentissage<\/h3>\n\n\n\n<p>Quels sont les types de formation continue qui existent? Quels sont les formats d\u2019apprentissage qui ont fait leurs preuves dans les PME et \u00e0 quel moment une formation continue est-elle effective et efficace?<\/p>\n\n\n\n<div class=\"wp-block-buttons is-layout-flex wp-block-buttons-is-layout-flex\">\n<div class=\"wp-block-button is-style-minimal\"><a class=\"wp-block-button__link wp-element-button\" href=\"https:\/\/weiterbildung-in-kmu.ch\/fr\/formats-dapprentissage\/\">en savoir plus sur les formats d\u2019apprentissage<\/a><\/div>\n<\/div>\n<\/div><\/div>\n<\/div>\n","protected":false},"excerpt":{"rendered":"<p>La formation continue dans les petites et moyennes entreprises (PME) Num\u00e9risation, nouvelles attentes des collaboratrices et collaborateurs, transformation num\u00e9rique: le [&hellip;]<\/p>\n","protected":false},"author":2,"featured_media":0,"parent":0,"menu_order":0,"comment_status":"closed","ping_status":"closed","template":"","meta":{"_acf_changed":false,"inline_featured_image":false,"footnotes":""},"class_list":["post-511","page","type-page","status-publish","hentry"],"acf":[],"yoast_head":"<!-- This site is optimized with the Yoast SEO plugin v27.5 - https:\/\/yoast.com\/product\/yoast-seo-wordpress\/ -->\n<title>La formation continue dans les PME - Weiterbildung in KMU<\/title>\n<meta name=\"description\" content=\"La formation continue dans les PME est essentielle. Les entreprises doivent faire face aux d\u00e9fis du monde du travail.\" \/>\n<meta name=\"robots\" content=\"index, follow, max-snippet:-1, max-image-preview:large, max-video-preview:-1\" \/>\n<link rel=\"canonical\" href=\"https:\/\/weiterbildung-in-kmu.ch\/fr\/\" \/>\n<meta property=\"og:locale\" content=\"fr_FR\" \/>\n<meta property=\"og:type\" content=\"article\" \/>\n<meta property=\"og:title\" content=\"La formation continue dans les PME - Weiterbildung in KMU\" \/>\n<meta property=\"og:description\" content=\"La formation continue dans les PME est essentielle. Les entreprises doivent faire face aux d\u00e9fis du monde du travail.\" \/>\n<meta property=\"og:url\" content=\"https:\/\/weiterbildung-in-kmu.ch\/fr\/\" \/>\n<meta property=\"og:site_name\" content=\"Weiterbildung in KMU\" \/>\n<meta property=\"article:modified_time\" content=\"2024-04-23T13:32:24+00:00\" \/>\n<meta property=\"og:image\" content=\"https:\/\/weiterbildung-in-kmu.ch\/app\/uploads\/sites\/2\/2023\/01\/test-bild-1024x535.jpg\" \/>\n<meta name=\"twitter:card\" content=\"summary_large_image\" \/>\n<meta name=\"twitter:label1\" content=\"Dur\u00e9e de lecture estim\u00e9e\" \/>\n\t<meta name=\"twitter:data1\" content=\"4 minutes\" \/>\n<script type=\"application\/ld+json\" class=\"yoast-schema-graph\">{\"@context\":\"https:\\\/\\\/schema.org\",\"@graph\":[{\"@type\":\"WebPage\",\"@id\":\"https:\\\/\\\/weiterbildung-in-kmu.ch\\\/fr\\\/\",\"url\":\"https:\\\/\\\/weiterbildung-in-kmu.ch\\\/fr\\\/\",\"name\":\"La formation continue dans les PME - Weiterbildung in KMU\",\"isPartOf\":{\"@id\":\"https:\\\/\\\/weiterbildung-in-kmu.ch\\\/fr\\\/#website\"},\"primaryImageOfPage\":{\"@id\":\"https:\\\/\\\/weiterbildung-in-kmu.ch\\\/fr\\\/#primaryimage\"},\"image\":{\"@id\":\"https:\\\/\\\/weiterbildung-in-kmu.ch\\\/fr\\\/#primaryimage\"},\"thumbnailUrl\":\"https:\\\/\\\/weiterbildung-in-kmu.ch\\\/app\\\/uploads\\\/sites\\\/2\\\/2023\\\/01\\\/test-bild-1024x535.jpg\",\"datePublished\":\"2023-01-10T09:26:48+00:00\",\"dateModified\":\"2024-04-23T13:32:24+00:00\",\"description\":\"La formation continue dans les PME est essentielle. Les entreprises doivent faire face aux d\u00e9fis du monde du travail.\",\"breadcrumb\":{\"@id\":\"https:\\\/\\\/weiterbildung-in-kmu.ch\\\/fr\\\/#breadcrumb\"},\"inLanguage\":\"fr-FR\",\"potentialAction\":[{\"@type\":\"ReadAction\",\"target\":[\"https:\\\/\\\/weiterbildung-in-kmu.ch\\\/fr\\\/\"]}]},{\"@type\":\"ImageObject\",\"inLanguage\":\"fr-FR\",\"@id\":\"https:\\\/\\\/weiterbildung-in-kmu.ch\\\/fr\\\/#primaryimage\",\"url\":\"https:\\\/\\\/weiterbildung-in-kmu.ch\\\/app\\\/uploads\\\/sites\\\/2\\\/2023\\\/01\\\/test-bild-1024x535.jpg\",\"contentUrl\":\"https:\\\/\\\/weiterbildung-in-kmu.ch\\\/app\\\/uploads\\\/sites\\\/2\\\/2023\\\/01\\\/test-bild-1024x535.jpg\"},{\"@type\":\"BreadcrumbList\",\"@id\":\"https:\\\/\\\/weiterbildung-in-kmu.ch\\\/fr\\\/#breadcrumb\",\"itemListElement\":[{\"@type\":\"ListItem\",\"position\":1,\"name\":\"Page d\u2019accueil\",\"item\":\"https:\\\/\\\/weiterbildung-in-kmu.ch\\\/fr\\\/\"},{\"@type\":\"ListItem\",\"position\":2,\"name\":\"La formation continue dans les PME\"}]},{\"@type\":\"WebSite\",\"@id\":\"https:\\\/\\\/weiterbildung-in-kmu.ch\\\/fr\\\/#website\",\"url\":\"https:\\\/\\\/weiterbildung-in-kmu.ch\\\/fr\\\/\",\"name\":\"Weiterbildung in KMU\",\"description\":\"\",\"publisher\":{\"@id\":\"https:\\\/\\\/weiterbildung-in-kmu.ch\\\/fr\\\/#organization\"},\"alternateName\":\"Weiterbildung in kleinen und mittleren Unternehmen\",\"potentialAction\":[{\"@type\":\"SearchAction\",\"target\":{\"@type\":\"EntryPoint\",\"urlTemplate\":\"https:\\\/\\\/weiterbildung-in-kmu.ch\\\/fr\\\/?s={search_term_string}\"},\"query-input\":{\"@type\":\"PropertyValueSpecification\",\"valueRequired\":true,\"valueName\":\"search_term_string\"}}],\"inLanguage\":\"fr-FR\"},{\"@type\":\"Organization\",\"@id\":\"https:\\\/\\\/weiterbildung-in-kmu.ch\\\/fr\\\/#organization\",\"name\":\"SVEB \u2013 Weiterbildung in KMU\",\"alternateName\":\"Weiterbildung in KMU\",\"url\":\"https:\\\/\\\/weiterbildung-in-kmu.ch\\\/fr\\\/\",\"logo\":{\"@type\":\"ImageObject\",\"inLanguage\":\"fr-FR\",\"@id\":\"https:\\\/\\\/weiterbildung-in-kmu.ch\\\/fr\\\/#\\\/schema\\\/logo\\\/image\\\/\",\"url\":\"https:\\\/\\\/weiterbildung-in-kmu.ch\\\/app\\\/uploads\\\/sites\\\/2\\\/2023\\\/03\\\/SVEB_Schriftzug_KMU_D-500px.png\",\"contentUrl\":\"https:\\\/\\\/weiterbildung-in-kmu.ch\\\/app\\\/uploads\\\/sites\\\/2\\\/2023\\\/03\\\/SVEB_Schriftzug_KMU_D-500px.png\",\"width\":500,\"height\":164,\"caption\":\"SVEB \u2013 Weiterbildung in KMU\"},\"image\":{\"@id\":\"https:\\\/\\\/weiterbildung-in-kmu.ch\\\/fr\\\/#\\\/schema\\\/logo\\\/image\\\/\"}}]}<\/script>\n<!-- \/ Yoast SEO plugin. -->","yoast_head_json":{"title":"La formation continue dans les PME - Weiterbildung in KMU","description":"La formation continue dans les PME est essentielle. Les entreprises doivent faire face aux d\u00e9fis du monde du travail.","robots":{"index":"index","follow":"follow","max-snippet":"max-snippet:-1","max-image-preview":"max-image-preview:large","max-video-preview":"max-video-preview:-1"},"canonical":"https:\/\/weiterbildung-in-kmu.ch\/fr\/","og_locale":"fr_FR","og_type":"article","og_title":"La formation continue dans les PME - Weiterbildung in KMU","og_description":"La formation continue dans les PME est essentielle. Les entreprises doivent faire face aux d\u00e9fis du monde du travail.","og_url":"https:\/\/weiterbildung-in-kmu.ch\/fr\/","og_site_name":"Weiterbildung in KMU","article_modified_time":"2024-04-23T13:32:24+00:00","og_image":[{"url":"https:\/\/weiterbildung-in-kmu.ch\/app\/uploads\/sites\/2\/2023\/01\/test-bild-1024x535.jpg","type":"","width":"","height":""}],"twitter_card":"summary_large_image","twitter_misc":{"Dur\u00e9e de lecture estim\u00e9e":"4 minutes"},"schema":{"@context":"https:\/\/schema.org","@graph":[{"@type":"WebPage","@id":"https:\/\/weiterbildung-in-kmu.ch\/fr\/","url":"https:\/\/weiterbildung-in-kmu.ch\/fr\/","name":"La formation continue dans les PME - Weiterbildung in KMU","isPartOf":{"@id":"https:\/\/weiterbildung-in-kmu.ch\/fr\/#website"},"primaryImageOfPage":{"@id":"https:\/\/weiterbildung-in-kmu.ch\/fr\/#primaryimage"},"image":{"@id":"https:\/\/weiterbildung-in-kmu.ch\/fr\/#primaryimage"},"thumbnailUrl":"https:\/\/weiterbildung-in-kmu.ch\/app\/uploads\/sites\/2\/2023\/01\/test-bild-1024x535.jpg","datePublished":"2023-01-10T09:26:48+00:00","dateModified":"2024-04-23T13:32:24+00:00","description":"La formation continue dans les PME est essentielle. Les entreprises doivent faire face aux d\u00e9fis du monde du travail.","breadcrumb":{"@id":"https:\/\/weiterbildung-in-kmu.ch\/fr\/#breadcrumb"},"inLanguage":"fr-FR","potentialAction":[{"@type":"ReadAction","target":["https:\/\/weiterbildung-in-kmu.ch\/fr\/"]}]},{"@type":"ImageObject","inLanguage":"fr-FR","@id":"https:\/\/weiterbildung-in-kmu.ch\/fr\/#primaryimage","url":"https:\/\/weiterbildung-in-kmu.ch\/app\/uploads\/sites\/2\/2023\/01\/test-bild-1024x535.jpg","contentUrl":"https:\/\/weiterbildung-in-kmu.ch\/app\/uploads\/sites\/2\/2023\/01\/test-bild-1024x535.jpg"},{"@type":"BreadcrumbList","@id":"https:\/\/weiterbildung-in-kmu.ch\/fr\/#breadcrumb","itemListElement":[{"@type":"ListItem","position":1,"name":"Page d\u2019accueil","item":"https:\/\/weiterbildung-in-kmu.ch\/fr\/"},{"@type":"ListItem","position":2,"name":"La formation continue dans les PME"}]},{"@type":"WebSite","@id":"https:\/\/weiterbildung-in-kmu.ch\/fr\/#website","url":"https:\/\/weiterbildung-in-kmu.ch\/fr\/","name":"Weiterbildung in KMU","description":"","publisher":{"@id":"https:\/\/weiterbildung-in-kmu.ch\/fr\/#organization"},"alternateName":"Weiterbildung in kleinen und mittleren Unternehmen","potentialAction":[{"@type":"SearchAction","target":{"@type":"EntryPoint","urlTemplate":"https:\/\/weiterbildung-in-kmu.ch\/fr\/?s={search_term_string}"},"query-input":{"@type":"PropertyValueSpecification","valueRequired":true,"valueName":"search_term_string"}}],"inLanguage":"fr-FR"},{"@type":"Organization","@id":"https:\/\/weiterbildung-in-kmu.ch\/fr\/#organization","name":"SVEB \u2013 Weiterbildung in KMU","alternateName":"Weiterbildung in KMU","url":"https:\/\/weiterbildung-in-kmu.ch\/fr\/","logo":{"@type":"ImageObject","inLanguage":"fr-FR","@id":"https:\/\/weiterbildung-in-kmu.ch\/fr\/#\/schema\/logo\/image\/","url":"https:\/\/weiterbildung-in-kmu.ch\/app\/uploads\/sites\/2\/2023\/03\/SVEB_Schriftzug_KMU_D-500px.png","contentUrl":"https:\/\/weiterbildung-in-kmu.ch\/app\/uploads\/sites\/2\/2023\/03\/SVEB_Schriftzug_KMU_D-500px.png","width":500,"height":164,"caption":"SVEB \u2013 Weiterbildung in KMU"},"image":{"@id":"https:\/\/weiterbildung-in-kmu.ch\/fr\/#\/schema\/logo\/image\/"}}]}},"_links":{"self":[{"href":"https:\/\/weiterbildung-in-kmu.ch\/fr\/wp-json\/wp\/v2\/pages\/511","targetHints":{"allow":["GET"]}}],"collection":[{"href":"https:\/\/weiterbildung-in-kmu.ch\/fr\/wp-json\/wp\/v2\/pages"}],"about":[{"href":"https:\/\/weiterbildung-in-kmu.ch\/fr\/wp-json\/wp\/v2\/types\/page"}],"author":[{"embeddable":true,"href":"https:\/\/weiterbildung-in-kmu.ch\/fr\/wp-json\/wp\/v2\/users\/2"}],"replies":[{"embeddable":true,"href":"https:\/\/weiterbildung-in-kmu.ch\/fr\/wp-json\/wp\/v2\/comments?post=511"}],"version-history":[{"count":66,"href":"https:\/\/weiterbildung-in-kmu.ch\/fr\/wp-json\/wp\/v2\/pages\/511\/revisions"}],"predecessor-version":[{"id":2389,"href":"https:\/\/weiterbildung-in-kmu.ch\/fr\/wp-json\/wp\/v2\/pages\/511\/revisions\/2389"}],"wp:attachment":[{"href":"https:\/\/weiterbildung-in-kmu.ch\/fr\/wp-json\/wp\/v2\/media?parent=511"}],"curies":[{"name":"wp","href":"https:\/\/api.w.org\/{rel}","templated":true}]}}