{"id":453,"date":"2023-01-13T08:06:36","date_gmt":"2023-01-13T07:06:36","guid":{"rendered":"https:\/\/weiterbildung-in-kmu.alice.ch\/?page_id=453"},"modified":"2023-12-15T14:40:53","modified_gmt":"2023-12-15T13:40:53","slug":"gestion-du-changement","status":"publish","type":"page","link":"https:\/\/weiterbildung-in-kmu.ch\/fr\/connaissances-supplementaires\/gestion-du-changement\/","title":{"rendered":"Gestion du changement"},"content":{"rendered":"\n<div class=\"wp-block-group is-style-reduced-width is-layout-constrained wp-block-group-is-layout-constrained\">\n<h1 class=\"wp-block-heading\">Gestion du changement<\/h1>\n\n\n\n<p class=\"is-style-lead\">Nous avons pu le constater avec la pand\u00e9mie de Covid-19: le changement se produit seulement en temps de crise, quand il n\u2019y a plus d\u2019autre possibilit\u00e9. La gestion du changement implique de modifier les structures, les processus et les comportements. De mani\u00e8re g\u00e9n\u00e9rale, l\u2019\u00eatre humain a une propension \u00e0 s\u2019accrocher \u00e0 ce qui existe. Par cons\u00e9quent, dans la pratique, de nombreux projets tourn\u00e9s vers le changement \u00e9chouent en raison des conditions-cadres. \u00c0 l\u2019\u00e8re de la transformation num\u00e9rique, le changement est pourtant crucial dans toutes les entreprises, quelle que soit leur taille. Pour relever ces d\u00e9fis, les entreprises doivent \u00eatre capables de g\u00e9rer activement le changement. Dans la gestion du changement, les PME sont confront\u00e9es \u00e0 des personnes ou des \u00e9quipes qui r\u00e9agissent activement et souvent de mani\u00e8re impr\u00e9visible \u00e0 toute intervention.<\/p>\n\n\n\n<h2 class=\"wp-block-heading\">Pourquoi la gestion du changement est-elle si importante?<\/h2>\n\n\n\n<p>Les changements ont lieu quotidiennement et \u00e0 petite \u00e9chelle. Une collaboratrice est mut\u00e9e \u00e0 un autre poste, une nouvelle version d\u2019un logiciel Microsoft est install\u00e9e, un nouveau collaborateur prend ses fonctions et l\u2019\u00e9quipe propose des id\u00e9es pour optimiser les processus lors des r\u00e9unions hebdomadaires. Comment une PME g\u00e8re-t-elle ces changements? Comment parvient-elle \u00e0 les surmonter? Les changements, quelle que soit leur port\u00e9e, entra\u00eenent-ils des conflits? La culture d\u2019entreprise est-elle ouverte aux changements? Les&nbsp;PME doivent imp\u00e9rativement piloter le processus de changement de mani\u00e8re syst\u00e9matique et d\u00e9termin\u00e9e. Une communication sinc\u00e8re et transparente ainsi que l\u2019observation attentive et l\u2019interpr\u00e9tation des r\u00e9actions du personnel sont les cl\u00e9s d\u2019une gestion du changement r\u00e9ussie.<\/p>\n\n\n\n<div class=\"wp-block-buttons is-style-three-column-buttons is-layout-flex wp-block-buttons-is-layout-flex\" id=\"js-quicklinks\">\n<div class=\"wp-block-button has-custom-font-size is-style-outline has-medium-font-size is-style-outline--1\"><a class=\"wp-block-button__link wp-element-button\" href=\"https:\/\/weiterbildung-in-kmu.ch\/fr\/connaissances-supplementaires\/gestion-du-changement\/processus-de-changement\/\">La gestion du changement va de pair avec la gestion de projet<\/a><\/div>\n<\/div>\n\n\n\n<h2 class=\"wp-block-heading\">La gestion du changement dans le contexte de la formation continue pour les PME&nbsp;&nbsp;<\/h2>\n\n\n\n<p>Qui ne conna\u00eet pas cette situation: des collaboratrices ou collaborateurs qui poss\u00e8dent des connaissances, mais qui ne les partagent pas. Ou des collaboratrices ou collaborateurs qui r\u00e9cup\u00e8rent le savoir-faire d\u2019autres personnes, et ce de mani\u00e8re r\u00e9guli\u00e8re et r\u00e9p\u00e9t\u00e9e. Ils agissent ainsi par commodit\u00e9 au lieu de s\u2019int\u00e9resser au sujet ou de montrer leur volont\u00e9 \u00e0 regarder ce que fait l\u2019autre pour apprendre en m\u00eame temps que lui. Les PME ont tout int\u00e9r\u00eat \u00e0 instaurer une culture de l\u2019apprentissage. Certes, les collaboratrices et collaborateurs qui ont beaucoup d\u2019anciennet\u00e9 valent de l\u2019or pour les PME, mais leur anciennet\u00e9 peut aussi inciter les entreprises \u00e0 ne pas d\u00e9velopper leurs ressources humaines. Par cons\u00e9quent, lors de l\u2019entretien annuel, les collaboratrices ou collaborateurs doivent activement revendiquer le droit \u00e0 l\u2019apprentissage tout au long de la vie. D\u00e9tecter suffisamment t\u00f4t les comp\u00e9tences qui, demain, seront n\u00e9cessaires \u00e0 la p\u00e9rennit\u00e9 des PME permet d\u2019aborder les changements de mani\u00e8re proactive, afin d\u2019entra\u00eener suffisamment t\u00f4t les collaboratrices et collaborateurs dans le mouvement et de les d\u00e9velopper.<\/p>\n\n\n\n<div class=\"wp-block-columns is-layout-flex wp-container-core-columns-is-layout-28f84493 wp-block-columns-is-layout-flex\">\n<div class=\"wp-block-column is-layout-flow wp-block-column-is-layout-flow\" style=\"flex-basis:50%\">\n<div class=\"wp-block-file\"><a id=\"wp-block-file--media-1a45d2e4-fd30-41ef-8458-3a6afbdf5b9d\" href=\"https:\/\/weiterbildung-in-kmu.ch\/app\/uploads\/sites\/2\/2023\/02\/Bonnes-pratiques-gestion-du-changement-1.pdf\">Bonnes pratiques \u2013 gestion du changement<br \/>PDF &#8211; <\/a><a href=\"https:\/\/weiterbildung-in-kmu.ch\/app\/uploads\/sites\/2\/2023\/02\/Bonnes-pratiques-gestion-du-changement-1.pdf\" class=\"wp-block-file__button wp-element-button\" download aria-describedby=\"wp-block-file--media-1a45d2e4-fd30-41ef-8458-3a6afbdf5b9d\"><br \/>PDF &#8211; <\/a><\/div>\n<\/div>\n\n\n\n<div class=\"wp-block-column is-layout-flow wp-block-column-is-layout-flow\" style=\"flex-basis:50%\"><\/div>\n<\/div>\n<\/div>\n","protected":false},"excerpt":{"rendered":"<p>Gestion du changement Nous avons pu le constater avec la pand\u00e9mie de Covid-19: le changement se produit seulement en temps [&hellip;]<\/p>\n","protected":false},"author":4,"featured_media":0,"parent":451,"menu_order":0,"comment_status":"closed","ping_status":"closed","template":"","meta":{"_acf_changed":false,"inline_featured_image":false,"footnotes":""},"class_list":["post-453","page","type-page","status-publish","hentry"],"acf":[],"yoast_head":"<!-- This site is optimized with the Yoast SEO plugin v27.3 - https:\/\/yoast.com\/product\/yoast-seo-wordpress\/ -->\n<title>Gestion du changement - Weiterbildung in KMU<\/title>\n<meta name=\"description\" content=\"Le Change Management - en fran\u00e7ais gestion du changement - signifie modifier les structures, les processus et les comportements.\" \/>\n<meta name=\"robots\" content=\"index, follow, max-snippet:-1, max-image-preview:large, max-video-preview:-1\" \/>\n<link rel=\"canonical\" href=\"https:\/\/weiterbildung-in-kmu.ch\/fr\/connaissances-supplementaires\/gestion-du-changement\/\" \/>\n<meta property=\"og:locale\" content=\"fr_FR\" \/>\n<meta property=\"og:type\" content=\"article\" \/>\n<meta property=\"og:title\" content=\"Gestion du changement - Weiterbildung in KMU\" \/>\n<meta property=\"og:description\" content=\"Le Change Management - en fran\u00e7ais gestion du changement - signifie modifier les structures, les processus et les comportements.\" \/>\n<meta property=\"og:url\" content=\"https:\/\/weiterbildung-in-kmu.ch\/fr\/connaissances-supplementaires\/gestion-du-changement\/\" \/>\n<meta property=\"og:site_name\" content=\"Weiterbildung in KMU\" \/>\n<meta property=\"article:modified_time\" content=\"2023-12-15T13:40:53+00:00\" \/>\n<meta property=\"og:image\" content=\"https:\/\/weiterbildung-in-kmu.ch\/app\/uploads\/sites\/2\/2023\/03\/SVEB_Schriftzug_KMU_D-500px.png\" \/>\n\t<meta property=\"og:image:width\" content=\"500\" \/>\n\t<meta property=\"og:image:height\" content=\"164\" \/>\n\t<meta property=\"og:image:type\" content=\"image\/png\" \/>\n<meta name=\"twitter:card\" content=\"summary_large_image\" \/>\n<meta name=\"twitter:label1\" content=\"Dur\u00e9e de lecture estim\u00e9e\" \/>\n\t<meta name=\"twitter:data1\" content=\"3 minutes\" \/>\n<script type=\"application\/ld+json\" class=\"yoast-schema-graph\">{\"@context\":\"https:\\\/\\\/schema.org\",\"@graph\":[{\"@type\":\"WebPage\",\"@id\":\"https:\\\/\\\/weiterbildung-in-kmu.ch\\\/fr\\\/connaissances-supplementaires\\\/gestion-du-changement\\\/\",\"url\":\"https:\\\/\\\/weiterbildung-in-kmu.ch\\\/fr\\\/connaissances-supplementaires\\\/gestion-du-changement\\\/\",\"name\":\"Gestion du changement - Weiterbildung in KMU\",\"isPartOf\":{\"@id\":\"https:\\\/\\\/weiterbildung-in-kmu.ch\\\/fr\\\/#website\"},\"datePublished\":\"2023-01-13T07:06:36+00:00\",\"dateModified\":\"2023-12-15T13:40:53+00:00\",\"description\":\"Le Change Management - en fran\u00e7ais gestion du changement - signifie modifier les structures, les processus et les comportements.\",\"breadcrumb\":{\"@id\":\"https:\\\/\\\/weiterbildung-in-kmu.ch\\\/fr\\\/connaissances-supplementaires\\\/gestion-du-changement\\\/#breadcrumb\"},\"inLanguage\":\"fr-FR\",\"potentialAction\":[{\"@type\":\"ReadAction\",\"target\":[\"https:\\\/\\\/weiterbildung-in-kmu.ch\\\/fr\\\/connaissances-supplementaires\\\/gestion-du-changement\\\/\"]}]},{\"@type\":\"BreadcrumbList\",\"@id\":\"https:\\\/\\\/weiterbildung-in-kmu.ch\\\/fr\\\/connaissances-supplementaires\\\/gestion-du-changement\\\/#breadcrumb\",\"itemListElement\":[{\"@type\":\"ListItem\",\"position\":1,\"name\":\"Page d\u2019accueil\",\"item\":\"https:\\\/\\\/weiterbildung-in-kmu.ch\\\/fr\\\/\"},{\"@type\":\"ListItem\",\"position\":2,\"name\":\"Connaissances suppl\u00e9mentaires\",\"item\":\"https:\\\/\\\/weiterbildung-in-kmu.ch\\\/fr\\\/connaissances-supplementaires\\\/\"},{\"@type\":\"ListItem\",\"position\":3,\"name\":\"Gestion du changement\"}]},{\"@type\":\"WebSite\",\"@id\":\"https:\\\/\\\/weiterbildung-in-kmu.ch\\\/fr\\\/#website\",\"url\":\"https:\\\/\\\/weiterbildung-in-kmu.ch\\\/fr\\\/\",\"name\":\"Weiterbildung in KMU\",\"description\":\"\",\"publisher\":{\"@id\":\"https:\\\/\\\/weiterbildung-in-kmu.ch\\\/fr\\\/#organization\"},\"alternateName\":\"Weiterbildung in kleinen und mittleren Unternehmen\",\"potentialAction\":[{\"@type\":\"SearchAction\",\"target\":{\"@type\":\"EntryPoint\",\"urlTemplate\":\"https:\\\/\\\/weiterbildung-in-kmu.ch\\\/fr\\\/?s={search_term_string}\"},\"query-input\":{\"@type\":\"PropertyValueSpecification\",\"valueRequired\":true,\"valueName\":\"search_term_string\"}}],\"inLanguage\":\"fr-FR\"},{\"@type\":\"Organization\",\"@id\":\"https:\\\/\\\/weiterbildung-in-kmu.ch\\\/fr\\\/#organization\",\"name\":\"SVEB \u2013 Weiterbildung in KMU\",\"alternateName\":\"Weiterbildung in KMU\",\"url\":\"https:\\\/\\\/weiterbildung-in-kmu.ch\\\/fr\\\/\",\"logo\":{\"@type\":\"ImageObject\",\"inLanguage\":\"fr-FR\",\"@id\":\"https:\\\/\\\/weiterbildung-in-kmu.ch\\\/fr\\\/#\\\/schema\\\/logo\\\/image\\\/\",\"url\":\"https:\\\/\\\/weiterbildung-in-kmu.ch\\\/app\\\/uploads\\\/sites\\\/2\\\/2023\\\/03\\\/SVEB_Schriftzug_KMU_D-500px.png\",\"contentUrl\":\"https:\\\/\\\/weiterbildung-in-kmu.ch\\\/app\\\/uploads\\\/sites\\\/2\\\/2023\\\/03\\\/SVEB_Schriftzug_KMU_D-500px.png\",\"width\":500,\"height\":164,\"caption\":\"SVEB \u2013 Weiterbildung in KMU\"},\"image\":{\"@id\":\"https:\\\/\\\/weiterbildung-in-kmu.ch\\\/fr\\\/#\\\/schema\\\/logo\\\/image\\\/\"}}]}<\/script>\n<!-- \/ Yoast SEO plugin. -->","yoast_head_json":{"title":"Gestion du changement - Weiterbildung in KMU","description":"Le Change Management - en fran\u00e7ais gestion du changement - signifie modifier les structures, les processus et les comportements.","robots":{"index":"index","follow":"follow","max-snippet":"max-snippet:-1","max-image-preview":"max-image-preview:large","max-video-preview":"max-video-preview:-1"},"canonical":"https:\/\/weiterbildung-in-kmu.ch\/fr\/connaissances-supplementaires\/gestion-du-changement\/","og_locale":"fr_FR","og_type":"article","og_title":"Gestion du changement - Weiterbildung in KMU","og_description":"Le Change Management - en fran\u00e7ais gestion du changement - signifie modifier les structures, les processus et les comportements.","og_url":"https:\/\/weiterbildung-in-kmu.ch\/fr\/connaissances-supplementaires\/gestion-du-changement\/","og_site_name":"Weiterbildung in KMU","article_modified_time":"2023-12-15T13:40:53+00:00","og_image":[{"width":500,"height":164,"url":"https:\/\/weiterbildung-in-kmu.ch\/app\/uploads\/sites\/2\/2023\/03\/SVEB_Schriftzug_KMU_D-500px.png","type":"image\/png"}],"twitter_card":"summary_large_image","twitter_misc":{"Dur\u00e9e de lecture estim\u00e9e":"3 minutes"},"schema":{"@context":"https:\/\/schema.org","@graph":[{"@type":"WebPage","@id":"https:\/\/weiterbildung-in-kmu.ch\/fr\/connaissances-supplementaires\/gestion-du-changement\/","url":"https:\/\/weiterbildung-in-kmu.ch\/fr\/connaissances-supplementaires\/gestion-du-changement\/","name":"Gestion du changement - Weiterbildung in KMU","isPartOf":{"@id":"https:\/\/weiterbildung-in-kmu.ch\/fr\/#website"},"datePublished":"2023-01-13T07:06:36+00:00","dateModified":"2023-12-15T13:40:53+00:00","description":"Le Change Management - en fran\u00e7ais gestion du changement - signifie modifier les structures, les processus et les comportements.","breadcrumb":{"@id":"https:\/\/weiterbildung-in-kmu.ch\/fr\/connaissances-supplementaires\/gestion-du-changement\/#breadcrumb"},"inLanguage":"fr-FR","potentialAction":[{"@type":"ReadAction","target":["https:\/\/weiterbildung-in-kmu.ch\/fr\/connaissances-supplementaires\/gestion-du-changement\/"]}]},{"@type":"BreadcrumbList","@id":"https:\/\/weiterbildung-in-kmu.ch\/fr\/connaissances-supplementaires\/gestion-du-changement\/#breadcrumb","itemListElement":[{"@type":"ListItem","position":1,"name":"Page d\u2019accueil","item":"https:\/\/weiterbildung-in-kmu.ch\/fr\/"},{"@type":"ListItem","position":2,"name":"Connaissances suppl\u00e9mentaires","item":"https:\/\/weiterbildung-in-kmu.ch\/fr\/connaissances-supplementaires\/"},{"@type":"ListItem","position":3,"name":"Gestion du changement"}]},{"@type":"WebSite","@id":"https:\/\/weiterbildung-in-kmu.ch\/fr\/#website","url":"https:\/\/weiterbildung-in-kmu.ch\/fr\/","name":"Weiterbildung in KMU","description":"","publisher":{"@id":"https:\/\/weiterbildung-in-kmu.ch\/fr\/#organization"},"alternateName":"Weiterbildung in kleinen und mittleren Unternehmen","potentialAction":[{"@type":"SearchAction","target":{"@type":"EntryPoint","urlTemplate":"https:\/\/weiterbildung-in-kmu.ch\/fr\/?s={search_term_string}"},"query-input":{"@type":"PropertyValueSpecification","valueRequired":true,"valueName":"search_term_string"}}],"inLanguage":"fr-FR"},{"@type":"Organization","@id":"https:\/\/weiterbildung-in-kmu.ch\/fr\/#organization","name":"SVEB \u2013 Weiterbildung in KMU","alternateName":"Weiterbildung in KMU","url":"https:\/\/weiterbildung-in-kmu.ch\/fr\/","logo":{"@type":"ImageObject","inLanguage":"fr-FR","@id":"https:\/\/weiterbildung-in-kmu.ch\/fr\/#\/schema\/logo\/image\/","url":"https:\/\/weiterbildung-in-kmu.ch\/app\/uploads\/sites\/2\/2023\/03\/SVEB_Schriftzug_KMU_D-500px.png","contentUrl":"https:\/\/weiterbildung-in-kmu.ch\/app\/uploads\/sites\/2\/2023\/03\/SVEB_Schriftzug_KMU_D-500px.png","width":500,"height":164,"caption":"SVEB \u2013 Weiterbildung in KMU"},"image":{"@id":"https:\/\/weiterbildung-in-kmu.ch\/fr\/#\/schema\/logo\/image\/"}}]}},"_links":{"self":[{"href":"https:\/\/weiterbildung-in-kmu.ch\/fr\/wp-json\/wp\/v2\/pages\/453","targetHints":{"allow":["GET"]}}],"collection":[{"href":"https:\/\/weiterbildung-in-kmu.ch\/fr\/wp-json\/wp\/v2\/pages"}],"about":[{"href":"https:\/\/weiterbildung-in-kmu.ch\/fr\/wp-json\/wp\/v2\/types\/page"}],"author":[{"embeddable":true,"href":"https:\/\/weiterbildung-in-kmu.ch\/fr\/wp-json\/wp\/v2\/users\/4"}],"replies":[{"embeddable":true,"href":"https:\/\/weiterbildung-in-kmu.ch\/fr\/wp-json\/wp\/v2\/comments?post=453"}],"version-history":[{"count":23,"href":"https:\/\/weiterbildung-in-kmu.ch\/fr\/wp-json\/wp\/v2\/pages\/453\/revisions"}],"predecessor-version":[{"id":2333,"href":"https:\/\/weiterbildung-in-kmu.ch\/fr\/wp-json\/wp\/v2\/pages\/453\/revisions\/2333"}],"up":[{"embeddable":true,"href":"https:\/\/weiterbildung-in-kmu.ch\/fr\/wp-json\/wp\/v2\/pages\/451"}],"wp:attachment":[{"href":"https:\/\/weiterbildung-in-kmu.ch\/fr\/wp-json\/wp\/v2\/media?parent=453"}],"curies":[{"name":"wp","href":"https:\/\/api.w.org\/{rel}","templated":true}]}}