{"id":2065,"date":"2023-06-12T19:38:33","date_gmt":"2023-06-12T17:38:33","guid":{"rendered":"https:\/\/weiterbildung-in-kmu.ch\/connaissances-supplementaires\/grundkompetenzen\/"},"modified":"2023-12-15T15:20:30","modified_gmt":"2023-12-15T14:20:30","slug":"grundkompetenzen","status":"publish","type":"page","link":"https:\/\/weiterbildung-in-kmu.ch\/fr\/connaissances-supplementaires\/grundkompetenzen\/","title":{"rendered":"Competences de base"},"content":{"rendered":"\n<div class=\"wp-block-group is-style-reduced-width is-layout-constrained wp-block-group-is-layout-constrained\">\n<h1 class=\"wp-block-heading\">Promouvoir les comp\u00e9tences de base dans les PME<\/h1>\n\n\n\n<p class=\"is-style-lead\">Environ deux tiers des 800&rsquo;000&nbsp;personnes en Suisse qui rencontrent des difficult\u00e9s avec les comp\u00e9tences de base exercent une activit\u00e9 professionnelle. Plus de la moiti\u00e9 d\u2019entre elles sont employ\u00e9es dans des PME. Les comp\u00e9tences de base englobent la lecture et l\u2019\u00e9criture, le calcul, l\u2019utilisation d\u2019applications informatiques simples et les connaissances linguistiques. Les personnes ayant des comp\u00e9tences de base de faible niveau sont plus nombreuses dans certaines branches que dans d\u2019autres, par exemple dans le secteur du b\u00e2timent et du second-\u0153uvre, dans l\u2019agriculture et l\u2019exploitation foresti\u00e8re, dans la production industrielle, dans l\u2019h\u00f4tellerie et la restauration, dans la logistique, etc.<\/p>\n\n\n\n<p>Comment identifier, chez les collaboratrices et les collaborateurs, le besoin d\u2019une formation dans le domaine des comp\u00e9tences de base?<\/p>\n\n\n\n<ul class=\"wp-block-list\">\n<li>Connaissances linguistiques \u00e0 l\u2019oral ou \u00e0 l\u2019\u00e9crit: les instructions de travail et les prescriptions de s\u00e9curit\u00e9 ne sont pas suffisamment comprises, la documentation \u00e9crite de l\u2019activit\u00e9 est insuffisante. Cela peut entra\u00eener des erreurs et des probl\u00e8mes dans les processus internes ou des difficult\u00e9s lors du contact avec la client\u00e8le. <a href=\"https:\/\/www.besser-jetzt.ch\/betriebe_stories.cfm?content_id=11594\"><\/a><a href=\"https:\/\/www.besser-jetzt.ch\/betriebe_stories.cfm?content_id=11594\" target=\"_blank\" rel=\"noreferrer noopener\">Exemple Wolfensberger<\/a><\/li>\n\n\n\n<li>Comp\u00e9tences num\u00e9riques: du fait de la num\u00e9risation des processus de travail ou de l\u2019introduction d\u2019installations automatis\u00e9es, les exigences en mati\u00e8re de comp\u00e9tences num\u00e9riques augmentent, tout comme les exigences concernant la lecture et d\u2019\u00e9criture. <a href=\"https:\/\/www.youtube.com\/watch?v=nzY6nPSz8F4\" target=\"_blank\" rel=\"noreferrer noopener\">Exemple Nussbaum AG<\/a><\/li>\n<\/ul>\n\n\n\n<h2 class=\"wp-block-heading\">Le lieu de travail comme point de d\u00e9part pour l\u2019apprentissage<\/h2>\n\n\n\n<p>Dans de nombreuses entreprises, le lieu de travail est, tout naturellement, \u00e9galement le lieu d\u2019apprentissage. En revanche, l\u2019apprentissage n\u2019a pas toujours un lien direct avec la situation personnelle ou professionnelle actuelle de la personne. De m\u00eame, il ne s\u2019appuie pas toujours sur les ressources disponibles et ne peut pas toujours \u00eatre appliqu\u00e9 dans le quotidien professionnel. Cela est d\u2019autant plus important pour les employ\u00e9\u00b7e\u00b7s dont les comp\u00e9tences de base ne suffisent plus pour suivre le rythme particuli\u00e8rement rapide du d\u00e9veloppement technologique.&nbsp;<\/p>\n\n\n\n<div class=\"wp-block-buttons is-style-three-column-buttons is-layout-flex wp-block-buttons-is-layout-flex\" id=\"js-quicklinks\">\n<div class=\"wp-block-button has-custom-font-size is-style-outline has-medium-font-size is-style-outline--1\"><a class=\"wp-block-button__link wp-element-button\" href=\"https:\/\/weiterbildung-in-kmu.ch\/fr\/formats-dapprentissage\/\">Formats d\u2019apprentissage<\/a><\/div>\n<\/div>\n\n\n\n<div style=\"height:20px\" aria-hidden=\"true\" class=\"wp-block-spacer\"><\/div>\n\n\n\n<h2 class=\"wp-block-heading\">Le programme de promotion \u00abSimplement mieux! \u2026 au travail\u00bb<\/h2>\n\n\n\n<p>Les cours en entreprise qui permettent d\u2019acqu\u00e9rir des comp\u00e9tences de base comme la lecture, l\u2019\u00e9criture, l\u2019informatique, le calcul et les connaissances linguistiques sont subventionn\u00e9s par la Conf\u00e9d\u00e9ration (<strong>\u00ab<\/strong><a href=\"https:\/\/www.simplement-mieux.ch\/betriebe.cfm\"><strong>Simplement mieux! &#8230; au travail<\/strong><\/a><strong>\u00bb<\/strong>). Les cours sont ax\u00e9s sur la pratique et sont adapt\u00e9s \u00e0 l\u2019entreprise concern\u00e9e. Les acquis de formation peuvent \u00eatre appliqu\u00e9s imm\u00e9diatement dans le quotidien professionnel. Il est possible de faire appel \u00e0 un prestataire de formation interne ou externe pour l\u2019\u00e9laboration et la r\u00e9alisation des cours sur mesure.<\/p>\n\n\n\n<h3 class=\"wp-block-heading\">Plus d&rsquo;informations<\/h3>\n\n\n\n<div class=\"wp-block-buttons is-layout-flex wp-block-buttons-is-layout-flex\">\n<div class=\"wp-block-button has-custom-width wp-block-button__width-100 has-custom-font-size is-style-minimal has-medium-font-size\"><a class=\"wp-block-button__link wp-element-button\" href=\"https:\/\/www.simplement-mieux.ch\/betriebe_anbieter_finden.cfm\" target=\"_blank\" rel=\"noreferrer noopener\">Trouver un prestataire<\/a><\/div>\n<\/div>\n\n\n\n<div style=\"height:20px\" aria-hidden=\"true\" class=\"wp-block-spacer\"><\/div>\n\n\n\n<h2 class=\"wp-block-heading\">Comment les PME peuvent-elles profiter du programme de promotion?<\/h2>\n\n\n\n<ol class=\"wp-block-list\" type=\"1\">\n<li>Les PME qui ne comptent pas suffisamment de collaboratrices et collaborateurs concern\u00e9s pour pouvoir mettre en place un cours en entreprise ont la possibilit\u00e9, via les organisations du monde du travail (Ortra) ou les associations sectorielle, de d\u00e9poser une <a href=\"https:\/\/www.simplement-mieux.ch\/fr\/myUploadData\/files\/formulaire_de_demande_et_de_reporting_simplement_mieux_au_travail_2022.pdf\">demande<\/a> pour l\u2019organisation d\u2019un cours auquel plusieurs collaboratrices et collaborateurs de plusieurs entreprises peuvent participer.<\/li>\n\n\n\n<li>L\u2019entreprise ou l\u2019Ortra \/ l\u2019association sectorielle collaborent avec un prestataire de formation qui \u00e9labore et r\u00e9alise le cours sur mesure.<\/li>\n\n\n\n<li>Les cours sont soutenus par le programme de promotion d\u00e8s lors qu\u2019ils comptent au minimum 3 et au maximum 12&nbsp;participant\u00b7e\u00b7s. Les cours se composent de 20 \u00e0 40&nbsp;le\u00e7ons.<\/li>\n\n\n\n<li>Le d\u00e9veloppement du cours est soutenu \u00e0 hauteur d\u2019un montant forfaitaire de 3000&nbsp;CHF. La subvention vers\u00e9e par la Conf\u00e9d\u00e9ration est de 15&nbsp;francs par cours et par participant\u00b7e.<\/li>\n<\/ol>\n\n\n\n<p>Les entreprises dont le si\u00e8ge se trouve dans les cantons d\u2019Appenzell Rhodes-Ext\u00e9rieures, Appenzell Rhodes-Int\u00e9rieures, B\u00e2le-Ville, Berne, Schwyz, et Saint-Gall d\u00e9posent les demandes directement aupr\u00e8s du service cantonal. Les structures de financement de ces cantons pr\u00e9sentent parfois des crit\u00e8res qui diff\u00e8rent de ceux du programme f\u00e9d\u00e9ral.<\/p>\n\n\n\n<h3 class=\"wp-block-heading\">Plus d&rsquo;informations<\/h3>\n\n\n\n<div class=\"wp-block-buttons is-layout-flex wp-block-buttons-is-layout-flex\">\n<div class=\"wp-block-button has-custom-width wp-block-button__width-100 has-custom-font-size is-style-minimal has-medium-font-size\"><a class=\"wp-block-button__link wp-element-button\" href=\"https:\/\/www.simplement-mieux.ch\/Betriebe_finanzierung.cfm\" target=\"_blank\" rel=\"noreferrer noopener\">Autres conditions pour le financement par la Conf\u00e9d\u00e9ration<\/a><\/div>\n<\/div>\n\n\n\n<div class=\"wp-block-buttons is-layout-flex wp-block-buttons-is-layout-flex\">\n<div class=\"wp-block-button has-custom-width wp-block-button__width-100 has-custom-font-size is-style-minimal has-medium-font-size\"><a class=\"wp-block-button__link wp-element-button\" href=\"https:\/\/www.besser-jetzt.ch\/myUploadData\/files\/gesuchs_und_reportingformular_einfach_besser_am_arbeitsplatz_d_2023.pdf\" target=\"_blank\" rel=\"noreferrer noopener\">Formulaire de demande et de reporting du SEFR<\/a><\/div>\n<\/div>\n\n\n\n<div style=\"height:20px\" aria-hidden=\"true\" class=\"wp-block-spacer\"><\/div>\n\n\n\n<h2 class=\"wp-block-heading\">P\u00e9nurie de main-d\u2019\u0153uvre sp\u00e9cialis\u00e9e et comp\u00e9tences de base<\/h2>\n\n\n\n<p>Les collaboratrices et collaborateurs exp\u00e9riment\u00e9s mais qui n\u2019ont pas de dipl\u00f4me professionnel peuvent, gr\u00e2ce \u00e0 un d\u00e9veloppement cibl\u00e9 des comp\u00e9tences de base, acc\u00e9der \u00e0 un dipl\u00f4me professionnel pour adultes. Un cours sur mesure dans le domaine des comp\u00e9tences de base peut constituer le point de d\u00e9part \u00e0 cet effet. Des cours pr\u00e9paratoires \u00e0 un dipl\u00f4me professionnel pour adultes existent dans de nombreux cantons.<\/p>\n\n\n\n<h3 class=\"wp-block-heading\">Plus d&rsquo;informations<\/h3>\n\n\n\n<div class=\"wp-block-buttons is-layout-flex wp-block-buttons-is-layout-flex\">\n<div class=\"wp-block-button has-custom-width wp-block-button__width-100 has-custom-font-size is-style-minimal has-medium-font-size\"><a class=\"wp-block-button__link wp-element-button\" href=\"https:\/\/www.simplement-mieux.ch\/betriebe_stories.cfm?content_id=12836\" target=\"_blank\" rel=\"noreferrer noopener\">Exemples de Saida Haidara<\/a><\/div>\n<\/div>\n\n\n\n<div class=\"wp-block-buttons is-layout-flex wp-block-buttons-is-layout-flex\">\n<div class=\"wp-block-button has-custom-width wp-block-button__width-100 has-custom-font-size is-style-minimal has-medium-font-size\"><a class=\"wp-block-button__link wp-element-button\" href=\"https:\/\/www.simplement-mieux.ch\/betriebe_stories.cfm?content_id=12837\" target=\"_blank\" rel=\"noreferrer noopener\">Exemples de Tomasz Obuchowski<\/a><\/div>\n<\/div>\n<\/div>\n","protected":false},"excerpt":{"rendered":"<p>Promouvoir les comp\u00e9tences de base dans les PME Environ deux tiers des 800&rsquo;000&nbsp;personnes en Suisse qui rencontrent des difficult\u00e9s avec [&hellip;]<\/p>\n","protected":false},"author":5,"featured_media":0,"parent":451,"menu_order":0,"comment_status":"closed","ping_status":"closed","template":"","meta":{"_acf_changed":false,"inline_featured_image":false,"footnotes":""},"class_list":["post-2065","page","type-page","status-publish","hentry"],"acf":[],"yoast_head":"<!-- This site is optimized with the Yoast SEO plugin v27.3 - https:\/\/yoast.com\/product\/yoast-seo-wordpress\/ -->\n<title>Competences de base - Weiterbildung in KMU<\/title>\n<meta name=\"description\" content=\"Environ deux tiers des 800&#039;000 personnes en Suisse qui ont des difficult\u00e9s avec les comp\u00e9tences de base sont des personnes actives.\" \/>\n<meta name=\"robots\" content=\"index, follow, max-snippet:-1, max-image-preview:large, max-video-preview:-1\" \/>\n<link rel=\"canonical\" href=\"https:\/\/weiterbildung-in-kmu.ch\/fr\/connaissances-supplementaires\/grundkompetenzen\/\" \/>\n<meta property=\"og:locale\" content=\"fr_FR\" \/>\n<meta property=\"og:type\" content=\"article\" \/>\n<meta property=\"og:title\" content=\"Competences de base - Weiterbildung in KMU\" \/>\n<meta property=\"og:description\" content=\"Environ deux tiers des 800&#039;000 personnes en Suisse qui ont des difficult\u00e9s avec les comp\u00e9tences de base sont des personnes actives.\" \/>\n<meta property=\"og:url\" content=\"https:\/\/weiterbildung-in-kmu.ch\/fr\/connaissances-supplementaires\/grundkompetenzen\/\" \/>\n<meta property=\"og:site_name\" content=\"Weiterbildung in KMU\" \/>\n<meta property=\"article:modified_time\" content=\"2023-12-15T14:20:30+00:00\" \/>\n<meta property=\"og:image\" content=\"https:\/\/weiterbildung-in-kmu.ch\/app\/uploads\/sites\/2\/2023\/03\/SVEB_Schriftzug_KMU_D-500px.png\" \/>\n\t<meta property=\"og:image:width\" content=\"500\" \/>\n\t<meta property=\"og:image:height\" content=\"164\" \/>\n\t<meta property=\"og:image:type\" content=\"image\/png\" \/>\n<meta name=\"twitter:card\" content=\"summary_large_image\" \/>\n<meta name=\"twitter:label1\" content=\"Dur\u00e9e de lecture estim\u00e9e\" \/>\n\t<meta name=\"twitter:data1\" content=\"4 minutes\" \/>\n<script type=\"application\/ld+json\" class=\"yoast-schema-graph\">{\"@context\":\"https:\\\/\\\/schema.org\",\"@graph\":[{\"@type\":\"WebPage\",\"@id\":\"https:\\\/\\\/weiterbildung-in-kmu.ch\\\/fr\\\/connaissances-supplementaires\\\/grundkompetenzen\\\/\",\"url\":\"https:\\\/\\\/weiterbildung-in-kmu.ch\\\/fr\\\/connaissances-supplementaires\\\/grundkompetenzen\\\/\",\"name\":\"Competences de base - Weiterbildung in KMU\",\"isPartOf\":{\"@id\":\"https:\\\/\\\/weiterbildung-in-kmu.ch\\\/fr\\\/#website\"},\"datePublished\":\"2023-06-12T17:38:33+00:00\",\"dateModified\":\"2023-12-15T14:20:30+00:00\",\"description\":\"Environ deux tiers des 800'000 personnes en Suisse qui ont des difficult\u00e9s avec les comp\u00e9tences de base sont des personnes actives.\",\"breadcrumb\":{\"@id\":\"https:\\\/\\\/weiterbildung-in-kmu.ch\\\/fr\\\/connaissances-supplementaires\\\/grundkompetenzen\\\/#breadcrumb\"},\"inLanguage\":\"fr-FR\",\"potentialAction\":[{\"@type\":\"ReadAction\",\"target\":[\"https:\\\/\\\/weiterbildung-in-kmu.ch\\\/fr\\\/connaissances-supplementaires\\\/grundkompetenzen\\\/\"]}]},{\"@type\":\"BreadcrumbList\",\"@id\":\"https:\\\/\\\/weiterbildung-in-kmu.ch\\\/fr\\\/connaissances-supplementaires\\\/grundkompetenzen\\\/#breadcrumb\",\"itemListElement\":[{\"@type\":\"ListItem\",\"position\":1,\"name\":\"Page d\u2019accueil\",\"item\":\"https:\\\/\\\/weiterbildung-in-kmu.ch\\\/fr\\\/\"},{\"@type\":\"ListItem\",\"position\":2,\"name\":\"Connaissances suppl\u00e9mentaires\",\"item\":\"https:\\\/\\\/weiterbildung-in-kmu.ch\\\/fr\\\/connaissances-supplementaires\\\/\"},{\"@type\":\"ListItem\",\"position\":3,\"name\":\"Competences de base\"}]},{\"@type\":\"WebSite\",\"@id\":\"https:\\\/\\\/weiterbildung-in-kmu.ch\\\/fr\\\/#website\",\"url\":\"https:\\\/\\\/weiterbildung-in-kmu.ch\\\/fr\\\/\",\"name\":\"Weiterbildung in KMU\",\"description\":\"\",\"publisher\":{\"@id\":\"https:\\\/\\\/weiterbildung-in-kmu.ch\\\/fr\\\/#organization\"},\"alternateName\":\"Weiterbildung in kleinen und mittleren Unternehmen\",\"potentialAction\":[{\"@type\":\"SearchAction\",\"target\":{\"@type\":\"EntryPoint\",\"urlTemplate\":\"https:\\\/\\\/weiterbildung-in-kmu.ch\\\/fr\\\/?s={search_term_string}\"},\"query-input\":{\"@type\":\"PropertyValueSpecification\",\"valueRequired\":true,\"valueName\":\"search_term_string\"}}],\"inLanguage\":\"fr-FR\"},{\"@type\":\"Organization\",\"@id\":\"https:\\\/\\\/weiterbildung-in-kmu.ch\\\/fr\\\/#organization\",\"name\":\"SVEB \u2013 Weiterbildung in KMU\",\"alternateName\":\"Weiterbildung in KMU\",\"url\":\"https:\\\/\\\/weiterbildung-in-kmu.ch\\\/fr\\\/\",\"logo\":{\"@type\":\"ImageObject\",\"inLanguage\":\"fr-FR\",\"@id\":\"https:\\\/\\\/weiterbildung-in-kmu.ch\\\/fr\\\/#\\\/schema\\\/logo\\\/image\\\/\",\"url\":\"https:\\\/\\\/weiterbildung-in-kmu.ch\\\/app\\\/uploads\\\/sites\\\/2\\\/2023\\\/03\\\/SVEB_Schriftzug_KMU_D-500px.png\",\"contentUrl\":\"https:\\\/\\\/weiterbildung-in-kmu.ch\\\/app\\\/uploads\\\/sites\\\/2\\\/2023\\\/03\\\/SVEB_Schriftzug_KMU_D-500px.png\",\"width\":500,\"height\":164,\"caption\":\"SVEB \u2013 Weiterbildung in KMU\"},\"image\":{\"@id\":\"https:\\\/\\\/weiterbildung-in-kmu.ch\\\/fr\\\/#\\\/schema\\\/logo\\\/image\\\/\"}}]}<\/script>\n<!-- \/ Yoast SEO plugin. -->","yoast_head_json":{"title":"Competences de base - Weiterbildung in KMU","description":"Environ deux tiers des 800'000 personnes en Suisse qui ont des difficult\u00e9s avec les comp\u00e9tences de base sont des personnes actives.","robots":{"index":"index","follow":"follow","max-snippet":"max-snippet:-1","max-image-preview":"max-image-preview:large","max-video-preview":"max-video-preview:-1"},"canonical":"https:\/\/weiterbildung-in-kmu.ch\/fr\/connaissances-supplementaires\/grundkompetenzen\/","og_locale":"fr_FR","og_type":"article","og_title":"Competences de base - Weiterbildung in KMU","og_description":"Environ deux tiers des 800'000 personnes en Suisse qui ont des difficult\u00e9s avec les comp\u00e9tences de base sont des personnes actives.","og_url":"https:\/\/weiterbildung-in-kmu.ch\/fr\/connaissances-supplementaires\/grundkompetenzen\/","og_site_name":"Weiterbildung in KMU","article_modified_time":"2023-12-15T14:20:30+00:00","og_image":[{"width":500,"height":164,"url":"https:\/\/weiterbildung-in-kmu.ch\/app\/uploads\/sites\/2\/2023\/03\/SVEB_Schriftzug_KMU_D-500px.png","type":"image\/png"}],"twitter_card":"summary_large_image","twitter_misc":{"Dur\u00e9e de lecture estim\u00e9e":"4 minutes"},"schema":{"@context":"https:\/\/schema.org","@graph":[{"@type":"WebPage","@id":"https:\/\/weiterbildung-in-kmu.ch\/fr\/connaissances-supplementaires\/grundkompetenzen\/","url":"https:\/\/weiterbildung-in-kmu.ch\/fr\/connaissances-supplementaires\/grundkompetenzen\/","name":"Competences de base - Weiterbildung in KMU","isPartOf":{"@id":"https:\/\/weiterbildung-in-kmu.ch\/fr\/#website"},"datePublished":"2023-06-12T17:38:33+00:00","dateModified":"2023-12-15T14:20:30+00:00","description":"Environ deux tiers des 800'000 personnes en Suisse qui ont des difficult\u00e9s avec les comp\u00e9tences de base sont des personnes actives.","breadcrumb":{"@id":"https:\/\/weiterbildung-in-kmu.ch\/fr\/connaissances-supplementaires\/grundkompetenzen\/#breadcrumb"},"inLanguage":"fr-FR","potentialAction":[{"@type":"ReadAction","target":["https:\/\/weiterbildung-in-kmu.ch\/fr\/connaissances-supplementaires\/grundkompetenzen\/"]}]},{"@type":"BreadcrumbList","@id":"https:\/\/weiterbildung-in-kmu.ch\/fr\/connaissances-supplementaires\/grundkompetenzen\/#breadcrumb","itemListElement":[{"@type":"ListItem","position":1,"name":"Page d\u2019accueil","item":"https:\/\/weiterbildung-in-kmu.ch\/fr\/"},{"@type":"ListItem","position":2,"name":"Connaissances suppl\u00e9mentaires","item":"https:\/\/weiterbildung-in-kmu.ch\/fr\/connaissances-supplementaires\/"},{"@type":"ListItem","position":3,"name":"Competences de base"}]},{"@type":"WebSite","@id":"https:\/\/weiterbildung-in-kmu.ch\/fr\/#website","url":"https:\/\/weiterbildung-in-kmu.ch\/fr\/","name":"Weiterbildung in KMU","description":"","publisher":{"@id":"https:\/\/weiterbildung-in-kmu.ch\/fr\/#organization"},"alternateName":"Weiterbildung in kleinen und mittleren Unternehmen","potentialAction":[{"@type":"SearchAction","target":{"@type":"EntryPoint","urlTemplate":"https:\/\/weiterbildung-in-kmu.ch\/fr\/?s={search_term_string}"},"query-input":{"@type":"PropertyValueSpecification","valueRequired":true,"valueName":"search_term_string"}}],"inLanguage":"fr-FR"},{"@type":"Organization","@id":"https:\/\/weiterbildung-in-kmu.ch\/fr\/#organization","name":"SVEB \u2013 Weiterbildung in KMU","alternateName":"Weiterbildung in KMU","url":"https:\/\/weiterbildung-in-kmu.ch\/fr\/","logo":{"@type":"ImageObject","inLanguage":"fr-FR","@id":"https:\/\/weiterbildung-in-kmu.ch\/fr\/#\/schema\/logo\/image\/","url":"https:\/\/weiterbildung-in-kmu.ch\/app\/uploads\/sites\/2\/2023\/03\/SVEB_Schriftzug_KMU_D-500px.png","contentUrl":"https:\/\/weiterbildung-in-kmu.ch\/app\/uploads\/sites\/2\/2023\/03\/SVEB_Schriftzug_KMU_D-500px.png","width":500,"height":164,"caption":"SVEB \u2013 Weiterbildung in KMU"},"image":{"@id":"https:\/\/weiterbildung-in-kmu.ch\/fr\/#\/schema\/logo\/image\/"}}]}},"_links":{"self":[{"href":"https:\/\/weiterbildung-in-kmu.ch\/fr\/wp-json\/wp\/v2\/pages\/2065","targetHints":{"allow":["GET"]}}],"collection":[{"href":"https:\/\/weiterbildung-in-kmu.ch\/fr\/wp-json\/wp\/v2\/pages"}],"about":[{"href":"https:\/\/weiterbildung-in-kmu.ch\/fr\/wp-json\/wp\/v2\/types\/page"}],"author":[{"embeddable":true,"href":"https:\/\/weiterbildung-in-kmu.ch\/fr\/wp-json\/wp\/v2\/users\/5"}],"replies":[{"embeddable":true,"href":"https:\/\/weiterbildung-in-kmu.ch\/fr\/wp-json\/wp\/v2\/comments?post=2065"}],"version-history":[{"count":8,"href":"https:\/\/weiterbildung-in-kmu.ch\/fr\/wp-json\/wp\/v2\/pages\/2065\/revisions"}],"predecessor-version":[{"id":2249,"href":"https:\/\/weiterbildung-in-kmu.ch\/fr\/wp-json\/wp\/v2\/pages\/2065\/revisions\/2249"}],"up":[{"embeddable":true,"href":"https:\/\/weiterbildung-in-kmu.ch\/fr\/wp-json\/wp\/v2\/pages\/451"}],"wp:attachment":[{"href":"https:\/\/weiterbildung-in-kmu.ch\/fr\/wp-json\/wp\/v2\/media?parent=2065"}],"curies":[{"name":"wp","href":"https:\/\/api.w.org\/{rel}","templated":true}]}}