{"id":1420,"date":"2023-01-13T08:07:59","date_gmt":"2023-01-13T07:07:59","guid":{"rendered":"https:\/\/weiterbildung-in-kmu.alice.ch\/formats-dapprentissage\/bildungssystem\/"},"modified":"2023-12-15T15:28:13","modified_gmt":"2023-12-15T14:28:13","slug":"le-systeme-educatif-suisse","status":"publish","type":"page","link":"https:\/\/weiterbildung-in-kmu.ch\/fr\/formats-dapprentissage\/le-systeme-educatif-suisse\/","title":{"rendered":"Le syst\u00e8me \u00e9ducatif suisse"},"content":{"rendered":"\n<div class=\"wp-block-group is-style-reduced-width is-layout-constrained wp-block-group-is-layout-constrained\">\n<h1 class=\"wp-block-heading\">Le syst\u00e8me \u00e9ducatif suisse<\/h1>\n\n\n\n<p class=\"is-style-lead\">Le syst\u00e8me \u00e9ducatif suisse offre diff\u00e9rentes possibilit\u00e9s pour effectuer une formation continue \u00e0 l\u2019issue de la formation de base. Tant sur le plan politique que social, une grande importance est accord\u00e9e \u00e0 la formation initiale et \u00e0 la formation continue. L\u2019offre \u00e9ducative publique est en grande partie financ\u00e9e par la Conf\u00e9d\u00e9ration et les cantons. Cela inclut \u00e0 la fois la scolarit\u00e9 obligatoire et la formation professionnelle initiale (apprentissage) et\/ou les \u00e9tablissements d\u2019enseignement g\u00e9n\u00e9ral comme les \u00e9coles de culture g\u00e9n\u00e9rale ou les gymnases. Le degr\u00e9 tertiaire comprend aussi des acteurs priv\u00e9s dans le domaine de la formation professionnelle sup\u00e9rieure, en plus des hautes \u00e9coles g\u00e9r\u00e9es par la Conf\u00e9d\u00e9ration ou les cantons. La formation continue a lieu \u00e0 tous les degr\u00e9s et dans tous les secteurs du syst\u00e8me \u00e9ducatif. Elle couvre un large \u00e9ventail, depuis les cours de comp\u00e9tence de base et les cours linguistique jusqu\u2019au Certificate of Advanced Studies (CAS) dans une haute \u00e9cole.<\/p>\n\n\n\n<h2 class=\"wp-block-heading\">Scolarit\u00e9 obligatoire<\/h2>\n\n\n\n<p>La scolarit\u00e9 obligatoire dure onze ans. \u00c0 leur entr\u00e9e dans la scolarit\u00e9, les enfants sont g\u00e9n\u00e9ralement \u00e2g\u00e9s de 4 ans. 95% des \u00e9l\u00e8ves accomplissent leur scolarit\u00e9 obligatoire dans l\u2019\u00e9cole publique. Ils sont environ 5% \u00e0 fr\u00e9quenter une \u00e9cole priv\u00e9e. Le degr\u00e9 primaire dure huit&nbsp;ans, \u00e9cole enfantine incluse. Le degr\u00e9 secondaire&nbsp;I a une dur\u00e9e de trois ans. La scolarit\u00e9 obligatoire rel\u00e8ve de la responsabilit\u00e9 des cantons.<\/p>\n\n\n\n<h2 class=\"wp-block-heading\">Formation postobligatoire (degr\u00e9 secondaire&nbsp;II)<\/h2>\n\n\n\n<p>Apr\u00e8s leur scolarit\u00e9 obligatoire, environ deux tiers des jeunes optent pour une formation qui allie formation scolaire et formation pratique (apprentissage professionnel dual). Ce cursus aboutit \u00e0 un certificat de capacit\u00e9 professionnelle. Une maturit\u00e9 professionnelle peut aussi \u00eatre d\u00e9livr\u00e9e au terme de ce cursus. Un tiers des jeunes choisit une formation scolaire dans une \u00e9cole de culture g\u00e9n\u00e9rale ou un gymnase. Ils ont pour objectif de poursuivre leurs \u00e9tudes dans une haute \u00e9cole.<\/p>\n\n\n\n<h2 class=\"wp-block-heading\">Degr\u00e9 tertiaire<\/h2>\n\n\n\n<p>Toutes les hautes \u00e9coles (universit\u00e9s, hautes \u00e9coles sp\u00e9cialis\u00e9es et hautes \u00e9coles p\u00e9dagogiques) ainsi que les \u00e9tablissements de la formation professionnelle sup\u00e9rieure font partie du degr\u00e9 tertiaire. Ce dernier s\u2019adresse aux \u00e9l\u00e8ves qui ont termin\u00e9 une formation postobligatoire et qui souhaitent se sp\u00e9cialiser ou se perfectionner.<\/p>\n\n\n\n<h2 class=\"wp-block-heading\">Formation continue<\/h2>\n\n\n\n<p>La formation continue a lieu \u00e0 tous les degr\u00e9s du syst\u00e8me \u00e9ducatif. Une large palette de formations continues est propos\u00e9e dans les degr\u00e9s secondaire et tertiaire. Elles ciblent aussi bien des comp\u00e9tences sp\u00e9cifiques \u00e0 un m\u00e9tier que des comp\u00e9tences transversales et g\u00e9n\u00e9rales, par exemple les langues. Toutes les offres de formation continue ne peuvent pas \u00eatre rattach\u00e9es \u00e0 un degr\u00e9 pr\u00e9cis. Par exemple, les cours de d\u00e9veloppement personnel, les cours de communication ou les formations sur la s\u00e9curit\u00e9 pour les travaux de construction ne peuvent pas \u00eatre reli\u00e9s \u00e0 un degr\u00e9 pr\u00e9cis du syst\u00e8me \u00e9ducatif.<\/p>\n\n\n\n<p>Le march\u00e9 de la formation continue propose un large choix de dipl\u00f4mes, du certificat interne d\u2019un prestataire de formation continue jusqu\u2019au CAS universitaire, sans oublier le certificat de branche ou le certificat d\u00e9livr\u00e9 par une association.<\/p>\n\n\n\n<h2 class=\"wp-block-heading\">Formation de mise \u00e0 niveau \/ certification professionnelle pour adultes<\/h2>\n\n\n\n<p>La formation de mise \u00e0 niveau, \u00e9galement appel\u00e9e certification professionnelle pour adultes, fait partie de l\u2019\u00e9ducation formelle (degr\u00e9 secondaire&nbsp;II), mais a des liens \u00e9troits avec la formation continue. Actuellement, environ 10% des certifications annuelles dans le domaine de la formation professionnelle initiale font partie de la formation de mise \u00e0 niveau; cela signifie qu\u2019elles sont obtenues par des adultes \u00e0 partir de 25&nbsp;ans. La formation continue joue un r\u00f4le important dans la pr\u00e9paration \u00e0 l\u2019admission directe \u00e0 la proc\u00e9dure de qualification. De plus, de nombreux candidats et candidates ont besoin de cours dans le domaine des comp\u00e9tences de base afin de remplir les conditions requises pour pouvoir commencer une formation de mise \u00e0 niveau.<\/p>\n\n\n\n<h2 class=\"wp-block-heading\">Comp\u00e9tences de base<\/h2>\n\n\n\n<p>La promotion des comp\u00e9tences de base des adultes soutient les capacit\u00e9s requises pour pouvoir prendre part en toute autonomie \u00e0 la vie sociale et professionnelle. Avec les cantons, la Conf\u00e9d\u00e9ration s\u2019engage pour que les adultes puissent maintenir leurs comp\u00e9tences de base et acqu\u00e9rir celles dont ils ne disposent pas. Dans la loi f\u00e9d\u00e9rale sur la formation continue (LFCo), les comp\u00e9tences de base sont d\u00e9finies comme \u00e9tant une condition requise pour l\u2019apprentissage tout au long de la vie (art.&nbsp;13). La loi pr\u00e9voit aussi le versement d\u2019aides financi\u00e8res pour les cantons (art.&nbsp;16).<\/p>\n\n\n\n<div class=\"wp-block-buttons is-style-three-column-buttons is-layout-flex wp-block-buttons-is-layout-flex\" id=\"js-quicklinks\">\n<div class=\"wp-block-button has-custom-width wp-block-button__width-50 is-style-outline is-style-outline--1\"><a class=\"wp-block-button__link wp-element-button\" href=\"https:\/\/weiterbildung-in-kmu.ch\/fr\/connaissances-supplementaires\/\">Connaissances suppl\u00e9mentaires<\/a><\/div>\n\n\n\n<div class=\"wp-block-button has-custom-width wp-block-button__width-50 is-style-outline is-style-outline--2\"><a class=\"wp-block-button__link wp-element-button\" href=\"https:\/\/weiterbildung-in-kmu.ch\/fr\/connaissances-supplementaires\/grundkompetenzen\/\">Comp\u00e9tences de base<\/a><\/div>\n<\/div>\n\n\n\n<h3 class=\"wp-block-heading\">Plus d&rsquo;informations<\/h3>\n\n\n\n<div class=\"wp-block-buttons is-layout-flex wp-block-buttons-is-layout-flex\">\n<div class=\"wp-block-button has-custom-width wp-block-button__width-100 has-custom-font-size is-style-minimal has-medium-font-size\"><a class=\"wp-block-button__link wp-element-button\" href=\"https:\/\/www.sbfi.admin.ch\/sbfi\/fr\/home\/formation\/f-c\/competences-de-base-des-adultes.html\" target=\"_blank\" rel=\"noreferrer noopener\">Comp\u00e9tences de base des adultes (aper\u00e7u SEFRI)<\/a><\/div>\n<\/div>\n\n\n\n<div class=\"wp-block-buttons is-layout-flex wp-block-buttons-is-layout-flex\">\n<div class=\"wp-block-button has-custom-width wp-block-button__width-100 has-custom-font-size is-style-minimal has-medium-font-size\"><a class=\"wp-block-button__link wp-element-button\" href=\"https:\/\/www.sbfi.admin.ch\/sbfi\/fr\/home\/formation\/f-c\/competences-de-base-des-adultes\/promotion-competences-de-base-des-adultes.html\" target=\"_blank\" rel=\"noreferrer noopener\">Promotion des comp\u00e9tences de base des adultes<\/a><\/div>\n<\/div>\n\n\n\n<div class=\"wp-block-buttons is-layout-flex wp-block-buttons-is-layout-flex\">\n<div class=\"wp-block-button has-custom-width wp-block-button__width-100 has-custom-font-size is-style-minimal has-medium-font-size\"><a class=\"wp-block-button__link wp-element-button\" href=\"https:\/\/www.sbfi.admin.ch\/sbfi\/fr\/home\/formation\/f-c\/formation-continue-entreprises\/programme-de-promotion-des-competences-de-base-sur-le-lieu-de-travail.html\" target=\"_blank\" rel=\"noreferrer noopener\">Programme de promotion \u00ab Simplement mieux! &#8230; au travail \u00bb&nbsp;<\/a><\/div>\n<\/div>\n\n\n\n<div style=\"height:20px\" aria-hidden=\"true\" class=\"wp-block-spacer\"><\/div>\n\n\n\n<h2 class=\"wp-block-heading\">Particularit\u00e9s du syst\u00e8me \u00e9ducatif suisse<\/h2>\n\n\n\n<p>Le syst\u00e8me \u00e9ducatif suisse est unique au monde et quelques pays s\u2019en inspirent d\u00e9sormais. Ce succ\u00e8s s\u2019explique par l\u2019acceptation \u00e9lev\u00e9e de la formation professionnelle initiale et\/ou de l\u2019apprentissage dans le monde du travail. En fonction de leur formation pr\u00e9alable, les personnes int\u00e9ress\u00e9es peuvent viser le dipl\u00f4me de leur souhait. De nombreux prestataires de formation accordent la priorit\u00e9 au principe \u00abPas de dipl\u00f4me sans passerelle vers d\u2019autres formations\u00bb. Par exemple, des personnes issues du commerce de d\u00e9tail ou qui ont effectu\u00e9 un apprentissage commercial peuvent opter pour diff\u00e9rentes sp\u00e9cialisations comme la vente, la comptabilit\u00e9, le marketing, les ressources humaines ou l\u2019Office Management.<\/p>\n<\/div>\n","protected":false},"excerpt":{"rendered":"<p>Le syst\u00e8me \u00e9ducatif suisse Le syst\u00e8me \u00e9ducatif suisse offre diff\u00e9rentes possibilit\u00e9s pour effectuer une formation continue \u00e0 l\u2019issue de la [&hellip;]<\/p>\n","protected":false},"author":4,"featured_media":0,"parent":552,"menu_order":0,"comment_status":"closed","ping_status":"closed","template":"","meta":{"_acf_changed":false,"inline_featured_image":false,"footnotes":""},"class_list":["post-1420","page","type-page","status-publish","hentry"],"acf":[],"yoast_head":"<!-- This site is optimized with the Yoast SEO plugin v27.3 - https:\/\/yoast.com\/product\/yoast-seo-wordpress\/ -->\n<title>Le syst\u00e8me \u00e9ducatif suisse - Weiterbildung in KMU<\/title>\n<meta name=\"description\" content=\"Le syst\u00e8me \u00e9ducatif suisse est vari\u00e9 et offre de nombreuses possibilit\u00e9s de formation et de perfectionnement individuels.\" \/>\n<meta name=\"robots\" content=\"index, follow, max-snippet:-1, max-image-preview:large, max-video-preview:-1\" \/>\n<link rel=\"canonical\" href=\"https:\/\/weiterbildung-in-kmu.ch\/fr\/formats-dapprentissage\/le-systeme-educatif-suisse\/\" \/>\n<meta property=\"og:locale\" content=\"fr_FR\" \/>\n<meta property=\"og:type\" content=\"article\" \/>\n<meta property=\"og:title\" content=\"Le syst\u00e8me \u00e9ducatif suisse - Weiterbildung in KMU\" \/>\n<meta property=\"og:description\" content=\"Le syst\u00e8me \u00e9ducatif suisse est vari\u00e9 et offre de nombreuses possibilit\u00e9s de formation et de perfectionnement individuels.\" \/>\n<meta property=\"og:url\" content=\"https:\/\/weiterbildung-in-kmu.ch\/fr\/formats-dapprentissage\/le-systeme-educatif-suisse\/\" \/>\n<meta property=\"og:site_name\" content=\"Weiterbildung in KMU\" \/>\n<meta property=\"article:modified_time\" content=\"2023-12-15T14:28:13+00:00\" \/>\n<meta property=\"og:image\" content=\"https:\/\/weiterbildung-in-kmu.ch\/app\/uploads\/sites\/2\/2023\/03\/SVEB_Schriftzug_KMU_D-500px.png\" \/>\n\t<meta property=\"og:image:width\" content=\"500\" \/>\n\t<meta property=\"og:image:height\" content=\"164\" \/>\n\t<meta property=\"og:image:type\" content=\"image\/png\" \/>\n<meta name=\"twitter:card\" content=\"summary_large_image\" \/>\n<script type=\"application\/ld+json\" class=\"yoast-schema-graph\">{\"@context\":\"https:\\\/\\\/schema.org\",\"@graph\":[{\"@type\":\"WebPage\",\"@id\":\"https:\\\/\\\/weiterbildung-in-kmu.ch\\\/fr\\\/formats-dapprentissage\\\/le-systeme-educatif-suisse\\\/\",\"url\":\"https:\\\/\\\/weiterbildung-in-kmu.ch\\\/fr\\\/formats-dapprentissage\\\/le-systeme-educatif-suisse\\\/\",\"name\":\"Le syst\u00e8me \u00e9ducatif suisse - Weiterbildung in KMU\",\"isPartOf\":{\"@id\":\"https:\\\/\\\/weiterbildung-in-kmu.ch\\\/fr\\\/#website\"},\"datePublished\":\"2023-01-13T07:07:59+00:00\",\"dateModified\":\"2023-12-15T14:28:13+00:00\",\"description\":\"Le syst\u00e8me \u00e9ducatif suisse est vari\u00e9 et offre de nombreuses possibilit\u00e9s de formation et de perfectionnement individuels.\",\"breadcrumb\":{\"@id\":\"https:\\\/\\\/weiterbildung-in-kmu.ch\\\/fr\\\/formats-dapprentissage\\\/le-systeme-educatif-suisse\\\/#breadcrumb\"},\"inLanguage\":\"fr-FR\",\"potentialAction\":[{\"@type\":\"ReadAction\",\"target\":[\"https:\\\/\\\/weiterbildung-in-kmu.ch\\\/fr\\\/formats-dapprentissage\\\/le-systeme-educatif-suisse\\\/\"]}]},{\"@type\":\"BreadcrumbList\",\"@id\":\"https:\\\/\\\/weiterbildung-in-kmu.ch\\\/fr\\\/formats-dapprentissage\\\/le-systeme-educatif-suisse\\\/#breadcrumb\",\"itemListElement\":[{\"@type\":\"ListItem\",\"position\":1,\"name\":\"Page d\u2019accueil\",\"item\":\"https:\\\/\\\/weiterbildung-in-kmu.ch\\\/fr\\\/\"},{\"@type\":\"ListItem\",\"position\":2,\"name\":\"Formats d\u2019apprentissage\",\"item\":\"https:\\\/\\\/weiterbildung-in-kmu.ch\\\/fr\\\/formats-dapprentissage\\\/\"},{\"@type\":\"ListItem\",\"position\":3,\"name\":\"Le syst\u00e8me \u00e9ducatif suisse\"}]},{\"@type\":\"WebSite\",\"@id\":\"https:\\\/\\\/weiterbildung-in-kmu.ch\\\/fr\\\/#website\",\"url\":\"https:\\\/\\\/weiterbildung-in-kmu.ch\\\/fr\\\/\",\"name\":\"Weiterbildung in KMU\",\"description\":\"\",\"publisher\":{\"@id\":\"https:\\\/\\\/weiterbildung-in-kmu.ch\\\/fr\\\/#organization\"},\"alternateName\":\"Weiterbildung in kleinen und mittleren Unternehmen\",\"potentialAction\":[{\"@type\":\"SearchAction\",\"target\":{\"@type\":\"EntryPoint\",\"urlTemplate\":\"https:\\\/\\\/weiterbildung-in-kmu.ch\\\/fr\\\/?s={search_term_string}\"},\"query-input\":{\"@type\":\"PropertyValueSpecification\",\"valueRequired\":true,\"valueName\":\"search_term_string\"}}],\"inLanguage\":\"fr-FR\"},{\"@type\":\"Organization\",\"@id\":\"https:\\\/\\\/weiterbildung-in-kmu.ch\\\/fr\\\/#organization\",\"name\":\"SVEB \u2013 Weiterbildung in KMU\",\"alternateName\":\"Weiterbildung in KMU\",\"url\":\"https:\\\/\\\/weiterbildung-in-kmu.ch\\\/fr\\\/\",\"logo\":{\"@type\":\"ImageObject\",\"inLanguage\":\"fr-FR\",\"@id\":\"https:\\\/\\\/weiterbildung-in-kmu.ch\\\/fr\\\/#\\\/schema\\\/logo\\\/image\\\/\",\"url\":\"https:\\\/\\\/weiterbildung-in-kmu.ch\\\/app\\\/uploads\\\/sites\\\/2\\\/2023\\\/03\\\/SVEB_Schriftzug_KMU_D-500px.png\",\"contentUrl\":\"https:\\\/\\\/weiterbildung-in-kmu.ch\\\/app\\\/uploads\\\/sites\\\/2\\\/2023\\\/03\\\/SVEB_Schriftzug_KMU_D-500px.png\",\"width\":500,\"height\":164,\"caption\":\"SVEB \u2013 Weiterbildung in KMU\"},\"image\":{\"@id\":\"https:\\\/\\\/weiterbildung-in-kmu.ch\\\/fr\\\/#\\\/schema\\\/logo\\\/image\\\/\"}}]}<\/script>\n<!-- \/ Yoast SEO plugin. -->","yoast_head_json":{"title":"Le syst\u00e8me \u00e9ducatif suisse - Weiterbildung in KMU","description":"Le syst\u00e8me \u00e9ducatif suisse est vari\u00e9 et offre de nombreuses possibilit\u00e9s de formation et de perfectionnement individuels.","robots":{"index":"index","follow":"follow","max-snippet":"max-snippet:-1","max-image-preview":"max-image-preview:large","max-video-preview":"max-video-preview:-1"},"canonical":"https:\/\/weiterbildung-in-kmu.ch\/fr\/formats-dapprentissage\/le-systeme-educatif-suisse\/","og_locale":"fr_FR","og_type":"article","og_title":"Le syst\u00e8me \u00e9ducatif suisse - Weiterbildung in KMU","og_description":"Le syst\u00e8me \u00e9ducatif suisse est vari\u00e9 et offre de nombreuses possibilit\u00e9s de formation et de perfectionnement individuels.","og_url":"https:\/\/weiterbildung-in-kmu.ch\/fr\/formats-dapprentissage\/le-systeme-educatif-suisse\/","og_site_name":"Weiterbildung in KMU","article_modified_time":"2023-12-15T14:28:13+00:00","og_image":[{"width":500,"height":164,"url":"https:\/\/weiterbildung-in-kmu.ch\/app\/uploads\/sites\/2\/2023\/03\/SVEB_Schriftzug_KMU_D-500px.png","type":"image\/png"}],"twitter_card":"summary_large_image","schema":{"@context":"https:\/\/schema.org","@graph":[{"@type":"WebPage","@id":"https:\/\/weiterbildung-in-kmu.ch\/fr\/formats-dapprentissage\/le-systeme-educatif-suisse\/","url":"https:\/\/weiterbildung-in-kmu.ch\/fr\/formats-dapprentissage\/le-systeme-educatif-suisse\/","name":"Le syst\u00e8me \u00e9ducatif suisse - Weiterbildung in KMU","isPartOf":{"@id":"https:\/\/weiterbildung-in-kmu.ch\/fr\/#website"},"datePublished":"2023-01-13T07:07:59+00:00","dateModified":"2023-12-15T14:28:13+00:00","description":"Le syst\u00e8me \u00e9ducatif suisse est vari\u00e9 et offre de nombreuses possibilit\u00e9s de formation et de perfectionnement individuels.","breadcrumb":{"@id":"https:\/\/weiterbildung-in-kmu.ch\/fr\/formats-dapprentissage\/le-systeme-educatif-suisse\/#breadcrumb"},"inLanguage":"fr-FR","potentialAction":[{"@type":"ReadAction","target":["https:\/\/weiterbildung-in-kmu.ch\/fr\/formats-dapprentissage\/le-systeme-educatif-suisse\/"]}]},{"@type":"BreadcrumbList","@id":"https:\/\/weiterbildung-in-kmu.ch\/fr\/formats-dapprentissage\/le-systeme-educatif-suisse\/#breadcrumb","itemListElement":[{"@type":"ListItem","position":1,"name":"Page d\u2019accueil","item":"https:\/\/weiterbildung-in-kmu.ch\/fr\/"},{"@type":"ListItem","position":2,"name":"Formats d\u2019apprentissage","item":"https:\/\/weiterbildung-in-kmu.ch\/fr\/formats-dapprentissage\/"},{"@type":"ListItem","position":3,"name":"Le syst\u00e8me \u00e9ducatif suisse"}]},{"@type":"WebSite","@id":"https:\/\/weiterbildung-in-kmu.ch\/fr\/#website","url":"https:\/\/weiterbildung-in-kmu.ch\/fr\/","name":"Weiterbildung in KMU","description":"","publisher":{"@id":"https:\/\/weiterbildung-in-kmu.ch\/fr\/#organization"},"alternateName":"Weiterbildung in kleinen und mittleren Unternehmen","potentialAction":[{"@type":"SearchAction","target":{"@type":"EntryPoint","urlTemplate":"https:\/\/weiterbildung-in-kmu.ch\/fr\/?s={search_term_string}"},"query-input":{"@type":"PropertyValueSpecification","valueRequired":true,"valueName":"search_term_string"}}],"inLanguage":"fr-FR"},{"@type":"Organization","@id":"https:\/\/weiterbildung-in-kmu.ch\/fr\/#organization","name":"SVEB \u2013 Weiterbildung in KMU","alternateName":"Weiterbildung in KMU","url":"https:\/\/weiterbildung-in-kmu.ch\/fr\/","logo":{"@type":"ImageObject","inLanguage":"fr-FR","@id":"https:\/\/weiterbildung-in-kmu.ch\/fr\/#\/schema\/logo\/image\/","url":"https:\/\/weiterbildung-in-kmu.ch\/app\/uploads\/sites\/2\/2023\/03\/SVEB_Schriftzug_KMU_D-500px.png","contentUrl":"https:\/\/weiterbildung-in-kmu.ch\/app\/uploads\/sites\/2\/2023\/03\/SVEB_Schriftzug_KMU_D-500px.png","width":500,"height":164,"caption":"SVEB \u2013 Weiterbildung in KMU"},"image":{"@id":"https:\/\/weiterbildung-in-kmu.ch\/fr\/#\/schema\/logo\/image\/"}}]}},"_links":{"self":[{"href":"https:\/\/weiterbildung-in-kmu.ch\/fr\/wp-json\/wp\/v2\/pages\/1420","targetHints":{"allow":["GET"]}}],"collection":[{"href":"https:\/\/weiterbildung-in-kmu.ch\/fr\/wp-json\/wp\/v2\/pages"}],"about":[{"href":"https:\/\/weiterbildung-in-kmu.ch\/fr\/wp-json\/wp\/v2\/types\/page"}],"author":[{"embeddable":true,"href":"https:\/\/weiterbildung-in-kmu.ch\/fr\/wp-json\/wp\/v2\/users\/4"}],"replies":[{"embeddable":true,"href":"https:\/\/weiterbildung-in-kmu.ch\/fr\/wp-json\/wp\/v2\/comments?post=1420"}],"version-history":[{"count":6,"href":"https:\/\/weiterbildung-in-kmu.ch\/fr\/wp-json\/wp\/v2\/pages\/1420\/revisions"}],"predecessor-version":[{"id":2277,"href":"https:\/\/weiterbildung-in-kmu.ch\/fr\/wp-json\/wp\/v2\/pages\/1420\/revisions\/2277"}],"up":[{"embeddable":true,"href":"https:\/\/weiterbildung-in-kmu.ch\/fr\/wp-json\/wp\/v2\/pages\/552"}],"wp:attachment":[{"href":"https:\/\/weiterbildung-in-kmu.ch\/fr\/wp-json\/wp\/v2\/media?parent=1420"}],"curies":[{"name":"wp","href":"https:\/\/api.w.org\/{rel}","templated":true}]}}