{"id":1342,"date":"2023-01-13T08:07:23","date_gmt":"2023-01-13T07:07:23","guid":{"rendered":"https:\/\/weiterbildung-in-kmu.alice.ch\/lernformate\/finanzierung\/"},"modified":"2023-12-15T15:34:51","modified_gmt":"2023-12-15T14:34:51","slug":"financement-de-la-formation-continue-en-suisse","status":"publish","type":"page","link":"https:\/\/weiterbildung-in-kmu.ch\/fr\/formats-dapprentissage\/financement-de-la-formation-continue-en-suisse\/","title":{"rendered":"Financement de la formation continue en Suisse"},"content":{"rendered":"\n<div class=\"wp-block-group is-style-reduced-width is-layout-constrained wp-block-group-is-layout-constrained\">\n<h1 class=\"wp-block-heading\">Co\u00fbts de la formation continue en Suisse<\/h1>\n\n\n\n<p class=\"is-style-lead\">Tandis que la scolarit\u00e9 obligatoire est gratuite, l\u2019enseignement tertiaire, c\u2019est-\u00e0-dire les \u00e9tudes sup\u00e9rieures ou la formation professionnelle sup\u00e9rieure, est payant, tout comme les formations continues internes \u00e0 l\u2019entreprise et les formations continues externes. Les co\u00fbts varient selon le format de la formation, le type d\u2019\u00e9tablissement, le lieu et la dur\u00e9e de l\u2019offre d\u2019apprentissage. Les co\u00fbts li\u00e9s \u00e0 une formation interne sont en principe \u00e0 la charge de l\u2019employeur.<\/p>\n\n\n\n<h2 class=\"wp-block-heading\">La formation continue comme mesure pour attirer les collaborateurs et collaboratrices<\/h2>\n\n\n\n<p>Dans 80% des cas, les formations continues \u00e0 des fins professionnelles sont financ\u00e9es par l\u2019employeur, soit sur le plan financier, soit via la mise \u00e0 disposition du temps de travail pour que les collaborateurs et collaboratrices puissent suivre leur formation continue.<\/p>\n\n\n\n<p>Dans les offres d\u2019emploi, le fait d\u2019offrir aux candidates et candidats la possibilit\u00e9 de se former \u00e0 un nouveau poste avec le soutien de l\u2019employeur peut avoir une grande importance. En soutenant la formation continue dans l\u2019entreprise, l\u2019employeur contribue aussi \u00e0 fid\u00e9liser ses collaborateurs et collaboratrices.<\/p>\n\n\n\n<h2 class=\"wp-block-heading\">Structure de co\u00fbt de la formation continue<\/h2>\n\n\n\n<p>Le co\u00fbt d\u2019une formation continue comprend les \u00e9l\u00e9ments suivants:<\/p>\n\n\n\n<ul class=\"wp-block-list\">\n<li>Frais de cours, frais semestriels ou frais de cours fixes<\/li>\n\n\n\n<li>Droits d\u2019admission<\/li>\n\n\n\n<li>Frais d\u2019examen<\/li>\n\n\n\n<li>Supports didactiques: ouvrages sp\u00e9cialis\u00e9s, appareils, licences de logiciels<\/li>\n\n\n\n<li>Contributions aux frais li\u00e9s aux documents, biblioth\u00e8ques etc.<\/li>\n\n\n\n<li>Frais \u00e9ventuels comme les frais de d\u00e9placement ou d\u2019h\u00e9bergement<\/li>\n\n\n\n<li>Frais \u00e9ventuels pour la garde des enfants pendant la formation continue<\/li>\n<\/ul>\n\n\n\n<h2 class=\"wp-block-heading\">Financement de la formation continue interne<\/h2>\n\n\n\n<p>La formation continue interne est g\u00e9r\u00e9e dans le r\u00e8glement du personnel. Elle peut aussi faire partie d\u2019un contrat (par exemple dans une collection collective de travail). Les futurs collaborateurs et collaboratrices aborderont certainement cette question lors de leur entretien d\u2019embauche. Dans certains cas, l\u2019employeur est tenu de prendre en charge la totalit\u00e9 des co\u00fbts d\u2019une formation continue (c\u2019est-\u00e0-dire les frais de cours et les autres d\u00e9penses). La loi sur le travail l\u2019exige pour les formations continues prescrites par la loi ou impos\u00e9es par l\u2019employeur. Dans de tels cas, les collaborateurs et collaboratrices ont le droit de suivre la formation continue pendant leur temps de travail. Lorsque les PME participent aux co\u00fbts d\u2019une formation continue externe facultative pour leurs collaborateurs et collaboratrices, elles sont autoris\u00e9es \u00e0 fixer certaines conditions:<\/p>\n\n\n\n<ul class=\"wp-block-list\">\n<li>Prise en charge partielle ou totale des co\u00fbts de formation directs (frais de cours, mat\u00e9riel, frais d\u2019examen).<\/li>\n\n\n\n<li>Les absences li\u00e9es \u00e0 la formation sont partiellement ou totalement imput\u00e9es sur le temps de travail ou l\u2019employeur accorde une r\u00e9duction temporaire du taux d\u2019occupation.<\/li>\n\n\n\n<li>En fonction de la participation de l\u2019employeur (prise en charge des co\u00fbts et mise \u00e0 disposition du temps de travail), une interdiction de r\u00e9silier le contrat de travail est recommand\u00e9e. Les PME peuvent contraindre leurs salari\u00e9s ayant termin\u00e9 une formation continue \u00e0 rester dans l\u2019entreprise pendant une certaine dur\u00e9e. En cas de r\u00e9siliation anticip\u00e9e, elles peuvent demander le remboursement d\u2019une partie des frais engag\u00e9s pour la formation continue. Dans la pratique, une obligation de fid\u00e9lit\u00e9 de 6&nbsp;\u00e0 18&nbsp;mois (en fonction du montant de la participation accord\u00e9e par la PME) a fait ses preuves. Les PME peuvent exiger de leurs salari\u00e9s la remise d\u2019un rapport p\u00e9riodique sur le d\u00e9roulement de la formation continue.<\/li>\n<\/ul>\n\n\n\n<p>Si la formation continue a lieu en interne, un \u00e9ventuel besoin de financement (lors de l\u2019engagement d\u2019un prestataire de formation ou d\u2019un formateur) s\u2019effectue g\u00e9n\u00e9ralement via un budget annuel pr\u00e9d\u00e9fini. Il est recommand\u00e9 d\u2019int\u00e9grer au budget annuel une contribution fixe pour le poste \u00abFormation continue\u00bb. Pour les PME, une valeur de \u00ab1% des frais de personnel pour la formation continue\u00bb est conseill\u00e9e.<\/p>\n\n\n\n<h2 class=\"wp-block-heading\">Contributions f\u00e9d\u00e9rales (financement ax\u00e9 sur la personne) pour les cours pr\u00e9paratoires aux brevets f\u00e9d\u00e9raux et dipl\u00f4me f\u00e9d\u00e9raux<\/h2>\n\n\n\n<p>De nouvelles conditions s\u2019appliquent depuis le 1<sup>er<\/sup>&nbsp;ao\u00fbt&nbsp;2017 pour le financement de cours pr\u00e9paratoires \u00e0 des brevets f\u00e9d\u00e9raux et dipl\u00f4mes f\u00e9d\u00e9raux. Ind\u00e9pendamment de leur canton de r\u00e9sidence, les participants et participantes peuvent obtenir une prise en charge \u00e0 hauteur de 50% des co\u00fbts de formation continue. Ls personnes qui passent un examen f\u00e9d\u00e9ral, sans n\u00e9cessairement le r\u00e9ussir peuvent en b\u00e9n\u00e9ficier. Les participants et participantes demandent le remboursement directement aupr\u00e8s de la Conf\u00e9d\u00e9ration apr\u00e8s avoir pass\u00e9 l\u2019examen.<\/p>\n\n\n\n<h2 class=\"wp-block-heading\">Contributions des cantons dans le domaine des \u00e9coles sup\u00e9rieures<\/h2>\n\n\n\n<p><a><\/a>Diff\u00e9rents cantons suisses soutiennent financi\u00e8rement les \u00e9tudiantes et \u00e9tudiants pour qu\u2019ils b\u00e9n\u00e9ficient des offres d\u2019enseignement des \u00e9coles sup\u00e9rieures. Ces contributions sont vers\u00e9es directement aux prestataires de formation.<\/p>\n\n\n\n<h2 class=\"wp-block-heading\">Bons de formation<\/h2>\n\n\n\n<p><a><\/a>Les bons de formation permettent de financer des formations continues individuelles. Ils sont actuellement disponibles dans les domaines suivants:<\/p>\n\n\n\n<h3 class=\"wp-block-heading\">Bons de formation cantonaux<\/h3>\n\n\n\n<p>Dans certains cantons, les personnes dont les comp\u00e9tences de base sont insuffisantes ont la possibilit\u00e9 de demander aupr\u00e8s de leur canton un bon de formation pour effectuer une formation en lecture et \u00e9criture, en math\u00e9matiques \u00e9l\u00e9mentaires ou pour acqu\u00e9rir des comp\u00e9tences num\u00e9riques de base. La demande de bon de formation est effectu\u00e9e par la personne qui souhaite suivre la formation et le paiement au profit du prestataire de formation est directement effectu\u00e9 par le canton (p. ex. <a href=\"https:\/\/beruf.lu.ch\/Beratung_und_Unterstuetzung\/Finanzielle_Unterstuetzung\/Bildungsgutscheine\" target=\"_blank\" rel=\"noreferrer noopener\">canton de Lucerne<\/a>).<\/p>\n\n\n\n<p>Depuis plus de 20&nbsp;ans, le <a href=\"https:\/\/www.ge.ch\/beneficier-cheque-annuel-formation\" target=\"_blank\" rel=\"noreferrer noopener\">canton de Gen\u00e8ve<\/a> offre aux personnes qui r\u00e9sident dans le canton la possibilit\u00e9 de b\u00e9n\u00e9ficier d\u2019un ch\u00e8que annuel de formation. Les b\u00e9n\u00e9ficiaires peuvent l\u2019utiliser pour suivre la formation continue de leur choix. Le crit\u00e8re d\u00e9terminant pour pouvoir b\u00e9n\u00e9ficier de cette offre est le revenu imposable.<\/p>\n\n\n\n<h2 class=\"wp-block-heading\">Programme de promotion \u00abSimplement mieux! &#8230; au travail\u00bb<\/h2>\n\n\n\n<p>La Conf\u00e9d\u00e9ration et les cantons soutiennent les cours de comp\u00e9tences de base dans les entreprises. Ces cours incluent la lecture, l\u2019\u00e9criture, les applications informatiques courantes, le calcul et la langue. Vous trouverez des informations sur les possibilit\u00e9s de promotion et de nombreux exemples pratiques sur la plateforme \u00abSimplement mieux! &#8230; au travail\u00bb.<\/p>\n\n\n\n<div class=\"wp-block-buttons is-layout-flex wp-block-buttons-is-layout-flex\">\n<div class=\"wp-block-button is-style-minimal\"><a class=\"wp-block-button__link wp-element-button\" href=\"https:\/\/www.simplement-mieux.ch\/Betriebe_finanzierung.cfm\" target=\"_blank\" rel=\"noreferrer noopener\">Financement<\/a><\/div>\n<\/div>\n\n\n\n<div class=\"wp-block-buttons is-layout-flex wp-block-buttons-is-layout-flex\">\n<div class=\"wp-block-button is-style-minimal\"><a class=\"wp-block-button__link wp-element-button\" href=\"https:\/\/www.simplement-mieux.ch\/betriebe_stories.cfm\" target=\"_blank\" rel=\"noreferrer noopener\">Exemples pratiques<\/a><\/div>\n<\/div>\n\n\n\n<h2 class=\"wp-block-heading\">Bons pour la formation continue num\u00e9rique dans les zones de montagne<\/h2>\n\n\n\n<p>Dans le cadre d\u2019un programme sur plusieurs ann\u00e9es, l\u2019Aide suisse \u00e0 la montagne accompagne la <a href=\"https:\/\/www.aidemontagne.ch\/fr\/demandes\/formation?_gl=1*x44vyj*_ga*NTc2NjE4MzM0LjE2NzExMjA1ODY.*_ga_45QR3CH1TF*MTY3NzY4OTAyOS4zLjAuMTY3NzY4OTAyOS4wLjAuMA..&amp;_ga=2.154998271.67131536.1677611445-576618334.1671120586\" target=\"_blank\" rel=\"noreferrer noopener\">num\u00e9risation dans les zones de montagne<\/a> en finan\u00e7ant des formations continues dans ce domaine. Les PME implant\u00e9es dans les zones de montagne peuvent b\u00e9n\u00e9ficier de ce soutien. L\u2019Aide suisse \u00e0 la montagne prend en charge la moiti\u00e9 des co\u00fbts de la formation.<\/p>\n\n\n\n<h2 class=\"wp-block-heading\">Fonds de formation continue<\/h2>\n\n\n\n<p>Il existe, dans la formation professionnelle, diff\u00e9rents fonds sectoriels ainsi que des fonds cantonaux ou fonds tripartites qui peuvent \u00e9galement soutenir les formations continues. Un exemple de fonds de formation continue est <a href=\"https:\/\/www.tempservice.ch\/fr\/temptraining\/index.php\" target=\"_blank\" rel=\"noreferrer noopener\">Temptraining<\/a>.<\/p>\n\n\n\n<h2 class=\"wp-block-heading\">Bourses<\/h2>\n\n\n\n<p>Les bourses cantonales sont principalement destin\u00e9es aux jeunes en formation. Toutefois, certains cantons subventionnent aussi des formations continues pour adultes. Quelques communes proposent des bourses (p. ex. <a href=\"https:\/\/www.stadt-zuerich.ch\/sd\/de\/index\/unterstuetzung\/laufbahnzentrum\/stipendien.html\" target=\"_blank\" rel=\"noreferrer noopener\">Zurich<\/a>).<\/p>\n\n\n\n<h2 class=\"wp-block-heading\">&nbsp;<\/h2>\n\n\n\n<p><\/p>\n<\/div>\n","protected":false},"excerpt":{"rendered":"<p>Co\u00fbts de la formation continue en Suisse Tandis que la scolarit\u00e9 obligatoire est gratuite, l\u2019enseignement tertiaire, c\u2019est-\u00e0-dire les \u00e9tudes sup\u00e9rieures [&hellip;]<\/p>\n","protected":false},"author":4,"featured_media":0,"parent":552,"menu_order":0,"comment_status":"closed","ping_status":"closed","template":"","meta":{"_acf_changed":false,"inline_featured_image":false,"footnotes":""},"class_list":["post-1342","page","type-page","status-publish","hentry"],"acf":[],"yoast_head":"<!-- This site is optimized with the Yoast SEO plugin v27.3 - https:\/\/yoast.com\/product\/yoast-seo-wordpress\/ -->\n<title>Financement de la formation continue en Suisse - Weiterbildung in KMU<\/title>\n<meta name=\"description\" content=\"Structure des co\u00fbts, financement, contributions f\u00e9d\u00e9rales et cantonales, bons de formation, fonds de formation continue, bourses d&#039;\u00e9tudes\" \/>\n<meta name=\"robots\" content=\"index, follow, max-snippet:-1, max-image-preview:large, max-video-preview:-1\" \/>\n<link rel=\"canonical\" href=\"https:\/\/weiterbildung-in-kmu.ch\/fr\/formats-dapprentissage\/financement-de-la-formation-continue-en-suisse\/\" \/>\n<meta property=\"og:locale\" content=\"fr_FR\" \/>\n<meta property=\"og:type\" content=\"article\" \/>\n<meta property=\"og:title\" content=\"Financement de la formation continue en Suisse - Weiterbildung in KMU\" \/>\n<meta property=\"og:description\" content=\"Structure des co\u00fbts, financement, contributions f\u00e9d\u00e9rales et cantonales, bons de formation, fonds de formation continue, bourses d&#039;\u00e9tudes\" \/>\n<meta property=\"og:url\" content=\"https:\/\/weiterbildung-in-kmu.ch\/fr\/formats-dapprentissage\/financement-de-la-formation-continue-en-suisse\/\" \/>\n<meta property=\"og:site_name\" content=\"Weiterbildung in KMU\" \/>\n<meta property=\"article:modified_time\" content=\"2023-12-15T14:34:51+00:00\" \/>\n<meta property=\"og:image\" content=\"https:\/\/weiterbildung-in-kmu.ch\/app\/uploads\/sites\/2\/2023\/03\/SVEB_Schriftzug_KMU_D-500px.png\" \/>\n\t<meta property=\"og:image:width\" content=\"500\" \/>\n\t<meta property=\"og:image:height\" content=\"164\" \/>\n\t<meta property=\"og:image:type\" content=\"image\/png\" \/>\n<meta name=\"twitter:card\" content=\"summary_large_image\" \/>\n<meta name=\"twitter:label1\" content=\"Dur\u00e9e de lecture estim\u00e9e\" \/>\n\t<meta name=\"twitter:data1\" content=\"6 minutes\" \/>\n<script type=\"application\/ld+json\" class=\"yoast-schema-graph\">{\"@context\":\"https:\\\/\\\/schema.org\",\"@graph\":[{\"@type\":\"WebPage\",\"@id\":\"https:\\\/\\\/weiterbildung-in-kmu.ch\\\/fr\\\/formats-dapprentissage\\\/financement-de-la-formation-continue-en-suisse\\\/\",\"url\":\"https:\\\/\\\/weiterbildung-in-kmu.ch\\\/fr\\\/formats-dapprentissage\\\/financement-de-la-formation-continue-en-suisse\\\/\",\"name\":\"Financement de la formation continue en Suisse - Weiterbildung in KMU\",\"isPartOf\":{\"@id\":\"https:\\\/\\\/weiterbildung-in-kmu.ch\\\/fr\\\/#website\"},\"datePublished\":\"2023-01-13T07:07:23+00:00\",\"dateModified\":\"2023-12-15T14:34:51+00:00\",\"description\":\"Structure des co\u00fbts, financement, contributions f\u00e9d\u00e9rales et cantonales, bons de formation, fonds de formation continue, bourses d'\u00e9tudes\",\"breadcrumb\":{\"@id\":\"https:\\\/\\\/weiterbildung-in-kmu.ch\\\/fr\\\/formats-dapprentissage\\\/financement-de-la-formation-continue-en-suisse\\\/#breadcrumb\"},\"inLanguage\":\"fr-FR\",\"potentialAction\":[{\"@type\":\"ReadAction\",\"target\":[\"https:\\\/\\\/weiterbildung-in-kmu.ch\\\/fr\\\/formats-dapprentissage\\\/financement-de-la-formation-continue-en-suisse\\\/\"]}]},{\"@type\":\"BreadcrumbList\",\"@id\":\"https:\\\/\\\/weiterbildung-in-kmu.ch\\\/fr\\\/formats-dapprentissage\\\/financement-de-la-formation-continue-en-suisse\\\/#breadcrumb\",\"itemListElement\":[{\"@type\":\"ListItem\",\"position\":1,\"name\":\"Page d\u2019accueil\",\"item\":\"https:\\\/\\\/weiterbildung-in-kmu.ch\\\/fr\\\/\"},{\"@type\":\"ListItem\",\"position\":2,\"name\":\"Formats d\u2019apprentissage\",\"item\":\"https:\\\/\\\/weiterbildung-in-kmu.ch\\\/fr\\\/formats-dapprentissage\\\/\"},{\"@type\":\"ListItem\",\"position\":3,\"name\":\"Financement de la formation continue en Suisse\"}]},{\"@type\":\"WebSite\",\"@id\":\"https:\\\/\\\/weiterbildung-in-kmu.ch\\\/fr\\\/#website\",\"url\":\"https:\\\/\\\/weiterbildung-in-kmu.ch\\\/fr\\\/\",\"name\":\"Weiterbildung in KMU\",\"description\":\"\",\"publisher\":{\"@id\":\"https:\\\/\\\/weiterbildung-in-kmu.ch\\\/fr\\\/#organization\"},\"alternateName\":\"Weiterbildung in kleinen und mittleren Unternehmen\",\"potentialAction\":[{\"@type\":\"SearchAction\",\"target\":{\"@type\":\"EntryPoint\",\"urlTemplate\":\"https:\\\/\\\/weiterbildung-in-kmu.ch\\\/fr\\\/?s={search_term_string}\"},\"query-input\":{\"@type\":\"PropertyValueSpecification\",\"valueRequired\":true,\"valueName\":\"search_term_string\"}}],\"inLanguage\":\"fr-FR\"},{\"@type\":\"Organization\",\"@id\":\"https:\\\/\\\/weiterbildung-in-kmu.ch\\\/fr\\\/#organization\",\"name\":\"SVEB \u2013 Weiterbildung in KMU\",\"alternateName\":\"Weiterbildung in KMU\",\"url\":\"https:\\\/\\\/weiterbildung-in-kmu.ch\\\/fr\\\/\",\"logo\":{\"@type\":\"ImageObject\",\"inLanguage\":\"fr-FR\",\"@id\":\"https:\\\/\\\/weiterbildung-in-kmu.ch\\\/fr\\\/#\\\/schema\\\/logo\\\/image\\\/\",\"url\":\"https:\\\/\\\/weiterbildung-in-kmu.ch\\\/app\\\/uploads\\\/sites\\\/2\\\/2023\\\/03\\\/SVEB_Schriftzug_KMU_D-500px.png\",\"contentUrl\":\"https:\\\/\\\/weiterbildung-in-kmu.ch\\\/app\\\/uploads\\\/sites\\\/2\\\/2023\\\/03\\\/SVEB_Schriftzug_KMU_D-500px.png\",\"width\":500,\"height\":164,\"caption\":\"SVEB \u2013 Weiterbildung in KMU\"},\"image\":{\"@id\":\"https:\\\/\\\/weiterbildung-in-kmu.ch\\\/fr\\\/#\\\/schema\\\/logo\\\/image\\\/\"}}]}<\/script>\n<!-- \/ Yoast SEO plugin. -->","yoast_head_json":{"title":"Financement de la formation continue en Suisse - Weiterbildung in KMU","description":"Structure des co\u00fbts, financement, contributions f\u00e9d\u00e9rales et cantonales, bons de formation, fonds de formation continue, bourses d'\u00e9tudes","robots":{"index":"index","follow":"follow","max-snippet":"max-snippet:-1","max-image-preview":"max-image-preview:large","max-video-preview":"max-video-preview:-1"},"canonical":"https:\/\/weiterbildung-in-kmu.ch\/fr\/formats-dapprentissage\/financement-de-la-formation-continue-en-suisse\/","og_locale":"fr_FR","og_type":"article","og_title":"Financement de la formation continue en Suisse - Weiterbildung in KMU","og_description":"Structure des co\u00fbts, financement, contributions f\u00e9d\u00e9rales et cantonales, bons de formation, fonds de formation continue, bourses d'\u00e9tudes","og_url":"https:\/\/weiterbildung-in-kmu.ch\/fr\/formats-dapprentissage\/financement-de-la-formation-continue-en-suisse\/","og_site_name":"Weiterbildung in KMU","article_modified_time":"2023-12-15T14:34:51+00:00","og_image":[{"width":500,"height":164,"url":"https:\/\/weiterbildung-in-kmu.ch\/app\/uploads\/sites\/2\/2023\/03\/SVEB_Schriftzug_KMU_D-500px.png","type":"image\/png"}],"twitter_card":"summary_large_image","twitter_misc":{"Dur\u00e9e de lecture estim\u00e9e":"6 minutes"},"schema":{"@context":"https:\/\/schema.org","@graph":[{"@type":"WebPage","@id":"https:\/\/weiterbildung-in-kmu.ch\/fr\/formats-dapprentissage\/financement-de-la-formation-continue-en-suisse\/","url":"https:\/\/weiterbildung-in-kmu.ch\/fr\/formats-dapprentissage\/financement-de-la-formation-continue-en-suisse\/","name":"Financement de la formation continue en Suisse - Weiterbildung in KMU","isPartOf":{"@id":"https:\/\/weiterbildung-in-kmu.ch\/fr\/#website"},"datePublished":"2023-01-13T07:07:23+00:00","dateModified":"2023-12-15T14:34:51+00:00","description":"Structure des co\u00fbts, financement, contributions f\u00e9d\u00e9rales et cantonales, bons de formation, fonds de formation continue, bourses d'\u00e9tudes","breadcrumb":{"@id":"https:\/\/weiterbildung-in-kmu.ch\/fr\/formats-dapprentissage\/financement-de-la-formation-continue-en-suisse\/#breadcrumb"},"inLanguage":"fr-FR","potentialAction":[{"@type":"ReadAction","target":["https:\/\/weiterbildung-in-kmu.ch\/fr\/formats-dapprentissage\/financement-de-la-formation-continue-en-suisse\/"]}]},{"@type":"BreadcrumbList","@id":"https:\/\/weiterbildung-in-kmu.ch\/fr\/formats-dapprentissage\/financement-de-la-formation-continue-en-suisse\/#breadcrumb","itemListElement":[{"@type":"ListItem","position":1,"name":"Page d\u2019accueil","item":"https:\/\/weiterbildung-in-kmu.ch\/fr\/"},{"@type":"ListItem","position":2,"name":"Formats d\u2019apprentissage","item":"https:\/\/weiterbildung-in-kmu.ch\/fr\/formats-dapprentissage\/"},{"@type":"ListItem","position":3,"name":"Financement de la formation continue en Suisse"}]},{"@type":"WebSite","@id":"https:\/\/weiterbildung-in-kmu.ch\/fr\/#website","url":"https:\/\/weiterbildung-in-kmu.ch\/fr\/","name":"Weiterbildung in KMU","description":"","publisher":{"@id":"https:\/\/weiterbildung-in-kmu.ch\/fr\/#organization"},"alternateName":"Weiterbildung in kleinen und mittleren Unternehmen","potentialAction":[{"@type":"SearchAction","target":{"@type":"EntryPoint","urlTemplate":"https:\/\/weiterbildung-in-kmu.ch\/fr\/?s={search_term_string}"},"query-input":{"@type":"PropertyValueSpecification","valueRequired":true,"valueName":"search_term_string"}}],"inLanguage":"fr-FR"},{"@type":"Organization","@id":"https:\/\/weiterbildung-in-kmu.ch\/fr\/#organization","name":"SVEB \u2013 Weiterbildung in KMU","alternateName":"Weiterbildung in KMU","url":"https:\/\/weiterbildung-in-kmu.ch\/fr\/","logo":{"@type":"ImageObject","inLanguage":"fr-FR","@id":"https:\/\/weiterbildung-in-kmu.ch\/fr\/#\/schema\/logo\/image\/","url":"https:\/\/weiterbildung-in-kmu.ch\/app\/uploads\/sites\/2\/2023\/03\/SVEB_Schriftzug_KMU_D-500px.png","contentUrl":"https:\/\/weiterbildung-in-kmu.ch\/app\/uploads\/sites\/2\/2023\/03\/SVEB_Schriftzug_KMU_D-500px.png","width":500,"height":164,"caption":"SVEB \u2013 Weiterbildung in KMU"},"image":{"@id":"https:\/\/weiterbildung-in-kmu.ch\/fr\/#\/schema\/logo\/image\/"}}]}},"_links":{"self":[{"href":"https:\/\/weiterbildung-in-kmu.ch\/fr\/wp-json\/wp\/v2\/pages\/1342","targetHints":{"allow":["GET"]}}],"collection":[{"href":"https:\/\/weiterbildung-in-kmu.ch\/fr\/wp-json\/wp\/v2\/pages"}],"about":[{"href":"https:\/\/weiterbildung-in-kmu.ch\/fr\/wp-json\/wp\/v2\/types\/page"}],"author":[{"embeddable":true,"href":"https:\/\/weiterbildung-in-kmu.ch\/fr\/wp-json\/wp\/v2\/users\/4"}],"replies":[{"embeddable":true,"href":"https:\/\/weiterbildung-in-kmu.ch\/fr\/wp-json\/wp\/v2\/comments?post=1342"}],"version-history":[{"count":8,"href":"https:\/\/weiterbildung-in-kmu.ch\/fr\/wp-json\/wp\/v2\/pages\/1342\/revisions"}],"predecessor-version":[{"id":2348,"href":"https:\/\/weiterbildung-in-kmu.ch\/fr\/wp-json\/wp\/v2\/pages\/1342\/revisions\/2348"}],"up":[{"embeddable":true,"href":"https:\/\/weiterbildung-in-kmu.ch\/fr\/wp-json\/wp\/v2\/pages\/552"}],"wp:attachment":[{"href":"https:\/\/weiterbildung-in-kmu.ch\/fr\/wp-json\/wp\/v2\/media?parent=1342"}],"curies":[{"name":"wp","href":"https:\/\/api.w.org\/{rel}","templated":true}]}}