{"id":1198,"date":"2023-02-16T10:39:18","date_gmt":"2023-02-16T09:39:18","guid":{"rendered":"https:\/\/weiterbildung-in-kmu.alice.ch\/?page_id=1198"},"modified":"2023-12-15T14:03:25","modified_gmt":"2023-12-15T13:03:25","slug":"impressum","status":"publish","type":"page","link":"https:\/\/weiterbildung-in-kmu.ch\/fr\/impressum\/","title":{"rendered":"Impressum"},"content":{"rendered":"\n<div class=\"wp-block-group is-style-reduced-width is-layout-flow wp-block-group-is-layout-flow\">\n<h1 class=\"wp-block-heading\">Impressum<\/h1>\n\n\n\n<p>Ce site web a \u00e9t\u00e9 soutenu financi\u00e8rement par le <a href=\"https:\/\/www.sbfi.admin.ch\/sbfi\/fr\/home.html\" target=\"_blank\" rel=\"noreferrer noopener\">Secr\u00e9tariat d&rsquo;Etat \u00e0 la formation, \u00e0 la recherche et \u00e0 l&rsquo;innovation SEFRI<\/a> et est g\u00e9r\u00e9 par la <a href=\"https:\/\/alice.ch\/fr\/\" target=\"_blank\" rel=\"noreferrer noopener\">FSEA<\/a> sur le plan r\u00e9dactionnel.<\/p>\n\n\n\n<h2 class=\"wp-block-heading\">Contact<\/h2>\n\n\n\n<p>FSEA<br>F\u00e9d\u00e9ration suisse pour la formation continue<br>Rue de Gen\u00e8ve 88<br>1004 Lausanne<\/p>\n\n\n\n<p>+41 (0)22 994 20 10<\/p>\n\n\n\n<p><a href=\"mailto:fsea@alice.ch\">fsea@alice.ch<\/a><\/p>\n\n\n\n<h2 class=\"wp-block-heading\">Website<\/h2>\n\n\n\n<p>xeit AG<br>Limmatstrasse 291<br>8005 Z\u00fcrich<br><a href=\"https:\/\/xeit.ch\/\" target=\"_blank\" rel=\"noreferrer noopener\">www.xeit.ch<\/a><\/p>\n\n\n\n<h2 class=\"wp-block-heading\">Disclaimer<\/h2>\n\n\n\n<p>L\u2019ensemble des articles et images diffus\u00e9s sur ce site Internet est prot\u00e9g\u00e9 par le droit d\u2019auteur. Toute utilisation non autoris\u00e9e par la loi sur le droit d\u2019auteur doit faire l\u2019objet d\u2019une autorisation \u00e9crite pr\u00e9alable. Cette clause s\u2019applique notamment \u00e0 toute reproduction, traduction, sauvegarde, transformation et r\u00e9utilisation des contenus dans des bases de donn\u00e9es ou d\u2019autres m\u00e9dias et syst\u00e8mes \u00e9lectroniques. Les copies et t\u00e9l\u00e9chargements effectu\u00e9s \u00e0 partir de ce site Internet ne sont autoris\u00e9s que pour un usage personnel et non commercial.<\/p>\n\n\n\n<p>Le fournisseur des informations diffus\u00e9es d\u00e9cline toute responsabilit\u00e9 en ce qui concerne leur exactitude, leur int\u00e9gralit\u00e9 et leur caract\u00e8re actuel. Les articles publi\u00e9s n\u2019engagent que leur auteur.<\/p>\n<\/div>\n","protected":false},"excerpt":{"rendered":"<p>Impressum Ce site web a \u00e9t\u00e9 soutenu financi\u00e8rement par le Secr\u00e9tariat d&rsquo;Etat \u00e0 la formation, \u00e0 la recherche et \u00e0 [&hellip;]<\/p>\n","protected":false},"author":1,"featured_media":0,"parent":0,"menu_order":0,"comment_status":"closed","ping_status":"closed","template":"","meta":{"_acf_changed":false,"inline_featured_image":false,"footnotes":""},"class_list":["post-1198","page","type-page","status-publish","hentry"],"acf":[],"yoast_head":"<!-- This site is optimized with the Yoast SEO plugin v27.3 - https:\/\/yoast.com\/product\/yoast-seo-wordpress\/ -->\n<title>Impressum - Weiterbildung in KMU<\/title>\n<meta name=\"description\" content=\"Soutenu financi\u00e8rement: Secr\u00e9tariat d&#039;Etat \u00e0 la formation, \u00e0 la recherche et \u00e0 l&#039;innovation et est g\u00e9r\u00e9 par la FSEA sur le plan r\u00e9dactionnel.\" \/>\n<meta name=\"robots\" content=\"index, follow, max-snippet:-1, max-image-preview:large, max-video-preview:-1\" \/>\n<link rel=\"canonical\" href=\"https:\/\/weiterbildung-in-kmu.ch\/fr\/impressum\/\" \/>\n<meta property=\"og:locale\" content=\"fr_FR\" \/>\n<meta property=\"og:type\" content=\"article\" \/>\n<meta property=\"og:title\" content=\"Impressum - Weiterbildung in KMU\" \/>\n<meta property=\"og:description\" content=\"Soutenu financi\u00e8rement: Secr\u00e9tariat d&#039;Etat \u00e0 la formation, \u00e0 la recherche et \u00e0 l&#039;innovation et est g\u00e9r\u00e9 par la FSEA sur le plan r\u00e9dactionnel.\" \/>\n<meta property=\"og:url\" content=\"https:\/\/weiterbildung-in-kmu.ch\/fr\/impressum\/\" \/>\n<meta property=\"og:site_name\" content=\"Weiterbildung in KMU\" \/>\n<meta property=\"article:modified_time\" content=\"2023-12-15T13:03:25+00:00\" \/>\n<meta property=\"og:image\" content=\"https:\/\/weiterbildung-in-kmu.ch\/app\/uploads\/sites\/2\/2023\/03\/SVEB_Schriftzug_KMU_D-500px.png\" \/>\n\t<meta property=\"og:image:width\" content=\"500\" \/>\n\t<meta property=\"og:image:height\" content=\"164\" \/>\n\t<meta property=\"og:image:type\" content=\"image\/png\" \/>\n<meta name=\"twitter:card\" content=\"summary_large_image\" \/>\n<meta name=\"twitter:label1\" content=\"Dur\u00e9e de lecture estim\u00e9e\" \/>\n\t<meta name=\"twitter:data1\" content=\"1 minute\" \/>\n<script type=\"application\/ld+json\" class=\"yoast-schema-graph\">{\"@context\":\"https:\\\/\\\/schema.org\",\"@graph\":[{\"@type\":\"WebPage\",\"@id\":\"https:\\\/\\\/weiterbildung-in-kmu.ch\\\/fr\\\/impressum\\\/\",\"url\":\"https:\\\/\\\/weiterbildung-in-kmu.ch\\\/fr\\\/impressum\\\/\",\"name\":\"Impressum - Weiterbildung in KMU\",\"isPartOf\":{\"@id\":\"https:\\\/\\\/weiterbildung-in-kmu.ch\\\/fr\\\/#website\"},\"datePublished\":\"2023-02-16T09:39:18+00:00\",\"dateModified\":\"2023-12-15T13:03:25+00:00\",\"description\":\"Soutenu financi\u00e8rement: Secr\u00e9tariat d'Etat \u00e0 la formation, \u00e0 la recherche et \u00e0 l'innovation et est g\u00e9r\u00e9 par la FSEA sur le plan r\u00e9dactionnel.\",\"breadcrumb\":{\"@id\":\"https:\\\/\\\/weiterbildung-in-kmu.ch\\\/fr\\\/impressum\\\/#breadcrumb\"},\"inLanguage\":\"fr-FR\",\"potentialAction\":[{\"@type\":\"ReadAction\",\"target\":[\"https:\\\/\\\/weiterbildung-in-kmu.ch\\\/fr\\\/impressum\\\/\"]}]},{\"@type\":\"BreadcrumbList\",\"@id\":\"https:\\\/\\\/weiterbildung-in-kmu.ch\\\/fr\\\/impressum\\\/#breadcrumb\",\"itemListElement\":[{\"@type\":\"ListItem\",\"position\":1,\"name\":\"Page d\u2019accueil\",\"item\":\"https:\\\/\\\/weiterbildung-in-kmu.ch\\\/fr\\\/\"},{\"@type\":\"ListItem\",\"position\":2,\"name\":\"Impressum\"}]},{\"@type\":\"WebSite\",\"@id\":\"https:\\\/\\\/weiterbildung-in-kmu.ch\\\/fr\\\/#website\",\"url\":\"https:\\\/\\\/weiterbildung-in-kmu.ch\\\/fr\\\/\",\"name\":\"Weiterbildung in KMU\",\"description\":\"\",\"publisher\":{\"@id\":\"https:\\\/\\\/weiterbildung-in-kmu.ch\\\/fr\\\/#organization\"},\"alternateName\":\"Weiterbildung in kleinen und mittleren Unternehmen\",\"potentialAction\":[{\"@type\":\"SearchAction\",\"target\":{\"@type\":\"EntryPoint\",\"urlTemplate\":\"https:\\\/\\\/weiterbildung-in-kmu.ch\\\/fr\\\/?s={search_term_string}\"},\"query-input\":{\"@type\":\"PropertyValueSpecification\",\"valueRequired\":true,\"valueName\":\"search_term_string\"}}],\"inLanguage\":\"fr-FR\"},{\"@type\":\"Organization\",\"@id\":\"https:\\\/\\\/weiterbildung-in-kmu.ch\\\/fr\\\/#organization\",\"name\":\"SVEB \u2013 Weiterbildung in KMU\",\"alternateName\":\"Weiterbildung in KMU\",\"url\":\"https:\\\/\\\/weiterbildung-in-kmu.ch\\\/fr\\\/\",\"logo\":{\"@type\":\"ImageObject\",\"inLanguage\":\"fr-FR\",\"@id\":\"https:\\\/\\\/weiterbildung-in-kmu.ch\\\/fr\\\/#\\\/schema\\\/logo\\\/image\\\/\",\"url\":\"https:\\\/\\\/weiterbildung-in-kmu.ch\\\/app\\\/uploads\\\/sites\\\/2\\\/2023\\\/03\\\/SVEB_Schriftzug_KMU_D-500px.png\",\"contentUrl\":\"https:\\\/\\\/weiterbildung-in-kmu.ch\\\/app\\\/uploads\\\/sites\\\/2\\\/2023\\\/03\\\/SVEB_Schriftzug_KMU_D-500px.png\",\"width\":500,\"height\":164,\"caption\":\"SVEB \u2013 Weiterbildung in KMU\"},\"image\":{\"@id\":\"https:\\\/\\\/weiterbildung-in-kmu.ch\\\/fr\\\/#\\\/schema\\\/logo\\\/image\\\/\"}}]}<\/script>\n<!-- \/ Yoast SEO plugin. -->","yoast_head_json":{"title":"Impressum - Weiterbildung in KMU","description":"Soutenu financi\u00e8rement: Secr\u00e9tariat d'Etat \u00e0 la formation, \u00e0 la recherche et \u00e0 l'innovation et est g\u00e9r\u00e9 par la FSEA sur le plan r\u00e9dactionnel.","robots":{"index":"index","follow":"follow","max-snippet":"max-snippet:-1","max-image-preview":"max-image-preview:large","max-video-preview":"max-video-preview:-1"},"canonical":"https:\/\/weiterbildung-in-kmu.ch\/fr\/impressum\/","og_locale":"fr_FR","og_type":"article","og_title":"Impressum - Weiterbildung in KMU","og_description":"Soutenu financi\u00e8rement: Secr\u00e9tariat d'Etat \u00e0 la formation, \u00e0 la recherche et \u00e0 l'innovation et est g\u00e9r\u00e9 par la FSEA sur le plan r\u00e9dactionnel.","og_url":"https:\/\/weiterbildung-in-kmu.ch\/fr\/impressum\/","og_site_name":"Weiterbildung in KMU","article_modified_time":"2023-12-15T13:03:25+00:00","og_image":[{"width":500,"height":164,"url":"https:\/\/weiterbildung-in-kmu.ch\/app\/uploads\/sites\/2\/2023\/03\/SVEB_Schriftzug_KMU_D-500px.png","type":"image\/png"}],"twitter_card":"summary_large_image","twitter_misc":{"Dur\u00e9e de lecture estim\u00e9e":"1 minute"},"schema":{"@context":"https:\/\/schema.org","@graph":[{"@type":"WebPage","@id":"https:\/\/weiterbildung-in-kmu.ch\/fr\/impressum\/","url":"https:\/\/weiterbildung-in-kmu.ch\/fr\/impressum\/","name":"Impressum - Weiterbildung in KMU","isPartOf":{"@id":"https:\/\/weiterbildung-in-kmu.ch\/fr\/#website"},"datePublished":"2023-02-16T09:39:18+00:00","dateModified":"2023-12-15T13:03:25+00:00","description":"Soutenu financi\u00e8rement: Secr\u00e9tariat d'Etat \u00e0 la formation, \u00e0 la recherche et \u00e0 l'innovation et est g\u00e9r\u00e9 par la FSEA sur le plan r\u00e9dactionnel.","breadcrumb":{"@id":"https:\/\/weiterbildung-in-kmu.ch\/fr\/impressum\/#breadcrumb"},"inLanguage":"fr-FR","potentialAction":[{"@type":"ReadAction","target":["https:\/\/weiterbildung-in-kmu.ch\/fr\/impressum\/"]}]},{"@type":"BreadcrumbList","@id":"https:\/\/weiterbildung-in-kmu.ch\/fr\/impressum\/#breadcrumb","itemListElement":[{"@type":"ListItem","position":1,"name":"Page d\u2019accueil","item":"https:\/\/weiterbildung-in-kmu.ch\/fr\/"},{"@type":"ListItem","position":2,"name":"Impressum"}]},{"@type":"WebSite","@id":"https:\/\/weiterbildung-in-kmu.ch\/fr\/#website","url":"https:\/\/weiterbildung-in-kmu.ch\/fr\/","name":"Weiterbildung in KMU","description":"","publisher":{"@id":"https:\/\/weiterbildung-in-kmu.ch\/fr\/#organization"},"alternateName":"Weiterbildung in kleinen und mittleren Unternehmen","potentialAction":[{"@type":"SearchAction","target":{"@type":"EntryPoint","urlTemplate":"https:\/\/weiterbildung-in-kmu.ch\/fr\/?s={search_term_string}"},"query-input":{"@type":"PropertyValueSpecification","valueRequired":true,"valueName":"search_term_string"}}],"inLanguage":"fr-FR"},{"@type":"Organization","@id":"https:\/\/weiterbildung-in-kmu.ch\/fr\/#organization","name":"SVEB \u2013 Weiterbildung in KMU","alternateName":"Weiterbildung in KMU","url":"https:\/\/weiterbildung-in-kmu.ch\/fr\/","logo":{"@type":"ImageObject","inLanguage":"fr-FR","@id":"https:\/\/weiterbildung-in-kmu.ch\/fr\/#\/schema\/logo\/image\/","url":"https:\/\/weiterbildung-in-kmu.ch\/app\/uploads\/sites\/2\/2023\/03\/SVEB_Schriftzug_KMU_D-500px.png","contentUrl":"https:\/\/weiterbildung-in-kmu.ch\/app\/uploads\/sites\/2\/2023\/03\/SVEB_Schriftzug_KMU_D-500px.png","width":500,"height":164,"caption":"SVEB \u2013 Weiterbildung in KMU"},"image":{"@id":"https:\/\/weiterbildung-in-kmu.ch\/fr\/#\/schema\/logo\/image\/"}}]}},"_links":{"self":[{"href":"https:\/\/weiterbildung-in-kmu.ch\/fr\/wp-json\/wp\/v2\/pages\/1198","targetHints":{"allow":["GET"]}}],"collection":[{"href":"https:\/\/weiterbildung-in-kmu.ch\/fr\/wp-json\/wp\/v2\/pages"}],"about":[{"href":"https:\/\/weiterbildung-in-kmu.ch\/fr\/wp-json\/wp\/v2\/types\/page"}],"author":[{"embeddable":true,"href":"https:\/\/weiterbildung-in-kmu.ch\/fr\/wp-json\/wp\/v2\/users\/1"}],"replies":[{"embeddable":true,"href":"https:\/\/weiterbildung-in-kmu.ch\/fr\/wp-json\/wp\/v2\/comments?post=1198"}],"version-history":[{"count":6,"href":"https:\/\/weiterbildung-in-kmu.ch\/fr\/wp-json\/wp\/v2\/pages\/1198\/revisions"}],"predecessor-version":[{"id":2323,"href":"https:\/\/weiterbildung-in-kmu.ch\/fr\/wp-json\/wp\/v2\/pages\/1198\/revisions\/2323"}],"wp:attachment":[{"href":"https:\/\/weiterbildung-in-kmu.ch\/fr\/wp-json\/wp\/v2\/media?parent=1198"}],"curies":[{"name":"wp","href":"https:\/\/api.w.org\/{rel}","templated":true}]}}